{"id":39970,"date":"2022-10-21T09:31:47","date_gmt":"2022-10-21T09:31:47","guid":{"rendered":"https:\/\/prihodafabricduct.com\/specialites-prihoda\/"},"modified":"2025-06-02T16:45:50","modified_gmt":"2025-06-02T16:45:50","slug":"specialites-prihoda","status":"publish","type":"page","link":"https:\/\/prihodafabricduct.com\/fr\/produits\/specialites-prihoda\/","title":{"rendered":"Sp\u00e9cialit\u00e9s Prihoda"},"content":{"rendered":"<section class=\"cs-section about-us\"><div class=\"container\"><div class=\"row cs-equal-height cs-equal-height-top\"><div class=\"col-md-6 cs-animation fadeInLeft content wpb_animate_when_almost_visible wpb_zoomIn zoomIn wpb_start_animation animated\"><div class=\"cs-column-inner\">[vc_custom_heading text=\u00a0\u00bbL&apos;innovation technique et la conception \u00e0 l&apos;avant-garde\u00a0\u00bb use_theme_fonts=\u00a0\u00bbyes\u00a0\u00bb]<div class=\"cs-column-text\"><p>Conduits et diffuseurs fabriqu\u00e9s avec des fibres certifi\u00e9es 100% post-consommation.<\/p>\n<p>Conceptions brevet\u00e9es pour l&rsquo;att\u00e9nuation du bruit et les mod\u00e8les sp\u00e9ciaux de flux d&rsquo;air dans les plafonds acoustiques. Couleurs, finitions et designs personnalis\u00e9s.<\/p>\n<p>Ce sont l\u00e0 quelques-unes des options avanc\u00e9es disponibles uniquement aupr\u00e8s de Prihoda, le leader de la recherche et du d\u00e9veloppement en mati\u00e8re de conception de la dispersion de l&rsquo;air dans les textiles.<\/p>\n<\/div><\/div><\/div><div class=\"col-md-6 cs-animation fadeInRight image wpb_animate_when_almost_visible wpb_zoomIn zoomIn wpb_start_animation animated\"><div class=\"cs-column-inner\">[vc_single_image image=\u00a0\u00bb39441&Prime; img_size=\u00a0\u00bbfull\u00a0\u00bb]<\/div><\/div><\/div><\/div><\/section><section class=\"cs-section sub_pages_section justify-content-center\"><div class=\"container\"><div class=\"row\"><div class=\"col-md-4 cs-animation pulse wpb_animate_when_almost_visible wpb_zoomIn zoomIn wpb_start_animation animated\"><div class=\"cs-column-inner\">[vc_single_image image=\u00a0\u00bb39488&Prime; img_size=\u00a0\u00bbfull\u00a0\u00bb onclick=\u00a0\u00bbcustom_link\u00a0\u00bb link=\u00a0\u00bbhttps:\/\/prihodafabricduct.com\/fr\/produits\/specialites-prihoda\/prihoda-art\/\u00a0\u00bb title=\u00a0\u00bbPrihoda Art\u00a0\u00bb]<a href=\"https:\/\/prihodafabricduct.com\/products\/prihoda-specialties\/prihoda-art\/\" class=\"cs-btn cs-btn-custom cs-btn-square cs-btn-custom-own cs-btn-sm cs-btn-custom-69eca39366059 read_more\"><i class=\"cs-in fa fa-long-arrow-right\"><\/i>Read More <\/a><\/div><\/div><div class=\"col-md-4 cs-animation pulse wpb_animate_when_almost_visible wpb_zoomIn zoomIn wpb_start_animation animated\"><div class=\"cs-column-inner\">[vc_single_image image=\u00a0\u00bb39489&Prime; img_size=\u00a0\u00bbfull\u00a0\u00bb onclick=\u00a0\u00bbcustom_link\u00a0\u00bb link=\u00a0\u00bbhttps:\/\/prihodafabricduct.com\/fr\/produits\/specialites-prihoda\/prihoda-recycle\/\u00a0\u00bb title=\u00a0\u00bbPrihoda Recycl\u00e9\u00a0\u00bb]<a href=\"https:\/\/prihodafabricduct.com\/products\/prihoda-specialties\/prihoda-recycled\/\" class=\"cs-btn cs-btn-custom cs-btn-square cs-btn-custom-own cs-btn-sm cs-btn-custom-69eca393660f0 read_more\" title=\"Prihoda Recycled\"><i class=\"cs-in fa fa-long-arrow-right\"><\/i>Read More <\/a><\/div><\/div><div class=\"col-md-4 cs-animation pulse wpb_animate_when_almost_visible wpb_zoomIn zoomIn wpb_start_animation animated\"><div class=\"cs-column-inner\">[vc_single_image image=\u00a0\u00bb39486&Prime; img_size=\u00a0\u00bbfull\u00a0\u00bb onclick=\u00a0\u00bbcustom_link\u00a0\u00bb link=\u00a0\u00bbhttps:\/\/prihodafabricduct.com\/fr\/produits\/specialites-prihoda\/quietex\/\u00a0\u00bb title=\u00a0\u00bbQuietex\u00a0\u00bb]<a href=\"https:\/\/prihodafabricduct.com\/products\/prihoda-specialties\/quietex\/\" class=\"cs-btn cs-btn-custom cs-btn-square cs-btn-custom-own cs-btn-sm cs-btn-custom-69eca39366164 read_more\" title=\"Quietex\"><i class=\"cs-in fa fa-long-arrow-right\"><\/i>Read More <\/a><\/div><\/div><div class=\"col-md-4 cs-animation pulse wpb_animate_when_almost_visible wpb_zoomIn zoomIn wpb_start_animation animated\"><div class=\"cs-column-inner\">[vc_single_image image=\u00a0\u00bb39487&Prime; img_size=\u00a0\u00bbfull\u00a0\u00bb onclick=\u00a0\u00bbcustom_link\u00a0\u00bb link=\u00a0\u00bb#\u00a0\u00bb title=\u00a0\u00bbSquAireTex\u00a0\u00bb]<a href=\"\/products\/prihoda-specialties\/squairetex\/\" class=\"cs-btn cs-btn-custom cs-btn-square cs-btn-custom-own cs-btn-sm cs-btn-custom-69eca393661d9 read_more\" title=\"Our Team\"><i class=\"cs-in fa fa-long-arrow-right\"><\/i>Read More <\/a><\/div><\/div><div class=\"col-md-4 cs-animation pulse wpb_animate_when_almost_visible wpb_zoomIn zoomIn wpb_start_animation animated\"><div class=\"cs-column-inner\">[vc_single_image image=\u00a0\u00bb39485&Prime; img_size=\u00a0\u00bbfull\u00a0\u00bb onclick=\u00a0\u00bbcustom_link\u00a0\u00bb link=\u00a0\u00bbhttps:\/\/prihodafabricduct.com\/fr\/produits\/specialites-prihoda\/diffuseurs-a-membrane\/\u00a0\u00bb title=\u00a0\u00bbDiffuseurs \u00e0 membrane\u00a0\u00bb]<a href=\"https:\/\/prihodafabricduct.com\/products\/prihoda-specialties\/membrane-diffusers\/\" class=\"cs-btn cs-btn-custom cs-btn-square cs-btn-custom-own cs-btn-sm cs-btn-custom-69eca39366250 read_more\" title=\"Membrane Diffusers\"><i class=\"cs-in fa fa-long-arrow-right\"><\/i>Read More <\/a><\/div><\/div><\/div><\/div><\/section>\n","protected":false},"excerpt":{"rendered":"<p><span class=\"entry-read-more\"><a href=\"https:\/\/prihodafabricduct.com\/fr\/produits\/specialites-prihoda\/\" class=\"cs-btn cs-btn-flat cs-btn-rounded cs-btn-xxs cs-btn-flat-accent\">Lire la suite<\/a><\/span><\/p>\n","protected":false},"author":1,"featured_media":0,"parent":39978,"menu_order":89,"comment_status":"closed","ping_status":"closed","template":"","meta":{"_acf_changed":false,"footnotes":""},"class_list":["post-39970","page","type-page","status-publish","hentry"],"acf":[],"_links":{"self":[{"href":"https:\/\/prihodafabricduct.com\/fr\/wp-json\/wp\/v2\/pages\/39970","targetHints":{"allow":["GET"]}}],"collection":[{"href":"https:\/\/prihodafabricduct.com\/fr\/wp-json\/wp\/v2\/pages"}],"about":[{"href":"https:\/\/prihodafabricduct.com\/fr\/wp-json\/wp\/v2\/types\/page"}],"author":[{"embeddable":true,"href":"https:\/\/prihodafabricduct.com\/fr\/wp-json\/wp\/v2\/users\/1"}],"replies":[{"embeddable":true,"href":"https:\/\/prihodafabricduct.com\/fr\/wp-json\/wp\/v2\/comments?post=39970"}],"version-history":[{"count":0,"href":"https:\/\/prihodafabricduct.com\/fr\/wp-json\/wp\/v2\/pages\/39970\/revisions"}],"up":[{"embeddable":true,"href":"https:\/\/prihodafabricduct.com\/fr\/wp-json\/wp\/v2\/pages\/39978"}],"wp:attachment":[{"href":"https:\/\/prihodafabricduct.com\/fr\/wp-json\/wp\/v2\/media?parent=39970"}],"curies":[{"name":"wp","href":"https:\/\/api.w.org\/{rel}","templated":true}]}}