{"id":39971,"date":"2022-10-22T04:53:10","date_gmt":"2022-10-22T04:53:10","guid":{"rendered":"https:\/\/prihodafabricduct.com\/formes\/"},"modified":"2022-12-23T11:07:16","modified_gmt":"2022-12-23T11:07:16","slug":"formes","status":"publish","type":"page","link":"https:\/\/prihodafabricduct.com\/fr\/produits\/solutions-de-conduits-sur-mesure\/formes\/","title":{"rendered":"Formes"},"content":{"rendered":"<section class=\"cs-section about-us\"><div class=\"container\"><div class=\"row cs-equal-height cs-equal-height-top\"><div class=\"col-md-6 cs-animation fadeInLeft content wpb_animate_when_almost_visible wpb_zoomIn zoomIn wpb_start_animation animated\"><div class=\"cs-column-inner\">[vc_custom_heading text=\u00a0\u00bbOptions de gaines en tissu\u00a0\u00bb use_theme_fonts=\u00a0\u00bbyes\u00a0\u00bb]<div class=\"cs-column-text\"><p>Qu&rsquo;ils soient ronds ou rectangulaires, les syst\u00e8mes de conduits en tissu peuvent \u00eatre construits \u00e0 partir d&rsquo;un large \u00e9ventail de formes pour s&rsquo;adapter aux besoins de chauffage et de refroidissement et \u00e0 la d\u00e9coration int\u00e9rieure de tout espace.<\/p>\n<p>Les gaines rondes peuvent prendre trop de place dans un bureau aux plafonds bas, par exemple, alors qu&rsquo;une gaine elliptique large et peu profonde peut \u00eatre id\u00e9ale.<\/p>\n<p>Les exigences de chaque application sp\u00e9cifique, ainsi que les consid\u00e9rations de conception visuelle, d\u00e9termineront la forme la mieux adapt\u00e9e \u00e0 chaque espace particulier.<\/p>\n<\/div><\/div><\/div><div class=\"col-md-6 cs-animation fadeInRight image wpb_animate_when_almost_visible wpb_zoomIn zoomIn wpb_start_animation animated\"><div class=\"cs-column-inner\">[vc_single_image image=\u00a0\u00bb39500&Prime; img_size=\u00a0\u00bbfull\u00a0\u00bb]<\/div><\/div><\/div><\/div><\/section><section class=\"cs-section no-padding remarkably_long_service_life\"><div class=\"container\"><div class=\"row\"><div class=\"col-md-12\"><div class=\"cs-column-inner\"><section class=\"cs-section background_black\"><div class=\"container\"><div class=\"row\"><div class=\"col-md-9\"><div class=\"cs-column-inner\"><div class=\"cs-column-text cs-animation fadeInUp wpb_animate_when_almost_visible wpb_zoomIn zoomIn wpb_start_animation animated\"><p style=\"text-align: center;\">Tous nos tissus Premium, Classic et Recycl\u00e9s b\u00e9n\u00e9ficient d&rsquo;une garantie de 10 ans non prorog\u00e9e, avec une extension de garantie jusqu&rsquo;\u00e0 20 ans (au prorata apr\u00e8s 10 ans) pour les syst\u00e8mes utilisant le maintien en position ouverte (anneaux ou h\u00e9lice) et la tension. L&rsquo;utilisation r\u00e9elle sur le terrain d\u00e9montre syst\u00e9matiquement une dur\u00e9e de vie de 15 ans ou plus. Prihoda Light, qui est destin\u00e9 \u00e0 des applications \u00e9conomiques ou temporaires, est garanti deux ans ou 50 cycles de lavage.<\/p>\n<\/div><\/div><\/div><\/div><\/div><\/section><section class=\"cs-section remarkably_long_service_life_child\"><div class=\"container\"><div class=\"row cs-equal-height\"><div class=\"col-md-6 cs-animation fadeInLeft remarkably_long_service_life_child_items wpb_animate_when_almost_visible wpb_zoomIn zoomIn wpb_start_animation animated\"><div class=\"cs-column-inner\">[vc_single_image image=\u00a0\u00bb39501&Prime; img_size=\u00a0\u00bbfull\u00a0\u00bb][vc_custom_heading text=\u00a0\u00bbRonde\u00a0\u00bb font_container=\u00a0\u00bbtag:h3|text_align:left\u00a0\u00bb use_theme_fonts=\u00a0\u00bbyes\u00a0\u00bb css_animation=\u00a0\u00bbnone\u00a0\u00bb]<div class=\"cs-column-text\"><p>La forme ronde est de loin la plus courante. Les diffuseurs ronds sont faciles \u00e0 ranger et, en m\u00eame temps, ils fonctionnent bien lorsqu&rsquo;ils sont mis en valeur dans l&rsquo;espace comme un \u00e9l\u00e9ment de design. Partout o\u00f9 des diffuseurs ronds sont install\u00e9s, la distribution de l&rsquo;air est con\u00e7ue sur mesure pour garantir des espaces confortables et sans courant d&rsquo;air.<\/p>\n<\/div><\/div><\/div><div class=\"col-md-6 cs-animation fadeInRight remarkably_long_service_life_child_items wpb_animate_when_almost_visible wpb_zoomIn zoomIn wpb_start_animation animated\"><div class=\"cs-column-inner\">[vc_single_image image=\u00a0\u00bb39502&Prime; img_size=\u00a0\u00bbfull\u00a0\u00bb][vc_custom_heading text=\u00a0\u00bbDemi-rond\u00a0\u00bb font_container=\u00a0\u00bbtag:h3|text_align:left\u00a0\u00bb use_theme_fonts=\u00a0\u00bbyes\u00a0\u00bb css_animation=\u00a0\u00bbnone\u00a0\u00bb]<div class=\"cs-column-text\"><p>Les demi-ronds sont d&rsquo;excellents choix pour les installations de plafonds bas. Les diffuseurs demi-ronds peuvent \u00eatre mont\u00e9s en suspension ou en surface au plafond.<\/p>\n<\/div><\/div><\/div><div class=\"col-md-6 cs-animation fadeInLeft remarkably_long_service_life_child_items wpb_animate_when_almost_visible wpb_zoomIn zoomIn wpb_start_animation animated\"><div class=\"cs-column-inner\">[vc_single_image image=\u00a0\u00bb39526&Prime; img_size=\u00a0\u00bbfull\u00a0\u00bb][vc_custom_heading text=\u00a0\u00bbQuart de tour\u00a0\u00bb font_container=\u00a0\u00bbtag:h3|text_align:left\u00a0\u00bb use_theme_fonts=\u00a0\u00bbyes\u00a0\u00bb css_animation=\u00a0\u00bbnone\u00a0\u00bb]<div class=\"cs-column-text\"><p>Les gaines quart-de-rond n\u00e9cessitent une jonction mur-plafond et sont le plus souvent sp\u00e9cifi\u00e9es dans les bureaux et les zones o\u00f9 l&rsquo;espace est limit\u00e9. Les conduits quart de rond assurent une ventilation confortable et discr\u00e8te. L&rsquo;ajout du tissu souple dans les coins du plafond r\u00e9duit \u00e9galement la r\u00e9verb\u00e9ration du son sur les murs et le plafond.<\/p>\n<\/div><\/div><\/div><div class=\"col-md-6 cs-animation fadeInRight remarkably_long_service_life_child_items wpb_animate_when_almost_visible wpb_zoomIn zoomIn wpb_start_animation animated\"><div class=\"cs-column-inner\">[vc_single_image image=\u00a0\u00bb39506&Prime; img_size=\u00a0\u00bbfull\u00a0\u00bb][vc_custom_heading text=\u00a0\u00bbEllipse\u00a0\u00bb font_container=\u00a0\u00bbtag:h3|text_align:left\u00a0\u00bb use_theme_fonts=\u00a0\u00bbyes\u00a0\u00bb css_animation=\u00a0\u00bbnone\u00a0\u00bb]<div class=\"cs-column-text\"><div class=\"fusion-text fusion-text-5\">\n<p>Un conduit en ellipse est souvent sp\u00e9cifi\u00e9 lorsque la hauteur du plafond est un probl\u00e8me. Le volume d&rsquo;air et la hauteur disponible d\u00e9termineront la largeur de l&rsquo;ellipse. En g\u00e9n\u00e9ral, le robinet d&rsquo;entr\u00e9e se trouve en haut du conduit, de sorte qu&rsquo;il n&rsquo;est pas visible une fois install\u00e9. Comme pour le demi-rond, les gaines elliptiques peuvent \u00eatre mont\u00e9es en suspension ou en surface au plafond.<\/p>\n<\/div>\n<\/div><\/div><\/div><div class=\"col-md-6 cs-animation fadeInLeft remarkably_long_service_life_child_items wpb_animate_when_almost_visible wpb_zoomIn zoomIn wpb_start_animation animated\"><div class=\"cs-column-inner\">[vc_single_image image=\u00a0\u00bb39505&Prime; img_size=\u00a0\u00bbfull\u00a0\u00bb][vc_custom_heading text=\u00a0\u00bbRectangulaire\u00a0\u00bb font_container=\u00a0\u00bbtag:h3|text_align:left\u00a0\u00bb use_theme_fonts=\u00a0\u00bbyes\u00a0\u00bb css_animation=\u00a0\u00bbnone\u00a0\u00bb]<div class=\"cs-column-text\"><div class=\"fusion-text fusion-text-6\">\n<p>Les conduits rectangulaires peuvent \u00eatre utilis\u00e9s pour les applications de pression n\u00e9gative (retour) ou pour l&rsquo;alimentation en pression positive, plus courante. Un rail en aluminium \u00e0 chaque coin assure le support et la tension sur la longueur de la gaine, et des tiges filet\u00e9es r\u00e9guli\u00e8rement espac\u00e9es assurent la tension sur la largeur de la gaine.<\/p>\n<\/div>\n<\/div><\/div><\/div><\/div><\/div><\/section><\/div><\/div><\/div><\/div><\/section><section class=\"cs-section no-padding\"><div class=\"container-fluid\"><div class=\"row\"><div class=\"col-md-12\"><div class=\"cs-column-inner\"><\/div><\/div><\/div><\/div><\/section><section class=\"cs-section standard_prihoda_colors justify-content-center\" style=\"margin-top: -10px;\"><div class=\"container\"><div class=\"row cs-equal-height\"><div class=\"col-md-12\"><div class=\"cs-column-inner\">[vc_custom_heading text=\u00a0\u00bbFormes standard Prihoda\u00a0\u00bb font_container=\u00a0\u00bbtag:h2|text_align:center\u00a0\u00bb use_theme_fonts=\u00a0\u00bbyes\u00a0\u00bb css_animation=\u00a0\u00bbfadeInUp\u00a0\u00bb]<section class=\"cs-section\"><div class=\"container\"><div class=\"row\"><div class=\"col-md-4 cs-animation fadeInLeft standard_prihoda_colors_items standard_prihoda_colors_round wpb_animate_when_almost_visible wpb_zoomIn zoomIn wpb_start_animation animated\"><div class=\"cs-column-inner\">[vc_custom_heading text=\u00a0\u00bbRonde\u00a0\u00bb font_container=\u00a0\u00bbtag:h3|text_align:left\u00a0\u00bb use_theme_fonts=\u00a0\u00bbyes\u00a0\u00bb css_animation=\u00a0\u00bbnone\u00a0\u00bb]<div class=\"cs-column-text\"><p><small>RD A <\/small><\/p>\n<div class=\"hover_content\"><\/div>\n<\/div><\/div><\/div><div class=\"col-md-4 cs-animation fadeInLeft standard_prihoda_colors_items standard_prihoda_colors_shapes_half_round wpb_animate_when_almost_visible wpb_zoomIn zoomIn wpb_start_animation animated\"><div class=\"cs-column-inner\">[vc_custom_heading text=\u00a0\u00bbDemi-rond\u00a0\u00bb font_container=\u00a0\u00bbtag:h3|text_align:left\u00a0\u00bb use_theme_fonts=\u00a0\u00bbyes\u00a0\u00bb css_animation=\u00a0\u00bbnone\u00a0\u00bb]<div class=\"cs-column-text\"><p><small>HRDA<\/small><br \/>\nA\/2<\/p>\n<div class=\"hover_content\"><\/div>\n<\/div><\/div><\/div><div class=\"col-md-4 cs-animation fadeInLeft standard_prihoda_colors_items standard_prihoda_colors_quarter_round wpb_animate_when_almost_visible wpb_zoomIn zoomIn wpb_start_animation animated\"><div class=\"cs-column-inner\">[vc_custom_heading text=\u00a0\u00bbQuart de tour\u00a0\u00bb font_container=\u00a0\u00bbtag:h3|text_align:left\u00a0\u00bb use_theme_fonts=\u00a0\u00bbyes\u00a0\u00bb css_animation=\u00a0\u00bbnone\u00a0\u00bb]<div class=\"cs-column-text\"><p><small>QRDA<\/small><br \/>\nA<\/p>\n<div class=\"hover_content\"><\/div>\n<\/div><\/div><\/div><div class=\"col-md-4 cs-animation fadeInRight standard_prihoda_colors_items standard_prihoda_colors_ellipse wpb_animate_when_almost_visible wpb_zoomIn zoomIn wpb_start_animation animated\"><div class=\"cs-column-inner\">[vc_custom_heading text=\u00a0\u00bbEllipse\u00a0\u00bb font_container=\u00a0\u00bbtag:h3|text_align:left\u00a0\u00bb use_theme_fonts=\u00a0\u00bbyes\u00a0\u00bb css_animation=\u00a0\u00bbnone\u00a0\u00bb]<div class=\"cs-column-text\"><p><small>ESA<\/small><\/p>\n<div class=\"hover_content\"><\/div>\n<\/div><\/div><\/div><div class=\"col-md-4 cs-animation fadeInRight standard_prihoda_colors_items standard_prihoda_colors_rectangular wpb_animate_when_almost_visible wpb_zoomIn zoomIn wpb_start_animation animated\"><div class=\"cs-column-inner\">[vc_custom_heading text=\u00a0\u00bbRectangulaire\u00a0\u00bb font_container=\u00a0\u00bbtag:h3|text_align:left\u00a0\u00bb use_theme_fonts=\u00a0\u00bbyes\u00a0\u00bb css_animation=\u00a0\u00bbnone\u00a0\u00bb]<div class=\"cs-column-text\"><p><small>RectA<\/small><\/p>\n<div class=\"hover_content\"><\/div>\n<\/div><\/div><\/div><\/div><\/div><\/section><\/div><\/div><\/div><\/div><\/section>\n","protected":false},"excerpt":{"rendered":"<p><span class=\"entry-read-more\"><a href=\"https:\/\/prihodafabricduct.com\/fr\/produits\/solutions-de-conduits-sur-mesure\/formes\/\" class=\"cs-btn cs-btn-flat cs-btn-rounded cs-btn-xxs cs-btn-flat-accent\">Lire la suite<\/a><\/span><\/p>\n","protected":false},"author":1,"featured_media":0,"parent":40000,"menu_order":83,"comment_status":"closed","ping_status":"closed","template":"","meta":{"_acf_changed":false,"footnotes":""},"class_list":["post-39971","page","type-page","status-publish","hentry"],"acf":[],"_links":{"self":[{"href":"https:\/\/prihodafabricduct.com\/fr\/wp-json\/wp\/v2\/pages\/39971","targetHints":{"allow":["GET"]}}],"collection":[{"href":"https:\/\/prihodafabricduct.com\/fr\/wp-json\/wp\/v2\/pages"}],"about":[{"href":"https:\/\/prihodafabricduct.com\/fr\/wp-json\/wp\/v2\/types\/page"}],"author":[{"embeddable":true,"href":"https:\/\/prihodafabricduct.com\/fr\/wp-json\/wp\/v2\/users\/1"}],"replies":[{"embeddable":true,"href":"https:\/\/prihodafabricduct.com\/fr\/wp-json\/wp\/v2\/comments?post=39971"}],"version-history":[{"count":0,"href":"https:\/\/prihodafabricduct.com\/fr\/wp-json\/wp\/v2\/pages\/39971\/revisions"}],"up":[{"embeddable":true,"href":"https:\/\/prihodafabricduct.com\/fr\/wp-json\/wp\/v2\/pages\/40000"}],"wp:attachment":[{"href":"https:\/\/prihodafabricduct.com\/fr\/wp-json\/wp\/v2\/media?parent=39971"}],"curies":[{"name":"wp","href":"https:\/\/api.w.org\/{rel}","templated":true}]}}