{"id":39972,"date":"2022-10-22T08:23:26","date_gmt":"2022-10-22T08:23:26","guid":{"rendered":"https:\/\/prihodafabricduct.com\/diffuseurs-a-membrane\/"},"modified":"2022-12-23T13:41:06","modified_gmt":"2022-12-23T13:41:06","slug":"diffuseurs-a-membrane","status":"publish","type":"page","link":"https:\/\/prihodafabricduct.com\/fr\/produits\/specialites-prihoda\/diffuseurs-a-membrane\/","title":{"rendered":"Diffuseurs \u00e0 membrane"},"content":{"rendered":"<section class=\"cs-section about-us\"><div class=\"container\"><div class=\"row cs-equal-height cs-equal-height-top\"><div class=\"col-md-6 cs-animation fadeInLeft content wpb_animate_when_almost_visible wpb_zoomIn zoomIn wpb_start_animation animated\"><div class=\"cs-column-inner\">[vc_custom_heading text=\u00a0\u00bbUne technologie sup\u00e9rieure pour le confort des occupants tout au long de l&rsquo;ann\u00e9e.\u00a0\u00bb use_theme_fonts=\u00a0\u00bbyes\u00a0\u00bb]<div class=\"cs-column-text\"><p>Le diffuseur \u00e0 membrane de Prihoda, leader sur le march\u00e9, r\u00e9sout un probl\u00e8me de physique \u00e9l\u00e9mentaire : comment utiliser un diffuseur \u00e0 gaine en tissu pour le chauffage et le refroidissement sans perdre de chaleur ni souffler de l&rsquo;air froid dans la pi\u00e8ce ? Lorsqu&rsquo;un syst\u00e8me de diffusion unique bas\u00e9 sur le refroidissement fonctionne en mode chauffage, l&rsquo;air chaud monte et n&rsquo;atteint jamais la zone occup\u00e9e. Et lorsqu&rsquo;un syst\u00e8me bas\u00e9 sur le chauffage fonctionne en mode refroidissement, l&rsquo;air frais est souffl\u00e9 directement dans l&rsquo;espace occup\u00e9. La solution innovante de Prihoda \u00e9tait la premi\u00e8re de l&rsquo;industrie, et elle continue aujourd&rsquo;hui \u00e0 \u00e9tablir la norme en mati\u00e8re de sup\u00e9riorit\u00e9 technique : Une membrane mobile et non perm\u00e9able situ\u00e9e \u00e0 l&rsquo;int\u00e9rieur du diffuseur se soul\u00e8ve ou s&rsquo;abaisse pour fermer herm\u00e9tiquement les perforations de chauffage ou de refroidissement lorsque l&rsquo;autre mode est requis. La sup\u00e9riorit\u00e9 technique du diffuseur \u00e0 membrane de Prihoda permet d\u00e9sormais de fournir du chauffage et du refroidissement \u00e0 partir des m\u00eames diffuseurs, assurant ainsi le confort des occupants tout au long de l&rsquo;ann\u00e9e, quelle que soit la saison.<\/p>\n<\/div><\/div><\/div><div class=\"col-md-6 cs-animation fadeInRight image wpb_animate_when_almost_visible wpb_zoomIn zoomIn wpb_start_animation animated\"><div class=\"cs-column-inner\">[vc_single_image image=\u00a0\u00bb39534&Prime; img_size=\u00a0\u00bbfull\u00a0\u00bb]<\/div><\/div><\/div><\/div><\/section><section class=\"cs-section no-padding remarkably_long_service_life\"><div class=\"container\"><div class=\"row\"><div class=\"col-md-12\"><div class=\"cs-column-inner\"><section class=\"cs-section remarkably_long_service_life_child\"><div class=\"container\"><div class=\"row cs-equal-height\"><div class=\"col-md-6 cs-animation fadeInLeft remarkably_long_service_life_child_items wpb_animate_when_almost_visible wpb_zoomIn zoomIn wpb_start_animation animated\"><div class=\"cs-column-inner\">[vc_single_image image=\u00a0\u00bb39535&Prime; img_size=\u00a0\u00bbfull\u00a0\u00bb][vc_custom_heading text=\u00a0\u00bbRefroidissement sans courant d&rsquo;air.\u00a0\u00bb font_container=\u00a0\u00bbtag:h3|text_align:left\u00a0\u00bb use_theme_fonts=\u00a0\u00bbyes\u00a0\u00bb css_animation=\u00a0\u00bbnone\u00a0\u00bb]<div class=\"cs-column-text\"><p>Lorsque le syst\u00e8me est en mode refroidissement, la membrane du diffuseur est tir\u00e9e jusqu&rsquo;au fond du diffuseur, ce qui ferme les perforations de chauffage le long du fond et ouvre les microperforations de refroidissement sur le dessus. L&rsquo;air frais sort des microperforations le long de la surface sup\u00e9rieure et descend doucement dans l&rsquo;espace pour un refroidissement sans courant d&rsquo;air.<\/p>\n<\/div><\/div><\/div><div class=\"col-md-6 cs-animation fadeInRight remarkably_long_service_life_child_items wpb_animate_when_almost_visible wpb_zoomIn zoomIn wpb_start_animation animated\"><div class=\"cs-column-inner\">[vc_single_image image=\u00a0\u00bb39536&Prime; img_size=\u00a0\u00bbfull\u00a0\u00bb][vc_custom_heading text=\u00a0\u00bbUn chauffage doux et efficace.\u00a0\u00bb font_container=\u00a0\u00bbtag:h3|text_align:left\u00a0\u00bb use_theme_fonts=\u00a0\u00bbyes\u00a0\u00bb css_animation=\u00a0\u00bbnone\u00a0\u00bb]<div class=\"cs-column-text\"><p>Lorsque la demande concerne le chauffage, le Diffuseur \u00e0 Membrane est pouss\u00e9 vers le haut contre le toit du diffuseur, obturant les microperforations sup\u00e9rieures et ouvrant les plus grandes perforations situ\u00e9es en dessous. L&rsquo;air chaud est alors dirig\u00e9 directement vers le bas, dans la zone occup\u00e9e, ce qui \u00e9vite la stratification de l&rsquo;air plus froid en dessous et la perte d&rsquo;air chaud au niveau du plafond. Le r\u00e9sultat est un espace confortablement chauff\u00e9.<\/p>\n<\/div><\/div><\/div><\/div><\/div><\/section><\/div><\/div><\/div><\/div><\/section><section class=\"cs-section video_section\" style=\"margin-top:-10px;\"><div class=\"container-fluid\"><div class=\"row cs-equal-height\"><div class=\"col-md-8 cs-animation fadeInLeft content wpb_animate_when_almost_visible wpb_zoomIn zoomIn wpb_start_animation animated\" style=\"padding-top: 65px;padding-bottom: 65px;\"><div class=\"cs-column-inner\">[vc_custom_heading text=\u00a0\u00bbL&rsquo;avant-garde en mati\u00e8re de distribution d&rsquo;air confortable en modes chauffage et refroidissement.\u00a0\u00bb use_theme_fonts=\u00a0\u00bbyes\u00a0\u00bb css_animation=\u00a0\u00bbnone\u00a0\u00bb]<div class=\"cs-column-text image_content pluse wpb_animate_when_almost_visible wpb_zoomIn zoomIn wpb_start_animation animated\"><p>Un refroidissement doux et sans courant d&rsquo;air qui se diffuse facilement dans tout l&rsquo;espace. Ou un flux d&rsquo;air chauff\u00e9 dirig\u00e9 vers la zone occup\u00e9e, sans stratification d&rsquo;air froid ni poches d&rsquo;air chaud pr\u00e8s du plafond. Avec le diffuseur \u00e0 membrane Prihoda, un seul syst\u00e8me de diffusion fonctionne efficacement en mode refroidissement et en mode chauffage.<\/p>\n<p>Cette vid\u00e9o montre le diffuseur \u00e0 membrane en action.<\/p>\n<\/div><\/div><\/div><div class=\"col-md-4 cs-animation fadeInRight video wpb_animate_when_almost_visible wpb_zoomIn zoomIn wpb_start_animation animated\"><div class=\"cs-column-inner\"><div class=\"cs-fluid cs-fluid-border\"><div class=\"cs-fluid-inner\"><iframe loading=\"lazy\" title=\"Mebrane Diffuser\" width=\"1170\" height=\"658\" src=\"https:\/\/www.youtube.com\/embed\/AsEFSlE43YA?feature=oembed\" frameborder=\"0\" allow=\"accelerometer; autoplay; clipboard-write; encrypted-media; gyroscope; picture-in-picture\" allowfullscreen><\/iframe><\/div><\/div><\/div><\/div><\/div><\/div><\/section><section class=\"cs-section\"><div class=\"container-fluid\"><div class=\"row cs-equal-height\"><div class=\"col-md-12 content\"><div class=\"cs-column-inner\">[vc_single_image image=\u00a0\u00bb39538&Prime; img_size=\u00a0\u00bblarge\u00a0\u00bb alignment=\u00a0\u00bbcenter\u00a0\u00bb css_animation=\u00a0\u00bbzoomIn\u00a0\u00bb el_class=\u00a0\u00bbvideo_section_img\u00a0\u00bb]<\/div><\/div><\/div><\/div><\/section>\n","protected":false},"excerpt":{"rendered":"<p><span class=\"entry-read-more\"><a href=\"https:\/\/prihodafabricduct.com\/fr\/produits\/specialites-prihoda\/diffuseurs-a-membrane\/\" class=\"cs-btn cs-btn-flat cs-btn-rounded cs-btn-xxs cs-btn-flat-accent\">Lire la suite<\/a><\/span><\/p>\n","protected":false},"author":1,"featured_media":0,"parent":39970,"menu_order":77,"comment_status":"closed","ping_status":"closed","template":"","meta":{"_acf_changed":false,"footnotes":""},"class_list":["post-39972","page","type-page","status-publish","hentry"],"acf":[],"_links":{"self":[{"href":"https:\/\/prihodafabricduct.com\/fr\/wp-json\/wp\/v2\/pages\/39972","targetHints":{"allow":["GET"]}}],"collection":[{"href":"https:\/\/prihodafabricduct.com\/fr\/wp-json\/wp\/v2\/pages"}],"about":[{"href":"https:\/\/prihodafabricduct.com\/fr\/wp-json\/wp\/v2\/types\/page"}],"author":[{"embeddable":true,"href":"https:\/\/prihodafabricduct.com\/fr\/wp-json\/wp\/v2\/users\/1"}],"replies":[{"embeddable":true,"href":"https:\/\/prihodafabricduct.com\/fr\/wp-json\/wp\/v2\/comments?post=39972"}],"version-history":[{"count":0,"href":"https:\/\/prihodafabricduct.com\/fr\/wp-json\/wp\/v2\/pages\/39972\/revisions"}],"up":[{"embeddable":true,"href":"https:\/\/prihodafabricduct.com\/fr\/wp-json\/wp\/v2\/pages\/39970"}],"wp:attachment":[{"href":"https:\/\/prihodafabricduct.com\/fr\/wp-json\/wp\/v2\/media?parent=39972"}],"curies":[{"name":"wp","href":"https:\/\/api.w.org\/{rel}","templated":true}]}}