{"id":39978,"date":"2022-10-21T09:10:58","date_gmt":"2022-10-21T09:10:58","guid":{"rendered":"https:\/\/prihodafabricduct.com\/produits\/"},"modified":"2025-06-02T16:43:29","modified_gmt":"2025-06-02T16:43:29","slug":"produits","status":"publish","type":"page","link":"https:\/\/prihodafabricduct.com\/fr\/produits\/","title":{"rendered":"Produits"},"content":{"rendered":"<section class=\"cs-section our_work_our_vision global_leader_since\"><div class=\"container\"><div class=\"row\"><div class=\"col-md-6 cs-animation pulse images wpb_animate_when_almost_visible wpb_zoomIn zoomIn wpb_start_animation animated\"><div class=\"cs-column-inner\">[vc_single_image image=\u00a0\u00bb39417&Prime; img_size=\u00a0\u00bbfull\u00a0\u00bb el_class=\u00a0\u00bbbackground_img\u00a0\u00bb][vc_single_image image=\u00a0\u00bb39438&Prime; img_size=\u00a0\u00bbfull\u00a0\u00bb el_class=\u00a0\u00bbimage_1&Prime;][vc_single_image image=\u00a0\u00bb40867&Prime; img_size=\u00a0\u00bbfull\u00a0\u00bb el_class=\u00a0\u00bbimage_2&Prime;]<\/div><\/div><div class=\"col-md-6 cs-animation fadeInRight content wpb_animate_when_almost_visible wpb_zoomIn zoomIn wpb_start_animation animated\"><div class=\"cs-column-inner\">[vc_custom_heading text=\u00a0\u00bbLes avantages des syst\u00e8mes de dispersion d\u2019air en tissu\u00a0\u00bb font_container=\u00a0\u00bbtag:h2|text_align:left|color:%23333333&Prime; use_theme_fonts=\u00a0\u00bbyes\u00a0\u00bb css_animation=\u00a0\u00bbnone\u00a0\u00bb]<div class=\"cs-column-text\"><div class=\"fusion-text fusion-text-1\">\n<p>Les syst\u00e8mes de dispersion d\u2019air en tissu, commun\u00e9ment appel\u00e9s conduits en tissu ou \u00ab chaussettes \u00e0 conduits \u00bb, sont des syst\u00e8mes de distribution d\u2019air fabriqu\u00e9s en polyester sophistiqu\u00e9. Les syst\u00e8mes de conduits textiles constituent une alternative tr\u00e8s efficace, enti\u00e8rement personnalisable et extr\u00eamement rentable aux syst\u00e8mes m\u00e9talliques traditionnels.<\/p>\n<p>Les syst\u00e8mes en tissu peuvent \u00eatre con\u00e7us sur mesure pour une distribution optimale de l&rsquo;air dans n&rsquo;importe quel espace ouvert au plafond avec des conduits expos\u00e9s. Ils peuvent \u00eatre teints ou imprim\u00e9s dans pratiquement n&rsquo;importe quelle couleur ou n&rsquo;importe quel motif pour compl\u00e9ter n&rsquo;importe quelle d\u00e9coration int\u00e9rieure.<\/p>\n<p>Les syst\u00e8mes en tissu sont moins chers \u00e0 l&rsquo;achat que les syst\u00e8mes en m\u00e9tal et, comme ils ne n\u00e9cessitent pas d&rsquo;isolation, d&rsquo;\u00e9tanch\u00e9it\u00e9 ou de finition sur place, ils sont consid\u00e9rablement moins chers \u00e0 installer que les syst\u00e8mes en m\u00e9tal. En combinant les \u00e9conomies de mat\u00e9riaux et de main-d&rsquo;\u0153uvre, les syst\u00e8mes textiles permettent de r\u00e9aliser jusqu&rsquo;\u00e0 70 % d&rsquo;\u00e9conomies par rapport au m\u00e9tal traditionnel.<\/p>\n<\/div>\n<\/div><\/div><\/div><\/div><\/div><\/section><section class=\"cs-section no-padding\"><div class=\"container-fluid\"><div class=\"row\"><div class=\"col-md-12\"><div class=\"cs-column-inner\">[vc_raw_html css=\u00a0\u00bb.vc_custom_1665748315344{margin-bottom: 0px !important;}\u00a0\u00bb]PHN2ZyB4bWxucz0iaHR0cDovL3d3dy53My5vcmcvMjAwMC9zdmciIHZpZXdib3g9IjAgMCAxMDAwIDEwMCIgcHJlc2VydmVhc3BlY3RyYXRpbz0ibm9uZSI+Cgk8cGF0aCBjbGFzcz0iZWxlbWVudG9yLXNoYXBlLWZpbGwiIGQ9Ik01MDAuMiw5NC43TDAsMHYxMDBoMTAwMFYwTDUwMC4yLDk0Ljd6IiBzdHlsZT0iZmlsbDogI0YwRjNGOTsiPjwvcGF0aD4KPC9zdmc+[\/vc_raw_html]<\/div><\/div><\/div><\/div><\/section><section class=\"cs-section case_studies\" style=\"margin-top: -10px;\"><div class=\"container\"><div class=\"row\"><div class=\"col-md-4 cs-animation pulse wpb_animate_when_almost_visible wpb_zoomIn zoomIn wpb_start_animation animated case_studies_inner\"><div class=\"cs-column-inner\">[vc_single_image image=\u00a0\u00bb39475&Prime; img_size=\u00a0\u00bbfull\u00a0\u00bb onclick=\u00a0\u00bbcustom_link\u00a0\u00bb link=\u00a0\u00bbhttps:\/\/prihodafabricduct.com\/fr\/etudes-de-cas\/\u00a0\u00bb][vc_custom_heading text=\u00a0\u00bbApplications commerciales\u00a0\u00bb font_container=\u00a0\u00bbtag:h3|text_align:left\u00a0\u00bb use_theme_fonts=\u00a0\u00bbyes\u00a0\u00bb link=\u00a0\u00bburl:https%3A%2F%2Fprihodafabricduct.com%2Ffr%2Fetudes-de-cas%2F|\u00a0\u00bb][vc_icon icon_fontawesome=\u00a0\u00bbfas fa-long-arrow-alt-right\u00a0\u00bb link=\u00a0\u00bburl:https%3A%2F%2Fprihodafabricduct.com%2Ffr%2Fetudes-de-cas%2F|\u00a0\u00bb]<\/div><\/div><div class=\"col-md-4 cs-animation pulse wpb_animate_when_almost_visible wpb_zoomIn zoomIn wpb_start_animation animated case_studies_inner\"><div class=\"cs-column-inner\">[vc_single_image image=\u00a0\u00bb39477&Prime; img_size=\u00a0\u00bbfull\u00a0\u00bb onclick=\u00a0\u00bbcustom_link\u00a0\u00bb link=\u00a0\u00bbhttps:\/\/prihodafabricduct.com\/fr\/etudes-de-cas\/\u00a0\u00bb][vc_custom_heading text=\u00a0\u00bbApplications industrielles\u00a0\u00bb font_container=\u00a0\u00bbtag:h3|text_align:left\u00a0\u00bb use_theme_fonts=\u00a0\u00bbyes\u00a0\u00bb link=\u00a0\u00bburl:https%3A%2F%2Fprihodafabricduct.com%2Ffr%2Fetudes-de-cas%2F|\u00a0\u00bb][vc_icon icon_fontawesome=\u00a0\u00bbfas fa-long-arrow-alt-right\u00a0\u00bb link=\u00a0\u00bburl:https%3A%2F%2Fprihodafabricduct.com%2Ffr%2Fetudes-de-cas%2F|\u00a0\u00bb]<\/div><\/div><div class=\"col-md-4 cs-animation pulse wpb_animate_when_almost_visible wpb_zoomIn zoomIn wpb_start_animation animated case_studies_inner\"><div class=\"cs-column-inner\">[vc_single_image image=\u00a0\u00bb39478&Prime; img_size=\u00a0\u00bbfull\u00a0\u00bb onclick=\u00a0\u00bbcustom_link\u00a0\u00bb link=\u00a0\u00bbhttps:\/\/prihodafabricduct.com\/fr\/etudes-de-cas\/\u00a0\u00bb][vc_custom_heading text=\u00a0\u00bb\u00c9tudes de cas\u00a0\u00bb font_container=\u00a0\u00bbtag:h3|text_align:left\u00a0\u00bb use_theme_fonts=\u00a0\u00bbyes\u00a0\u00bb link=\u00a0\u00bburl:https%3A%2F%2Fprihodafabricduct.com%2Ffr%2Fetudes-de-cas%2F|\u00a0\u00bb][vc_icon icon_fontawesome=\u00a0\u00bbfas fa-long-arrow-alt-right\u00a0\u00bb link=\u00a0\u00bburl:https%3A%2F%2Fprihodafabricduct.com%2Ffr%2Fetudes-de-cas%2F|\u00a0\u00bb]<\/div><\/div><\/div><\/div><\/section><section class=\"cs-section sub_pages_section justify-content-center\"><div class=\"container\"><div class=\"row\"><div class=\"col-md-4 cs-animation pulse wpb_animate_when_almost_visible wpb_zoomIn zoomIn wpb_start_animation animated\"><div class=\"cs-column-inner\">[vc_single_image image=\u00a0\u00bb39480&Prime; img_size=\u00a0\u00bbfull\u00a0\u00bb onclick=\u00a0\u00bbcustom_link\u00a0\u00bb link=\u00a0\u00bbhttps:\/\/prihodafabricduct.com\/fr\/produits\/solutions-de-conduits-sur-mesure\/materiaux\/\u00a0\u00bb title=\u00a0\u00bbMat\u00e9riaux\u00a0\u00bb]<a href=\"https:\/\/prihodafabricduct.com\/products\/custom-ducting-solutions\/materials\/\" class=\"cs-btn cs-btn-custom cs-btn-square cs-btn-custom-own cs-btn-sm cs-btn-custom-69e506b52b970 read_more\"><i class=\"cs-in fa fa-long-arrow-right\"><\/i>Read More <\/a><\/div><\/div><div class=\"col-md-4 cs-animation pulse wpb_animate_when_almost_visible wpb_zoomIn zoomIn wpb_start_animation animated\"><div class=\"cs-column-inner\">[vc_single_image image=\u00a0\u00bb39481&Prime; img_size=\u00a0\u00bbfull\u00a0\u00bb onclick=\u00a0\u00bbcustom_link\u00a0\u00bb link=\u00a0\u00bbhttps:\/\/prihodafabricduct.com\/fr\/produits\/solutions-de-conduits-sur-mesure\/formes\/\u00a0\u00bb title=\u00a0\u00bbFormes\u00a0\u00bb]<a href=\"https:\/\/prihodafabricduct.com\/products\/custom-ducting-solutions\/shapes\/\" class=\"cs-btn cs-btn-custom cs-btn-square cs-btn-custom-own cs-btn-sm cs-btn-custom-69e506b52b9e5 read_more\"><i class=\"cs-in fa fa-long-arrow-right\"><\/i>Read More <\/a><\/div><\/div><div class=\"col-md-4 cs-animation pulse wpb_animate_when_almost_visible wpb_zoomIn zoomIn wpb_start_animation animated\"><div class=\"cs-column-inner\">[vc_single_image image=\u00a0\u00bb39482&Prime; img_size=\u00a0\u00bbfull\u00a0\u00bb onclick=\u00a0\u00bbcustom_link\u00a0\u00bb link=\u00a0\u00bbhttps:\/\/prihodafabricduct.com\/fr\/produits\/solutions-de-conduits-sur-mesure\/styles-de-montage\/\u00a0\u00bb title=\u00a0\u00bbStyles de montage\u00a0\u00bb]<a href=\"https:\/\/prihodafabricduct.com\/products\/custom-ducting-solutions\/mounting-styles\/\" class=\"cs-btn cs-btn-custom cs-btn-square cs-btn-custom-own cs-btn-sm cs-btn-custom-69e506b52ba74 read_more\"><i class=\"cs-in fa fa-long-arrow-right\"><\/i>Read More <\/a><\/div><\/div><div class=\"col-md-4 cs-animation pulse wpb_animate_when_almost_visible wpb_zoomIn zoomIn wpb_start_animation animated\"><div class=\"cs-column-inner\">[vc_single_image image=\u00a0\u00bb39483&Prime; img_size=\u00a0\u00bbfull\u00a0\u00bb onclick=\u00a0\u00bbcustom_link\u00a0\u00bb link=\u00a0\u00bbhttps:\/\/prihodafabricduct.com\/fr\/produits\/solutions-de-conduits-sur-mesure\/types-de-dispersion\/\u00a0\u00bb title=\u00a0\u00bbTypes de dispersion\u00a0\u00bb]<a href=\"https:\/\/prihodafabricduct.com\/products\/custom-ducting-solutions\/dispersion-types\/\" class=\"cs-btn cs-btn-custom cs-btn-square cs-btn-custom-own cs-btn-sm cs-btn-custom-69e506b52baf6 read_more\"><i class=\"cs-in fa fa-long-arrow-right\"><\/i>Read More <\/a><\/div><\/div><div class=\"col-md-4 cs-animation pulse wpb_animate_when_almost_visible wpb_zoomIn zoomIn wpb_start_animation animated\"><div class=\"cs-column-inner\">[vc_single_image image=\u00a0\u00bb39475&Prime; img_size=\u00a0\u00bbfull\u00a0\u00bb onclick=\u00a0\u00bbcustom_link\u00a0\u00bb link=\u00a0\u00bbhttps:\/\/prihodafabricduct.com\/fr\/produits\/solutions-de-conduits-sur-mesure\/\u00a0\u00bb title=\u00a0\u00bbSolutions de conduits sur mesure\u00a0\u00bb]<a href=\"https:\/\/prihodafabricduct.com\/products\/custom-ducting-solutions\/\" class=\"cs-btn cs-btn-custom cs-btn-square cs-btn-custom-own cs-btn-sm cs-btn-custom-69e506b52bb9f read_more\"><i class=\"cs-in fa fa-long-arrow-right\"><\/i>Read More <\/a><\/div><\/div><div class=\"col-md-4 cs-animation pulse wpb_animate_when_almost_visible wpb_zoomIn zoomIn wpb_start_animation animated\"><div class=\"cs-column-inner\">[vc_single_image image=\u00a0\u00bb39476&Prime; img_size=\u00a0\u00bbfull\u00a0\u00bb onclick=\u00a0\u00bbcustom_link\u00a0\u00bb link=\u00a0\u00bbhttps:\/\/prihodafabricduct.com\/fr\/produits\/specialites-prihoda\/\u00a0\u00bb title=\u00a0\u00bbSp\u00e9cialit\u00e9s Prihoda\u00a0\u00bb]<a href=\"https:\/\/prihodafabricduct.com\/products\/prihoda-specialties\/\" class=\"cs-btn cs-btn-custom cs-btn-square cs-btn-custom-own cs-btn-sm cs-btn-custom-69e506b52bc49 read_more\"><i class=\"cs-in fa fa-long-arrow-right\"><\/i>Read More <\/a><\/div><\/div><\/div><\/div><\/section>\n","protected":false},"excerpt":{"rendered":"<p><span class=\"entry-read-more\"><a href=\"https:\/\/prihodafabricduct.com\/fr\/produits\/\" class=\"cs-btn cs-btn-flat cs-btn-rounded cs-btn-xxs cs-btn-flat-accent\">Lire la suite<\/a><\/span><\/p>\n","protected":false},"author":1,"featured_media":0,"parent":0,"menu_order":92,"comment_status":"closed","ping_status":"closed","template":"","meta":{"_acf_changed":false,"footnotes":""},"class_list":["post-39978","page","type-page","status-publish","hentry"],"acf":[],"_links":{"self":[{"href":"https:\/\/prihodafabricduct.com\/fr\/wp-json\/wp\/v2\/pages\/39978","targetHints":{"allow":["GET"]}}],"collection":[{"href":"https:\/\/prihodafabricduct.com\/fr\/wp-json\/wp\/v2\/pages"}],"about":[{"href":"https:\/\/prihodafabricduct.com\/fr\/wp-json\/wp\/v2\/types\/page"}],"author":[{"embeddable":true,"href":"https:\/\/prihodafabricduct.com\/fr\/wp-json\/wp\/v2\/users\/1"}],"replies":[{"embeddable":true,"href":"https:\/\/prihodafabricduct.com\/fr\/wp-json\/wp\/v2\/comments?post=39978"}],"version-history":[{"count":0,"href":"https:\/\/prihodafabricduct.com\/fr\/wp-json\/wp\/v2\/pages\/39978\/revisions"}],"wp:attachment":[{"href":"https:\/\/prihodafabricduct.com\/fr\/wp-json\/wp\/v2\/media?parent=39978"}],"curies":[{"name":"wp","href":"https:\/\/api.w.org\/{rel}","templated":true}]}}