{"id":39999,"date":"2022-10-21T09:45:34","date_gmt":"2022-10-21T09:45:34","guid":{"rendered":"https:\/\/prihodafabricduct.com\/etudes-de-cas\/"},"modified":"2022-12-23T08:15:16","modified_gmt":"2022-12-23T08:15:16","slug":"etudes-de-cas","status":"publish","type":"page","link":"https:\/\/prihodafabricduct.com\/fr\/etudes-de-cas\/","title":{"rendered":"\u00c9tudes de cas"},"content":{"rendered":"<section class=\"cs-section about-us\" style=\" background-color: #ffffff;\"><div class=\"container\"><div class=\"row cs-equal-height cs-equal-height-top\"><div class=\"col-md-6 cs-animation fadeInLeft content wpb_animate_when_almost_visible wpb_zoomIn zoomIn wpb_start_animation animated\"><div class=\"cs-column-inner\">[vc_custom_heading text=\u00a0\u00bbDes solutions personnalis\u00e9es pour r\u00e9pondre \u00e0 des d\u00e9fis uniques.\u00a0\u00bb use_theme_fonts=\u00a0\u00bbyes\u00a0\u00bb]<div class=\"cs-column-text\"><div class=\"fusion-text fusion-text-1\">\n<p>Immeubles de bureaux, gymnases. Centres aquatiques, restaurants. Studios d&rsquo;enregistrement. Centres de donn\u00e9es. Cuisines commerciales. Labos.<\/p>\n<p>Les syst\u00e8mes de diffuseurs de gaines en tissu offrent une valeur, une polyvalence et des performances in\u00e9gal\u00e9es pour presque tous les types d&rsquo;espace. Et chaque espace a ses propres d\u00e9fis &#8211; des besoins uniques en mati\u00e8re de conception esth\u00e9tique et de contr\u00f4le du son, ainsi que de chauffage et de refroidissement.<\/p>\n<p>Voici quelques exemples de la mani\u00e8re dont Prihoda North America rel\u00e8ve des d\u00e9fis tr\u00e8s diff\u00e9rents gr\u00e2ce \u00e0 l&rsquo;approche coh\u00e9rente de Prihoda : analyse d\u00e9taill\u00e9e, \u00e9coute attentive et conception personnalis\u00e9e.<\/p>\n<\/div>\n<\/div><\/div><\/div><div class=\"col-md-6 cs-animation fadeInRight image wpb_animate_when_almost_visible wpb_zoomIn zoomIn wpb_start_animation animated\"><div class=\"cs-column-inner\">[vc_single_image image=\u00a0\u00bb39441&Prime; img_size=\u00a0\u00bbfull\u00a0\u00bb]<\/div><\/div><\/div><\/div><\/section><section class=\"cs-section no-padding\"><div class=\"container-fluid\"><div class=\"row\"><div class=\"col-md-12\"><div class=\"cs-column-inner\"><\/div><\/div><\/div><\/div><\/section><section class=\"cs-section case_studies justify-content-center\" style=\"margin-top:-10px;\"><div class=\"container\"><div class=\"row\"><div class=\"col-md-12 cs-animation pulse wpb_animate_when_almost_visible wpb_zoomIn zoomIn wpb_start_animation animated\"><div class=\"cs-column-inner\">[vc_basic_grid post_type=\u00a0\u00bbcase_studies\u00a0\u00bb max_items=\u00a0\u00bb-1&Prime; order=\u00a0\u00bbASC\u00a0\u00bb item=\u00a0\u00bb377&Prime; initial_loading_animation=\u00a0\u00bbpulse\u00a0\u00bb grid_id=\u00a0\u00bbvc_gid:1670611044891-8c70df44-6356-10&Prime; el_class=\u00a0\u00bbwpb_animate_when_almost_visible wpb_zoomIn zoomIn wpb_start_animation animated\u00a0\u00bb]<\/div><\/div><\/div><\/div><\/section>\n","protected":false},"excerpt":{"rendered":"<p><span class=\"entry-read-more\"><a href=\"https:\/\/prihodafabricduct.com\/fr\/etudes-de-cas\/\" class=\"cs-btn cs-btn-flat cs-btn-rounded cs-btn-xxs cs-btn-flat-accent\">Lire la suite<\/a><\/span><\/p>\n","protected":false},"author":1,"featured_media":0,"parent":0,"menu_order":87,"comment_status":"closed","ping_status":"closed","template":"","meta":{"_acf_changed":false,"footnotes":""},"class_list":["post-39999","page","type-page","status-publish","hentry"],"acf":[],"_links":{"self":[{"href":"https:\/\/prihodafabricduct.com\/fr\/wp-json\/wp\/v2\/pages\/39999","targetHints":{"allow":["GET"]}}],"collection":[{"href":"https:\/\/prihodafabricduct.com\/fr\/wp-json\/wp\/v2\/pages"}],"about":[{"href":"https:\/\/prihodafabricduct.com\/fr\/wp-json\/wp\/v2\/types\/page"}],"author":[{"embeddable":true,"href":"https:\/\/prihodafabricduct.com\/fr\/wp-json\/wp\/v2\/users\/1"}],"replies":[{"embeddable":true,"href":"https:\/\/prihodafabricduct.com\/fr\/wp-json\/wp\/v2\/comments?post=39999"}],"version-history":[{"count":0,"href":"https:\/\/prihodafabricduct.com\/fr\/wp-json\/wp\/v2\/pages\/39999\/revisions"}],"wp:attachment":[{"href":"https:\/\/prihodafabricduct.com\/fr\/wp-json\/wp\/v2\/media?parent=39999"}],"curies":[{"name":"wp","href":"https:\/\/api.w.org\/{rel}","templated":true}]}}