{"id":40000,"date":"2022-10-21T09:23:56","date_gmt":"2022-10-21T09:23:56","guid":{"rendered":"https:\/\/prihodafabricduct.com\/produits\/solutions-de-conduits-sur-mesure\/"},"modified":"2023-02-21T11:39:47","modified_gmt":"2023-02-21T11:39:47","slug":"solutions-de-conduits-sur-mesure","status":"publish","type":"page","link":"https:\/\/prihodafabricduct.com\/fr\/produits\/solutions-de-conduits-sur-mesure\/","title":{"rendered":"Solutions de conduits sur mesure"},"content":{"rendered":"<section class=\"cs-section about-us\"><div class=\"container\"><div class=\"row cs-equal-height cs-equal-height-top\"><div class=\"col-md-6 cs-animation fadeInLeft content wpb_animate_when_almost_visible wpb_zoomIn zoomIn wpb_start_animation animated\"><div class=\"cs-column-inner\">[vc_custom_heading text=\u00a0\u00bbLes \u00e9l\u00e9ments constitutifs d&rsquo;un syst\u00e8me de distribution d&rsquo;air enti\u00e8rement personnalis\u00e9\u00a0\u00bb use_theme_fonts=\u00a0\u00bbyes\u00a0\u00bb]<div class=\"cs-column-text\"><div class=\"fusion-text fusion-text-1\">\n<p>Les syst\u00e8mes de diffuseurs textiles actuels sont construits \u00e0 partir de tissus en polyester de haute technicit\u00e9 &#8211; des mat\u00e9riaux qui ne rouillent pas, ne se corrodent pas et ne n\u00e9cessitent aucune \u00e9tanch\u00e9it\u00e9, peinture ou finition une fois install\u00e9s. Ce mat\u00e9riau permet une conception extr\u00eamement souple de la ventilation.<\/p>\n<p>Prihoda a d\u00e9velopp\u00e9 une large gamme de conduits et d&rsquo;options de dispersion, avec une gamme compl\u00e8te de diff\u00e9rents types de tissus, de formes de conduits, de styles de montage et de m\u00e9thodes de dispersion. Ces options peuvent \u00eatre combin\u00e9es dans un nombre illimit\u00e9 de configurations, afin de cr\u00e9er un syst\u00e8me de distribution d&rsquo;air enti\u00e8rement personnalis\u00e9 et con\u00e7u avec pr\u00e9cision, qui r\u00e9pond aux exigences de n&rsquo;importe quel espace.<\/p>\n<p>Vous trouverez ci-dessous les quatre principaux aspects importants \u00e0 sp\u00e9cifier pour les diffuseurs en tissu.<\/p>\n<\/div>\n<\/div><\/div><\/div><div class=\"col-md-6 cs-animation fadeInRight image wpb_animate_when_almost_visible wpb_zoomIn zoomIn wpb_start_animation animated\"><div class=\"cs-column-inner\">[vc_single_image image=\u00a0\u00bb39441&Prime; img_size=\u00a0\u00bbfull\u00a0\u00bb]<\/div><\/div><\/div><\/div><\/section><section class=\"cs-section sub_pages_section justify-content-center\"><div class=\"container\"><div class=\"row\"><div class=\"col-md-3 cs-animation pulse wpb_animate_when_almost_visible wpb_zoomIn zoomIn wpb_start_animation animated\"><div class=\"cs-column-inner\">[vc_single_image image=\u00a0\u00bb39480&Prime; img_size=\u00a0\u00bbfull\u00a0\u00bb onclick=\u00a0\u00bbcustom_link\u00a0\u00bb link=\u00a0\u00bbhttps:\/\/prihodafabricduct.com\/fr\/produits\/solutions-de-conduits-sur-mesure\/materiaux\/\u00a0\u00bb title=\u00a0\u00bbMat\u00e9riaux\u00a0\u00bb]<a href=\"https:\/\/prihodafabricduct.com\/products\/custom-ducting-solutions\/materials\/\" class=\"cs-btn cs-btn-custom cs-btn-square cs-btn-custom-own cs-btn-sm cs-btn-custom-69deff9dbbd78 read_more\"><i class=\"cs-in fa fa-long-arrow-right\"><\/i>Read More <\/a><\/div><\/div><div class=\"col-md-3 cs-animation pulse wpb_animate_when_almost_visible wpb_zoomIn zoomIn wpb_start_animation animated\"><div class=\"cs-column-inner\">[vc_single_image image=\u00a0\u00bb39481&Prime; img_size=\u00a0\u00bbfull\u00a0\u00bb onclick=\u00a0\u00bbcustom_link\u00a0\u00bb link=\u00a0\u00bbhttps:\/\/prihodafabricduct.com\/fr\/produits\/solutions-de-conduits-sur-mesure\/formes\/\u00a0\u00bb title=\u00a0\u00bbFormes\u00a0\u00bb]<a href=\"https:\/\/prihodafabricduct.com\/products\/custom-ducting-solutions\/shapes\/\" class=\"cs-btn cs-btn-custom cs-btn-square cs-btn-custom-own cs-btn-sm cs-btn-custom-69deff9dbbdf8 read_more\"><i class=\"cs-in fa fa-long-arrow-right\"><\/i>Read More <\/a><\/div><\/div><div class=\"col-md-3 cs-animation pulse wpb_animate_when_almost_visible wpb_zoomIn zoomIn wpb_start_animation animated\"><div class=\"cs-column-inner\">[vc_single_image image=\u00a0\u00bb39482&Prime; img_size=\u00a0\u00bbfull\u00a0\u00bb onclick=\u00a0\u00bbcustom_link\u00a0\u00bb link=\u00a0\u00bbhttps:\/\/prihodafabricduct.com\/fr\/produits\/solutions-de-conduits-sur-mesure\/styles-de-montage\/\u00a0\u00bb title=\u00a0\u00bbStyles de montage\u00a0\u00bb]<a href=\"https:\/\/prihodafabricduct.com\/products\/custom-ducting-solutions\/mounting-styles\/\" class=\"cs-btn cs-btn-custom cs-btn-square cs-btn-custom-own cs-btn-sm cs-btn-custom-69deff9dbbe7b read_more\"><i class=\"cs-in fa fa-long-arrow-right\"><\/i>Read More <\/a><\/div><\/div><div class=\"col-md-3 cs-animation pulse wpb_animate_when_almost_visible wpb_zoomIn zoomIn wpb_start_animation animated\"><div class=\"cs-column-inner\">[vc_single_image image=\u00a0\u00bb39483&Prime; img_size=\u00a0\u00bbfull\u00a0\u00bb onclick=\u00a0\u00bbcustom_link\u00a0\u00bb link=\u00a0\u00bbhttps:\/\/prihodafabricduct.com\/fr\/produits\/solutions-de-conduits-sur-mesure\/types-de-dispersion\/\u00a0\u00bb title=\u00a0\u00bbTypes de dispersion\u00a0\u00bb]<a href=\"https:\/\/prihodafabricduct.com\/products\/custom-ducting-solutions\/dispersion-types\/\" class=\"cs-btn cs-btn-custom cs-btn-square cs-btn-custom-own cs-btn-sm cs-btn-custom-69deff9dbbf0f read_more\"><i class=\"cs-in fa fa-long-arrow-right\"><\/i>Read More <\/a><\/div><\/div><div class=\"col-md-3 cs-animation pulse wpb_animate_when_almost_visible wpb_zoomIn zoomIn wpb_start_animation animated\"><div class=\"cs-column-inner\">[vc_single_image image=\u00a0\u00bb39753&Prime; img_size=\u00a0\u00bbfull\u00a0\u00bb onclick=\u00a0\u00bbcustom_link\u00a0\u00bb link=\u00a0\u00bbhttps:\/\/prihodafabricduct.com\/fr\/ressources\/ressources-techniques\/logiciel-de-conception-airtailor\/\u00a0\u00bb title=\u00a0\u00bbLogiciel de conception AirTailor\u00a0\u00bb]<a href=\"\/resources\/technical-resources\/airtailor-design-software\/\" class=\"cs-btn cs-btn-custom cs-btn-square cs-btn-custom-own cs-btn-sm cs-btn-custom-69deff9dbbf7c read_more\"><i class=\"cs-in fa fa-long-arrow-right\"><\/i>Read More <\/a><\/div><\/div><div class=\"col-md-3 cs-animation pulse wpb_animate_when_almost_visible wpb_zoomIn zoomIn wpb_start_animation animated\"><div class=\"cs-column-inner\">[vc_single_image image=\u00a0\u00bb39801&Prime; img_size=\u00a0\u00bbfull\u00a0\u00bb onclick=\u00a0\u00bbcustom_link\u00a0\u00bb link=\u00a0\u00bbhttps:\/\/prihodafabricduct.com\/fr\/ressources\/ressources-techniques\/videos-sur-les-performances-et-les-tests\/\u00a0\u00bb title=\u00a0\u00bbVid\u00e9os sur les performances et les tests\u00a0\u00bb]<a href=\"\/resources\/technical-resources\/performance-testing-videos\/\" class=\"cs-btn cs-btn-custom cs-btn-square cs-btn-custom-own cs-btn-sm cs-btn-custom-69deff9dbbfe6 read_more\"><i class=\"cs-in fa fa-long-arrow-right\"><\/i>Read More <\/a><\/div><\/div><div class=\"col-md-3 cs-animation pulse wpb_animate_when_almost_visible wpb_zoomIn zoomIn wpb_start_animation animated\"><div class=\"cs-column-inner\">[vc_single_image image=\u00a0\u00bb39628&Prime; img_size=\u00a0\u00bbfull\u00a0\u00bb onclick=\u00a0\u00bbcustom_link\u00a0\u00bb link=\u00a0\u00bbhttps:\/\/prihodafabricduct.com\/fr\/ressources\/ressources-techniques\/instructions-dinstallation\/\u00a0\u00bb title=\u00a0\u00bbInstructions d&rsquo;installation\u00a0\u00bb]<a href=\"\/resources\/technical-resources\/installation-instructions\/\" class=\"cs-btn cs-btn-custom cs-btn-square cs-btn-custom-own cs-btn-sm cs-btn-custom-69deff9dbc059 read_more\"><i class=\"cs-in fa fa-long-arrow-right\"><\/i>Read More <\/a><\/div><\/div><\/div><\/div><\/section>\n","protected":false},"excerpt":{"rendered":"<p><span class=\"entry-read-more\"><a href=\"https:\/\/prihodafabricduct.com\/fr\/produits\/solutions-de-conduits-sur-mesure\/\" class=\"cs-btn cs-btn-flat cs-btn-rounded cs-btn-xxs cs-btn-flat-accent\">Lire la suite<\/a><\/span><\/p>\n","protected":false},"author":1,"featured_media":0,"parent":39978,"menu_order":90,"comment_status":"closed","ping_status":"closed","template":"","meta":{"_acf_changed":false,"footnotes":""},"class_list":["post-40000","page","type-page","status-publish","hentry"],"acf":[],"_links":{"self":[{"href":"https:\/\/prihodafabricduct.com\/fr\/wp-json\/wp\/v2\/pages\/40000","targetHints":{"allow":["GET"]}}],"collection":[{"href":"https:\/\/prihodafabricduct.com\/fr\/wp-json\/wp\/v2\/pages"}],"about":[{"href":"https:\/\/prihodafabricduct.com\/fr\/wp-json\/wp\/v2\/types\/page"}],"author":[{"embeddable":true,"href":"https:\/\/prihodafabricduct.com\/fr\/wp-json\/wp\/v2\/users\/1"}],"replies":[{"embeddable":true,"href":"https:\/\/prihodafabricduct.com\/fr\/wp-json\/wp\/v2\/comments?post=40000"}],"version-history":[{"count":0,"href":"https:\/\/prihodafabricduct.com\/fr\/wp-json\/wp\/v2\/pages\/40000\/revisions"}],"up":[{"embeddable":true,"href":"https:\/\/prihodafabricduct.com\/fr\/wp-json\/wp\/v2\/pages\/39978"}],"wp:attachment":[{"href":"https:\/\/prihodafabricduct.com\/fr\/wp-json\/wp\/v2\/media?parent=40000"}],"curies":[{"name":"wp","href":"https:\/\/api.w.org\/{rel}","templated":true}]}}