{"id":40002,"date":"2022-10-22T06:16:21","date_gmt":"2022-10-22T06:16:21","guid":{"rendered":"https:\/\/prihodafabricduct.com\/types-de-dispersion\/"},"modified":"2023-04-10T05:51:59","modified_gmt":"2023-04-10T05:51:59","slug":"types-de-dispersion","status":"publish","type":"page","link":"https:\/\/prihodafabricduct.com\/fr\/produits\/solutions-de-conduits-sur-mesure\/types-de-dispersion\/","title":{"rendered":"Types de dispersion"},"content":{"rendered":"<section class=\"cs-section about-us\"><div class=\"container\"><div class=\"row cs-equal-height cs-equal-height-top\"><div class=\"col-md-6 cs-animation fadeInLeft content wpb_animate_when_almost_visible wpb_zoomIn zoomIn wpb_start_animation animated\"><div class=\"cs-column-inner\">[vc_custom_heading text=\u00a0\u00bbDistribution optimale de l&rsquo;air dans tous les espaces\u00a0\u00bb use_theme_fonts=\u00a0\u00bbyes\u00a0\u00bb]<div class=\"cs-column-text\"><p>Les options de dispersion d&rsquo;air textile de Prihoda, combin\u00e9es \u00e0 une large gamme de formes disponibles, permettent de concevoir des syst\u00e8mes de dispersion d&rsquo;air pr\u00e9cis\u00e9ment adapt\u00e9s \u00e0 pratiquement tous les espaces.<\/p>\n<\/div><\/div><\/div><div class=\"col-md-6 cs-animation fadeInRight image wpb_animate_when_almost_visible wpb_zoomIn zoomIn wpb_start_animation animated\"><div class=\"cs-column-inner\">[vc_single_image image=\u00a0\u00bb39527&Prime; img_size=\u00a0\u00bbfull\u00a0\u00bb]<\/div><\/div><\/div><\/div><\/section><section class=\"cs-section no-padding remarkably_long_service_life\"><div class=\"container\"><div class=\"row\"><div class=\"col-md-12\"><div class=\"cs-column-inner\"><section class=\"cs-section remarkably_long_service_life_child\"><div class=\"container\"><div class=\"row cs-equal-height\"><div class=\"col-md-6 cs-animation fadeInLeft remarkably_long_service_life_child_items wpb_animate_when_almost_visible wpb_zoomIn zoomIn wpb_start_animation animated\"><div class=\"cs-column-inner\">[vc_single_image image=\u00a0\u00bb39528&Prime; img_size=\u00a0\u00bbfull\u00a0\u00bb][vc_custom_heading text=\u00a0\u00bbMicro-perforations\u00a0\u00bb font_container=\u00a0\u00bbtag:h3|text_align:left\u00a0\u00bb use_theme_fonts=\u00a0\u00bbyes\u00a0\u00bb css_animation=\u00a0\u00bbnone\u00a0\u00bb]<div class=\"cs-column-text\"><p>Le proc\u00e9d\u00e9 unique et brevet\u00e9 de Prihoda pour les microperforations d\u00e9coup\u00e9es au laser permet la dispersion de l&rsquo;air la plus efficace et la plus performante pour des distances de projection plus courtes. Les diffuseurs avec microperforations assurent une ventilation confortable et sans courant d&rsquo;air pour les <a href=\"https:\/\/prihodafabricduct.com\/applications\/commercial\/offices-classrooms\/\">bureaux, les salles de classe<\/a> et autres installations \u00e0 plafond bas.<\/p>\n<\/div><\/div><\/div><div class=\"col-md-6 cs-animation fadeInRight remarkably_long_service_life_child_items wpb_animate_when_almost_visible wpb_zoomIn zoomIn wpb_start_animation animated\"><div class=\"cs-column-inner\">[vc_single_image image=\u00a0\u00bb39529&Prime; img_size=\u00a0\u00bbfull\u00a0\u00bb][vc_custom_heading text=\u00a0\u00bbPerforations d\u00e9coup\u00e9es au laser\u00a0\u00bb font_container=\u00a0\u00bbtag:h3|text_align:left\u00a0\u00bb use_theme_fonts=\u00a0\u00bbyes\u00a0\u00bb css_animation=\u00a0\u00bbnone\u00a0\u00bb]<div class=\"cs-column-text\"><p>Des perforations de pr\u00e9cision d\u00e9coup\u00e9es au laser sont plac\u00e9es partout o\u00f9 cela est n\u00e9cessaire le long d&rsquo;un diffuseur pour assurer une distribution optimale de l&rsquo;air dans les installations \u00e0 plafond \u00e9lev\u00e9, comme les <a href=\"https:\/\/prihodafabricduct.com\/applications\/commercial\/gyms-arenas\/\">gymnases<\/a>, les <a href=\"https:\/\/prihodafabricduct.com\/applications\/commercial\/pools\/\">natatoriums<\/a> et les installations <a href=\"https:\/\/prihodafabricduct.com\/applications\/industrial\/indoor-agriculture\/\">agricoles int\u00e9rieures<\/a>.<\/p>\n<\/div><\/div><\/div><div class=\"col-md-6 cs-animation fadeInLeft remarkably_long_service_life_child_items wpb_animate_when_almost_visible wpb_zoomIn zoomIn wpb_start_animation animated\"><div class=\"cs-column-inner\">[vc_single_image image=\u00a0\u00bb39530&Prime; img_size=\u00a0\u00bbfull\u00a0\u00bb][vc_custom_heading text=\u00a0\u00bbBuses pour petits tissus\u00a0\u00bb font_container=\u00a0\u00bbtag:h3|text_align:left\u00a0\u00bb use_theme_fonts=\u00a0\u00bbyes\u00a0\u00bb css_animation=\u00a0\u00bbnone\u00a0\u00bb]<div class=\"cs-column-text\"><p>Nos petites buses en tissu sont soud\u00e9es par ultrasons \u00e0 la gaine et sont id\u00e9ales pour les applications avec des distances de projection moyennes \u00e0 longues. Toutes les buses en tissu sont fabriqu\u00e9es dans le m\u00eame tissu homologu\u00e9 UL que les diffuseurs eux-m\u00eames, ce qui garantit une correspondance parfaite des couleurs et une r\u00e9sistance au feu de tout le syst\u00e8me.<\/p>\n<\/div><\/div><\/div><div class=\"col-md-6 cs-animation fadeInRight remarkably_long_service_life_child_items wpb_animate_when_almost_visible wpb_zoomIn zoomIn wpb_start_animation animated\"><div class=\"cs-column-inner\">[vc_single_image image=\u00a0\u00bb39531&Prime; img_size=\u00a0\u00bbfull\u00a0\u00bb][vc_custom_heading text=\u00a0\u00bbBuses de tissu de grande taille\u00a0\u00bb font_container=\u00a0\u00bbtag:h3|text_align:left\u00a0\u00bb use_theme_fonts=\u00a0\u00bbyes\u00a0\u00bb css_animation=\u00a0\u00bbnone\u00a0\u00bb]<div class=\"cs-column-text\"><p>Nos buses \u00e0 large tissu sont construites avec un registre manuel int\u00e9gr\u00e9 pour un \u00e9quilibrage de pr\u00e9cision, ce qui assure une ventilation uniforme dans les grands espaces avec une demande de volume \u00e9lev\u00e9 et de longues distances de projection, comme les <a href=\"https:\/\/prihodafabricduct.com\/applications\/industrial\/manufacturing-warehouses\/\">installations de fabrication et les entrep\u00f4ts<\/a>. Les buses de grande taille sont disponibles en version \u00e0 direction fixe ou r\u00e9glable, pour permettre un contr\u00f4le pr\u00e9cis par l&rsquo;utilisateur.<\/p>\n<\/div><\/div><\/div><\/div><\/div><\/section><\/div><\/div><\/div><\/div><\/section><section class=\"cs-section video_section justify-content-center\" style=\"margin-top:-10px;\"><div class=\"container-fluid\"><div class=\"row cs-equal-height\"><div class=\"col-md-4 cs-animation fadeInRight video wpb_animate_when_almost_visible wpb_zoomIn zoomIn wpb_start_animation animated\"><div class=\"cs-column-inner\"><div class=\"cs-fluid cs-fluid-border\"><div class=\"cs-fluid-inner\"><iframe loading=\"lazy\" title=\"PRIHODA Fabric ducting - Large Adjustable Nozzles\" width=\"1170\" height=\"658\" src=\"https:\/\/www.youtube.com\/embed\/x_r4xof_5pE?feature=oembed\" frameborder=\"0\" allow=\"accelerometer; autoplay; clipboard-write; encrypted-media; gyroscope; picture-in-picture; web-share\" allowfullscreen><\/iframe><\/div><\/div><\/div><\/div><\/div><\/div><\/section>\n","protected":false},"excerpt":{"rendered":"<p><span class=\"entry-read-more\"><a href=\"https:\/\/prihodafabricduct.com\/fr\/produits\/solutions-de-conduits-sur-mesure\/types-de-dispersion\/\" class=\"cs-btn cs-btn-flat cs-btn-rounded cs-btn-xxs cs-btn-flat-accent\">Lire la suite<\/a><\/span><\/p>\n","protected":false},"author":1,"featured_media":0,"parent":40000,"menu_order":78,"comment_status":"closed","ping_status":"closed","template":"","meta":{"_acf_changed":false,"footnotes":""},"class_list":["post-40002","page","type-page","status-publish","hentry"],"acf":[],"_links":{"self":[{"href":"https:\/\/prihodafabricduct.com\/fr\/wp-json\/wp\/v2\/pages\/40002","targetHints":{"allow":["GET"]}}],"collection":[{"href":"https:\/\/prihodafabricduct.com\/fr\/wp-json\/wp\/v2\/pages"}],"about":[{"href":"https:\/\/prihodafabricduct.com\/fr\/wp-json\/wp\/v2\/types\/page"}],"author":[{"embeddable":true,"href":"https:\/\/prihodafabricduct.com\/fr\/wp-json\/wp\/v2\/users\/1"}],"replies":[{"embeddable":true,"href":"https:\/\/prihodafabricduct.com\/fr\/wp-json\/wp\/v2\/comments?post=40002"}],"version-history":[{"count":0,"href":"https:\/\/prihodafabricduct.com\/fr\/wp-json\/wp\/v2\/pages\/40002\/revisions"}],"up":[{"embeddable":true,"href":"https:\/\/prihodafabricduct.com\/fr\/wp-json\/wp\/v2\/pages\/40000"}],"wp:attachment":[{"href":"https:\/\/prihodafabricduct.com\/fr\/wp-json\/wp\/v2\/media?parent=40002"}],"curies":[{"name":"wp","href":"https:\/\/api.w.org\/{rel}","templated":true}]}}