{"id":40008,"date":"2022-10-21T11:35:14","date_gmt":"2022-10-21T11:35:14","guid":{"rendered":"https:\/\/prihodafabricduct.com\/produits\/solutions-de-conduits-sur-mesure\/materiaux\/"},"modified":"2022-12-23T11:49:56","modified_gmt":"2022-12-23T11:49:56","slug":"materiaux","status":"publish","type":"page","link":"https:\/\/prihodafabricduct.com\/fr\/produits\/solutions-de-conduits-sur-mesure\/materiaux\/","title":{"rendered":"Mat\u00e9riaux"},"content":{"rendered":"<section class=\"cs-section about-us\"><div class=\"container\"><div class=\"row cs-equal-height cs-equal-height-top\"><div class=\"col-md-6 cs-animation fadeInLeft content wpb_animate_when_almost_visible wpb_zoomIn zoomIn wpb_start_animation animated\"><div class=\"cs-column-inner\">[vc_custom_heading text=\u00a0\u00bbTissus con\u00e7us pour des performances \u00e9lev\u00e9es et un entretien facile\u00a0\u00bb use_theme_fonts=\u00a0\u00bbyes\u00a0\u00bb]<div class=\"cs-column-text\"><p>Tous les tissus Prihoda ont \u00e9t\u00e9 d\u00e9velopp\u00e9s et fabriqu\u00e9s sp\u00e9cifiquement pour les syst\u00e8mes de gaines en tissu.<\/p>\n<p>Nos tissus Premium et Classic poss\u00e8dent une r\u00e9sistance et une durabilit\u00e9 in\u00e9gal\u00e9es et sont tiss\u00e9s avec une finition lisse qui emp\u00eache la perte de fibres, ce qui permet une utilisation dans les salles blanches jusqu&rsquo;\u00e0 ISO-4.<\/p>\n<p>Notre tissu Premium est construit avec des fibres de carbone entrelac\u00e9es qui dissipent les charges statiques et est fini avec un traitement antimicrobien \u00e0 base de nano-argent.<\/p>\n<p>Tous nos tissus standard sont homologu\u00e9s UL\/ULC et se caract\u00e9risent par un entretien facile et un aspect durable qui ne change pas avec le temps.<\/p>\n<\/div><ul class=\"cs-icon-list listing\"><li>Prihoda Durable \u2013 Un tissu lourd<\/li><li>Prihoda Glass &#8211; Un mat\u00e9riau en fibre de verre tr\u00e8s lourd et flexible<\/li><li>Prihoda Plastic \u2013 Un mat\u00e9riau de type PVC presque rigide<\/li><li>Prihoda Foil \u2013 Un mat\u00e9riau super l\u00e9ger<\/li><li>Prihoda Translucent \u2013 \u200b\u200bUn mat\u00e9riau transparent renforc\u00e9 par une grille de fibres<\/li><\/ul><\/div><\/div><div class=\"col-md-6 cs-animation fadeInRight image wpb_animate_when_almost_visible wpb_zoomIn zoomIn wpb_start_animation animated\"><div class=\"cs-column-inner\">[vc_single_image image=\u00a0\u00bb39492&Prime; img_size=\u00a0\u00bbfull\u00a0\u00bb]<\/div><\/div><\/div><\/div><\/section><section class=\"cs-section no-padding remarkably_long_service_life\"><div class=\"container\"><div class=\"row\"><div class=\"col-md-12\"><div class=\"cs-column-inner\"><section class=\"cs-section background_black\"><div class=\"container\"><div class=\"row\"><div class=\"col-md-9\"><div class=\"cs-column-inner\">[vc_custom_heading text=\u00a0\u00bbUne dur\u00e9e de vie remarquablement longue\u00a0\u00bb font_container=\u00a0\u00bbtag:h2|text_align:center\u00a0\u00bb use_theme_fonts=\u00a0\u00bbyes\u00a0\u00bb css_animation=\u00a0\u00bbfadeInUp\u00a0\u00bb]<div class=\"cs-column-text cs-animation fadeInUp wpb_animate_when_almost_visible wpb_zoomIn zoomIn wpb_start_animation animated\"><p style=\"text-align: center;\">Tous nos tissus Premium, Classic et Recycl\u00e9s b\u00e9n\u00e9ficient d&rsquo;une garantie de 10 ans non prorog\u00e9e, avec une extension de garantie jusqu&rsquo;\u00e0 20 ans (au prorata apr\u00e8s 10 ans) pour les syst\u00e8mes utilisant le maintien en position ouverte (anneaux ou h\u00e9lice) et la tension. L&rsquo;utilisation r\u00e9elle sur le terrain d\u00e9montre syst\u00e9matiquement une dur\u00e9e de vie de 15 ans ou plus. Prihoda Light, qui est destin\u00e9 \u00e0 des applications \u00e9conomiques ou temporaires, est garanti deux ans ou 50 cycles de lavage.<\/p>\n<\/div><\/div><\/div><\/div><\/div><\/section><section class=\"cs-section remarkably_long_service_life_child\"><div class=\"container\"><div class=\"row cs-equal-height\"><div class=\"col-md-6 cs-animation fadeInLeft remarkably_long_service_life_child_items wpb_animate_when_almost_visible wpb_zoomIn zoomIn wpb_start_animation animated\"><div class=\"cs-column-inner\">[vc_single_image image=\u00a0\u00bb39493&Prime; img_size=\u00a0\u00bbfull\u00a0\u00bb][vc_custom_heading text=\u00a0\u00bbPRIHODA CLASSIC : PERM\u00c9ABLE.\u00a0\u00bb font_container=\u00a0\u00bbtag:h3|text_align:left\u00a0\u00bb use_theme_fonts=\u00a0\u00bbyes\u00a0\u00bb css_animation=\u00a0\u00bbnone\u00a0\u00bb]<div class=\"cs-column-text\"><p>Notre mat\u00e9riau le plus populaire. Tissu 100% polyester non r\u00e9tractable. Retardateur de flamme, non hygroscopique, lavable en machine et certifi\u00e9 UL\/ULC. Qualit\u00e9 des salles blanches (ISO4).<\/p>\n<\/div><\/div><\/div><div class=\"col-md-6 cs-animation fadeInRight remarkably_long_service_life_child_items wpb_animate_when_almost_visible wpb_zoomIn zoomIn wpb_start_animation animated\"><div class=\"cs-column-inner\">[vc_single_image image=\u00a0\u00bb39494&Prime; img_size=\u00a0\u00bbfull\u00a0\u00bb][vc_custom_heading text=\u00a0\u00bbPRIHODA PREMIUM : PERM\u00c9ABLE.\u00a0\u00bb font_container=\u00a0\u00bbtag:h3|text_align:left\u00a0\u00bb use_theme_fonts=\u00a0\u00bbyes\u00a0\u00bb css_animation=\u00a0\u00bbnone\u00a0\u00bb]<div class=\"cs-column-text\"><p>Identique au Prihoda Classic, avec en plus un traitement anti-microbien et des fibres de carbone entrelac\u00e9es pour la dissipation de l&rsquo;\u00e9lectricit\u00e9 statique.<\/p>\n<\/div><\/div><\/div><div class=\"col-md-6 cs-animation fadeInLeft remarkably_long_service_life_child_items wpb_animate_when_almost_visible wpb_zoomIn zoomIn wpb_start_animation animated\"><div class=\"cs-column-inner\">[vc_single_image image=\u00a0\u00bb39495&Prime; img_size=\u00a0\u00bbfull\u00a0\u00bb][vc_custom_heading text=\u00a0\u00bbPRIHODA PREMIUM : NON PERM\u00c9ABLE.\u00a0\u00bb font_container=\u00a0\u00bbtag:h3|text_align:left\u00a0\u00bb use_theme_fonts=\u00a0\u00bbyes\u00a0\u00bb css_animation=\u00a0\u00bbnone\u00a0\u00bb]<div class=\"cs-column-text\"><p>Une version non perm\u00e9able \u00e0 l&rsquo;air de notre tissu Premium. Souvent utilis\u00e9 pour le refroidissement \u00e0 des temp\u00e9ratures sup\u00e9rieures au point de ros\u00e9e, lorsque la condensation de surface n&rsquo;est pas un probl\u00e8me et dans les applications de transport a\u00e9rien sans distribution.<\/p>\n<\/div><\/div><\/div><div class=\"col-md-6 cs-animation fadeInRight remarkably_long_service_life_child_items wpb_animate_when_almost_visible wpb_zoomIn zoomIn wpb_start_animation animated\"><div class=\"cs-column-inner\">[vc_single_image image=\u00a0\u00bb39496&Prime; img_size=\u00a0\u00bbfull\u00a0\u00bb]<div class=\"cs-column-text\"><h3 class=\"vc_custom_heading\" style=\"text-align: left;\">PRIHODA <a href=\"https:\/\/prihodafabricduct.com\/products\/prihoda-specialties\/prihoda-recycled\/\">RECYCL\u00c9<\/a>: PERMEABLE.<\/h3>\n<\/div><div class=\"cs-column-text\"><p>Fabriqu\u00e9 avec du polyester naturel Repreve (R), utilisant 100% de contenu post-consommation. EPD et LCA v\u00e9rifi\u00e9s par des tiers. Pas de perte de fibres, qualit\u00e9 salle blanche (ISO4)<\/p>\n<\/div><\/div><\/div><div class=\"col-md-6 cs-animation fadeInLeft remarkably_long_service_life_child_items wpb_animate_when_almost_visible wpb_zoomIn zoomIn wpb_start_animation animated\"><div class=\"cs-column-inner\">[vc_single_image image=\u00a0\u00bb39497&Prime; img_size=\u00a0\u00bbfull\u00a0\u00bb][vc_custom_heading text=\u00a0\u00bbPRIHODA LIGHT : PERMEABLE.\u00a0\u00bb font_container=\u00a0\u00bbtag:h3|text_align:left\u00a0\u00bb use_theme_fonts=\u00a0\u00bbyes\u00a0\u00bb css_animation=\u00a0\u00bbnone\u00a0\u00bb]<div class=\"cs-column-text\"><p>Un polyester l\u00e9ger adapt\u00e9 aux applications temporaires ou aux installations \u00e9conomiques. Requiert des applications \u00e0 basse pression. Ne convient pas au blanchissage.<\/p>\n<\/div><\/div><\/div><div class=\"col-md-6 cs-animation fadeInRight remarkably_long_service_life_child_items wpb_animate_when_almost_visible wpb_zoomIn zoomIn wpb_start_animation animated\"><div class=\"cs-column-inner\">[vc_single_image image=\u00a0\u00bb39498&Prime; img_size=\u00a0\u00bbfull\u00a0\u00bb][vc_custom_heading text=\u00a0\u00bbPRIHODA LIGHT : NON PERM\u00c9ABLE.\u00a0\u00bb font_container=\u00a0\u00bbtag:h3|text_align:left\u00a0\u00bb use_theme_fonts=\u00a0\u00bbyes\u00a0\u00bb css_animation=\u00a0\u00bbnone\u00a0\u00bb]<div class=\"cs-column-text\"><p>Une version non perm\u00e9able \u00e0 l&rsquo;air de notre tissu Prihoda Light. Convient aux applications temporaires o\u00f9 la condensation n&rsquo;est pas un probl\u00e8me.<\/p>\n<\/div><\/div><\/div><\/div><\/div><\/section><\/div><\/div><\/div><\/div><\/section><section class=\"cs-section serving_companies\"><div class=\"container\"><div class=\"row\"><div class=\"col-md-12 cs-animation pulse images wpb_animate_when_almost_visible wpb_zoomIn zoomIn wpb_start_animation animated\"><div class=\"cs-column-inner\"><section class=\"cs-section background\" style=\"background-image: url(https:\/\/prihodafabricduct.com\/wp-content\/uploads\/2022\/10\/prihoda-1.webp);\"><div class=\"container\"><div class=\"row\"><div class=\"col-md-8 cs-animation fadeInLeft\"><div class=\"cs-column-inner\">[vc_custom_heading text=\u00a0\u00bbMat\u00e9riaux sp\u00e9ciaux\u00a0\u00bb use_theme_fonts=\u00a0\u00bbyes\u00a0\u00bb css_animation=\u00a0\u00bbnone\u00a0\u00bb el_class=\u00a0\u00bbpluse wpb_animate_when_almost_visible wpb_zoomIn zoomIn wpb_start_animation animated\u00a0\u00bb]<div class=\"cs-column-text image_content pluse wpb_animate_when_almost_visible wpb_zoomIn zoomIn wpb_start_animation animated\"><p>Bien qu&rsquo;ils ne soient pas souvent utilis\u00e9s, ces mat\u00e9riaux sp\u00e9ciaux sont utiles pour certains types d&rsquo;applications et de projets. Ils varient en termes de solidit\u00e9, de lavabilit\u00e9, de r\u00e9sistance au feu, de r\u00e9sistance \u00e0 l&rsquo;humidit\u00e9 et d&rsquo;ad\u00e9quation aux salles blanches ou aux soins de sant\u00e9. Un sp\u00e9cialiste de la conception Prihoda ou l&rsquo;un de nos <a href=\"https:\/\/prihodafabricduct.com\/find-a-local-rep\/\">repr\u00e9sentants<\/a> qualifi\u00e9s peut vous aider \u00e0 d\u00e9terminer si l&rsquo;une de ces options r\u00e9pond aux besoins de votre projet.<\/p>\n<\/div><\/div><\/div><div class=\"col-md-4\"><div class=\"cs-column-inner\"><\/div><\/div><\/div><\/div><\/section><\/div><\/div><\/div><\/div><\/section><section class=\"cs-section no-padding\"><div class=\"container-fluid\"><div class=\"row\"><div class=\"col-md-12\"><div class=\"cs-column-inner\"><\/div><\/div><\/div><\/div><\/section><section class=\"cs-section standard_prihoda_colors justify-content-center\" style=\"margin-top: -10px;\"><div class=\"container\"><div class=\"row\"><div class=\"col-md-12\"><div class=\"cs-column-inner\">[vc_custom_heading text=\u00a0\u00bbCouleurs standard Prihoda\u00a0\u00bb font_container=\u00a0\u00bbtag:h2|text_align:center\u00a0\u00bb use_theme_fonts=\u00a0\u00bbyes\u00a0\u00bb css_animation=\u00a0\u00bbfadeInUp\u00a0\u00bb]<section class=\"cs-section\"><div class=\"container\"><div class=\"row\"><div class=\"col-md-4 cs-animation fadeInLeft standard_prihoda_colors_items standard_prihoda_colors_white wpb_animate_when_almost_visible wpb_zoomIn zoomIn wpb_start_animation animated\"><div class=\"cs-column-inner\">[vc_custom_heading text=\u00a0\u00bbBlanc\u00a0\u00bb font_container=\u00a0\u00bbtag:h3|text_align:left\u00a0\u00bb use_theme_fonts=\u00a0\u00bbyes\u00a0\u00bb css_animation=\u00a0\u00bbnone\u00a0\u00bb]<div class=\"cs-column-text\"><p><small>BL<\/small>0<br \/>\nRal 9016<\/p>\n<div class=\"hover_content\"><\/div>\n<\/div><\/div><\/div><div class=\"col-md-4 cs-animation fadeInLeft standard_prihoda_colors_items standard_prihoda_colors_yellow wpb_animate_when_almost_visible wpb_zoomIn zoomIn wpb_start_animation animated\"><div class=\"cs-column-inner\">[vc_custom_heading text=\u00a0\u00bbJaune\u00a0\u00bb font_container=\u00a0\u00bbtag:h3|text_align:left\u00a0\u00bb use_theme_fonts=\u00a0\u00bbyes\u00a0\u00bb css_animation=\u00a0\u00bbnone\u00a0\u00bb]<div class=\"cs-column-text\"><p><small>JU<\/small>135<br \/>\nRal 1017<\/p>\n<div class=\"hover_content\"><\/div>\n<\/div><\/div><\/div><div class=\"col-md-4 cs-animation fadeInLeft standard_prihoda_colors_items standard_prihoda_colors_light_gray wpb_animate_when_almost_visible wpb_zoomIn zoomIn wpb_start_animation animated\"><div class=\"cs-column-inner\">[vc_custom_heading text=\u00a0\u00bbGris clair\u00a0\u00bb font_container=\u00a0\u00bbtag:h3|text_align:left\u00a0\u00bb use_theme_fonts=\u00a0\u00bbyes\u00a0\u00bb css_animation=\u00a0\u00bbnone\u00a0\u00bb]<div class=\"cs-column-text\"><p><small>GC<\/small>420<br \/>\nRal 7035<\/p>\n<div class=\"hover_content\"><\/div>\n<\/div><\/div><\/div><div class=\"col-md-4 cs-animation fadeInRight standard_prihoda_colors_items standard_prihoda_colors_dark_gray wpb_animate_when_almost_visible wpb_zoomIn zoomIn wpb_start_animation animated\"><div class=\"cs-column-inner\">[vc_custom_heading text=\u00a0\u00bbGris fonc\u00e9\u00a0\u00bb font_container=\u00a0\u00bbtag:h3|text_align:left\u00a0\u00bb use_theme_fonts=\u00a0\u00bbyes\u00a0\u00bb css_animation=\u00a0\u00bbnone\u00a0\u00bb]<div class=\"cs-column-text\"><p><small>GF<\/small>424<br \/>\nRal 7037<\/p>\n<div class=\"hover_content\"><\/div>\n<\/div><\/div><\/div><div class=\"col-md-4 cs-animation fadeInRight standard_prihoda_colors_items standard_prihoda_colors_green wpb_animate_when_almost_visible wpb_zoomIn zoomIn wpb_start_animation animated\"><div class=\"cs-column-inner\">[vc_custom_heading text=\u00a0\u00bbVert\u00a0\u00bb font_container=\u00a0\u00bbtag:h3|text_align:left\u00a0\u00bb use_theme_fonts=\u00a0\u00bbyes\u00a0\u00bb css_animation=\u00a0\u00bbnone\u00a0\u00bb]<div class=\"cs-column-text\"><p><small>VE<\/small>341<br \/>\nRal 6024<\/p>\n<div class=\"hover_content\"><\/div>\n<\/div><\/div><\/div><div class=\"col-md-4 cs-animation fadeInRight standard_prihoda_colors_items standard_prihoda_colors_red wpb_animate_when_almost_visible wpb_zoomIn zoomIn wpb_start_animation animated\"><div class=\"cs-column-inner\">[vc_custom_heading text=\u00a0\u00bbRouge\u00a0\u00bb font_container=\u00a0\u00bbtag:h3|text_align:left\u00a0\u00bb use_theme_fonts=\u00a0\u00bbyes\u00a0\u00bb css_animation=\u00a0\u00bbnone\u00a0\u00bb]<div class=\"cs-column-text\"><p><small>RE<\/small>187<br \/>\nRal 3001<\/p>\n<div class=\"hover_content\"><\/div>\n<\/div><\/div><\/div><div class=\"col-md-4 cs-animation fadeInLeft standard_prihoda_colors_items standard_prihoda_colors_light_blue wpb_animate_when_almost_visible wpb_zoomIn zoomIn wpb_start_animation animated\"><div class=\"cs-column-inner\">[vc_custom_heading text=\u00a0\u00bbBleu clair\u00a0\u00bb font_container=\u00a0\u00bbtag:h3|text_align:left\u00a0\u00bb use_theme_fonts=\u00a0\u00bbyes\u00a0\u00bb css_animation=\u00a0\u00bbnone\u00a0\u00bb]<div class=\"cs-column-text\"><p><small>BC<\/small>2915<br \/>\nRal 5012<\/p>\n<div class=\"hover_content\"><\/div>\n<\/div><\/div><\/div><div class=\"col-md-4 cs-animation fadeInLeft standard_prihoda_colors_items standard_prihoda_colors_dark_blue wpb_animate_when_almost_visible wpb_zoomIn zoomIn wpb_start_animation animated\"><div class=\"cs-column-inner\">[vc_custom_heading text=\u00a0\u00bbBleu fonc\u00e9\u00a0\u00bb font_container=\u00a0\u00bbtag:h3|text_align:left\u00a0\u00bb use_theme_fonts=\u00a0\u00bbyes\u00a0\u00bb css_animation=\u00a0\u00bbnone\u00a0\u00bb]<div class=\"cs-column-text\"><p><small>BF<\/small>7462<br \/>\nRal 5005<\/p>\n<div class=\"hover_content\"><\/div>\n<\/div><\/div><\/div><div class=\"col-md-4 cs-animation fadeInLeft standard_prihoda_colors_items standard_prihoda_colors_black wpb_animate_when_almost_visible wpb_zoomIn zoomIn wpb_start_animation animated\"><div class=\"cs-column-inner\">[vc_custom_heading text=\u00a0\u00bbNoir\u00a0\u00bb font_container=\u00a0\u00bbtag:h3|text_align:left\u00a0\u00bb use_theme_fonts=\u00a0\u00bbyes\u00a0\u00bb css_animation=\u00a0\u00bbnone\u00a0\u00bb]<div class=\"cs-column-text\"><p><small>NR<\/small>419<br \/>\nRal 9017<\/p>\n<div class=\"hover_content\"><\/div>\n<\/div><\/div><\/div><\/div><\/div><\/section><\/div><\/div><\/div><\/div><\/section>\n","protected":false},"excerpt":{"rendered":"<p><span class=\"entry-read-more\"><a href=\"https:\/\/prihodafabricduct.com\/fr\/produits\/solutions-de-conduits-sur-mesure\/materiaux\/\" class=\"cs-btn cs-btn-flat cs-btn-rounded cs-btn-xxs cs-btn-flat-accent\">Lire la suite<\/a><\/span><\/p>\n","protected":false},"author":1,"featured_media":0,"parent":40000,"menu_order":85,"comment_status":"closed","ping_status":"closed","template":"","meta":{"_acf_changed":false,"footnotes":""},"class_list":["post-40008","page","type-page","status-publish","hentry"],"acf":[],"_links":{"self":[{"href":"https:\/\/prihodafabricduct.com\/fr\/wp-json\/wp\/v2\/pages\/40008","targetHints":{"allow":["GET"]}}],"collection":[{"href":"https:\/\/prihodafabricduct.com\/fr\/wp-json\/wp\/v2\/pages"}],"about":[{"href":"https:\/\/prihodafabricduct.com\/fr\/wp-json\/wp\/v2\/types\/page"}],"author":[{"embeddable":true,"href":"https:\/\/prihodafabricduct.com\/fr\/wp-json\/wp\/v2\/users\/1"}],"replies":[{"embeddable":true,"href":"https:\/\/prihodafabricduct.com\/fr\/wp-json\/wp\/v2\/comments?post=40008"}],"version-history":[{"count":0,"href":"https:\/\/prihodafabricduct.com\/fr\/wp-json\/wp\/v2\/pages\/40008\/revisions"}],"up":[{"embeddable":true,"href":"https:\/\/prihodafabricduct.com\/fr\/wp-json\/wp\/v2\/pages\/40000"}],"wp:attachment":[{"href":"https:\/\/prihodafabricduct.com\/fr\/wp-json\/wp\/v2\/media?parent=40008"}],"curies":[{"name":"wp","href":"https:\/\/api.w.org\/{rel}","templated":true}]}}