{"id":40023,"date":"2022-10-18T08:27:19","date_gmt":"2022-10-18T08:27:19","guid":{"rendered":"https:\/\/prihodafabricduct.com\/a-propos-de-nous\/"},"modified":"2022-12-24T06:58:30","modified_gmt":"2022-12-24T06:58:30","slug":"a-propos-de-nous","status":"publish","type":"page","link":"https:\/\/prihodafabricduct.com\/fr\/a-propos-de-nous\/","title":{"rendered":"A propos de nous"},"content":{"rendered":"<section class=\"cs-section our_work_our_vision global_leader_since\"><div class=\"container\"><div class=\"row\"><div class=\"col-md-6 cs-animation pulse images wpb_animate_when_almost_visible wpb_zoomIn zoomIn wpb_start_animation animated\"><div class=\"cs-column-inner\">[vc_single_image image=\u00a0\u00bb39417&Prime; img_size=\u00a0\u00bbfull\u00a0\u00bb el_class=\u00a0\u00bbbackground_img\u00a0\u00bb][vc_single_image image=\u00a0\u00bb39438&Prime; img_size=\u00a0\u00bbfull\u00a0\u00bb el_class=\u00a0\u00bbimage_1&Prime;]<div class=\"cs-fluid cs-fluid-border image_2\"><div class=\"cs-fluid-inner\"><iframe loading=\"lazy\" title=\"PRIHODA Fabric Ducting and Diffusers Promotional Corporate video\" width=\"1170\" height=\"658\" src=\"https:\/\/www.youtube.com\/embed\/jjeAEDrCLxQ?feature=oembed\" frameborder=\"0\" allow=\"accelerometer; autoplay; clipboard-write; encrypted-media; gyroscope; picture-in-picture\" allowfullscreen><\/iframe><\/div><\/div><div class=\"cs-column-text image_content\"><p><strong>Un leader mondial depuis 1994<\/strong><\/p>\n<\/div><\/div><\/div><div class=\"col-md-6 cs-animation fadeInRight content wpb_animate_when_almost_visible wpb_zoomIn zoomIn wpb_start_animation animated\"><div class=\"cs-column-inner\">[vc_custom_heading text=\u00a0\u00bbSyst\u00e8mes de dispersion d&rsquo;air con\u00e7us sur mesure\u00a0\u00bb font_container=\u00a0\u00bbtag:h2|text_align:left|color:%23333333&Prime; use_theme_fonts=\u00a0\u00bbyes\u00a0\u00bb css_animation=\u00a0\u00bbnone\u00a0\u00bb]<div class=\"cs-column-text\"><p>Prihoda North America est le premier fournisseur aux \u00c9tats-Unis et au Canada de syst\u00e8mes de conduits en tissu con\u00e7us sur mesure. La technologie des conduits textiles offre le meilleur rapport qualit\u00e9-prix, la plus grande flexibilit\u00e9 et la meilleure esth\u00e9tique pour presque tous les environnements. Et le logiciel de conception unique AirTailor\u00ae de Prihoda &#8211; le plus complet du secteur &#8211; aide les architectes et les ing\u00e9nieurs \u00e0 concevoir des syst\u00e8mes adapt\u00e9s au confort des occupants et \u00e0 l&rsquo;attrait esth\u00e9tique.<\/p>\n<div class=\"fusion-text fusion-text-2\">\n<p>L&rsquo;innovation. Qualit\u00e9. Performance. C&rsquo;est ce qui a fait de Prihoda un leader mondial de la technologie des conduits en tissu depuis plus de 25 ans.<\/p>\n<p>Fond\u00e9e par l&rsquo;ing\u00e9nieur tch\u00e8que Zden\u011bk P\u0159\u00edhoda, la soci\u00e9t\u00e9 a \u00e9t\u00e9 \u00e0 la pointe de l&rsquo;industrie du CVC gr\u00e2ce \u00e0 de nombreuses technologies brevet\u00e9es. Aujourd&rsquo;hui, les conduits et diffuseurs d&rsquo;air textiles et les syst\u00e8mes sur mesure de Prihoda sont vendus dans plus de 70 pays.\n<\/p><\/div>\n<\/div><\/div><\/div><\/div><\/div><\/section><section class=\"cs-section no-padding\"><div class=\"container-fluid\"><div class=\"row\"><div class=\"col-md-12\"><div class=\"cs-column-inner\"><\/div><\/div><\/div><\/div><\/section><section class=\"cs-section case_studies\" style=\"margin-top: -10px;\"><div class=\"container\"><div class=\"row\"><div class=\"col-md-12\"><div class=\"cs-column-inner\">[vc_custom_heading text=\u00a0\u00bb\u00c9tudes de cas\u00a0\u00bb font_container=\u00a0\u00bbtag:h2|text_align:center\u00a0\u00bb use_theme_fonts=\u00a0\u00bbyes\u00a0\u00bb css_animation=\u00a0\u00bbfadeInDown\u00a0\u00bb][vc_basic_grid post_type=\u00a0\u00bbcase_studies\u00a0\u00bb max_items=\u00a0\u00bb3&Prime; order=\u00a0\u00bbASC\u00a0\u00bb item=\u00a0\u00bb377&Prime; grid_id=\u00a0\u00bbvc_gid:1671865020292-d904a1af-098e-0&Prime;]<\/div><\/div><\/div><\/div><\/section><section class=\"cs-section sub_pages_section justify-content-center\"><div class=\"container\"><div class=\"row\"><div class=\"col-md-4 cs-animation pulse wpb_animate_when_almost_visible wpb_zoomIn zoomIn wpb_start_animation animated\"><div class=\"cs-column-inner\">[vc_single_image image=\u00a0\u00bb39439&Prime; img_size=\u00a0\u00bbfull\u00a0\u00bb onclick=\u00a0\u00bbcustom_link\u00a0\u00bb link=\u00a0\u00bbhttps:\/\/prihodafabricduct.com\/case-studies\/\u00a0\u00bb title=\u00a0\u00bbNotre \u00e9quipe\u00a0\u00bb]<a href=\"https:\/\/prihodafabricduct.com\/our-team\/\" class=\"cs-btn cs-btn-custom cs-btn-square cs-btn-custom-own cs-btn-sm cs-btn-custom-69eca27f7ceb9 read_more\"><i class=\"cs-in fa fa-long-arrow-right\"><\/i>Lire la suite<\/a><\/div><\/div><div class=\"col-md-4 cs-animation pulse wpb_animate_when_almost_visible wpb_zoomIn zoomIn wpb_start_animation animated\"><div class=\"cs-column-inner\">[vc_single_image image=\u00a0\u00bb39440&Prime; img_size=\u00a0\u00bbfull\u00a0\u00bb onclick=\u00a0\u00bbcustom_link\u00a0\u00bb link=\u00a0\u00bbhttps:\/\/prihodafabricduct.com\/case-studies\/\u00a0\u00bb title=\u00a0\u00bbNotre travail\u00a0\u00bb]<a href=\"https:\/\/prihodafabricduct.com\/our-work\/\" class=\"cs-btn cs-btn-custom cs-btn-square cs-btn-custom-own cs-btn-sm cs-btn-custom-69eca27f7cf4c read_more\"><i class=\"cs-in fa fa-long-arrow-right\"><\/i>Lire la suite<\/a><\/div><\/div><\/div><\/div><\/section><section class=\"cs-section prihoda_news background-F0F3F9\" style=\"margin-top: -10px;\"><div class=\"container\"><div class=\"row\"><div class=\"col-md-12\"><div class=\"cs-column-inner\">[vc_custom_heading text=\u00a0\u00bbNouvelles de Prihoda\u00a0\u00bb font_container=\u00a0\u00bbtag:h2|text_align:center\u00a0\u00bb use_theme_fonts=\u00a0\u00bbyes\u00a0\u00bb css_animation=\u00a0\u00bbfadeInUp\u00a0\u00bb][vc_basic_grid post_type=\u00a0\u00bbpost\u00a0\u00bb max_items=\u00a0\u00bb2&Prime; element_width=\u00a0\u00bb12&Prime; item=\u00a0\u00bb1149&Prime; grid_id=\u00a0\u00bbvc_gid:1671865020294-a98c72ab-5ced-5&Prime;]<\/div><\/div><div class=\"col-md-12 cs-animation fadeInUp wpb_animate_when_almost_visible wpb_zoomIn zoomIn wpb_start_animation animated\"><div class=\"cs-column-inner\"><a href=\"https:\/\/prihodafabricduct.com\/fr\/nouvelles\/\" class=\"cs-btn cs-btn-custom cs-btn-square cs-btn-custom-own cs-btn-sm cs-btn-custom-69eca27f7d073 cs-animation fadeInUp fusion-button wpb_animate_when_almost_visible wpb_zoomIn zoomIn wpb_start_animation animated\">En savoir plus <\/a><\/div><\/div><\/div><\/div><\/section>\n","protected":false},"excerpt":{"rendered":"<p><span class=\"entry-read-more\"><a href=\"https:\/\/prihodafabricduct.com\/fr\/a-propos-de-nous\/\" class=\"cs-btn cs-btn-flat cs-btn-rounded cs-btn-xxs cs-btn-flat-accent\">Lire la suite<\/a><\/span><\/p>\n","protected":false},"author":1,"featured_media":0,"parent":0,"menu_order":99,"comment_status":"closed","ping_status":"closed","template":"","meta":{"_acf_changed":false,"footnotes":""},"class_list":["post-40023","page","type-page","status-publish","hentry"],"acf":[],"_links":{"self":[{"href":"https:\/\/prihodafabricduct.com\/fr\/wp-json\/wp\/v2\/pages\/40023","targetHints":{"allow":["GET"]}}],"collection":[{"href":"https:\/\/prihodafabricduct.com\/fr\/wp-json\/wp\/v2\/pages"}],"about":[{"href":"https:\/\/prihodafabricduct.com\/fr\/wp-json\/wp\/v2\/types\/page"}],"author":[{"embeddable":true,"href":"https:\/\/prihodafabricduct.com\/fr\/wp-json\/wp\/v2\/users\/1"}],"replies":[{"embeddable":true,"href":"https:\/\/prihodafabricduct.com\/fr\/wp-json\/wp\/v2\/comments?post=40023"}],"version-history":[{"count":0,"href":"https:\/\/prihodafabricduct.com\/fr\/wp-json\/wp\/v2\/pages\/40023\/revisions"}],"wp:attachment":[{"href":"https:\/\/prihodafabricduct.com\/fr\/wp-json\/wp\/v2\/media?parent=40023"}],"curies":[{"name":"wp","href":"https:\/\/api.w.org\/{rel}","templated":true}]}}