{"id":40024,"date":"2022-10-22T11:30:37","date_gmt":"2022-10-22T11:30:37","guid":{"rendered":"https:\/\/prihodafabricduct.com\/specialites-prihoda\/prihoda-recycle\/"},"modified":"2022-12-23T13:20:06","modified_gmt":"2022-12-23T13:20:06","slug":"prihoda-recycle","status":"publish","type":"page","link":"https:\/\/prihodafabricduct.com\/fr\/produits\/specialites-prihoda\/prihoda-recycle\/","title":{"rendered":"Prihoda Recycl\u00e9"},"content":{"rendered":"<section class=\"cs-section about-us\"><div class=\"container\"><div class=\"row cs-equal-height cs-equal-height-top\"><div class=\"col-md-6 cs-animation fadeInLeft content wpb_animate_when_almost_visible wpb_zoomIn zoomIn wpb_start_animation animated\"><div class=\"cs-column-inner\">[vc_custom_heading text=\u00a0\u00bbUn seul m\u00e8tre carr\u00e9 permet d&rsquo;\u00e9viter la mise en d\u00e9charge de 11 bouteilles.\u00a0\u00bb use_theme_fonts=\u00a0\u00bbyes\u00a0\u00bb]<div class=\"cs-column-text\"><p>Depuis le d\u00e9but, les tissus Prihoda ont \u00e9t\u00e9 d\u00e9velopp\u00e9s et con\u00e7us en mettant l&rsquo;accent sur la qualit\u00e9, la durabilit\u00e9 et l&rsquo;esth\u00e9tique.<\/p>\n<p>En nous associant \u00e0 l&rsquo;un des principaux fournisseurs mondiaux de fibres, Unifi, et en utilisant leur fibre REPREVE\u00ae recycl\u00e9e \u00e0 100 % apr\u00e8s consommation, fabriqu\u00e9e \u00e0 partir de bouteilles d&rsquo;eau en plastique, nous avons ajout\u00e9 un autre attribut important : la durabilit\u00e9.<\/p>\n<p>Prihoda Recycled poss\u00e8de les m\u00eames qualit\u00e9s exceptionnelles que nos autres tissus Classic, avec l&rsquo;avantage suppl\u00e9mentaire d&rsquo;une production durable certifi\u00e9e, ce qui le rend adapt\u00e9 \u00e0 tout projet de construction \u00e9cologique.<\/p>\n<\/div><div class=\"cs-column-text\"><p><strong>Avantages pour l&rsquo;environnement<\/strong><\/p>\n<\/div><ul class=\"cs-icon-list listing\"><li>Mat\u00e9riau 100 % post-consommation<\/li><li>66 % moins d&rsquo;\u00e9nergie utilis\u00e9e lors de la fabrication<\/li><li>50% moins d&rsquo;eau utilis\u00e9e lors de la fabrication<\/li><li>34% d&rsquo;\u00e9missions de gaz \u00e0 effet de serre en moins<\/li><li>Sans ingr\u00e9dients de la liste rouge pour les projets Living Building Challenge et Well Building<\/li><li>Certifi\u00e9 Oeko Tex sans produits chimiques nocifs<\/li><\/ul><\/div><\/div><div class=\"col-md-6 cs-animation fadeInRight image wpb_animate_when_almost_visible wpb_zoomIn zoomIn wpb_start_animation animated\"><div class=\"cs-column-inner\">[vc_single_image image=\u00a0\u00bb39547&Prime; img_size=\u00a0\u00bbfull\u00a0\u00bb]<\/div><\/div><\/div><\/div><\/section><section class=\"cs-section no-padding remarkably_long_service_life\"><div class=\"container\"><div class=\"row\"><div class=\"col-md-12\"><div class=\"cs-column-inner\"><section class=\"cs-section remarkably_long_service_life_child recycled_repreve\"><div class=\"container\"><div class=\"row cs-equal-height\"><div class=\"col-md-12 cs-animation pulse remarkably_long_service_life_child_items wpb_animate_when_almost_visible wpb_zoomIn zoomIn wpb_start_animation animated\"><div class=\"cs-column-inner\">[vc_single_image image=\u00a0\u00bb39548&Prime; img_size=\u00a0\u00bbfull\u00a0\u00bb][vc_custom_heading text=\u00a0\u00bbTra\u00e7able. Transparent. Certifi\u00e9 durable.\u00a0\u00bb font_container=\u00a0\u00bbtag:h3|text_align:left\u00a0\u00bb use_theme_fonts=\u00a0\u00bbyes\u00a0\u00bb css_animation=\u00a0\u00bbnone\u00a0\u00bb]<div class=\"cs-column-text\"><p>Unifi a con\u00e7u REPREVE\u00ae pour \u00eatre durable <u>et<\/u> certifiable. REPREVE est la seule fibre \u00e9co-performante avec la v\u00e9rification U TRUST\u00ae, utilisant la technologie de tra\u00e7age de l&#8217;empreinte de la fibre pour certifier le contenu recycl\u00e9. Le tissu recycl\u00e9 Prihoda a \u00e9t\u00e9 test\u00e9 et v\u00e9rifi\u00e9 par Unifi comme \u00e9tant compos\u00e9 \u00e0 100% de fibres REPREVE\u00ae post-consommation. L&rsquo;usine de fabrication de Prihoda est certifi\u00e9e ISO 9001 et ISO 14001 (syst\u00e8mes de gestion de la qualit\u00e9 et de l&rsquo;environnement). Le mat\u00e9riau recycl\u00e9 Prihoda est stock\u00e9 s\u00e9par\u00e9ment des autres mat\u00e9riaux et un num\u00e9ro d&rsquo;identification unique lui est attribu\u00e9, afin de le suivre tout au long du processus de production. Cette transparence garantit la durabilit\u00e9 des gaines et diffuseurs recycl\u00e9s Prihoda.<\/p>\n<\/div><\/div><\/div><\/div><\/div><\/section><\/div><\/div><\/div><\/div><\/section>\n","protected":false},"excerpt":{"rendered":"<p><span class=\"entry-read-more\"><a href=\"https:\/\/prihodafabricduct.com\/fr\/produits\/specialites-prihoda\/prihoda-recycle\/\" class=\"cs-btn cs-btn-flat cs-btn-rounded cs-btn-xxs cs-btn-flat-accent\">Lire la suite<\/a><\/span><\/p>\n","protected":false},"author":1,"featured_media":0,"parent":39970,"menu_order":73,"comment_status":"closed","ping_status":"closed","template":"","meta":{"_acf_changed":false,"footnotes":""},"class_list":["post-40024","page","type-page","status-publish","hentry"],"acf":[],"_links":{"self":[{"href":"https:\/\/prihodafabricduct.com\/fr\/wp-json\/wp\/v2\/pages\/40024","targetHints":{"allow":["GET"]}}],"collection":[{"href":"https:\/\/prihodafabricduct.com\/fr\/wp-json\/wp\/v2\/pages"}],"about":[{"href":"https:\/\/prihodafabricduct.com\/fr\/wp-json\/wp\/v2\/types\/page"}],"author":[{"embeddable":true,"href":"https:\/\/prihodafabricduct.com\/fr\/wp-json\/wp\/v2\/users\/1"}],"replies":[{"embeddable":true,"href":"https:\/\/prihodafabricduct.com\/fr\/wp-json\/wp\/v2\/comments?post=40024"}],"version-history":[{"count":0,"href":"https:\/\/prihodafabricduct.com\/fr\/wp-json\/wp\/v2\/pages\/40024\/revisions"}],"up":[{"embeddable":true,"href":"https:\/\/prihodafabricduct.com\/fr\/wp-json\/wp\/v2\/pages\/39970"}],"wp:attachment":[{"href":"https:\/\/prihodafabricduct.com\/fr\/wp-json\/wp\/v2\/media?parent=40024"}],"curies":[{"name":"wp","href":"https:\/\/api.w.org\/{rel}","templated":true}]}}