{"id":40032,"date":"2022-10-18T10:09:19","date_gmt":"2022-10-18T10:09:19","guid":{"rendered":"https:\/\/prihodafabricduct.com\/notre-travail\/"},"modified":"2022-12-23T12:51:35","modified_gmt":"2022-12-23T12:51:35","slug":"notre-travail","status":"publish","type":"page","link":"https:\/\/prihodafabricduct.com\/fr\/notre-travail\/","title":{"rendered":"Notre travail"},"content":{"rendered":"<section class=\"cs-section about-us\"><div class=\"container\"><div class=\"row cs-equal-height cs-equal-height-top\"><div class=\"col-md-6 cs-animation fadeInLeft content wpb_animate_when_almost_visible wpb_zoomIn zoomIn wpb_start_animation animated\"><div class=\"cs-column-inner\">[vc_custom_heading text=\u00a0\u00bbConception avanc\u00e9e de la distribution d&rsquo;air\u00a0\u00bb use_theme_fonts=\u00a0\u00bbyes\u00a0\u00bb]<div class=\"cs-column-text\"><p>Depuis 1994, les gaines et les diffuseurs textiles Prihoda ont apport\u00e9 une distribution de l&rsquo;air int\u00e9rieur de haute technologie \u00e0 des entreprises de toutes tailles, dans de nombreuses industries diff\u00e9rentes, avec plus de 70 000 installations dans le monde.<\/p>\n<p>Prihoda North America est fi\u00e8re d&rsquo;avoir cr\u00e9\u00e9 des syst\u00e8mes sur mesure pour des universit\u00e9s, des immeubles de bureaux, des installations agricoles et de fabrication en int\u00e9rieur, des restaurants, des magasins, des studios d&rsquo;enregistrement et bien d&rsquo;autres encore, ce qui fait que les gaines et les diffuseurs en tissu conviennent \u00e0 pratiquement toutes les applications.<\/p>\n<p><strong>Au service des entreprises du monde entier<\/strong><\/p>\n<p>Les syst\u00e8mes de conduits en tissu Prihoda se retrouvent dans les bureaux, les laboratoires, les biblioth\u00e8ques, les entrep\u00f4ts, les restaurants, les magasins et les installations de fabrication.<\/p>\n<p>Dans le monde entier, dans des espaces grands et petits, les syst\u00e8mes de dispersion d&rsquo;air con\u00e7us sur mesure par Prihoda offrent une meilleure qualit\u00e9 de l&rsquo;air dans un syst\u00e8me rentable \u00e0 une large gamme d&rsquo;industries et d&rsquo;<a href=\"https:\/\/prihodafabricduct.com\/applications\/\">applications<\/a>.<\/p>\n<\/div><\/div><\/div><div class=\"col-md-6 cs-animation fadeInRight image wpb_animate_when_almost_visible wpb_zoomIn zoomIn wpb_start_animation animated\"><div class=\"cs-column-inner\">[vc_single_image image=\u00a0\u00bb39441&Prime; img_size=\u00a0\u00bbfull\u00a0\u00bb]<\/div><\/div><\/div><\/div><\/section><section class=\"cs-section testimonial\"><div class=\"container-fluid\"><div class=\"row\"><div class=\"col-md-12 container\"><div class=\"cs-column-inner\">[vc_custom_heading text=\u00a0\u00bbT\u00e9moignage\u00a0\u00bb font_container=\u00a0\u00bbtag:h2|text_align:center\u00a0\u00bb use_theme_fonts=\u00a0\u00bbyes\u00a0\u00bb css_animation=\u00a0\u00bbfadeInUp\u00a0\u00bb]<div class=\"royalSlider testimonialSlider owl-theme cs-animation fadeInUp wpb_animate_when_almost_visible wpb_zoomIn zoomIn wpb_start_animation animated\"><div class=\"cs-testimonial-content\"><div class=\"cs-testimonial-text\"><\/p>\n<p style=\"text-align: center;\">Prihoda N.A. est l&rsquo;un de mes fabricants pr\u00e9f\u00e9r\u00e9s avec qui faire affaire. De bonnes personnes et un support rapide et pr\u00e9cis me donnent envie de fournir leur produit aux concepteurs et aux utilisateurs finaux de syst\u00e8mes commerciaux de CVC. Leur volont\u00e9 de soutenir leur produit en faisant tout ce qu&rsquo;il faut pour soutenir le client &#8211; du concept initial, \u00e0 la conception, \u00e0 l&rsquo;installation &#8211; est in\u00e9gal\u00e9e dans l&rsquo;industrie de la distribution d&rsquo;air textile.<\/p>\n<p><\/div><div class=\"cs-testimonial-avatar\"><img decoding=\"async\" src=\"https:\/\/prihodafabricduct.com\/wp-content\/uploads\/2022\/10\/banner-two-3.jpg\" alt=\"Chris Wooldridge\" srcset=\"https:\/\/prihodafabricduct.com\/wp-content\/uploads\/2022\/10\/banner-two-3.jpg 1077w, https:\/\/prihodafabricduct.com\/wp-content\/uploads\/2022\/10\/banner-two-3-300x241.jpg 300w, https:\/\/prihodafabricduct.com\/wp-content\/uploads\/2022\/10\/banner-two-3-1024x823.jpg 1024w, https:\/\/prihodafabricduct.com\/wp-content\/uploads\/2022\/10\/banner-two-3-768x618.jpg 768w\" sizes=\"(max-width: 1077px) 100vw, 1077px\" \/><\/div><div class=\"cs-testimonial-author\">Chris Wooldridge <small>Holden Associates<\/small><\/div><\/div><div class=\"cs-testimonial-content\"><div class=\"cs-testimonial-text\"><\/p>\n<p style=\"text-align: center;\">Dans le cadre d&rsquo;un r\u00e9cent projet de transformation alimentaire, nous avons fait appel \u00e0 Prihoda apr\u00e8s que le prix des conduits en acier inoxydable \u00e0 double paroi ait \u00e9t\u00e9 jug\u00e9 bien trop \u00e9lev\u00e9. L&rsquo;ing\u00e9nieur a \u00e9t\u00e9 \u00e9tonn\u00e9 de voir \u00e0 quel point Prihoda \u00e9tait facile \u00e0 travailler et combien d&rsquo;argent ils ont \u00e9conomis\u00e9 en passant au tissu. L&rsquo;installation \u00e9tait propre et le travail s&rsquo;est bien d\u00e9roul\u00e9 pour tout le monde. Au prochain travail, nous recevrons le premier appel. Et l&rsquo;inox ne sera m\u00eame pas sur la table.<\/p>\n<p><\/div><div class=\"cs-testimonial-avatar\"><img decoding=\"async\" src=\"https:\/\/prihodafabricduct.com\/wp-content\/uploads\/2022\/10\/banner-two-3.jpg\" alt=\"Forrest Exley, P.E.\" srcset=\"https:\/\/prihodafabricduct.com\/wp-content\/uploads\/2022\/10\/banner-two-3.jpg 1077w, https:\/\/prihodafabricduct.com\/wp-content\/uploads\/2022\/10\/banner-two-3-300x241.jpg 300w, https:\/\/prihodafabricduct.com\/wp-content\/uploads\/2022\/10\/banner-two-3-1024x823.jpg 1024w, https:\/\/prihodafabricduct.com\/wp-content\/uploads\/2022\/10\/banner-two-3-768x618.jpg 768w\" sizes=\"(max-width: 1077px) 100vw, 1077px\" \/><\/div><div class=\"cs-testimonial-author\">Forrest Exley, P.E. <small>JJP Mechanical Reps<\/small><\/div><\/div><div class=\"cs-testimonial-content\"><div class=\"cs-testimonial-text\"><\/p>\n<p style=\"text-align: center;\">Butler Parachute avait besoin d&rsquo;une nouvelle usine de fabrication, qui n\u00e9cessitait des zones avec de hauts plafonds et des syst\u00e8mes de refroidissement et de chauffage. Apr\u00e8s avoir constat\u00e9 le co\u00fbt \u00e9lev\u00e9 des conduits en spirale expos\u00e9s, nous avons d\u00e9cid\u00e9 d&rsquo;explorer les conduits en tissu. Non seulement le co\u00fbt des mat\u00e9riaux \u00e9tait beaucoup plus bas, mais nous avons pu installer les syst\u00e8mes en une fraction du temps qu&rsquo;aurait pris la spirale. Nous avons m\u00eame pu imprimer le logo Butler sur chacun des conduits, ce qui est incroyable. Nous avons \u00e9galement modifi\u00e9 la disposition du b\u00e2timent apr\u00e8s la conception initiale et avons pu ajouter facilement quelques nouvelles sections pour alimenter les pi\u00e8ces suppl\u00e9mentaires. Le produit fini a fi\u00e8re allure\u00a0!<\/p>\n<p><\/div><div class=\"cs-testimonial-avatar\"><img decoding=\"async\" src=\"https:\/\/prihodafabricduct.com\/wp-content\/uploads\/2022\/10\/banner-two-3.jpg\" alt=\"Jeffrey D. Consroe, PE, CEM &amp; LEED AP, Vice President\" srcset=\"https:\/\/prihodafabricduct.com\/wp-content\/uploads\/2022\/10\/banner-two-3.jpg 1077w, https:\/\/prihodafabricduct.com\/wp-content\/uploads\/2022\/10\/banner-two-3-300x241.jpg 300w, https:\/\/prihodafabricduct.com\/wp-content\/uploads\/2022\/10\/banner-two-3-1024x823.jpg 1024w, https:\/\/prihodafabricduct.com\/wp-content\/uploads\/2022\/10\/banner-two-3-768x618.jpg 768w\" sizes=\"(max-width: 1077px) 100vw, 1077px\" \/><\/div><div class=\"cs-testimonial-author\">Jeffrey D. Consroe, PE, CEM &amp; LEED AP, Vice President <small>Shelly Williams Company LLC<\/small><\/div><\/div><\/div><\/div><\/div><\/div><\/div><\/section><section class=\"cs-section serving_companies\"><div class=\"container\"><div class=\"row\"><div class=\"col-md-12 cs-animation pulse images wpb_animate_when_almost_visible wpb_zoomIn zoomIn wpb_start_animation animated\"><div class=\"cs-column-inner\"><section class=\"cs-section background\" style=\"background-image: url(https:\/\/prihodafabricduct.com\/wp-content\/uploads\/2022\/10\/prihoda-1.webp);\"><div class=\"container\"><div class=\"row\"><div class=\"col-md-8 cs-animation fadeInLeft\"><div class=\"cs-column-inner\">[vc_custom_heading text=\u00a0\u00bbDes syst\u00e8mes sur mesure pour r\u00e9pondre \u00e0 tous les besoins\u00a0\u00bb use_theme_fonts=\u00a0\u00bbyes\u00a0\u00bb css_animation=\u00a0\u00bbnone\u00a0\u00bb el_class=\u00a0\u00bbpluse wpb_animate_when_almost_visible wpb_zoomIn zoomIn wpb_start_animation animated\u00a0\u00bb]<div class=\"cs-column-text image_content pluse wpb_animate_when_almost_visible wpb_zoomIn zoomIn wpb_start_animation animated\"><p>Tous les syst\u00e8mes de dispersion de l&rsquo;air dans les textiles sont con\u00e7us sur mesure. Chaque situation pr\u00e9sente donc un d\u00e9fi unique. En utilisant notre <a href=\"https:\/\/prihodafabricduct.com\/resources\/technical-resources\/airtailor-design-software\/\">logiciel<\/a> sp\u00e9cialis\u00e9 <a href=\"https:\/\/prihodafabricduct.com\/resources\/technical-resources\/airtailor-design-software\/\">AirTailor\u00ae<\/a>, avec des simulations CFD pour une vision approfondie de la temp\u00e9rature, de la vitesse et de la distribution de l&rsquo;air, nous sommes en mesure de cr\u00e9er des syst\u00e8mes de pr\u00e9cision pour r\u00e9pondre aux besoins de tout espace particulier.<\/p>\n<\/div><\/div><\/div><div class=\"col-md-4\"><div class=\"cs-column-inner\"><\/div><\/div><\/div><\/div><\/section><\/div><\/div><\/div><\/div><\/section><section class=\"cs-section client_logo\"><div class=\"container\"><div class=\"row\"><div class=\"col-md-12\"><div class=\"cs-column-inner\"><ul class=\"cs-client cs-client-col-4 cs-client-effect client-logo cs-animation fadeInUp wpb_animate_when_almost_visible wpb_zoomIn zoomIn wpb_start_animation animated\"><li class=\"\" style=\"width:25%;\"><figure><img decoding=\"async\" src=\"https:\/\/prihodafabricduct.com\/wp-content\/uploads\/2022\/10\/johnsoncontrols500-490x490-1-320x202-1.webp\" alt=\"\" loading=\"lazy\" srcset=\"https:\/\/prihodafabricduct.com\/wp-content\/uploads\/2022\/10\/johnsoncontrols500-490x490-1-320x202-1.webp 320w, https:\/\/prihodafabricduct.com\/wp-content\/uploads\/2022\/10\/johnsoncontrols500-490x490-1-320x202-1-300x189.webp 300w\" sizes=\"(max-width: 320px) 100vw, 320px\" \/><\/figure><\/li><li class=\"\" style=\"width:25%;\"><figure><img decoding=\"async\" src=\"https:\/\/prihodafabricduct.com\/wp-content\/uploads\/2022\/10\/michelin500-490x490-1-320x202-1.webp\" alt=\"\" loading=\"lazy\" srcset=\"https:\/\/prihodafabricduct.com\/wp-content\/uploads\/2022\/10\/michelin500-490x490-1-320x202-1.webp 320w, https:\/\/prihodafabricduct.com\/wp-content\/uploads\/2022\/10\/michelin500-490x490-1-320x202-1-300x189.webp 300w\" sizes=\"(max-width: 320px) 100vw, 320px\" \/><\/figure><\/li><li class=\"\" style=\"width:25%;\"><figure><img decoding=\"async\" src=\"https:\/\/prihodafabricduct.com\/wp-content\/uploads\/2022\/10\/ford500-490x490-1-320x202-1.webp\" alt=\"\" loading=\"lazy\" srcset=\"https:\/\/prihodafabricduct.com\/wp-content\/uploads\/2022\/10\/ford500-490x490-1-320x202-1.webp 320w, https:\/\/prihodafabricduct.com\/wp-content\/uploads\/2022\/10\/ford500-490x490-1-320x202-1-300x189.webp 300w\" sizes=\"(max-width: 320px) 100vw, 320px\" \/><\/figure><\/li><li class=\"last-child\" style=\"width:25%;\"><figure><img decoding=\"async\" src=\"https:\/\/prihodafabricduct.com\/wp-content\/uploads\/2022\/10\/bosch500-490x490-1-320x202-1.webp\" alt=\"\" loading=\"lazy\" srcset=\"https:\/\/prihodafabricduct.com\/wp-content\/uploads\/2022\/10\/bosch500-490x490-1-320x202-1.webp 320w, https:\/\/prihodafabricduct.com\/wp-content\/uploads\/2022\/10\/bosch500-490x490-1-320x202-1-300x189.webp 300w\" sizes=\"(max-width: 320px) 100vw, 320px\" \/><\/figure><\/li><li class=\"\" style=\"width:25%;\"><figure><img decoding=\"async\" src=\"https:\/\/prihodafabricduct.com\/wp-content\/uploads\/2022\/10\/walmart500-490x490-1-320x202-1.webp\" alt=\"\" loading=\"lazy\" srcset=\"https:\/\/prihodafabricduct.com\/wp-content\/uploads\/2022\/10\/walmart500-490x490-1-320x202-1.webp 320w, https:\/\/prihodafabricduct.com\/wp-content\/uploads\/2022\/10\/walmart500-490x490-1-320x202-1-300x189.webp 300w\" sizes=\"(max-width: 320px) 100vw, 320px\" \/><\/figure><\/li><li class=\"\" style=\"width:25%;\"><figure><img decoding=\"async\" src=\"https:\/\/prihodafabricduct.com\/wp-content\/uploads\/2022\/10\/ups-490x490-1-320x202-1.webp\" alt=\"\" loading=\"lazy\" srcset=\"https:\/\/prihodafabricduct.com\/wp-content\/uploads\/2022\/10\/ups-490x490-1-320x202-1.webp 320w, https:\/\/prihodafabricduct.com\/wp-content\/uploads\/2022\/10\/ups-490x490-1-320x202-1-300x189.webp 300w\" sizes=\"(max-width: 320px) 100vw, 320px\" \/><\/figure><\/li><li class=\"\" style=\"width:25%;\"><figure><img decoding=\"async\" src=\"https:\/\/prihodafabricduct.com\/wp-content\/uploads\/2022\/10\/sony-490x490-1-320x202-1.webp\" alt=\"\" loading=\"lazy\" srcset=\"https:\/\/prihodafabricduct.com\/wp-content\/uploads\/2022\/10\/sony-490x490-1-320x202-1.webp 320w, https:\/\/prihodafabricduct.com\/wp-content\/uploads\/2022\/10\/sony-490x490-1-320x202-1-300x189.webp 300w\" sizes=\"(max-width: 320px) 100vw, 320px\" \/><\/figure><\/li><li class=\"last-child\" style=\"width:25%;\"><figure><img decoding=\"async\" src=\"https:\/\/prihodafabricduct.com\/wp-content\/uploads\/2022\/10\/nestle-490x490-1-320x202-1.webp\" alt=\"\" loading=\"lazy\" srcset=\"https:\/\/prihodafabricduct.com\/wp-content\/uploads\/2022\/10\/nestle-490x490-1-320x202-1.webp 320w, https:\/\/prihodafabricduct.com\/wp-content\/uploads\/2022\/10\/nestle-490x490-1-320x202-1-300x189.webp 300w\" sizes=\"(max-width: 320px) 100vw, 320px\" \/><\/figure><\/li><li class=\"\" style=\"width:25%;\"><figure><img decoding=\"async\" src=\"https:\/\/prihodafabricduct.com\/wp-content\/uploads\/2022\/10\/honda-300x202-1.webp\" alt=\"\" loading=\"lazy\" \/><\/figure><\/li><li class=\"\" style=\"width:25%;\"><figure><img decoding=\"async\" src=\"https:\/\/prihodafabricduct.com\/wp-content\/uploads\/2022\/10\/honeywell-490x490-1-320x202-1.webp\" alt=\"\" loading=\"lazy\" srcset=\"https:\/\/prihodafabricduct.com\/wp-content\/uploads\/2022\/10\/honeywell-490x490-1-320x202-1.webp 320w, https:\/\/prihodafabricduct.com\/wp-content\/uploads\/2022\/10\/honeywell-490x490-1-320x202-1-300x189.webp 300w\" sizes=\"(max-width: 320px) 100vw, 320px\" \/><\/figure><\/li><li class=\"\" style=\"width:25%;\"><figure><img decoding=\"async\" src=\"https:\/\/prihodafabricduct.com\/wp-content\/uploads\/2022\/10\/amazon-490x490-1-320x202-1.webp\" alt=\"\" loading=\"lazy\" srcset=\"https:\/\/prihodafabricduct.com\/wp-content\/uploads\/2022\/10\/amazon-490x490-1-320x202-1.webp 320w, https:\/\/prihodafabricduct.com\/wp-content\/uploads\/2022\/10\/amazon-490x490-1-320x202-1-300x189.webp 300w\" sizes=\"(max-width: 320px) 100vw, 320px\" \/><\/figure><\/li><li class=\"last-child\" style=\"width:25%;\"><figure><img decoding=\"async\" src=\"https:\/\/prihodafabricduct.com\/wp-content\/uploads\/2022\/10\/ikea-490x490-1-320x202-1.webp\" alt=\"\" loading=\"lazy\" srcset=\"https:\/\/prihodafabricduct.com\/wp-content\/uploads\/2022\/10\/ikea-490x490-1-320x202-1.webp 320w, https:\/\/prihodafabricduct.com\/wp-content\/uploads\/2022\/10\/ikea-490x490-1-320x202-1-300x189.webp 300w\" sizes=\"(max-width: 320px) 100vw, 320px\" \/><\/figure><\/li><li class=\" last-row\" style=\"width:25%;\"><figure><img decoding=\"async\" src=\"https:\/\/prihodafabricduct.com\/wp-content\/uploads\/2022\/10\/goodyear-256x202-1.webp\" alt=\"\" loading=\"lazy\" \/><\/figure><\/li><li class=\" last-row\" style=\"width:25%;\"><figure><img decoding=\"async\" src=\"https:\/\/prihodafabricduct.com\/wp-content\/uploads\/2022\/10\/nike500-490x490-1-320x202-1.webp\" alt=\"\" loading=\"lazy\" srcset=\"https:\/\/prihodafabricduct.com\/wp-content\/uploads\/2022\/10\/nike500-490x490-1-320x202-1.webp 320w, https:\/\/prihodafabricduct.com\/wp-content\/uploads\/2022\/10\/nike500-490x490-1-320x202-1-300x189.webp 300w\" sizes=\"(max-width: 320px) 100vw, 320px\" \/><\/figure><\/li><li class=\" last-row\" style=\"width:25%;\"><figure><img decoding=\"async\" src=\"https:\/\/prihodafabricduct.com\/wp-content\/uploads\/2022\/10\/kraftfoods500-490x490-1-320x202-1.webp\" alt=\"\" loading=\"lazy\" srcset=\"https:\/\/prihodafabricduct.com\/wp-content\/uploads\/2022\/10\/kraftfoods500-490x490-1-320x202-1.webp 320w, https:\/\/prihodafabricduct.com\/wp-content\/uploads\/2022\/10\/kraftfoods500-490x490-1-320x202-1-300x189.webp 300w\" sizes=\"(max-width: 320px) 100vw, 320px\" \/><\/figure><\/li><li class=\"last-child last-row\" style=\"width:25%;\"><figure><img decoding=\"async\" src=\"https:\/\/prihodafabricduct.com\/wp-content\/uploads\/2022\/10\/cocacola500-490x490-1-320x202-1.webp\" alt=\"\" loading=\"lazy\" srcset=\"https:\/\/prihodafabricduct.com\/wp-content\/uploads\/2022\/10\/cocacola500-490x490-1-320x202-1.webp 320w, https:\/\/prihodafabricduct.com\/wp-content\/uploads\/2022\/10\/cocacola500-490x490-1-320x202-1-300x189.webp 300w\" sizes=\"(max-width: 320px) 100vw, 320px\" \/><\/figure><\/li><\/ul><\/div><\/div><\/div><\/div><\/section><section class=\"cs-section no-padding\"><div class=\"container-fluid\"><div class=\"row\"><div class=\"col-md-12\"><div class=\"cs-column-inner\"><\/div><\/div><\/div><\/div><\/section><section class=\"cs-section case_studies justify-content-center\" style=\"margin-top: -10px;\"><div class=\"container\"><div class=\"row\"><div class=\"col-md-12\"><div class=\"cs-column-inner\">[vc_custom_heading text=\u00a0\u00bb\u00c9tudes de cas\u00a0\u00bb font_container=\u00a0\u00bbtag:h2|text_align:center\u00a0\u00bb use_theme_fonts=\u00a0\u00bbyes\u00a0\u00bb css_animation=\u00a0\u00bbfadeInDown\u00a0\u00bb][vc_basic_grid post_type=\u00a0\u00bbcase_studies\u00a0\u00bb max_items=\u00a0\u00bb10&Prime; item=\u00a0\u00bb377&Prime; grid_id=\u00a0\u00bbvc_gid:1671799718502-3483d4ad-0d0f-1&Prime; exclude=\u00a0\u00bb395, 397, 398&Prime;]<\/div><\/div><\/div><\/div><\/section>\n","protected":false},"excerpt":{"rendered":"<p><span class=\"entry-read-more\"><a href=\"https:\/\/prihodafabricduct.com\/fr\/notre-travail\/\" class=\"cs-btn cs-btn-flat cs-btn-rounded cs-btn-xxs cs-btn-flat-accent\">Lire la suite<\/a><\/span><\/p>\n","protected":false},"author":1,"featured_media":0,"parent":0,"menu_order":97,"comment_status":"closed","ping_status":"closed","template":"","meta":{"_acf_changed":false,"footnotes":""},"class_list":["post-40032","page","type-page","status-publish","hentry"],"acf":[],"_links":{"self":[{"href":"https:\/\/prihodafabricduct.com\/fr\/wp-json\/wp\/v2\/pages\/40032","targetHints":{"allow":["GET"]}}],"collection":[{"href":"https:\/\/prihodafabricduct.com\/fr\/wp-json\/wp\/v2\/pages"}],"about":[{"href":"https:\/\/prihodafabricduct.com\/fr\/wp-json\/wp\/v2\/types\/page"}],"author":[{"embeddable":true,"href":"https:\/\/prihodafabricduct.com\/fr\/wp-json\/wp\/v2\/users\/1"}],"replies":[{"embeddable":true,"href":"https:\/\/prihodafabricduct.com\/fr\/wp-json\/wp\/v2\/comments?post=40032"}],"version-history":[{"count":0,"href":"https:\/\/prihodafabricduct.com\/fr\/wp-json\/wp\/v2\/pages\/40032\/revisions"}],"wp:attachment":[{"href":"https:\/\/prihodafabricduct.com\/fr\/wp-json\/wp\/v2\/media?parent=40032"}],"curies":[{"name":"wp","href":"https:\/\/api.w.org\/{rel}","templated":true}]}}