{"id":40048,"date":"2022-10-22T12:02:52","date_gmt":"2022-10-22T12:02:52","guid":{"rendered":"https:\/\/prihodafabricduct.com\/specialites-prihoda\/conduit-rigide-prihoda\/"},"modified":"2023-08-08T07:16:16","modified_gmt":"2023-08-08T07:16:16","slug":"conduit-rigide-prihoda","status":"publish","type":"page","link":"https:\/\/prihodafabricduct.com\/fr\/produits\/specialites-prihoda\/conduit-rigide-prihoda\/","title":{"rendered":"Conduit rigide Prihoda"},"content":{"rendered":"<section class=\"cs-section our_work_our_vision global_leader_since\"><div class=\"container\"><div class=\"row cs-equal-height cs-equal-height-center\"><div class=\"col-md-6 cs-animation pulse images wpb_animate_when_almost_visible wpb_zoomIn zoomIn wpb_start_animation animated\"><div class=\"cs-column-inner\">[vc_single_image image=\u00a0\u00bb39747&Prime; img_size=\u00a0\u00bbfull\u00a0\u00bb el_class=\u00a0\u00bbbackground_img\u00a0\u00bb][vc_single_image image=\u00a0\u00bb44775&Prime; img_size=\u00a0\u00bbfull\u00a0\u00bb el_class=\u00a0\u00bbimage_1&Prime;][vc_single_image image=\u00a0\u00bb44771&Prime; img_size=\u00a0\u00bbfull\u00a0\u00bb el_class=\u00a0\u00bbimage_2&Prime;]<div class=\"cs-column-text image_content\"><p><strong>Plus de 25 ans<\/strong><\/p>\n<\/div><\/div><\/div><div class=\"col-md-6 cs-animation fadeInRight content wpb_animate_when_almost_visible wpb_zoomIn zoomIn wpb_start_animation animated\"><div class=\"cs-column-inner\">[vc_custom_heading text=\u00a0\u00bbIng\u00e9nierie avanc\u00e9e et conception architecturale\u00a0\u00bb font_container=\u00a0\u00bbtag:h2|text_align:left|color:%23333333&Prime; use_theme_fonts=\u00a0\u00bbyes\u00a0\u00bb css_animation=\u00a0\u00bbnone\u00a0\u00bb]<div class=\"cs-column-text\"><p>Le diffuseur d&rsquo;air \u00e0 haute induction Prihoda Rigid Duct (PRD) est con\u00e7u pour r\u00e9pondre \u00e0 des besoins sp\u00e9cifiques en mati\u00e8re de chauffage, de refroidissement et de ventilation. Il est id\u00e9al pour les environnements haut de gamme o\u00f9 la technologie est int\u00e9gr\u00e9e \u00e0 la conception architecturale.<\/p>\n<\/div><\/div><\/div><\/div><\/div><\/section><section class=\"cs-section no-padding\"><div class=\"container-fluid\"><div class=\"row\"><div class=\"col-md-12\"><div class=\"cs-column-inner\">[vc_raw_html css=\u00a0\u00bb.vc_custom_1665748315344{margin-bottom: 0px !important;}\u00a0\u00bb]PHN2ZyB4bWxucz0iaHR0cDovL3d3dy53My5vcmcvMjAwMC9zdmciIHZpZXdib3g9IjAgMCAxMDAwIDEwMCIgcHJlc2VydmVhc3BlY3RyYXRpbz0ibm9uZSI+Cgk8cGF0aCBjbGFzcz0iZWxlbWVudG9yLXNoYXBlLWZpbGwiIGQ9Ik01MDAuMiw5NC43TDAsMHYxMDBoMTAwMFYwTDUwMC4yLDk0Ljd6IiBzdHlsZT0iZmlsbDogI0YwRjNGOTsiPjwvcGF0aD4KPC9zdmc+[\/vc_raw_html]<\/div><\/div><\/div><\/div><\/section><section class=\"cs-section about-us\" style=\" background-color: #f0f3f9;margin-top:-7px;\"><div class=\"container\"><div class=\"row cs-equal-height cs-equal-height-top\"><div class=\"col-md-6 cs-animation fadeInLeft content wpb_animate_when_almost_visible wpb_zoomIn zoomIn wpb_start_animation animated\"><div class=\"cs-column-inner\">[vc_custom_heading text=\u00a0\u00bbConfort, efficacit\u00e9, durabilit\u00e9\u00a0\u00bb use_theme_fonts=\u00a0\u00bbyes\u00a0\u00bb]<div class=\"cs-column-text\"><div class=\"fusion-text fusion-text-1\">\n<p>Le <a href=\"\/wp-content\/uploads\/2023\/08\/PRD-Specification-FRN.pdf\" target=\"_blank\" rel=\"noopener\">syst\u00e8me PRD<\/a> est \u00e9conome en \u00e9nergie et facile \u00e0 entretenir. Fabriqu\u00e9es en acier bross\u00e9, les perforations pr\u00e9cises d\u00e9coup\u00e9es au laser de PRD assurent un mouvement d&rsquo;air confortable avec de faibles diff\u00e9rences de temp\u00e9rature et peu de bruit.<\/p>\n<p>La diffusion de l&rsquo;air par induction du PRD assure l&rsquo;homog\u00e9n\u00e9it\u00e9 de la temp\u00e9rature et de l&rsquo;humidit\u00e9, garantissant ainsi le confort des occupants. La finition \u00e9l\u00e9gante enduite de poudre s&rsquo;adapte \u00e0 tous les d\u00e9cors.<\/p>\n<\/div>\n<\/div><a href=\"\/wp-content\/uploads\/2023\/08\/PRD-IOM-FR_R.pdf\" class=\"cs-btn cs-btn-custom cs-btn-square cs-btn-custom-own cs-btn-sm cs-btn-custom-69d751f997e6f fusion-button wpb_animate_when_almost_visible wpb_zoomIn zoomIn wpb_start_animation animated\" target=\"_blank\">Learn More<\/a><\/div><\/div><div class=\"col-md-6 cs-animation fadeInRight image\"><div class=\"cs-column-inner\">[vc_single_image image=\u00a0\u00bb44769&Prime; img_size=\u00a0\u00bbfull\u00a0\u00bb el_class=\u00a0\u00bbimage_1&Prime;]<\/div><\/div><\/div><\/div><\/section><section class=\"cs-section about-us pt-0\" style=\" background-color: #ffffff;\"><div class=\"container\"><div class=\"row cs-equal-height cs-equal-height-top\"><div class=\"col-md-6 cs-animation fadeInLeft image\"><div class=\"cs-column-inner\">[vc_single_image image=\u00a0\u00bb44773&Prime; img_size=\u00a0\u00bbfull\u00a0\u00bb el_class=\u00a0\u00bbimage_2&Prime;]<\/div><\/div><div class=\"col-md-6 cs-animation fadeInRight content wpb_animate_when_almost_visible wpb_zoomIn zoomIn wpb_start_animation animated\"><div class=\"cs-column-inner\">[vc_custom_heading text=\u00a0\u00bbDiffusion d&rsquo;air \u00e0 haute induction\u00a0\u00bb use_theme_fonts=\u00a0\u00bbyes\u00a0\u00bb css=\u00a0\u00bb.vc_custom_1690213741084{margin-bottom: 30px !important;}\u00a0\u00bb]<div class=\"cs-column-text\"><p>Using our unique\u00a0Prihoda AirTailor\u00ae software, we take your project requirements and design a complete high-induction diffuser system tailored to your specific application.<\/p>\n<p>PRD Perforated Duct Diffusers are constructed in diameters ranging from 8 inches (200 mm) up to 38 inches (965 mm). Duct sections are assembled using discreet sleeves with integrated silicone gaskets, to ensure a proper seal and circular integrity of the duct. Matching passive duct sections without holes and multiple fittings are also available, to ensure the uniformity of the entire duct network.<\/p>\n<\/div><a href=\"\/products\/custom-ducting-solutions\/\" class=\"cs-btn cs-btn-custom cs-btn-square cs-btn-custom-own cs-btn-sm cs-btn-custom-69d751f9980b3 fusion-button wpb_animate_when_almost_visible wpb_zoomIn zoomIn wpb_start_animation animated\">Learn More<\/a><\/div><\/div><\/div><\/div><\/section><section class=\"cs-section no-padding\"><div class=\"container-fluid\"><div class=\"row\"><div class=\"col-md-12\"><div class=\"cs-column-inner\">[vc_raw_html css=\u00a0\u00bb.vc_custom_1665748315344{margin-bottom: 0px !important;}\u00a0\u00bb]PHN2ZyB4bWxucz0iaHR0cDovL3d3dy53My5vcmcvMjAwMC9zdmciIHZpZXdib3g9IjAgMCAxMDAwIDEwMCIgcHJlc2VydmVhc3BlY3RyYXRpbz0ibm9uZSI+Cgk8cGF0aCBjbGFzcz0iZWxlbWVudG9yLXNoYXBlLWZpbGwiIGQ9Ik01MDAuMiw5NC43TDAsMHYxMDBoMTAwMFYwTDUwMC4yLDk0Ljd6IiBzdHlsZT0iZmlsbDogI0YwRjNGOTsiPjwvcGF0aD4KPC9zdmc+[\/vc_raw_html]<\/div><\/div><\/div><\/div><\/section><section class=\"cs-section standard_prihoda_colors justify-content-center\" style=\"margin-top: -10px;\"><div class=\"container\"><div class=\"row cs-equal-height\"><div class=\"col-md-12\"><div class=\"cs-column-inner\"><section class=\"cs-section\"><div class=\"container\"><div class=\"row\"><div class=\"col-md-12 cs-animation fadeInLeft standard_prihoda_colors_items standard_prihoda_colors_default wpb_animate_when_almost_visible wpb_zoomIn zoomIn wpb_start_animation animated\"><div class=\"cs-column-inner\">[vc_icon icon_fontawesome=\u00a0\u00bbfas fa-university\u00a0\u00bb align=\u00a0\u00bbcenter\u00a0\u00bb][vc_custom_heading text=\u00a0\u00bbCon\u00e7u sur mesure pour des installations architecturales distinctives\u00a0\u00bb font_container=\u00a0\u00bbtag:h3|font_size:44px|text_align:left|line_height:1.3&Prime; use_theme_fonts=\u00a0\u00bbyes\u00a0\u00bb css_animation=\u00a0\u00bbnone\u00a0\u00bb]<div class=\"cs-column-text\"><p>Each PRD system is created by making precise, laser-cut perforations on flat sheet steel, which is then rolled and welded into the custom-designed diffuser shape. The pre-cut diffusers are then easily assembled on-site during installation.<\/p>\n<p>Custom coated in a high-quality powder-coat finish, the sleek design of the continuous metal duct offers endless design possibilities.<\/p>\n<p>For more information, or to request a custom-designed PRD solution for an upcoming project, call 1-855-PRIHODA (855-774-4632) or fill out\u00a0this short online form. One of our PRD specialists will follow up with you soon.<\/p>\n<\/div><\/div><\/div><\/div><\/div><\/section><\/div><\/div><\/div><\/div><\/section><section class=\"cs-section serving_companies\"><div class=\"container\"><div class=\"row\"><div class=\"col-md-12 cs-animation pulse images wpb_animate_when_almost_visible wpb_zoomIn zoomIn wpb_start_animation animated\"><div class=\"cs-column-inner\"><section class=\"cs-section background\" style=\"background-image: url(https:\/\/prihodafabricduct.com\/wp-content\/uploads\/2022\/10\/Liberty-University-1-Virginia.webp);\"><div class=\"container\"><div class=\"row\"><div class=\"col-md-8 cs-animation fadeInLeft\"><div class=\"cs-column-inner\">[vc_custom_heading text=\u00a0\u00bb\u00c9tude de cas : Le centre aquatique de l&rsquo;universit\u00e9 Liberty\u00a0\u00bb use_theme_fonts=\u00a0\u00bbyes\u00a0\u00bb][vc_custom_heading text=\u00a0\u00bbLe syst\u00e8me de dispersion d&rsquo;air de pr\u00e9cision du nouveau natatorium permet d&rsquo;\u00e9viter la mise en d\u00e9charge de 16 466 bouteilles en plastique.\u00a0\u00bb font_container=\u00a0\u00bbtag:h4|text_align:left|color:%23ffffff|line_height:26px\u00a0\u00bb use_theme_fonts=\u00a0\u00bbyes\u00a0\u00bb css=\u00a0\u00bb.vc_custom_1667541564350{margin-bottom: 30px !important;}\u00a0\u00bb]<div class=\"cs-btn-align text-left\"><a href=\"\/case-study\/liberty-university-aquatics-center\/\" class=\"cs-btn cs-btn-custom cs-btn-square cs-btn-custom-own cs-btn-sm cs-btn-custom-69d751f99859a fusion-button wpb_animate_when_almost_visible wpb_zoomIn zoomIn wpb_start_animation animated btn_in_bg\">Liberty University<\/a><\/div><\/div><\/div><div class=\"col-md-4\"><div class=\"cs-column-inner\"><\/div><\/div><\/div><\/div><\/section><\/div><\/div><\/div><\/div><\/section>\n","protected":false},"excerpt":{"rendered":"<p><span class=\"entry-read-more\"><a href=\"https:\/\/prihodafabricduct.com\/fr\/produits\/specialites-prihoda\/conduit-rigide-prihoda\/\" class=\"cs-btn cs-btn-flat cs-btn-rounded cs-btn-xxs cs-btn-flat-accent\">Lire la suite<\/a><\/span><\/p>\n","protected":false},"author":1,"featured_media":0,"parent":39970,"menu_order":70,"comment_status":"closed","ping_status":"closed","template":"","meta":{"_acf_changed":false,"footnotes":""},"class_list":["post-40048","page","type-page","status-publish","hentry"],"acf":[],"_links":{"self":[{"href":"https:\/\/prihodafabricduct.com\/fr\/wp-json\/wp\/v2\/pages\/40048","targetHints":{"allow":["GET"]}}],"collection":[{"href":"https:\/\/prihodafabricduct.com\/fr\/wp-json\/wp\/v2\/pages"}],"about":[{"href":"https:\/\/prihodafabricduct.com\/fr\/wp-json\/wp\/v2\/types\/page"}],"author":[{"embeddable":true,"href":"https:\/\/prihodafabricduct.com\/fr\/wp-json\/wp\/v2\/users\/1"}],"replies":[{"embeddable":true,"href":"https:\/\/prihodafabricduct.com\/fr\/wp-json\/wp\/v2\/comments?post=40048"}],"version-history":[{"count":0,"href":"https:\/\/prihodafabricduct.com\/fr\/wp-json\/wp\/v2\/pages\/40048\/revisions"}],"up":[{"embeddable":true,"href":"https:\/\/prihodafabricduct.com\/fr\/wp-json\/wp\/v2\/pages\/39970"}],"wp:attachment":[{"href":"https:\/\/prihodafabricduct.com\/fr\/wp-json\/wp\/v2\/media?parent=40048"}],"curies":[{"name":"wp","href":"https:\/\/api.w.org\/{rel}","templated":true}]}}