{"id":40049,"date":"2022-10-24T20:23:38","date_gmt":"2022-10-24T20:23:38","guid":{"rendered":"https:\/\/prihodafabricduct.com\/gymnases-et-arenas\/"},"modified":"2022-12-23T13:34:36","modified_gmt":"2022-12-23T13:34:36","slug":"gymnases-et-arenas","status":"publish","type":"page","link":"https:\/\/prihodafabricduct.com\/fr\/applications-commerciales-et-industrielles\/commercial\/gymnases-et-arenas\/","title":{"rendered":"Gymnases et ar\u00e9nas"},"content":{"rendered":"<section class=\"cs-section about-us\"><div class=\"container\"><div class=\"row cs-equal-height cs-equal-height-top\"><div class=\"col-md-6 cs-animation fadeInLeft content wpb_animate_when_almost_visible wpb_zoomIn zoomIn wpb_start_animation animated\"><div class=\"cs-column-inner\">[vc_custom_heading text=\u00a0\u00bbUne ventilation personnalis\u00e9e et facilement dimensionn\u00e9e pour s\u2019agencer \u00e0 n\u2019importe quel espace\u00a0\u00bb use_theme_fonts=\u00a0\u00bbyes\u00a0\u00bb]<div class=\"cs-column-text\"><div class=\"fusion-layout-column fusion_builder_column fusion-builder-column-0 fusion_builder_column_1_2 1_2 fusion-flex-column\">\n<div class=\"fusion-column-wrapper fusion-flex-justify-content-center fusion-content-layout-column\">\n<div class=\"fusion-text fusion-text-1\">\n<p>Qu\u2019il s\u2019agisse de grands volumes d\u2019air des vastes gymnases et ar\u00e9nas ou d\u2019une ventilation efficace dans un studio d\u2019entra\u00eenement exigu, la distribution d\u2019air con\u00e7ue sur mesure de Prihoda garantit des conditions id\u00e9ales pour les participants et les spectateurs.<\/p>\n<p>Nos mat\u00e9riaux r\u00e9pertori\u00e9s UL\/ULC garantissent la s\u00e9curit\u00e9 et le respect des codes du b\u00e2timent. Et leur conception modulaire enti\u00e8rement personnalis\u00e9e rend les syst\u00e8mes Prihoda faciles \u00e0 installer, \u00e0 nettoyer et \u00e0 entretenir.<\/p>\n<p>Les tissus en polyester mat ne refl\u00e8tent ni la lumi\u00e8re ni le bruit et peuvent \u00eatre imprim\u00e9s avec les couleurs ou les logos de l\u2019\u00e9quipe ou de la marque.<\/p>\n<\/div>\n<\/div>\n<\/div>\n<\/div><\/div><\/div><div class=\"col-md-6 cs-animation fadeInRight image wpb_animate_when_almost_visible wpb_zoomIn zoomIn wpb_start_animation animated\"><div class=\"cs-column-inner\">[vc_single_image image=\u00a0\u00bb39577&Prime; img_size=\u00a0\u00bbfull\u00a0\u00bb]<\/div><\/div><\/div><\/div><\/section><section class=\"cs-section no-padding remarkably_long_service_life\"><div class=\"container\"><div class=\"row\"><div class=\"col-md-12\"><div class=\"cs-column-inner\"><section class=\"cs-section remarkably_long_service_life_child\"><div class=\"container\"><div class=\"row cs-equal-height\"><div class=\"col-md-6 cs-animation fadeInLeft remarkably_long_service_life_child_items wpb_animate_when_almost_visible wpb_zoomIn zoomIn wpb_start_animation animated\"><div class=\"cs-column-inner\">[vc_single_image image=\u00a0\u00bb39578&Prime; img_size=\u00a0\u00bbfull\u00a0\u00bb]<div class=\"cs-column-text vc_custom_heading\"><p>L\u00e9gers et faciles \u00e0 installer, les syst\u00e8mes de canalisation et de dispersion en tissu Prihoda n&rsquo;ajoutent pratiquement aucun poids \u00e0 une structure, ce qui les rend id\u00e9aux pour les nouvelles constructions et les r\u00e9novations.<\/p>\n<\/div><\/div><\/div><div class=\"col-md-6 cs-animation fadeInRight remarkably_long_service_life_child_items wpb_animate_when_almost_visible wpb_zoomIn zoomIn wpb_start_animation animated\"><div class=\"cs-column-inner\">[vc_single_image image=\u00a0\u00bb39579&Prime; img_size=\u00a0\u00bbfull\u00a0\u00bb]<div class=\"cs-column-text vc_custom_heading\"><div class=\"fusion-layout-column fusion_builder_column fusion-builder-column-3 fusion_builder_column_1_3 1_3 fusion-one-third\">\n<div class=\"fusion-column-wrapper fusion-flex-column-wrapper-legacy\">\n<div id=\"thumb-caption\" class=\"fusion-text fusion-text-3\">\n<p>Avec des couleurs vives qui s&rsquo;harmonisent avec votre marque, les gaines et les diffuseurs en tissu peuvent \u00e9galement \u00eatre imprim\u00e9s de mani\u00e8re personnalis\u00e9e avec n&rsquo;importe quel message de marque, couleur ou motif, en utilisant l&rsquo;option d&rsquo;impression num\u00e9rique <a href=\"https:\/\/prihodafabricduct.com\/fr\/?page_id=40025\" rel=\"\">Prihoda Art<\/a>.<\/p>\n<\/div>\n<\/div>\n<\/div>\n<\/div><\/div><\/div><div class=\"col-md-6 cs-animation fadeInLeft remarkably_long_service_life_child_items wpb_animate_when_almost_visible wpb_zoomIn zoomIn wpb_start_animation animated\"><div class=\"cs-column-inner\">[vc_single_image image=\u00a0\u00bb39580&Prime; img_size=\u00a0\u00bbfull\u00a0\u00bb]<div class=\"cs-column-text vc_custom_heading\"><p>La grande surface des conduits en tissu permet une distribution \u00e9tendue et uniforme de l&rsquo;air \u00e0 des vitesses imperceptibles, garantissant un espace confortable et bien ventil\u00e9 et une meilleure qualit\u00e9 de l&rsquo;air.<\/p>\n<\/div><\/div><\/div><div class=\"col-md-6\"><div class=\"cs-column-inner\"><\/div><\/div><\/div><\/div><\/section><\/div><\/div><\/div><\/div><\/section><section class=\"cs-section serving_companies\"><div class=\"container\"><div class=\"row\"><div class=\"col-md-12 cs-animation pulse images wpb_animate_when_almost_visible wpb_zoomIn zoomIn wpb_start_animation animated\"><div class=\"cs-column-inner\"><section class=\"cs-section background\" style=\"background-image: url(https:\/\/prihodafabricduct.com\/wp-content\/uploads\/2022\/10\/Alleluia-School-Gym-2-1.webp);\"><div class=\"container\"><div class=\"row\"><div class=\"col-md-8 cs-animation fadeInLeft\"><div class=\"cs-column-inner\">[vc_custom_heading text=\u00a0\u00bb\u00c9tude de cas : Gymnase de l&rsquo;\u00e9cole communautaire Alleluia\u00a0\u00bb use_theme_fonts=\u00a0\u00bbyes\u00a0\u00bb]<div class=\"cs-btn-align text-left\"><a href=\"https:\/\/prihodafabricduct.com\/case-study\/alleluia-community-school-gym\/\" class=\"cs-btn cs-btn-custom cs-btn-square cs-btn-custom-own cs-btn-sm cs-btn-custom-69fa281ef3458 fusion-button wpb_animate_when_almost_visible wpb_zoomIn zoomIn wpb_start_animation animated btn_in_bg\">Lire la suite<\/a><\/div><\/div><\/div><div class=\"col-md-4\"><div class=\"cs-column-inner\"><\/div><\/div><\/div><\/div><\/section><\/div><\/div><\/div><\/div><\/section>\n","protected":false},"excerpt":{"rendered":"<p><span class=\"entry-read-more\"><a href=\"https:\/\/prihodafabricduct.com\/fr\/applications-commerciales-et-industrielles\/commercial\/gymnases-et-arenas\/\" class=\"cs-btn cs-btn-flat cs-btn-rounded cs-btn-xxs cs-btn-flat-accent\">Lire la suite<\/a><\/span><\/p>\n","protected":false},"author":1,"featured_media":0,"parent":40188,"menu_order":63,"comment_status":"closed","ping_status":"closed","template":"","meta":{"_acf_changed":false,"footnotes":""},"class_list":["post-40049","page","type-page","status-publish","hentry"],"acf":[],"_links":{"self":[{"href":"https:\/\/prihodafabricduct.com\/fr\/wp-json\/wp\/v2\/pages\/40049","targetHints":{"allow":["GET"]}}],"collection":[{"href":"https:\/\/prihodafabricduct.com\/fr\/wp-json\/wp\/v2\/pages"}],"about":[{"href":"https:\/\/prihodafabricduct.com\/fr\/wp-json\/wp\/v2\/types\/page"}],"author":[{"embeddable":true,"href":"https:\/\/prihodafabricduct.com\/fr\/wp-json\/wp\/v2\/users\/1"}],"replies":[{"embeddable":true,"href":"https:\/\/prihodafabricduct.com\/fr\/wp-json\/wp\/v2\/comments?post=40049"}],"version-history":[{"count":0,"href":"https:\/\/prihodafabricduct.com\/fr\/wp-json\/wp\/v2\/pages\/40049\/revisions"}],"up":[{"embeddable":true,"href":"https:\/\/prihodafabricduct.com\/fr\/wp-json\/wp\/v2\/pages\/40188"}],"wp:attachment":[{"href":"https:\/\/prihodafabricduct.com\/fr\/wp-json\/wp\/v2\/media?parent=40049"}],"curies":[{"name":"wp","href":"https:\/\/api.w.org\/{rel}","templated":true}]}}