{"id":40051,"date":"2022-10-24T19:51:05","date_gmt":"2022-10-24T19:51:05","guid":{"rendered":"https:\/\/prihodafabricduct.com\/salles-blanches-laboratoires-et-soins-de-sante\/"},"modified":"2025-06-02T15:41:57","modified_gmt":"2025-06-02T15:41:57","slug":"salles-blanches-laboratoires-et-soins-de-sante","status":"publish","type":"page","link":"https:\/\/prihodafabricduct.com\/fr\/applications-commerciales-et-industrielles\/commercial\/salles-blanches-laboratoires-et-soins-de-sante\/","title":{"rendered":"Salles blanches, laboratoires et soins de sant\u00e9"},"content":{"rendered":"<section class=\"cs-section about-us\"><div class=\"container\"><div class=\"row cs-equal-height cs-equal-height-top\"><div class=\"col-md-6 cs-animation fadeInLeft content wpb_animate_when_almost_visible wpb_zoomIn zoomIn wpb_start_animation animated\"><div class=\"cs-column-inner\">[vc_custom_heading text=\u00a0\u00bbDistribution hygi\u00e9nique et efficace de l&apos;air\u00a0\u00bb use_theme_fonts=\u00a0\u00bbyes\u00a0\u00bb]<div class=\"cs-column-text\"><div class=\"fusion-layout-column fusion_builder_column fusion-builder-column-0 fusion_builder_column_1_2 1_2 fusion-flex-column\">\n<div class=\"fusion-column-wrapper fusion-flex-justify-content-center fusion-content-layout-column\">\n<div class=\"fusion-text fusion-text-1\">\n<p>Les <a href=\"https:\/\/prihodafabricduct.com\/fr\/conduits-en-tissu\/\">syst\u00e8mes de gaines en tissu<\/a> Prihoda fournissent la distribution d&rsquo;air laminaire \u00e0 faible vitesse n\u00e9cessaire dans les \u00e9tablissements de sant\u00e9 et les salles blanches, ce qui assure le confort et la s\u00e9curit\u00e9 des travailleurs sans affecter les processus de laboratoire.<\/p>\n<p>Nos tissus en polyester technique sont fabriqu\u00e9s selon un processus appel\u00e9 tissage de fibres sans fin, ce qui permet d&rsquo;obtenir une finition lisse qui r\u00e9siste \u00e0 l&rsquo;accumulation de particules et ne se perd pas. Tous nos mat\u00e9riaux sont r\u00e9pertori\u00e9s UL\/ULC et peuvent \u00eatre utilis\u00e9s en salle blanche jusqu&rsquo;\u00e0 ISO 4.<\/p>\n<\/div>\n<\/div>\n<\/div>\n<\/div><\/div><\/div><div class=\"col-md-6 cs-animation fadeInRight image wpb_animate_when_almost_visible wpb_zoomIn zoomIn wpb_start_animation animated\"><div class=\"cs-column-inner\">[vc_single_image image=\u00a0\u00bb39566&Prime; img_size=\u00a0\u00bbfull\u00a0\u00bb]<\/div><\/div><\/div><\/div><\/section><section class=\"cs-section no-padding remarkably_long_service_life\"><div class=\"container\"><div class=\"row\"><div class=\"col-md-12\"><div class=\"cs-column-inner\"><section class=\"cs-section remarkably_long_service_life_child\"><div class=\"container\"><div class=\"row cs-equal-height\"><div class=\"col-md-6 cs-animation fadeInLeft remarkably_long_service_life_child_items wpb_animate_when_almost_visible wpb_zoomIn zoomIn wpb_start_animation animated\"><div class=\"cs-column-inner\">[vc_single_image image=\u00a0\u00bb39567&Prime; img_size=\u00a0\u00bbfull\u00a0\u00bb]<div class=\"cs-column-text vc_custom_heading\"><p>Les syst\u00e8mes de conduits et de diffuseurs en tissu \u00e9liminent les courants d&rsquo;air, le bruit et les probl\u00e8mes d&rsquo;\u00e9quilibrage qui sont courants avec les conduits et les registres en m\u00e9tal. Et ils ont l&rsquo;avantage suppl\u00e9mentaire d&rsquo;\u00eatre beaucoup plus \u00e9conomiques, permettant d&rsquo;\u00e9conomiser jusqu&rsquo;\u00e0 60 % par rapport aux conduits m\u00e9talliques.<\/p>\n<\/div><\/div><\/div><div class=\"col-md-6 cs-animation fadeInRight remarkably_long_service_life_child_items wpb_animate_when_almost_visible wpb_zoomIn zoomIn wpb_start_animation animated\"><div class=\"cs-column-inner\">[vc_single_image image=\u00a0\u00bb39568&Prime; img_size=\u00a0\u00bbfull\u00a0\u00bb]<div class=\"cs-column-text vc_custom_heading\"><div class=\"fusion-layout-column fusion_builder_column fusion-builder-column-3 fusion_builder_column_1_3 1_3 fusion-one-third\">\n<div class=\"fusion-column-wrapper fusion-flex-column-wrapper-legacy\">\n<div id=\"thumb-caption\" class=\"fusion-text fusion-text-3\">\n<p>De multiples <a href=\"https:\/\/prihodafabricduct.com\/fr\/produits\/solutions-de-conduits-sur-mesure\/formes\/\" rel=\"\">formes de conduits<\/a>, y compris des <a href=\"https:\/\/prihodafabricduct.com\/fr\/produits\/specialites-prihoda\/squairetex\/\">diffuseurs de plafond \u00e0 poser<\/a>, peuvent facilement s&rsquo;adapter aux espaces nouveaux et existants. Et les syst\u00e8mes modulaires, con\u00e7us sur mesure pour les besoins sp\u00e9cifiques de chaque espace, sont faciles \u00e0 installer et \u00e0 entretenir.<\/p>\n<\/div>\n<\/div>\n<\/div>\n<\/div><\/div><\/div><div class=\"col-md-6 cs-animation fadeInLeft remarkably_long_service_life_child_items wpb_animate_when_almost_visible wpb_zoomIn zoomIn wpb_start_animation animated\"><div class=\"cs-column-inner\">[vc_single_image image=\u00a0\u00bb39569&Prime; img_size=\u00a0\u00bbfull\u00a0\u00bb]<div class=\"cs-column-text vc_custom_heading\"><p>Les tissus non pelucheux utilis\u00e9s dans nos gaines et nos diffuseurs sont facilement nettoy\u00e9s et d\u00e9sinfect\u00e9s dans une machine \u00e0 laver commerciale, afin de maintenir un environnement hygi\u00e9nique. Une finition anti-microbienne en option offre une protection suppl\u00e9mentaire pour les zones sensibles.<\/p>\n<\/div><\/div><\/div><div class=\"col-md-6\"><div class=\"cs-column-inner\"><\/div><\/div><\/div><\/div><\/section><\/div><\/div><\/div><\/div><\/section><section class=\"cs-section serving_companies\"><div class=\"container\"><div class=\"row\"><div class=\"col-md-12 cs-animation pulse images wpb_animate_when_almost_visible wpb_zoomIn zoomIn wpb_start_animation animated\"><div class=\"cs-column-inner\"><section class=\"cs-section background\" style=\"background-image: url(https:\/\/prihodafabricduct.com\/wp-content\/uploads\/2022\/10\/micro-perforations-1-1.webp);\"><div class=\"container\"><div class=\"row\"><div class=\"col-md-8 cs-animation fadeInLeft\"><div class=\"cs-column-inner\">[vc_custom_heading text=\u00a0\u00bbPrihoda est le seul fabricant de gaines textiles \u00e0 produire par d\u00e9faut tous les mat\u00e9riaux standard en qualit\u00e9 salle blanche.\u00a0\u00bb font_container=\u00a0\u00bbtag:h2|text_align:left|color:%23FFFFFF\u00a0\u00bb use_theme_fonts=\u00a0\u00bbyes\u00a0\u00bb css=\u00a0\u00bb\u00a0\u00bb]<div class=\"cs-btn-align text-left\"><a href=\"https:\/\/prihodafabricduct.com\/products\/custom-ducting-solutions\/materials\/\" class=\"cs-btn cs-btn-custom cs-btn-square cs-btn-custom-own cs-btn-sm cs-btn-custom-69deff35ba7c2 fusion-button wpb_animate_when_almost_visible wpb_zoomIn zoomIn wpb_start_animation animated btn_in_bg\">See materials<\/a><\/div><\/div><\/div><div class=\"col-md-4\"><div class=\"cs-column-inner\"><\/div><\/div><\/div><\/div><\/section><\/div><\/div><\/div><\/div><\/section>\n","protected":false},"excerpt":{"rendered":"<p><span class=\"entry-read-more\"><a href=\"https:\/\/prihodafabricduct.com\/fr\/applications-commerciales-et-industrielles\/commercial\/salles-blanches-laboratoires-et-soins-de-sante\/\" class=\"cs-btn cs-btn-flat cs-btn-rounded cs-btn-xxs cs-btn-flat-accent\">Lire la suite<\/a><\/span><\/p>\n","protected":false},"author":1,"featured_media":0,"parent":40188,"menu_order":65,"comment_status":"closed","ping_status":"closed","template":"","meta":{"_acf_changed":false,"footnotes":""},"class_list":["post-40051","page","type-page","status-publish","hentry"],"acf":[],"_links":{"self":[{"href":"https:\/\/prihodafabricduct.com\/fr\/wp-json\/wp\/v2\/pages\/40051","targetHints":{"allow":["GET"]}}],"collection":[{"href":"https:\/\/prihodafabricduct.com\/fr\/wp-json\/wp\/v2\/pages"}],"about":[{"href":"https:\/\/prihodafabricduct.com\/fr\/wp-json\/wp\/v2\/types\/page"}],"author":[{"embeddable":true,"href":"https:\/\/prihodafabricduct.com\/fr\/wp-json\/wp\/v2\/users\/1"}],"replies":[{"embeddable":true,"href":"https:\/\/prihodafabricduct.com\/fr\/wp-json\/wp\/v2\/comments?post=40051"}],"version-history":[{"count":0,"href":"https:\/\/prihodafabricduct.com\/fr\/wp-json\/wp\/v2\/pages\/40051\/revisions"}],"up":[{"embeddable":true,"href":"https:\/\/prihodafabricduct.com\/fr\/wp-json\/wp\/v2\/pages\/40188"}],"wp:attachment":[{"href":"https:\/\/prihodafabricduct.com\/fr\/wp-json\/wp\/v2\/media?parent=40051"}],"curies":[{"name":"wp","href":"https:\/\/api.w.org\/{rel}","templated":true}]}}