{"id":40142,"date":"2022-12-23T09:17:30","date_gmt":"2022-12-23T09:17:30","guid":{"rendered":"https:\/\/prihodafabricduct.com\/?page_id=40142"},"modified":"2025-06-02T16:30:27","modified_gmt":"2025-06-02T16:30:27","slug":"conduits-en-tissu","status":"publish","type":"page","link":"https:\/\/prihodafabricduct.com\/fr\/conduits-en-tissu\/","title":{"rendered":"Conduits en tissu"},"content":{"rendered":"<section class=\"cs-section our_work_our_vision global_leader_since\"><div class=\"container\"><div class=\"row\"><div class=\"col-md-6 cs-animation pulse images wpb_animate_when_almost_visible wpb_zoomIn zoomIn wpb_start_animation animated\"><div class=\"cs-column-inner\">[vc_single_image image=\u00a0\u00bb39747&Prime; img_size=\u00a0\u00bbfull\u00a0\u00bb el_class=\u00a0\u00bbbackground_img\u00a0\u00bb][vc_single_image image=\u00a0\u00bb39853&Prime; img_size=\u00a0\u00bbfull\u00a0\u00bb el_class=\u00a0\u00bbimage_1&Prime;][vc_single_image image=\u00a0\u00bb39852&Prime; img_size=\u00a0\u00bbfull\u00a0\u00bb el_class=\u00a0\u00bbimage_2&Prime;]<div class=\"cs-column-text image_content\"><p><strong>Plus de 25 ans<\/strong><\/p>\n<\/div><\/div><\/div><div class=\"col-md-6 cs-animation fadeInRight content wpb_animate_when_almost_visible wpb_zoomIn zoomIn wpb_start_animation animated\"><div class=\"cs-column-inner\">[vc_custom_heading text=\u00a0\u00bbChauffage et refroidissement innovants et \u00e9conomiques pour toute application commerciale ou industrielle\u00a0\u00bb font_container=\u00a0\u00bbtag:h2|text_align:left|color:%23333333&Prime; use_theme_fonts=\u00a0\u00bbyes\u00a0\u00bb css_animation=\u00a0\u00bbnone\u00a0\u00bb]<div class=\"cs-column-text\"><p>Plus de 25 ans, Prihoda est depuis \u00e0 la t\u00eate de l&rsquo;industrie du CVC avec une recherche et une conception innovantes dans les syst\u00e8mes de dispersion d&rsquo;air en tissu. Des avanc\u00e9es brevet\u00e9es telles que la microperforation, les poches de contr\u00f4le de l&rsquo;air, les buses en tissu, les diffuseurs plats pour plafonds suspendus et les conduits \u00e0 pression n\u00e9gative, ont produit une gamme compl\u00e8te de produits capables de r\u00e9pondre aux exigences de pratiquement tous les types d&rsquo;espace.<\/p>\n<p>L&rsquo;expertise technique et le logiciel de conception sophistiqu\u00e9 de l&rsquo;entreprise, ainsi que les capacit\u00e9s d&rsquo;impression personnalis\u00e9es en interne, font des conduits et diffuseurs en tissu Prihoda le choix id\u00e9al pour tout environnement n\u00e9cessitant un contr\u00f4le pr\u00e9cis de l&rsquo;air avec des options de conception esth\u00e9tique personnalis\u00e9e. Cliquez sur les liens ci-dessous pour d\u00e9couvrir comment prihoda peut faire passer les conduits d&rsquo;air de votre entreprise au niveau sup\u00e9rieur avec durabilit\u00e9 et fonctionnalit\u00e9.<\/p>\n<\/div><a href=\"\/find-a-local-rep\/\" class=\"cs-btn cs-btn-custom cs-btn-square cs-btn-custom-own cs-btn-sm cs-btn-custom-69dfdb3a4d061 fusion-button wpb_animate_when_almost_visible wpb_zoomIn zoomIn wpb_start_animation animated\">FIND A LOCAL REP <\/a><\/div><\/div><\/div><\/div><\/section><section class=\"cs-section no-padding\"><div class=\"container-fluid\"><div class=\"row\"><div class=\"col-md-12\"><div class=\"cs-column-inner\"><\/div><\/div><\/div><\/div><\/section><section class=\"cs-section case_studies\" style=\"margin-top: -10px;\"><div class=\"container\"><div class=\"row\"><div class=\"col-md-12 cs-animation pulse\"><div class=\"cs-column-inner\">[vc_custom_heading text=\u00a0\u00bb\u00c9tudes de cas\u00a0\u00bb font_container=\u00a0\u00bbtag:h2|text_align:center\u00a0\u00bb use_theme_fonts=\u00a0\u00bbyes\u00a0\u00bb css_animation=\u00a0\u00bbfadeInUp\u00a0\u00bb][vc_basic_grid post_type=\u00a0\u00bbcase_studies\u00a0\u00bb max_items=\u00a0\u00bb3&Prime; order=\u00a0\u00bbASC\u00a0\u00bb item=\u00a0\u00bb377&Prime; grid_id=\u00a0\u00bbvc_gid:1731520876850-babd3e10-1228-3&Prime;]<\/div><\/div><\/div><\/div><\/section><section class=\"cs-section about-us\"><div class=\"container\"><div class=\"row cs-equal-height cs-equal-height-top\"><div class=\"col-md-6 cs-animation fadeInLeft content wpb_animate_when_almost_visible wpb_zoomIn zoomIn wpb_start_animation animated\"><div class=\"cs-column-inner\">[vc_custom_heading text=\u00a0\u00bbDistribution d&apos;air personnalis\u00e9e et durabilit\u00e9 pour l&apos;avenir\u00a0\u00bb use_theme_fonts=\u00a0\u00bbyes\u00a0\u00bb]<div class=\"cs-column-text\"><div class=\"fusion-text fusion-text-1\">\n<p>Prihoda a d\u00e9velopp\u00e9 une large gamme de conduits et d&rsquo;options de dispersion, avec une gamme compl\u00e8te de diff\u00e9rents types de tissus, de formes de conduits, de styles de montage et de m\u00e9thodes de dispersion. Ces options peuvent \u00eatre combin\u00e9es dans un nombre illimit\u00e9 de configurations, afin de cr\u00e9er un syst\u00e8me de distribution d&rsquo;air enti\u00e8rement personnalis\u00e9 et con\u00e7u avec pr\u00e9cision, qui r\u00e9pond aux exigences de n&rsquo;importe quel espace.<strong> <\/strong><\/p>\n<\/div>\n<\/div><a href=\"\/applications\/\" class=\"cs-btn cs-btn-custom cs-btn-square cs-btn-custom-own cs-btn-sm cs-btn-custom-69dfdb3a4d321 fusion-button wpb_animate_when_almost_visible wpb_zoomIn zoomIn wpb_start_animation animated\">Learn More<\/a><\/div><\/div><div class=\"col-md-6 cs-animation pulse image two_images wpb_animate_when_almost_visible wpb_zoomIn zoomIn wpb_start_animation animated\"><div class=\"cs-column-inner\">[vc_single_image image=\u00a0\u00bb39441&Prime; img_size=\u00a0\u00bbfull\u00a0\u00bb el_class=\u00a0\u00bbimage_1&Prime;][vc_single_image image=\u00a0\u00bb39747&Prime; img_size=\u00a0\u00bbfull\u00a0\u00bb el_class=\u00a0\u00bbimage_content\u00a0\u00bb][vc_single_image image=\u00a0\u00bb39797&Prime; img_size=\u00a0\u00bbfull\u00a0\u00bb el_class=\u00a0\u00bbimage_2&Prime;]<\/div><\/div><\/div><\/div><\/section><section class=\"cs-section sub_pages_section justify-content-center\"><div class=\"container\"><div class=\"row\"><div class=\"col-md-3 cs-animation pulse wpb_animate_when_almost_visible wpb_zoomIn zoomIn wpb_start_animation animated\"><div class=\"cs-column-inner\">[vc_single_image image=\u00a0\u00bb39481&Prime; img_size=\u00a0\u00bbfull\u00a0\u00bb onclick=\u00a0\u00bbcustom_link\u00a0\u00bb link=\u00a0\u00bbhttps:\/\/prihodafabricduct.com\/fr\/produits\/solutions-de-conduits-sur-mesure\/formes\/\u00a0\u00bb title=\u00a0\u00bbFormes\u00a0\u00bb]<a href=\"https:\/\/prihodafabricduct.com\/products\/custom-ducting-solutions\/shapes\/\" class=\"cs-btn cs-btn-custom cs-btn-square cs-btn-custom-own cs-btn-sm cs-btn-custom-69dfdb3a4d43f read_more\"><i class=\"cs-in fa fa-long-arrow-right\"><\/i>Read More <\/a><\/div><\/div><div class=\"col-md-3 cs-animation pulse wpb_animate_when_almost_visible wpb_zoomIn zoomIn wpb_start_animation animated\"><div class=\"cs-column-inner\">[vc_single_image image=\u00a0\u00bb39480&Prime; img_size=\u00a0\u00bbfull\u00a0\u00bb onclick=\u00a0\u00bbcustom_link\u00a0\u00bb link=\u00a0\u00bbhttps:\/\/prihodafabricduct.com\/fr\/produits\/solutions-de-conduits-sur-mesure\/materiaux\/\u00a0\u00bb title=\u00a0\u00bbMat\u00e9riaux\u00a0\u00bb]<a href=\"https:\/\/prihodafabricduct.com\/products\/custom-ducting-solutions\/materials\/\" class=\"cs-btn cs-btn-custom cs-btn-square cs-btn-custom-own cs-btn-sm cs-btn-custom-69dfdb3a4d4e0 read_more\"><i class=\"cs-in fa fa-long-arrow-right\"><\/i>Read More <\/a><\/div><\/div><div class=\"col-md-3 cs-animation pulse wpb_animate_when_almost_visible wpb_zoomIn zoomIn wpb_start_animation animated\"><div class=\"cs-column-inner\">[vc_single_image image=\u00a0\u00bb39482&Prime; img_size=\u00a0\u00bbfull\u00a0\u00bb onclick=\u00a0\u00bbcustom_link\u00a0\u00bb link=\u00a0\u00bbhttps:\/\/prihodafabricduct.com\/fr\/produits\/solutions-de-conduits-sur-mesure\/styles-de-montage\/\u00a0\u00bb title=\u00a0\u00bbStyles de montage\u00a0\u00bb]<a href=\"https:\/\/prihodafabricduct.com\/products\/custom-ducting-solutions\/mounting-styles\/\" class=\"cs-btn cs-btn-custom cs-btn-square cs-btn-custom-own cs-btn-sm cs-btn-custom-69dfdb3a4d55b read_more\"><i class=\"cs-in fa fa-long-arrow-right\"><\/i>Read More <\/a><\/div><\/div><div class=\"col-md-3 cs-animation pulse wpb_animate_when_almost_visible wpb_zoomIn zoomIn wpb_start_animation animated\"><div class=\"cs-column-inner\">[vc_single_image image=\u00a0\u00bb39483&Prime; img_size=\u00a0\u00bbfull\u00a0\u00bb onclick=\u00a0\u00bbcustom_link\u00a0\u00bb link=\u00a0\u00bbhttps:\/\/prihodafabricduct.com\/fr\/produits\/solutions-de-conduits-sur-mesure\/types-de-dispersion\/\u00a0\u00bb title=\u00a0\u00bbTypes de dispersion\u00a0\u00bb]<a href=\"https:\/\/prihodafabricduct.com\/products\/custom-ducting-solutions\/dispersion-types\/\" class=\"cs-btn cs-btn-custom cs-btn-square cs-btn-custom-own cs-btn-sm cs-btn-custom-69dfdb3a4d5dc read_more\"><i class=\"cs-in fa fa-long-arrow-right\"><\/i>Read More <\/a><\/div><\/div><\/div><\/div><\/section><section class=\"cs-section about-us pt-0\" style=\" background-color: #ffffff;\"><div class=\"container\"><div class=\"row cs-equal-height cs-equal-height-top\"><div class=\"col-md-6 cs-animation fadeInLeft content wpb_animate_when_almost_visible wpb_zoomIn zoomIn wpb_start_animation animated\"><div class=\"cs-column-inner\">[vc_custom_heading text=\u00a0\u00bbDes syst\u00e8mes efficaces sur le plan \u00e9nerg\u00e9tique qui favorisent une conception durable\u00a0\u00bb use_theme_fonts=\u00a0\u00bbyes\u00a0\u00bb css=\u00a0\u00bb.vc_custom_1671523382646{margin-bottom: 30px !important;}\u00a0\u00bb]<div class=\"cs-column-text\"><p>En tant que soci\u00e9t\u00e9 d&rsquo;origine europ\u00e9enne, nous sommes depuis longtemps habitu\u00e9s \u00e0 concevoir des syst\u00e8mes de distribution d&rsquo;air pour les centrales de traitement d&rsquo;air avec des pressions statiques externes globales inf\u00e9rieures \u00e0 celles qui sont la norme sur le march\u00e9 nord-am\u00e9ricain. Cela signifie que nous sommes habitu\u00e9s \u00e0 faire plus avec moins d&rsquo;\u00e9nergie. Une distribution uniforme de l&rsquo;air gr\u00e2ce \u00e0 diverses options et outils de conception de la dispersion qui permettent \u00e0 nos syst\u00e8mes d&rsquo;atteindre des niveaux de confort optimaux plus rapidement et au co\u00fbt \u00e9nerg\u00e9tique le plus bas possible. De plus, avec Prihoda Recycled, nous sommes fiers de contribuer \u00e0 soutenir le mouvement de la construction verte avec des produits tra\u00e7ables et certifi\u00e9s durables.<\/p>\n<p>Notre tissu recycl\u00e9 100 % post-consommation ne contient pas d&rsquo;ingr\u00e9dients figurant sur la liste rouge. Il est donc id\u00e9al pour tout projet Living Building Challenge ou Well Building.<\/p>\n<p>Nos ressources techniques et nos outils de conception donnent aux architectes et \u00e0 leurs \u00e9quipes de conception m\u00e9canique un avantage suppl\u00e9mentaire, contribuant ainsi \u00e0 la r\u00e9ussite de la <a href=\"https:\/\/prihodafabricduct.com\/fr\/ressources\/durabilite\/\">conception durable<\/a>.<\/p>\n<\/div><a href=\"\/products\/custom-ducting-solutions\/\" class=\"cs-btn cs-btn-custom cs-btn-square cs-btn-custom-own cs-btn-sm cs-btn-custom-69dfdb3a4d741 fusion-button wpb_animate_when_almost_visible wpb_zoomIn zoomIn wpb_start_animation animated\">Learn More<\/a><\/div><\/div><div class=\"col-md-6 cs-animation pulse image two_images wpb_animate_when_almost_visible wpb_zoomIn zoomIn wpb_start_animation animated\"><div class=\"cs-column-inner\">[vc_single_image image=\u00a0\u00bb39641&Prime; img_size=\u00a0\u00bbfull\u00a0\u00bb el_class=\u00a0\u00bbimage_1&Prime;][vc_single_image image=\u00a0\u00bb39747&Prime; img_size=\u00a0\u00bbfull\u00a0\u00bb el_class=\u00a0\u00bbimage_content\u00a0\u00bb][vc_single_image image=\u00a0\u00bb39843&Prime; img_size=\u00a0\u00bbfull\u00a0\u00bb el_class=\u00a0\u00bbimage_2&Prime;]<\/div><\/div><\/div><\/div><\/section><section class=\"cs-section no-padding\"><div class=\"container-fluid\"><div class=\"row\"><div class=\"col-md-12\"><div class=\"cs-column-inner\"><\/div><\/div><\/div><\/div><\/section><section class=\"cs-section standard_prihoda_colors justify-content-center\" style=\"margin-top: -10px;\"><div class=\"container\"><div class=\"row cs-equal-height\"><div class=\"col-md-12\"><div class=\"cs-column-inner\"><section class=\"cs-section\"><div class=\"container\"><div class=\"row\"><div class=\"col-md-4 cs-animation fadeInLeft standard_prihoda_colors_items standard_prihoda_colors_default wpb_animate_when_almost_visible wpb_zoomIn zoomIn wpb_start_animation animated\"><div class=\"cs-column-inner\">[vc_icon icon_fontawesome=\u00a0\u00bbfas fa-recycle\u00a0\u00bb][vc_custom_heading text=\u00a0\u00bbU TRUST\u00ae VERIFIED\u00a0\u00bb font_container=\u00a0\u00bbtag:h3|text_align:left\u00a0\u00bb use_theme_fonts=\u00a0\u00bbyes\u00a0\u00bb css_animation=\u00a0\u00bbnone\u00a0\u00bb]<div class=\"cs-column-text\"><p>Pour les architectes et les ing\u00e9nieurs qui travaillent dans le domaine de la conception durable, <a href=\"https:\/\/prihodafabricduct.com\/fr\/produits\/specialites-prihoda\/prihoda-recycle\/\">Prihoda Recycl\u00e9<\/a> vous permet de cr\u00e9er un syst\u00e8me complet de dispersion de l&rsquo;air avec 100% de mat\u00e9riaux recycl\u00e9s post-consommation qui sont enti\u00e8rement tra\u00e7ables et certifi\u00e9s avec la <a href=\"https:\/\/unifi.com\/about-us\/certifications\">v\u00e9rification U TRUST\u00ae<\/a> d&rsquo;Unifi.<\/p>\n<\/div><\/div><\/div><div class=\"col-md-4 cs-animation fadeInLeft standard_prihoda_colors_items standard_prihoda_colors_default wpb_animate_when_almost_visible wpb_zoomIn zoomIn wpb_start_animation animated\"><div class=\"cs-column-inner\">[vc_icon icon_fontawesome=\u00a0\u00bbfas fa-drafting-compass\u00a0\u00bb][vc_custom_heading text=\u00a0\u00bbSOUTIEN DES ARCHITECTES\u00a0\u00bb font_container=\u00a0\u00bbtag:h3|text_align:left\u00a0\u00bb use_theme_fonts=\u00a0\u00bbyes\u00a0\u00bb css_animation=\u00a0\u00bbnone\u00a0\u00bb]<div class=\"cs-column-text\"><p>Chez Prihoda North America, nous faisons plus que fournir les produits dont vous avez besoin pour une conception durable. Gr\u00e2ce \u00e0 notre logiciel de conception AirTailor\u00ae et aux cours en ligne donnant droit \u00e0 des cr\u00e9dits HSW, nous allons encore plus loin pour vous fournir les <a href=\"https:\/\/prihodafabricduct.com\/fr\/ressources\/architectes-et-proprietaires\/\">outils et le soutien dont vous avez besoin<\/a>.<\/p>\n<\/div><\/div><\/div><div class=\"col-md-4 cs-animation fadeInLeft standard_prihoda_colors_items standard_prihoda_colors_default wpb_animate_when_almost_visible wpb_zoomIn zoomIn wpb_start_animation animated\"><div class=\"cs-column-inner\">[vc_icon icon_fontawesome=\u00a0\u00bbfas fa-home\u00a0\u00bb][vc_custom_heading text=\u00a0\u00bbCERTIFICATION LBC\u00a0\u00bb font_container=\u00a0\u00bbtag:h3|text_align:left\u00a0\u00bb use_theme_fonts=\u00a0\u00bbyes\u00a0\u00bb css_animation=\u00a0\u00bbnone\u00a0\u00bb]<div class=\"cs-column-text\"><p>Les architectes qui cherchent \u00e0 obtenir une certification dans le cadre du <a href=\"https:\/\/living-future.org\/lbc\/\">Living Building Challenge (LBC)<\/a> comptent sur les produits recycl\u00e9s Prihoda. Nos mat\u00e9riaux recycl\u00e9s 100% post-consommation sont enti\u00e8rement <a href=\"\/wp-content\/uploads\/2022\/11\/LBC-Red-List-Statement.pdf\">conformes<\/a>, ne contenant aucun des ingr\u00e9dients interdits pour la certification LBC.<\/p>\n<\/div><\/div><\/div><\/div><\/div><\/section><\/div><\/div><\/div><\/div><\/section><section class=\"cs-section serving_companies\"><div class=\"container\"><div class=\"row\"><div class=\"col-md-12 cs-animation pulse images wpb_animate_when_almost_visible wpb_zoomIn zoomIn wpb_start_animation animated\"><div class=\"cs-column-inner\"><section class=\"cs-section background\" style=\"background-image: url(https:\/\/prihodafabricduct.com\/wp-content\/uploads\/2022\/10\/Liberty-University-1-Virginia.webp);\"><div class=\"container\"><div class=\"row\"><div class=\"col-md-8 cs-animation fadeInLeft\"><div class=\"cs-column-inner\">[vc_custom_heading text=\u00a0\u00bb\u00c9tude de cas : Le centre aquatique de l&apos;universit\u00e9 Liberty\u00a0\u00bb font_container=\u00a0\u00bbtag:h2|text_align:left|color:%23FFFFFF\u00a0\u00bb use_theme_fonts=\u00a0\u00bbyes\u00a0\u00bb css=\u00a0\u00bb\u00a0\u00bb][vc_custom_heading text=\u00a0\u00bbLe syst\u00e8me de dispersion d&apos;air de pr\u00e9cision du nouveau natatorium permet d&apos;\u00e9viter la mise en d\u00e9charge de 16 466 bouteilles en plastique.\u00a0\u00bb font_container=\u00a0\u00bbtag:h4|text_align:left|color:%23ffffff|line_height:26px\u00a0\u00bb use_theme_fonts=\u00a0\u00bbyes\u00a0\u00bb css=\u00a0\u00bb.vc_custom_1667541564350{margin-bottom: 30px !important;}\u00a0\u00bb]<div class=\"cs-btn-align text-left\"><a href=\"\/case-study\/liberty-university-aquatics-center\/\" class=\"cs-btn cs-btn-custom cs-btn-square cs-btn-custom-own cs-btn-sm cs-btn-custom-69dfdb3a4dde6 fusion-button wpb_animate_when_almost_visible wpb_zoomIn zoomIn wpb_start_animation animated btn_in_bg\">Liberty University<\/a><\/div><\/div><\/div><div class=\"col-md-4\"><div class=\"cs-column-inner\"><\/div><\/div><\/div><\/div><\/section><\/div><\/div><\/div><\/div><\/section>\n","protected":false},"excerpt":{"rendered":"<p><span class=\"entry-read-more\"><a href=\"https:\/\/prihodafabricduct.com\/fr\/conduits-en-tissu\/\" class=\"cs-btn cs-btn-flat cs-btn-rounded cs-btn-xxs cs-btn-flat-accent\">Lire la suite<\/a><\/span><\/p>\n","protected":false},"author":1,"featured_media":0,"parent":0,"menu_order":46,"comment_status":"closed","ping_status":"closed","template":"","meta":{"_acf_changed":false,"footnotes":""},"class_list":["post-40142","page","type-page","status-publish","hentry"],"acf":[],"_links":{"self":[{"href":"https:\/\/prihodafabricduct.com\/fr\/wp-json\/wp\/v2\/pages\/40142","targetHints":{"allow":["GET"]}}],"collection":[{"href":"https:\/\/prihodafabricduct.com\/fr\/wp-json\/wp\/v2\/pages"}],"about":[{"href":"https:\/\/prihodafabricduct.com\/fr\/wp-json\/wp\/v2\/types\/page"}],"author":[{"embeddable":true,"href":"https:\/\/prihodafabricduct.com\/fr\/wp-json\/wp\/v2\/users\/1"}],"replies":[{"embeddable":true,"href":"https:\/\/prihodafabricduct.com\/fr\/wp-json\/wp\/v2\/comments?post=40142"}],"version-history":[{"count":0,"href":"https:\/\/prihodafabricduct.com\/fr\/wp-json\/wp\/v2\/pages\/40142\/revisions"}],"wp:attachment":[{"href":"https:\/\/prihodafabricduct.com\/fr\/wp-json\/wp\/v2\/media?parent=40142"}],"curies":[{"name":"wp","href":"https:\/\/api.w.org\/{rel}","templated":true}]}}