{"id":40161,"date":"2022-12-23T09:53:02","date_gmt":"2022-12-23T09:53:02","guid":{"rendered":"https:\/\/prihodafabricduct.com\/?page_id=40161"},"modified":"2022-12-28T07:40:13","modified_gmt":"2022-12-28T07:40:13","slug":"applications-commerciales-et-industrielles","status":"publish","type":"page","link":"https:\/\/prihodafabricduct.com\/fr\/applications-commerciales-et-industrielles\/","title":{"rendered":"Applications commerciales et industrielles"},"content":{"rendered":"<section class=\"cs-section mb-d-none\"><div class=\"container\"><div class=\"row\"><div class=\"col-md-12\"><div class=\"cs-column-inner\"><div class=\"cs-column-text\"><p><span data-mce-type=\"bookmark\" style=\"display: inline-block; width: 0px; overflow: hidden; line-height: 0;\" class=\"mce_SELRES_start\"><\/span><\/p>\n<\/div><\/div><\/div><\/div><\/div><\/section><section class=\"cs-section our_work_our_vision global_leader_since\"><div class=\"container\"><div class=\"row\"><div class=\"col-md-6 cs-animation pulse images wpb_animate_when_almost_visible wpb_zoomIn zoomIn wpb_start_animation animated\"><div class=\"cs-column-inner\">[vc_single_image image=\u00a0\u00bb39747&Prime; img_size=\u00a0\u00bbfull\u00a0\u00bb el_class=\u00a0\u00bbbackground_img\u00a0\u00bb][vc_single_image image=\u00a0\u00bb39832&Prime; img_size=\u00a0\u00bbfull\u00a0\u00bb el_class=\u00a0\u00bbimage_1&Prime;][vc_single_image image=\u00a0\u00bb39801&Prime; img_size=\u00a0\u00bbfull\u00a0\u00bb el_class=\u00a0\u00bbimage_2&Prime;]<\/div><\/div><div class=\"col-md-6 cs-animation fadeInRight content wpb_animate_when_almost_visible wpb_zoomIn zoomIn wpb_start_animation animated\"><div class=\"cs-column-inner\">[vc_custom_heading text=\u00a0\u00bbCr\u00e9ez l&rsquo;environnement parfait avec des solutions de conduits d&rsquo;air sur mesure et rentables\u00a0\u00bb font_container=\u00a0\u00bbtag:h2|text_align:left|color:%23333333&Prime; use_theme_fonts=\u00a0\u00bbyes\u00a0\u00bb css_animation=\u00a0\u00bbnone\u00a0\u00bb]<div class=\"cs-column-text\"><p>Prihoda est un leader de la technologie HVAC, ouvrant la voie aux conduits et diffuseurs d&rsquo;air sur mesure. Quelle que soit l&rsquo;application &#8211; des entrep\u00f4ts aux \u00e9coles, des bureaux aux usines &#8211; Prihoda propose des solutions personnalisables qui r\u00e9pondent aux besoins de tout espace commercial ou industriel. Gr\u00e2ce \u00e0 nos avanc\u00e9es brevet\u00e9es telles que la micro-perforation, les poches de contr\u00f4le d&rsquo;air, les buses en tissu, les diffuseurs plats pour plafonds suspendus et les conduits \u00e0 pression n\u00e9gative, nous pouvons offrir \u00e0 nos clients une gamme d&rsquo;options in\u00e9gal\u00e9e.<br \/>\nGr\u00e2ce \u00e0 l&rsquo;expertise technique et au logiciel de conception sophistiqu\u00e9 de Prihoda, ainsi qu&rsquo;\u00e0 ses capacit\u00e9s d&rsquo;impression personnalis\u00e9es en interne, vous pouvez \u00eatre assur\u00e9 que la solution de distribution d&rsquo;air parfaite n&rsquo;est qu&rsquo;\u00e0 quelques clics !<\/p>\n<\/div><a href=\"\/products\/\" class=\"cs-btn cs-btn-custom cs-btn-square cs-btn-custom-own cs-btn-sm cs-btn-custom-69f1eb35ac9c3 fusion-button wpb_animate_when_almost_visible wpb_zoomIn zoomIn wpb_start_animation animated\">Apprendre encore plus<\/a><\/div><\/div><\/div><\/div><\/section><section class=\"cs-section mb-d-none\"><div class=\"container\"><div class=\"row\"><div class=\"col-md-12\"><div class=\"cs-column-inner\"><div class=\"cs-column-text\"><p><span data-mce-type=\"bookmark\" style=\"display: inline-block; width: 0px; overflow: hidden; line-height: 0;\" class=\"mce_SELRES_end\"><\/span><\/p>\n<\/div><\/div><\/div><\/div><\/div><\/section><section class=\"cs-section no-padding remarkably_long_service_life\" style=\" background-color: #f0f3f9;\"><div class=\"container\"><div class=\"row\"><div class=\"col-md-12\"><div class=\"cs-column-inner\"><section class=\"cs-section remarkably_long_service_life_child\"><div class=\"container\"><div class=\"row cs-equal-height\"><div class=\"col-md-12 remarkably_long_service_life_child_items\"><div class=\"cs-column-inner\">[vc_single_image image=\u00a0\u00bb39791&Prime; img_size=\u00a0\u00bbfull\u00a0\u00bb][vc_custom_heading text=\u00a0\u00bbCommercial\u00a0\u00bb font_container=\u00a0\u00bbtag:h3|text_align:left\u00a0\u00bb use_theme_fonts=\u00a0\u00bbyes\u00a0\u00bb css_animation=\u00a0\u00bbnone\u00a0\u00bb]<div class=\"cs-column-text\"><p>Des solutions pour toutes les installations et tous les environnements<br \/>\nLe partenaire id\u00e9al pour cr\u00e9er l&rsquo;environnement id\u00e9al. Avec des applications pour les piscines et les gymnases dans des domaines sp\u00e9cialis\u00e9s tels que les laboratoires et les centres de donn\u00e9es, nos solutions brevet\u00e9es et sur mesure sont con\u00e7ues pour s&rsquo;adapter \u00e0 votre installation sp\u00e9cifique tout en \u00e9tant \u00e9cologiques et rentables. Nos designs innovants rendront votre espace confortable, efficace et agr\u00e9able.<\/p>\n<\/div><a href=\"\/fr\/applications-commerciales-et-industrielles\/commercial\/\" class=\"cs-btn cs-btn-custom cs-btn-square cs-btn-custom-own cs-btn-sm cs-btn-custom-69f1eb35ace2b fusion-button wpb_animate_when_almost_visible wpb_zoomIn zoomIn wpb_start_animation animated\">Apprendre encore plus<\/a><\/div><\/div><div class=\"col-md-12 remarkably_long_service_life_child_items\"><div class=\"cs-column-inner\">[vc_single_image image=\u00a0\u00bb39790&Prime; img_size=\u00a0\u00bbfull\u00a0\u00bb][vc_custom_heading text=\u00a0\u00bbCr\u00e9ez l&rsquo;environnement parfait avec des solutions de conduits d&rsquo;air sur mesure et rentables\u00a0\u00bb font_container=\u00a0\u00bbtag:h3|text_align:left\u00a0\u00bb use_theme_fonts=\u00a0\u00bbyes\u00a0\u00bb css_animation=\u00a0\u00bbnone\u00a0\u00bb]<div class=\"cs-column-text\"><p>Am\u00e9liorer la qualit\u00e9 et l&rsquo;efficacit\u00e9 de l&rsquo;air avec des solutions personnalis\u00e9es<br \/>\nDes entrep\u00f4ts et des cuisines commerciales aux applications agricoles int\u00e9rieures, Prihoda est le choix id\u00e9al pour tout espace industriel. Nos syst\u00e8mes brevet\u00e9s sont con\u00e7us sur mesure pour les applications industrielles et con\u00e7us pour r\u00e9sister aux climats les plus exigeants. avoir Prihoda comme partenaire facilite grandement la cr\u00e9ation et le maintien de cet environnement parfait.<\/p>\n<\/div><a href=\"\/applications\/industrial\/\" class=\"cs-btn cs-btn-custom cs-btn-square cs-btn-custom-own cs-btn-sm cs-btn-custom-69f1eb35acf1d fusion-button wpb_animate_when_almost_visible wpb_zoomIn zoomIn wpb_start_animation animated\">Apprendre encore plus<\/a><\/div><\/div><\/div><\/div><\/section><\/div><\/div><\/div><\/div><\/section><section class=\"cs-section custom-padding animation_section1\" style=\" padding-top: 100px; padding-bottom:100px;\"><div class=\"container\"><div class=\"row cs-equal-height cs-equal-height-top\"><div class=\"col-md-12 cs-animation fadeInLeft content wpb_animate_when_almost_visible wpb_zoomIn zoomIn wpb_start_animation animated\"><div class=\"cs-column-inner\">[vc_single_image image=\u00a0\u00bb39871&Prime; img_size=\u00a0\u00bbfull\u00a0\u00bb el_class=\u00a0\u00bblogo\u00a0\u00bb][vc_custom_heading text=\u00a0\u00bbNotre processus\u00a0\u00bb font_container=\u00a0\u00bbtag:h2|text_align:center|color:%23333333&Prime; use_theme_fonts=\u00a0\u00bbyes\u00a0\u00bb css_animation=\u00a0\u00bbnone\u00a0\u00bb]<div class=\"cs-column-text\"><div class=\"bg-static\">\n<div class=\"scroll \">\n<div class=\"images \"><img decoding=\"async\" class=\"background-image\" src=\"\/wp-content\/uploads\/2022\/12\/background-image.png\" srcset=\"https:\/\/prihodafabricduct.com\/wp-content\/uploads\/2022\/12\/background-image.png 1172w, https:\/\/prihodafabricduct.com\/wp-content\/uploads\/2022\/12\/background-image-300x120.png 300w, https:\/\/prihodafabricduct.com\/wp-content\/uploads\/2022\/12\/background-image-1024x410.png 1024w, https:\/\/prihodafabricduct.com\/wp-content\/uploads\/2022\/12\/background-image-768x307.png 768w\" sizes=\"(max-width: 1172px) 100vw, 1172px\"><img decoding=\"async\" class=\"main\" src=\"\/wp-content\/uploads\/2022\/12\/maininfo.png\" srcset=\"https:\/\/prihodafabricduct.com\/wp-content\/uploads\/2022\/12\/maininfo.png 1662w, https:\/\/prihodafabricduct.com\/wp-content\/uploads\/2022\/12\/maininfo-300x118.png 300w, https:\/\/prihodafabricduct.com\/wp-content\/uploads\/2022\/12\/maininfo-1024x401.png 1024w, https:\/\/prihodafabricduct.com\/wp-content\/uploads\/2022\/12\/maininfo-768x301.png 768w, https:\/\/prihodafabricduct.com\/wp-content\/uploads\/2022\/12\/maininfo-1536x602.png 1536w\" sizes=\"(max-width: 1662px) 100vw, 1662px\"><img decoding=\"async\" class=\"background-border-image animateThis wpb_animate_when_almost_visible wpb_zoomIn zoomIn wpb_start_animation animated\" src=\"\/wp-content\/uploads\/2022\/12\/Asset-5.png\" srcset=\"https:\/\/prihodafabricduct.com\/wp-content\/uploads\/2022\/12\/Asset-5.png 1667w, https:\/\/prihodafabricduct.com\/wp-content\/uploads\/2022\/12\/Asset-5-300x117.png 300w, https:\/\/prihodafabricduct.com\/wp-content\/uploads\/2022\/12\/Asset-5-1024x400.png 1024w, https:\/\/prihodafabricduct.com\/wp-content\/uploads\/2022\/12\/Asset-5-768x300.png 768w, https:\/\/prihodafabricduct.com\/wp-content\/uploads\/2022\/12\/Asset-5-1536x600.png 1536w\" sizes=\"(max-width: 1667px) 100vw, 1667px\"><\/div>\n<\/div>\n<\/div>\n<\/div><\/div><\/div><\/div><\/div><\/section><section class=\"cs-section about-us\" style=\" background-color: #f0f3f9;\"><div class=\"container\"><div class=\"row cs-equal-height cs-equal-height-top\"><div class=\"col-md-6 cs-animation fadeInLeft content wpb_animate_when_almost_visible wpb_zoomIn zoomIn wpb_start_animation animated\"><div class=\"cs-column-inner\">[vc_custom_heading text=\u00a0\u00bbDistribution d&rsquo;air personnalis\u00e9e et durabilit\u00e9 pour l&rsquo;avenir\u00a0\u00bb use_theme_fonts=\u00a0\u00bbyes\u00a0\u00bb]<div class=\"cs-column-text\"><div class=\"fusion-text fusion-text-1\">\n<p>Prihoda a d\u00e9velopp\u00e9 une large gamme de conduits et d&rsquo;options de dispersion, avec une gamme compl\u00e8te de diff\u00e9rents types de tissus, de formes de conduits, de styles de montage et de m\u00e9thodes de dispersion. Ces options peuvent \u00eatre combin\u00e9es dans un nombre illimit\u00e9 de configurations, afin de cr\u00e9er un syst\u00e8me de distribution d&rsquo;air enti\u00e8rement personnalis\u00e9 et con\u00e7u avec pr\u00e9cision, qui r\u00e9pond aux exigences de n&rsquo;importe quel espace.<strong> <\/strong><\/div>\n<\/div><a href=\"\/products\/\" class=\"cs-btn cs-btn-custom cs-btn-square cs-btn-custom-own cs-btn-sm cs-btn-custom-69f1eb35ad1c6 fusion-button wpb_animate_when_almost_visible wpb_zoomIn zoomIn wpb_start_animation animated\">Apprendre encore plus<\/a><\/div><\/div><div class=\"col-md-6 cs-animation pulse image two_images wpb_animate_when_almost_visible wpb_zoomIn zoomIn wpb_start_animation animated\"><div class=\"cs-column-inner\">[vc_single_image image=\u00a0\u00bb39441&Prime; img_size=\u00a0\u00bbfull\u00a0\u00bb el_class=\u00a0\u00bbimage_1&Prime;][vc_single_image image=\u00a0\u00bb39747&Prime; img_size=\u00a0\u00bbfull\u00a0\u00bb el_class=\u00a0\u00bbimage_content\u00a0\u00bb][vc_single_image image=\u00a0\u00bb39797&Prime; img_size=\u00a0\u00bbfull\u00a0\u00bb el_class=\u00a0\u00bbimage_2&Prime;]<\/div><\/div><\/div><\/div><\/section><section class=\"cs-section sub_pages_section justify-content-center\"><div class=\"container\"><div class=\"row\"><div class=\"col-md-3 cs-animation pulse wpb_animate_when_almost_visible wpb_zoomIn zoomIn wpb_start_animation animated\"><div class=\"cs-column-inner\">[vc_single_image image=\u00a0\u00bb39480&Prime; img_size=\u00a0\u00bbfull\u00a0\u00bb onclick=\u00a0\u00bbcustom_link\u00a0\u00bb link=\u00a0\u00bbhttps:\/\/prihodafabricduct.com\/fr\/produits\/solutions-de-conduits-sur-mesure\/materiaux\/\u00a0\u00bb title=\u00a0\u00bbMat\u00e9riaux\u00a0\u00bb]<a href=\"\/products\/custom-ducting-solutions\/materials\/\" class=\"cs-btn cs-btn-custom cs-btn-square cs-btn-custom-own cs-btn-sm cs-btn-custom-69f1eb35ad4b1 read_more\"><i class=\"cs-in fa fa-long-arrow-right\"><\/i>Lire la suite<\/a><\/div><\/div><div class=\"col-md-3 cs-animation pulse wpb_animate_when_almost_visible wpb_zoomIn zoomIn wpb_start_animation animated\"><div class=\"cs-column-inner\">[vc_single_image image=\u00a0\u00bb39481&Prime; img_size=\u00a0\u00bbfull\u00a0\u00bb onclick=\u00a0\u00bbcustom_link\u00a0\u00bb link=\u00a0\u00bbhttps:\/\/prihodafabricduct.com\/fr\/produits\/solutions-de-conduits-sur-mesure\/formes\/\u00a0\u00bb title=\u00a0\u00bbFormes\u00a0\u00bb]<a href=\"\/products\/custom-ducting-solutions\/shapes\/\" class=\"cs-btn cs-btn-custom cs-btn-square cs-btn-custom-own cs-btn-sm cs-btn-custom-69f1eb35ad5c3 read_more\"><i class=\"cs-in fa fa-long-arrow-right\"><\/i>Lire la suite<\/a><\/div><\/div><div class=\"col-md-3 cs-animation pulse wpb_animate_when_almost_visible wpb_zoomIn zoomIn wpb_start_animation animated\"><div class=\"cs-column-inner\">[vc_single_image image=\u00a0\u00bb39482&Prime; img_size=\u00a0\u00bbfull\u00a0\u00bb onclick=\u00a0\u00bbcustom_link\u00a0\u00bb link=\u00a0\u00bbhttps:\/\/prihodafabricduct.com\/fr\/produits\/solutions-de-conduits-sur-mesure\/styles-de-montage\/\u00a0\u00bb title=\u00a0\u00bbStyles de montage\u00a0\u00bb]<a href=\"\/products\/custom-ducting-solutions\/mounting-styles\/\" class=\"cs-btn cs-btn-custom cs-btn-square cs-btn-custom-own cs-btn-sm cs-btn-custom-69f1eb35ad6b0 read_more\"><i class=\"cs-in fa fa-long-arrow-right\"><\/i>Lire la suite<\/a><\/div><\/div><div class=\"col-md-3 cs-animation pulse wpb_animate_when_almost_visible wpb_zoomIn zoomIn wpb_start_animation animated\"><div class=\"cs-column-inner\">[vc_single_image image=\u00a0\u00bb39483&Prime; img_size=\u00a0\u00bbfull\u00a0\u00bb onclick=\u00a0\u00bbcustom_link\u00a0\u00bb link=\u00a0\u00bbhttps:\/\/prihodafabricduct.com\/fr\/produits\/solutions-de-conduits-sur-mesure\/types-de-dispersion\/\u00a0\u00bb title=\u00a0\u00bbTypes de dispersion\u00a0\u00bb]<a href=\"\/products\/custom-ducting-solutions\/dispersion-types\/\" class=\"cs-btn cs-btn-custom cs-btn-square cs-btn-custom-own cs-btn-sm cs-btn-custom-69f1eb35ad7a3 read_more\"><i class=\"cs-in fa fa-long-arrow-right\"><\/i>Lire la suite<\/a><\/div><\/div><\/div><\/div><\/section><section class=\"cs-section our_work_our_vision global_leader_since pt-0\"><div class=\"container\"><div class=\"row\"><div class=\"col-md-6 cs-animation pulse images wpb_animate_when_almost_visible wpb_zoomIn zoomIn wpb_start_animation animated\"><div class=\"cs-column-inner\">[vc_single_image image=\u00a0\u00bb39747&Prime; img_size=\u00a0\u00bbfull\u00a0\u00bb el_class=\u00a0\u00bbbackground_img\u00a0\u00bb][vc_single_image image=\u00a0\u00bb39853&Prime; img_size=\u00a0\u00bbfull\u00a0\u00bb el_class=\u00a0\u00bbimage_1&Prime;][vc_single_image image=\u00a0\u00bb39852&Prime; img_size=\u00a0\u00bbfull\u00a0\u00bb el_class=\u00a0\u00bbimage_2&Prime;]<div class=\"cs-column-text image_content\"><p><strong>Plus de 25 ans<\/strong><\/p>\n<\/div><\/div><\/div><div class=\"col-md-6 cs-animation fadeInRight content wpb_animate_when_almost_visible wpb_zoomIn zoomIn wpb_start_animation animated\"><div class=\"cs-column-inner\">[vc_custom_heading text=\u00a0\u00bbChauffage et refroidissement innovants et \u00e9conomiques pour toute application commerciale ou industrielle\u00a0\u00bb font_container=\u00a0\u00bbtag:h2|text_align:left|color:%23333333&Prime; use_theme_fonts=\u00a0\u00bbyes\u00a0\u00bb css_animation=\u00a0\u00bbnone\u00a0\u00bb]<div class=\"cs-column-text\"><p>Plus de 25 ans, Prihoda est depuis \u00e0 la t\u00eate de l&rsquo;industrie du CVC avec une recherche et une conception innovantes dans les syst\u00e8mes de dispersion d&rsquo;air en tissu. Des avanc\u00e9es brevet\u00e9es telles que la microperforation, les poches de contr\u00f4le de l&rsquo;air, les buses en tissu, les diffuseurs plats pour plafonds suspendus et les conduits \u00e0 pression n\u00e9gative, ont produit une gamme compl\u00e8te de produits capables de r\u00e9pondre aux exigences de pratiquement tous les types d&rsquo;espace.<\/p>\n<p>L&rsquo;expertise technique et le logiciel de conception sophistiqu\u00e9 de l&rsquo;entreprise, ainsi que les capacit\u00e9s d&rsquo;impression personnalis\u00e9es en interne, font des conduits et diffuseurs en tissu Prihoda le choix id\u00e9al pour tout environnement n\u00e9cessitant un contr\u00f4le pr\u00e9cis de l&rsquo;air avec des options de conception esth\u00e9tique personnalis\u00e9e. Cliquez sur les liens ci-dessous pour d\u00e9couvrir comment prihoda peut faire passer les conduits d&rsquo;air de votre entreprise au niveau sup\u00e9rieur avec durabilit\u00e9 et fonctionnalit\u00e9.<\/p>\n<\/div><a href=\"\/find-a-local-rep\/\" class=\"cs-btn cs-btn-custom cs-btn-square cs-btn-custom-own cs-btn-sm cs-btn-custom-69f1eb35adab7 fusion-button wpb_animate_when_almost_visible wpb_zoomIn zoomIn wpb_start_animation animated\">TROUVER UN REPR\u00c9SENTANT LOCAL<\/a><\/div><\/div><\/div><\/div><\/section><section class=\"cs-section no-padding\"><div class=\"container-fluid\"><div class=\"row\"><div class=\"col-md-12\"><div class=\"cs-column-inner\">[vc_raw_html css=\u00a0\u00bb.vc_custom_1665748315344{margin-bottom: 0px !important;}\u00a0\u00bb]PHN2ZyB4bWxucz0iaHR0cDovL3d3dy53My5vcmcvMjAwMC9zdmciIHZpZXdib3g9IjAgMCAxMDAwIDEwMCIgcHJlc2VydmVhc3BlY3RyYXRpbz0ibm9uZSI+Cgk8cGF0aCBjbGFzcz0iZWxlbWVudG9yLXNoYXBlLWZpbGwiIGQ9Ik01MDAuMiw5NC43TDAsMHYxMDBoMTAwMFYwTDUwMC4yLDk0Ljd6IiBzdHlsZT0iZmlsbDogI0YwRjNGOTsiPjwvcGF0aD4KPC9zdmc+[\/vc_raw_html]<\/div><\/div><\/div><\/div><\/section><section class=\"cs-section case_studies\" style=\"margin-top: -10px;\"><div class=\"container\"><div class=\"row\"><div class=\"col-md-12\"><div class=\"cs-column-inner\">[vc_custom_heading text=\u00a0\u00bb\u00c9tudes de cas\u00a0\u00bb font_container=\u00a0\u00bbtag:h2|text_align:center\u00a0\u00bb use_theme_fonts=\u00a0\u00bbyes\u00a0\u00bb css_animation=\u00a0\u00bbfadeInDown\u00a0\u00bb][vc_basic_grid post_type=\u00a0\u00bbcase_studies\u00a0\u00bb max_items=\u00a0\u00bb3&Prime; order=\u00a0\u00bbASC\u00a0\u00bb item=\u00a0\u00bb377&Prime; grid_id=\u00a0\u00bbvc_gid:1672213091458-8d5b28f7-824e-8&Prime;]<a href=\"\/etudes-de-cas\/\" class=\"cs-btn cs-btn-custom cs-btn-square cs-btn-custom-own cs-btn-sm cs-btn-custom-69f1eb35add0b fusion-button wpb_animate_when_almost_visible wpb_zoomIn zoomIn wpb_start_animation animated\">Apprendre encore plus<\/a><\/div><\/div><\/div><\/div><\/section>\n","protected":false},"excerpt":{"rendered":"<p><span class=\"entry-read-more\"><a href=\"https:\/\/prihodafabricduct.com\/fr\/applications-commerciales-et-industrielles\/\" class=\"cs-btn cs-btn-flat cs-btn-rounded cs-btn-xxs cs-btn-flat-accent\">Lire la suite<\/a><\/span><\/p>\n","protected":false},"author":1,"featured_media":0,"parent":0,"menu_order":68,"comment_status":"closed","ping_status":"closed","template":"","meta":{"_acf_changed":false,"footnotes":""},"class_list":["post-40161","page","type-page","status-publish","hentry"],"acf":[],"_links":{"self":[{"href":"https:\/\/prihodafabricduct.com\/fr\/wp-json\/wp\/v2\/pages\/40161","targetHints":{"allow":["GET"]}}],"collection":[{"href":"https:\/\/prihodafabricduct.com\/fr\/wp-json\/wp\/v2\/pages"}],"about":[{"href":"https:\/\/prihodafabricduct.com\/fr\/wp-json\/wp\/v2\/types\/page"}],"author":[{"embeddable":true,"href":"https:\/\/prihodafabricduct.com\/fr\/wp-json\/wp\/v2\/users\/1"}],"replies":[{"embeddable":true,"href":"https:\/\/prihodafabricduct.com\/fr\/wp-json\/wp\/v2\/comments?post=40161"}],"version-history":[{"count":0,"href":"https:\/\/prihodafabricduct.com\/fr\/wp-json\/wp\/v2\/pages\/40161\/revisions"}],"wp:attachment":[{"href":"https:\/\/prihodafabricduct.com\/fr\/wp-json\/wp\/v2\/media?parent=40161"}],"curies":[{"name":"wp","href":"https:\/\/api.w.org\/{rel}","templated":true}]}}