{"id":40179,"date":"2022-12-23T10:24:29","date_gmt":"2022-12-23T10:24:29","guid":{"rendered":"https:\/\/prihodafabricduct.com\/?page_id=40179"},"modified":"2022-12-24T05:25:40","modified_gmt":"2022-12-24T05:25:40","slug":"des-nouvelles","status":"publish","type":"page","link":"https:\/\/prihodafabricduct.com\/fr\/des-nouvelles\/","title":{"rendered":"Des nouvelles"},"content":{"rendered":"<section class=\"cs-section prihoda_news\" style=\"margin-top: -10px;\"><div class=\"container\"><div class=\"row\"><div class=\"col-md-12\"><div class=\"cs-column-inner\">[vc_custom_heading text=\u00a0\u00bbNouvelles et mises \u00e0 jour de l&rsquo;entreprise\u00a0\u00bb font_container=\u00a0\u00bbtag:h2|text_align:center\u00a0\u00bb use_theme_fonts=\u00a0\u00bbyes\u00a0\u00bb]<div class=\"cs-column-text\" style=\"text-align: center;width: 80%;margin-left: auto;margin-right: auto;margin-bottom: 30px;\"><div class=\"fusion-text fusion-text-1\">\n<div class=\"fusion-text fusion-text-1\">\n<div class=\"fusion-text fusion-text-1\">\n<div class=\"fusion-text fusion-text-1\">\n<p>Nouvelles et mises \u00e0 jour de l&rsquo;industrie du si\u00e8ge social de Prihoda North America. Ici, nous partageons des nouvelles sur les produits, le personnel, les applications sp\u00e9ciales, les ressources nouvelles ou mises \u00e0 jour, les opportunit\u00e9s de formation continue, et plus encore.<\/p>\n<\/div>\n<\/div>\n<\/div>\n<\/div>\n<\/div>[vc_basic_grid post_type=\u00a0\u00bbpost\u00a0\u00bb max_items=\u00a0\u00bb3&Prime; element_width=\u00a0\u00bb12&Prime; item=\u00a0\u00bb1149&Prime; grid_id=\u00a0\u00bbvc_gid:1671859502535-488111c0-9880-10&Prime;]<\/div><\/div><\/div><\/div><\/section><section class=\"cs-section no-padding\"><div class=\"container-fluid\"><div class=\"row\"><div class=\"col-md-12\"><div class=\"cs-column-inner\">[vc_raw_html css=\u00a0\u00bb.vc_custom_1665748315344{margin-bottom: 0px !important;}\u00a0\u00bb]JTNDc3ZnJTIweG1sbnMlM0QlMjJodHRwJTNBJTJGJTJGd3d3LnczLm9yZyUyRjIwMDAlMkZzdmclMjIlMjB2aWV3Qm94JTNEJTIyMCUyMDAlMjAxMDAwJTIwMTAwJTIyJTIwcHJlc2VydmVBc3BlY3RSYXRpbyUzRCUyMm5vbmUlMjIlM0UlMEElMDklM0NwYXRoJTIwY2xhc3MlM0QlMjJlbGVtZW50b3Itc2hhcGUtZmlsbCUyMiUyMGQlM0QlMjJNNTAwLjIlMkM5NC43TDAlMkMwdjEwMGgxMDAwVjBMNTAwLjIlMkM5NC43eiUyMiUyMHN0eWxlJTNEJTIyZmlsbCUzQSUyMCUyM0YwRjNGOSUzQiUyMiUzRSUzQyUyRnBhdGglM0UlMEElM0MlMkZzdmclM0U=[\/vc_raw_html]<\/div><\/div><\/div><\/div><\/section><section class=\"cs-section case_studies\" style=\"margin-top: -10px;\"><div class=\"container\"><div class=\"row\"><div class=\"col-md-12\"><div class=\"cs-column-inner\">[vc_custom_heading text=\u00a0\u00bb\u00c9tudes de cas\u00a0\u00bb font_container=\u00a0\u00bbtag:h2|text_align:center\u00a0\u00bb use_theme_fonts=\u00a0\u00bbyes\u00a0\u00bb css_animation=\u00a0\u00bbfadeInDown\u00a0\u00bb][vc_basic_grid post_type=\u00a0\u00bbcase_studies\u00a0\u00bb max_items=\u00a0\u00bb3&Prime; order=\u00a0\u00bbASC\u00a0\u00bb item=\u00a0\u00bb377&Prime; grid_id=\u00a0\u00bbvc_gid:1671859502537-421d56c2-6efb-2&Prime; exclude=\u00a0\u00bb400&Prime;]<\/div><\/div><\/div><\/div><\/section>\n","protected":false},"excerpt":{"rendered":"<p><span class=\"entry-read-more\"><a href=\"https:\/\/prihodafabricduct.com\/fr\/des-nouvelles\/\" class=\"cs-btn cs-btn-flat cs-btn-rounded cs-btn-xxs cs-btn-flat-accent\">Lire la suite<\/a><\/span><\/p>\n","protected":false},"author":1,"featured_media":0,"parent":0,"menu_order":27,"comment_status":"closed","ping_status":"closed","template":"","meta":{"_acf_changed":false,"footnotes":""},"class_list":["post-40179","page","type-page","status-publish","hentry"],"acf":[],"_links":{"self":[{"href":"https:\/\/prihodafabricduct.com\/fr\/wp-json\/wp\/v2\/pages\/40179","targetHints":{"allow":["GET"]}}],"collection":[{"href":"https:\/\/prihodafabricduct.com\/fr\/wp-json\/wp\/v2\/pages"}],"about":[{"href":"https:\/\/prihodafabricduct.com\/fr\/wp-json\/wp\/v2\/types\/page"}],"author":[{"embeddable":true,"href":"https:\/\/prihodafabricduct.com\/fr\/wp-json\/wp\/v2\/users\/1"}],"replies":[{"embeddable":true,"href":"https:\/\/prihodafabricduct.com\/fr\/wp-json\/wp\/v2\/comments?post=40179"}],"version-history":[{"count":0,"href":"https:\/\/prihodafabricduct.com\/fr\/wp-json\/wp\/v2\/pages\/40179\/revisions"}],"wp:attachment":[{"href":"https:\/\/prihodafabricduct.com\/fr\/wp-json\/wp\/v2\/media?parent=40179"}],"curies":[{"name":"wp","href":"https:\/\/api.w.org\/{rel}","templated":true}]}}