{"id":40188,"date":"2022-12-23T10:34:11","date_gmt":"2022-12-23T10:34:11","guid":{"rendered":"https:\/\/prihodafabricduct.com\/?page_id=40188"},"modified":"2022-12-28T07:56:33","modified_gmt":"2022-12-28T07:56:33","slug":"commercial","status":"publish","type":"page","link":"https:\/\/prihodafabricduct.com\/fr\/applications-commerciales-et-industrielles\/commercial\/","title":{"rendered":"Commercial"},"content":{"rendered":"<section class=\"cs-section remarkably_long_service_life\"><div class=\"container\"><div class=\"row\"><div class=\"col-md-12\"><div class=\"cs-column-inner\"><section class=\"cs-section background_black\"><div class=\"container\"><div class=\"row\"><div class=\"col-md-9\"><div class=\"cs-column-inner\">[vc_custom_heading text=\u00a0\u00bbUn confort optimal et un aspect esth\u00e9tique\u00a0\u00bb font_container=\u00a0\u00bbtag:h2|text_align:center\u00a0\u00bb use_theme_fonts=\u00a0\u00bbyes\u00a0\u00bb css_animation=\u00a0\u00bbfadeInUp\u00a0\u00bb]<div class=\"cs-column-text cs-animation fadeInUp wpb_animate_when_almost_visible wpb_zoomIn zoomIn wpb_start_animation animated\"><p style=\"text-align: center;\">En cr\u00e9ant des mod\u00e8les de distribution qui correspondent pr\u00e9cis\u00e9ment aux besoins d&rsquo;utilisation de chaque espace, la dispersion de l&rsquo;air con\u00e7ue sur mesure par Prihoda assure un confort optimal pour les occupants et une efficacit\u00e9 optimale du syst\u00e8me. La distribution r\u00e9guli\u00e8re et continue de l&rsquo;air assur\u00e9e par les gaines en tissu permet d&rsquo;\u00e9viter les courants d&rsquo;air et les zones mortes qui sont courants dans les syst\u00e8mes CVC traditionnels.<\/p>\n<p style=\"text-align: center;\">Dans les environnements sp\u00e9cialis\u00e9s tels que les salles blanches et les laboratoires, les centres de donn\u00e9es, les piscines int\u00e9rieures et les studios d&rsquo;enregistrement, les tissus anti-fuite de Prihoda, le rev\u00eatement antimicrobien en option, les att\u00e9nuateurs de bruit et la facilit\u00e9 de nettoyage et d&rsquo;entretien font de la gaine textile un choix id\u00e9al.<\/p>\n<p style=\"text-align: center;\">Et dans les environnements \u00e0 haute visibilit\u00e9 comme les magasins, les immeubles de bureaux, les salles de classe et les gymnases, les gaines et les diffuseurs en tissu Prihoda peuvent \u00eatre con\u00e7us comme une partie intrins\u00e8que de l&rsquo;esth\u00e9tique de l&rsquo;espace.<\/p>\n<\/div><\/div><\/div><\/div><\/div><\/section><\/div><\/div><\/div><\/div><\/section><section class=\"cs-section sub_pages_section pt-0\"><div class=\"container\"><div class=\"row\"><div class=\"col-md-4 cs-animation pulse wpb_animate_when_almost_visible wpb_zoomIn zoomIn wpb_start_animation animated\"><div class=\"cs-column-inner\">[vc_single_image image=\u00a0\u00bb39564&Prime; img_size=\u00a0\u00bbfull\u00a0\u00bb onclick=\u00a0\u00bbcustom_link\u00a0\u00bb link=\u00a0\u00bbhttps:\/\/prihodafabricduct.com\/applications\/commercial\/pools\/\u00a0\u00bb title=\u00a0\u00bbPiscines\u00a0\u00bb]<a href=\"https:\/\/prihodafabricduct.com\/applications\/commercial\/pools\/\" class=\"cs-btn cs-btn-custom cs-btn-square cs-btn-custom-own cs-btn-sm cs-btn-custom-69eca3504ca8e read_more\"><i class=\"cs-in fa fa-long-arrow-right\"><\/i>Lire la suite<\/a><\/div><\/div><div class=\"col-md-4 cs-animation pulse wpb_animate_when_almost_visible wpb_zoomIn zoomIn wpb_start_animation animated\"><div class=\"cs-column-inner\">[vc_single_image image=\u00a0\u00bb39563&Prime; img_size=\u00a0\u00bbfull\u00a0\u00bb onclick=\u00a0\u00bbcustom_link\u00a0\u00bb link=\u00a0\u00bbhttps:\/\/prihodafabricduct.com\/applications\/commercial\/gyms-arenas\/\u00a0\u00bb title=\u00a0\u00bbGymnases et ar\u00e9nas\u00a0\u00bb]<a href=\"https:\/\/prihodafabricduct.com\/applications\/commercial\/gyms-arenas\/\" class=\"cs-btn cs-btn-custom cs-btn-square cs-btn-custom-own cs-btn-sm cs-btn-custom-69eca3504cb38 read_more\"><i class=\"cs-in fa fa-long-arrow-right\"><\/i>Lire la suite<\/a><\/div><\/div><div class=\"col-md-4 cs-animation pulse wpb_animate_when_almost_visible wpb_zoomIn zoomIn wpb_start_animation animated\"><div class=\"cs-column-inner\">[vc_single_image image=\u00a0\u00bb39562&Prime; img_size=\u00a0\u00bbfull\u00a0\u00bb onclick=\u00a0\u00bbcustom_link\u00a0\u00bb link=\u00a0\u00bbhttps:\/\/prihodafabricduct.com\/applications\/commercial\/cleanrooms-labs-healthcare\/\u00a0\u00bb title=\u00a0\u00bbSalles blanches, laboratoires et soins de sant\u00e9\u00a0\u00bb]<a href=\"https:\/\/prihodafabricduct.com\/applications\/commercial\/cleanrooms-labs-healthcare\/\" class=\"cs-btn cs-btn-custom cs-btn-square cs-btn-custom-own cs-btn-sm cs-btn-custom-69eca3504cbb5 read_more\"><i class=\"cs-in fa fa-long-arrow-right\"><\/i>Lire la suite<\/a><\/div><\/div><div class=\"col-md-4 cs-animation pulse wpb_animate_when_almost_visible wpb_zoomIn zoomIn wpb_start_animation animated\"><div class=\"cs-column-inner\">[vc_single_image image=\u00a0\u00bb39561&Prime; img_size=\u00a0\u00bbfull\u00a0\u00bb onclick=\u00a0\u00bbcustom_link\u00a0\u00bb link=\u00a0\u00bbhttps:\/\/prihodafabricduct.com\/applications\/commercial\/offices-classrooms\/\u00a0\u00bb title=\u00a0\u00bbBureaux et salles de classe\u00a0\u00bb]<a href=\"https:\/\/prihodafabricduct.com\/applications\/commercial\/offices-classrooms\/\" class=\"cs-btn cs-btn-custom cs-btn-square cs-btn-custom-own cs-btn-sm cs-btn-custom-69eca3504cc32 read_more\"><i class=\"cs-in fa fa-long-arrow-right\"><\/i>Lire la suite<\/a><\/div><\/div><div class=\"col-md-4 cs-animation pulse wpb_animate_when_almost_visible wpb_zoomIn zoomIn wpb_start_animation animated\"><div class=\"cs-column-inner\">[vc_single_image image=\u00a0\u00bb39560&Prime; img_size=\u00a0\u00bbfull\u00a0\u00bb onclick=\u00a0\u00bbcustom_link\u00a0\u00bb link=\u00a0\u00bbhttps:\/\/prihodafabricduct.com\/applications\/commercial\/retail-restaurants\/\u00a0\u00bb title=\u00a0\u00bbCommerce de d\u00e9tail et restaurants\u00a0\u00bb]<a href=\"https:\/\/prihodafabricduct.com\/applications\/commercial\/retail-restaurants\/\" class=\"cs-btn cs-btn-custom cs-btn-square cs-btn-custom-own cs-btn-sm cs-btn-custom-69eca3504ccaa read_more\"><i class=\"cs-in fa fa-long-arrow-right\"><\/i>Lire la suite<\/a><\/div><\/div><div class=\"col-md-4 cs-animation pulse wpb_animate_when_almost_visible wpb_zoomIn zoomIn wpb_start_animation animated\"><div class=\"cs-column-inner\">[vc_single_image image=\u00a0\u00bb39559&Prime; img_size=\u00a0\u00bbfull\u00a0\u00bb onclick=\u00a0\u00bbcustom_link\u00a0\u00bb link=\u00a0\u00bbhttps:\/\/prihodafabricduct.com\/applications\/commercial\/data-centers\/\u00a0\u00bb title=\u00a0\u00bbCentres de donn\u00e9es\u00a0\u00bb]<a href=\"https:\/\/prihodafabricduct.com\/applications\/commercial\/data-centers\/\" class=\"cs-btn cs-btn-custom cs-btn-square cs-btn-custom-own cs-btn-sm cs-btn-custom-69eca3504cd15 read_more\"><i class=\"cs-in fa fa-long-arrow-right\"><\/i>Lire la suite<\/a><\/div><\/div><div class=\"col-md-4 cs-animation pulse wpb_animate_when_almost_visible wpb_zoomIn zoomIn wpb_start_animation animated\"><div class=\"cs-column-inner\">[vc_single_image image=\u00a0\u00bb39558&Prime; img_size=\u00a0\u00bbfull\u00a0\u00bb onclick=\u00a0\u00bbcustom_link\u00a0\u00bb link=\u00a0\u00bbhttps:\/\/prihodafabricduct.com\/applications\/commercial\/sound-stages-recording-studios\/\u00a0\u00bb title=\u00a0\u00bbStages d&rsquo;enregistrement et studios d&rsquo;enregistrement\u00a0\u00bb]<a href=\"https:\/\/prihodafabricduct.com\/applications\/commercial\/sound-stages-recording-studios\/\" class=\"cs-btn cs-btn-custom cs-btn-square cs-btn-custom-own cs-btn-sm cs-btn-custom-69eca3504cd7f read_more\"><i class=\"cs-in fa fa-long-arrow-right\"><\/i>Lire la suite<\/a><\/div><\/div><\/div><\/div><\/section>\n","protected":false},"excerpt":{"rendered":"<p><span class=\"entry-read-more\"><a href=\"https:\/\/prihodafabricduct.com\/fr\/applications-commerciales-et-industrielles\/commercial\/\" class=\"cs-btn cs-btn-flat cs-btn-rounded cs-btn-xxs cs-btn-flat-accent\">Lire la suite<\/a><\/span><\/p>\n","protected":false},"author":1,"featured_media":0,"parent":40161,"menu_order":67,"comment_status":"closed","ping_status":"closed","template":"","meta":{"_acf_changed":false,"footnotes":""},"class_list":["post-40188","page","type-page","status-publish","hentry"],"acf":[],"_links":{"self":[{"href":"https:\/\/prihodafabricduct.com\/fr\/wp-json\/wp\/v2\/pages\/40188","targetHints":{"allow":["GET"]}}],"collection":[{"href":"https:\/\/prihodafabricduct.com\/fr\/wp-json\/wp\/v2\/pages"}],"about":[{"href":"https:\/\/prihodafabricduct.com\/fr\/wp-json\/wp\/v2\/types\/page"}],"author":[{"embeddable":true,"href":"https:\/\/prihodafabricduct.com\/fr\/wp-json\/wp\/v2\/users\/1"}],"replies":[{"embeddable":true,"href":"https:\/\/prihodafabricduct.com\/fr\/wp-json\/wp\/v2\/comments?post=40188"}],"version-history":[{"count":0,"href":"https:\/\/prihodafabricduct.com\/fr\/wp-json\/wp\/v2\/pages\/40188\/revisions"}],"up":[{"embeddable":true,"href":"https:\/\/prihodafabricduct.com\/fr\/wp-json\/wp\/v2\/pages\/40161"}],"wp:attachment":[{"href":"https:\/\/prihodafabricduct.com\/fr\/wp-json\/wp\/v2\/media?parent=40188"}],"curies":[{"name":"wp","href":"https:\/\/api.w.org\/{rel}","templated":true}]}}