{"id":40199,"date":"2022-12-23T10:58:44","date_gmt":"2022-12-23T10:58:44","guid":{"rendered":"https:\/\/prihodafabricduct.com\/?page_id=40199"},"modified":"2022-12-28T08:25:58","modified_gmt":"2022-12-28T08:25:58","slug":"centres-de-donnees","status":"publish","type":"page","link":"https:\/\/prihodafabricduct.com\/fr\/applications-commerciales-et-industrielles\/commercial\/centres-de-donnees\/","title":{"rendered":"Centres de donn\u00e9es"},"content":{"rendered":"<section class=\"cs-section about-us\"><div class=\"container\"><div class=\"row cs-equal-height cs-equal-height-top\"><div class=\"col-md-6 cs-animation fadeInLeft content wpb_animate_when_almost_visible wpb_zoomIn zoomIn wpb_start_animation animated\"><div class=\"cs-column-inner\">[vc_custom_heading text=\u00a0\u00bbUn contr\u00f4le de l&rsquo;air sophistiqu\u00e9 dans un syst\u00e8me modulaire facile \u00e0 installer.\u00a0\u00bb use_theme_fonts=\u00a0\u00bbyes\u00a0\u00bb]<div class=\"cs-column-text\"><p>Pour des solutions simples et rentables \u00e0 des besoins changeants et complexes, les centres de donn\u00e9es se tournent vers les syst\u00e8mes de dispersion d&rsquo;air textile de Prihoda.<\/p>\n<p>Les centres de donn\u00e9es construits avec des conduits modulaires en tissu sont 40 \u00e0 60 % moins chers que les autoroutes de l&rsquo;air m\u00e9talliques traditionnelles, et la conception modulaire permet une reconfiguration facile si les besoins en espace changent.<\/p>\n<p>Installation simple et rapide, avec reconfiguration facile, pour une fraction du co\u00fbt du m\u00e9tal. C&rsquo;est l&rsquo;avantage Prihoda.<\/p>\n<\/div><\/div><\/div><div class=\"col-md-6 cs-animation fadeInRight image wpb_animate_when_almost_visible wpb_zoomIn zoomIn wpb_start_animation animated\"><div class=\"cs-column-inner\">[vc_single_image image=\u00a0\u00bb39572&Prime; img_size=\u00a0\u00bbfull\u00a0\u00bb]<\/div><\/div><\/div><\/div><\/section><section class=\"cs-section no-padding remarkably_long_service_life\"><div class=\"container\"><div class=\"row\"><div class=\"col-md-12\"><div class=\"cs-column-inner\"><section class=\"cs-section remarkably_long_service_life_child\"><div class=\"container\"><div class=\"row cs-equal-height\"><div class=\"col-md-12 cs-animation fadeInLeft remarkably_long_service_life_child_items wpb_animate_when_almost_visible wpb_zoomIn zoomIn wpb_start_animation animated\"><div class=\"cs-column-inner\">[vc_single_image image=\u00a0\u00bb39573&Prime; img_size=\u00a0\u00bbfull\u00a0\u00bb][vc_custom_heading text=\u00a0\u00bbTechnologie de refroidissement \u00e0 haut rendement \u00e9nerg\u00e9tique\u00a0\u00bb font_container=\u00a0\u00bbtag:h3|text_align:left\u00a0\u00bb use_theme_fonts=\u00a0\u00bbyes\u00a0\u00bb css_animation=\u00a0\u00bbnone\u00a0\u00bb]<div class=\"cs-column-text\"><div class=\"fusion-layout-column fusion_builder_column fusion-builder-column-2 fusion_builder_column_1_2 1_2 fusion-one-half fusion-column-first\">\n<div class=\"fusion-column-wrapper fusion-flex-column-wrapper-legacy\">\n<div class=\"fusion-column-content-centered\">\n<div class=\"fusion-column-content\">\n<div class=\"fusion-text fusion-text-2\">\n<p>Les niveaux de chaleur \u00e9lev\u00e9s g\u00e9n\u00e9r\u00e9s dans les centres de donn\u00e9es n\u00e9cessitent une combinaison de basse temp\u00e9rature d&rsquo;alimentation en air et de volumes de retour \u00e9lev\u00e9s afin de maintenir le bon fonctionnement des serveurs. Un syst\u00e8me de dispersion d&rsquo;air con\u00e7u sur mesure par Prihoda peut g\u00e9rer ces volumes \u00e9lev\u00e9s d&rsquo;air d&rsquo;alimentation tout en assurant une distribution d&rsquo;air tr\u00e8s pr\u00e9cise, le tout dans une solution tr\u00e8s rentable.\n<\/p><\/div>\n<\/div>\n<\/div>\n<div class=\"fusion-clearfix\"><\/div>\n<\/div>\n<\/div>\n<div class=\"fusion-layout-column fusion_builder_column fusion-builder-column-3 fusion_builder_column_1_2 1_2 fusion-one-half fusion-column-last\">\n<div class=\"fusion-column-wrapper fusion-flex-column-wrapper-legacy\">\n<div class=\"fusion-column-content-centered\"><\/div>\n<\/div>\n<\/div>\n<\/div><\/div><\/div><div class=\"col-md-12 cs-animation fadeInRight remarkably_long_service_life_child_items wpb_animate_when_almost_visible wpb_zoomIn zoomIn wpb_start_animation animated\"><div class=\"cs-column-inner\">[vc_single_image image=\u00a0\u00bb39574&Prime; img_size=\u00a0\u00bbfull\u00a0\u00bb][vc_custom_heading text=\u00a0\u00bbDistribution d&rsquo;air variable\u00a0\u00bb font_container=\u00a0\u00bbtag:h3|text_align:left\u00a0\u00bb use_theme_fonts=\u00a0\u00bbyes\u00a0\u00bb css_animation=\u00a0\u00bbnone\u00a0\u00bb]<div class=\"cs-column-text\"><p>Un syst\u00e8me con\u00e7u autour d&rsquo;une distribution d&rsquo;air variable est un excellent moyen de g\u00e9rer l&rsquo;arrangement typique \u00ab\u00a0all\u00e9e chaude, all\u00e9e froide\u00a0\u00bb dans les centres de donn\u00e9es. Les buses r\u00e9glables, combin\u00e9es \u00e0 nos registres internes brevet\u00e9s qui peuvent \u00eatre ouverts et ferm\u00e9s, fournissent une distribution d&rsquo;air variable contr\u00f4l\u00e9e par l&rsquo;utilisateur qui peut \u00eatre modul\u00e9e en fonction de la demande du serveur et de la charge thermique.<\/p>\n<p>Une autre option efficace utilise un conduit rectangulaire pour une application de pression n\u00e9gative. Lorsqu&rsquo;il est utilis\u00e9 dans une all\u00e9e chaude, le conduit rectangulaire permet une extraction lin\u00e9aire compl\u00e8te de l&rsquo;air chaud de l&rsquo;ensemble de l&rsquo;all\u00e9e &#8211; un avantage majeur par rapport \u00e0 l&rsquo;extraction de l&rsquo;air chaud dans le retour principal par des grilles ponctuelles. L&rsquo;extraction lin\u00e9aire am\u00e9liore l&rsquo;efficacit\u00e9 de l&rsquo;\u00e9limination de la chaleur, ce qui r\u00e9duit \u00e0 la fois la quantit\u00e9 et la temp\u00e9rature de l&rsquo;air d&rsquo;alimentation n\u00e9cessaire, diminuant ainsi les co\u00fbts \u00e9nerg\u00e9tiques globaux.<\/p>\n<\/div><\/div><\/div><\/div><\/div><\/section><\/div><\/div><\/div><\/div><\/section><section class=\"cs-section serving_companies\"><div class=\"container\"><div class=\"row\"><div class=\"col-md-12 cs-animation pulse images wpb_animate_when_almost_visible wpb_zoomIn zoomIn wpb_start_animation animated\"><div class=\"cs-column-inner\"><section class=\"cs-section background\" style=\"background-image: url(https:\/\/prihodafabricduct.com\/wp-content\/uploads\/2022\/10\/Video-Tron-data-center-1.webp);\"><div class=\"container\"><div class=\"row\"><div class=\"col-md-8 cs-animation fadeInLeft\"><div class=\"cs-column-inner\">[vc_custom_heading text=\u00a0\u00bbDes mat\u00e9riaux sp\u00e9cialis\u00e9s et des options d&rsquo;installation permettent une conception modulaire enti\u00e8rement personnalis\u00e9e.\u00a0\u00bb use_theme_fonts=\u00a0\u00bbyes\u00a0\u00bb]<div class=\"cs-btn-align text-left\"><a href=\"https:\/\/prihodafabricduct.com\/products\/custom-ducting-solutions\/\" class=\"cs-btn cs-btn-custom cs-btn-square cs-btn-custom-own cs-btn-sm cs-btn-custom-69dfd8782b1ee fusion-button wpb_animate_when_almost_visible wpb_zoomIn zoomIn wpb_start_animation animated btn_in_bg\">Solutions personnalis\u00e9es<\/a><\/div><\/div><\/div><div class=\"col-md-4\"><div class=\"cs-column-inner\"><\/div><\/div><\/div><\/div><\/section><\/div><\/div><\/div><\/div><\/section>\n","protected":false},"excerpt":{"rendered":"<p><span class=\"entry-read-more\"><a href=\"https:\/\/prihodafabricduct.com\/fr\/applications-commerciales-et-industrielles\/commercial\/centres-de-donnees\/\" class=\"cs-btn cs-btn-flat cs-btn-rounded cs-btn-xxs cs-btn-flat-accent\">Lire la suite<\/a><\/span><\/p>\n","protected":false},"author":1,"featured_media":0,"parent":40188,"menu_order":64,"comment_status":"closed","ping_status":"closed","template":"","meta":{"_acf_changed":false,"footnotes":""},"class_list":["post-40199","page","type-page","status-publish","hentry"],"acf":[],"_links":{"self":[{"href":"https:\/\/prihodafabricduct.com\/fr\/wp-json\/wp\/v2\/pages\/40199","targetHints":{"allow":["GET"]}}],"collection":[{"href":"https:\/\/prihodafabricduct.com\/fr\/wp-json\/wp\/v2\/pages"}],"about":[{"href":"https:\/\/prihodafabricduct.com\/fr\/wp-json\/wp\/v2\/types\/page"}],"author":[{"embeddable":true,"href":"https:\/\/prihodafabricduct.com\/fr\/wp-json\/wp\/v2\/users\/1"}],"replies":[{"embeddable":true,"href":"https:\/\/prihodafabricduct.com\/fr\/wp-json\/wp\/v2\/comments?post=40199"}],"version-history":[{"count":0,"href":"https:\/\/prihodafabricduct.com\/fr\/wp-json\/wp\/v2\/pages\/40199\/revisions"}],"up":[{"embeddable":true,"href":"https:\/\/prihodafabricduct.com\/fr\/wp-json\/wp\/v2\/pages\/40188"}],"wp:attachment":[{"href":"https:\/\/prihodafabricduct.com\/fr\/wp-json\/wp\/v2\/media?parent=40199"}],"curies":[{"name":"wp","href":"https:\/\/api.w.org\/{rel}","templated":true}]}}