{"id":40204,"date":"2022-12-23T11:06:28","date_gmt":"2022-12-23T11:06:28","guid":{"rendered":"https:\/\/prihodafabricduct.com\/?page_id=40204"},"modified":"2022-12-27T16:36:39","modified_gmt":"2022-12-27T16:36:39","slug":"bureaux-et-salles-de-classe","status":"publish","type":"page","link":"https:\/\/prihodafabricduct.com\/fr\/applications-commerciales-et-industrielles\/commercial\/bureaux-et-salles-de-classe\/","title":{"rendered":"Bureaux et salles de classe"},"content":{"rendered":"<section class=\"cs-section about-us\"><div class=\"container\"><div class=\"row cs-equal-height cs-equal-height-top\"><div class=\"col-md-6 cs-animation fadeInLeft content wpb_animate_when_almost_visible wpb_zoomIn zoomIn wpb_start_animation animated\"><div class=\"cs-column-inner\">[vc_custom_heading text=\u00a0\u00bbDes syst\u00e8mes l\u00e9gers et silencieux qui s&rsquo;adaptent \u00e0 tous les espaces.\u00a0\u00bb use_theme_fonts=\u00a0\u00bbyes\u00a0\u00bb]<div class=\"cs-column-text\"><div class=\"fusion-layout-column fusion_builder_column fusion-builder-column-0 fusion_builder_column_1_2 1_2 fusion-flex-column\">\n<div class=\"fusion-column-wrapper fusion-flex-justify-content-center fusion-content-layout-column\">\n<div class=\"fusion-text fusion-text-1\">\n<p>With multiple diffuser shapes and mounting options, Prihoda\u2019s custom engineered air distribution systems ensure ideal occupant comfort and HVAC efficiency in any space.<\/p>\n<p>All of our materials are UL\/ULC listed, and the factory finished fabric requires no painting or sealing.<\/p>\n<p>Optional 100% post-consumer recycled fabric is available for any LEED or WELL Building project, Living Building Challenge, or other sustainable building design.<\/p>\n<\/div>\n<\/div>\n<\/div>\n<\/div><\/div><\/div><div class=\"col-md-6 cs-animation fadeInRight image wpb_animate_when_almost_visible wpb_zoomIn zoomIn wpb_start_animation animated\"><div class=\"cs-column-inner\">[vc_single_image image=\u00a0\u00bb39583&Prime; img_size=\u00a0\u00bbfull\u00a0\u00bb]<\/div><\/div><\/div><\/div><\/section><section class=\"cs-section no-padding remarkably_long_service_life\"><div class=\"container\"><div class=\"row\"><div class=\"col-md-12\"><div class=\"cs-column-inner\"><section class=\"cs-section remarkably_long_service_life_child\"><div class=\"container\"><div class=\"row cs-equal-height\"><div class=\"col-md-6 cs-animation fadeInLeft remarkably_long_service_life_child_items wpb_animate_when_almost_visible wpb_zoomIn zoomIn wpb_start_animation animated\"><div class=\"cs-column-inner\">[vc_single_image image=\u00a0\u00bb39587&Prime; img_size=\u00a0\u00bbfull\u00a0\u00bb]<div class=\"cs-column-text vc_custom_heading\"><p>Rentables et faciles \u00e0 installer, les syst\u00e8mes de distribution d&rsquo;air en tissu se distinguent par leur l\u00e9g\u00e8ret\u00e9 et leur conception modulaire. Avec un choix de couleurs ou m\u00eame une impression personnalis\u00e9e, les syst\u00e8mes peuvent \u00eatre con\u00e7us pour contraster ou se fondre dans n&rsquo;importe quel environnement.<\/p>\n<\/div><\/div><\/div><div class=\"col-md-6 cs-animation fadeInRight remarkably_long_service_life_child_items wpb_animate_when_almost_visible wpb_zoomIn zoomIn wpb_start_animation animated\"><div class=\"cs-column-inner\">[vc_single_image image=\u00a0\u00bb39586&Prime; img_size=\u00a0\u00bbfull\u00a0\u00bb]<div class=\"cs-column-text vc_custom_heading\"><div class=\"fusion-layout-column fusion_builder_column fusion-builder-column-3 fusion_builder_column_1_3 1_3 fusion-one-third\">\n<div class=\"fusion-column-wrapper fusion-flex-column-wrapper-legacy\">\n<div id=\"thumb-caption\" class=\"fusion-text fusion-text-3\">\n<p>Textile air dispersion solves one of the most common problems in office environments: poor air distribution. With Prihoda fabric ducting , the entire surface is permeable and delivers air consistently throughout the space.<\/p>\n<\/div>\n<\/div>\n<\/div>\n<\/div><\/div><\/div><div class=\"col-md-6 cs-animation fadeInLeft remarkably_long_service_life_child_items wpb_animate_when_almost_visible wpb_zoomIn zoomIn wpb_start_animation animated\"><div class=\"cs-column-inner\">[vc_single_image image=\u00a0\u00bb39585&Prime; img_size=\u00a0\u00bbfull\u00a0\u00bb]<div class=\"cs-column-text vc_custom_heading\"><p>Contrairement aux gaines m\u00e9talliques, qui fournissent souvent des souffles d&rsquo;air irr\u00e9guliers et \u00e0 grande vitesse, les gaines et les diffuseurs en tissu fournissent un apport r\u00e9gulier d&rsquo;air \u00e0 faible vitesse et sont capables de fournir de l&rsquo;air conditionn\u00e9 pr\u00e9cis\u00e9ment l\u00e0 o\u00f9 il est n\u00e9cessaire.<\/p>\n<\/div><\/div><\/div><div class=\"col-md-6 cs-animation fadeInRight remarkably_long_service_life_child_items wpb_animate_when_almost_visible wpb_zoomIn zoomIn wpb_start_animation animated\"><div class=\"cs-column-inner\">[vc_single_image image=\u00a0\u00bb39584&Prime; img_size=\u00a0\u00bbfull\u00a0\u00bb]<div class=\"cs-column-text vc_custom_heading\"><p>Les syst\u00e8mes traditionnels de CVC cr\u00e9ent non seulement des courants d&rsquo;air et des poches d&rsquo;air in\u00e9gales, mais aussi du bruit. Les syst\u00e8mes \u00e0 basse vitesse de Prihoda r\u00e9duisent le bruit de la distribution de l&rsquo;air, et les mat\u00e9riaux textiles absorbent les vibrations et le bruit.<\/p>\n<\/div><\/div><\/div><div class=\"col-md-6 cs-animation fadeInLeft remarkably_long_service_life_child_items wpb_animate_when_almost_visible wpb_zoomIn zoomIn wpb_start_animation animated\"><div class=\"cs-column-inner\">[vc_single_image image=\u00a0\u00bb39588&Prime; img_size=\u00a0\u00bbfull\u00a0\u00bb]<div class=\"cs-column-text vc_custom_heading\"><p>Les gaines et les diffuseurs en tissu sont faciles \u00e0 nettoyer et \u00e0 entretenir, ce qui constitue un gros avantage par rapport aux syst\u00e8mes m\u00e9talliques traditionnels. Les gaines en tissu sont lavables en machine et glissent simplement hors des rails pour un nettoyage facile.<\/p>\n<\/div><\/div><\/div><div class=\"col-md-6\"><div class=\"cs-column-inner\"><\/div><\/div><\/div><\/div><\/section><\/div><\/div><\/div><\/div><\/section><section class=\"cs-section serving_companies\"><div class=\"container\"><div class=\"row\"><div class=\"col-md-12 cs-animation pulse images wpb_animate_when_almost_visible wpb_zoomIn zoomIn wpb_start_animation animated\"><div class=\"cs-column-inner\"><section class=\"cs-section background\" style=\"background-image: url(https:\/\/prihodafabricduct.com\/wp-content\/uploads\/2022\/10\/GA-Tech-OKeefe-1.webp);\"><div class=\"container\"><div class=\"row\"><div class=\"col-md-8 cs-animation fadeInLeft\"><div class=\"cs-column-inner\">[vc_custom_heading text=\u00a0\u00bb\u00c9tude de cas : B\u00e2timent O&rsquo;Keefe de Georgia Tech\u00a0\u00bb use_theme_fonts=\u00a0\u00bbyes\u00a0\u00bb]<div class=\"cs-btn-align text-left\"><a href=\"https:\/\/prihodafabricduct.com\/case-study\/georgia-tech-okeefe-building\/\" class=\"cs-btn cs-btn-custom cs-btn-square cs-btn-custom-own cs-btn-sm cs-btn-custom-69f4c9ac3cbe2 fusion-button wpb_animate_when_almost_visible wpb_zoomIn zoomIn wpb_start_animation animated btn_in_bg\">Read More<\/a><\/div><\/div><\/div><div class=\"col-md-4\"><div class=\"cs-column-inner\"><\/div><\/div><\/div><\/div><\/section><\/div><\/div><\/div><\/div><\/section>\n","protected":false},"excerpt":{"rendered":"<p><span class=\"entry-read-more\"><a href=\"https:\/\/prihodafabricduct.com\/fr\/applications-commerciales-et-industrielles\/commercial\/bureaux-et-salles-de-classe\/\" class=\"cs-btn cs-btn-flat cs-btn-rounded cs-btn-xxs cs-btn-flat-accent\">Lire la suite<\/a><\/span><\/p>\n","protected":false},"author":1,"featured_media":0,"parent":40188,"menu_order":61,"comment_status":"closed","ping_status":"closed","template":"","meta":{"_acf_changed":false,"footnotes":""},"class_list":["post-40204","page","type-page","status-publish","hentry"],"acf":[],"_links":{"self":[{"href":"https:\/\/prihodafabricduct.com\/fr\/wp-json\/wp\/v2\/pages\/40204","targetHints":{"allow":["GET"]}}],"collection":[{"href":"https:\/\/prihodafabricduct.com\/fr\/wp-json\/wp\/v2\/pages"}],"about":[{"href":"https:\/\/prihodafabricduct.com\/fr\/wp-json\/wp\/v2\/types\/page"}],"author":[{"embeddable":true,"href":"https:\/\/prihodafabricduct.com\/fr\/wp-json\/wp\/v2\/users\/1"}],"replies":[{"embeddable":true,"href":"https:\/\/prihodafabricduct.com\/fr\/wp-json\/wp\/v2\/comments?post=40204"}],"version-history":[{"count":0,"href":"https:\/\/prihodafabricduct.com\/fr\/wp-json\/wp\/v2\/pages\/40204\/revisions"}],"up":[{"embeddable":true,"href":"https:\/\/prihodafabricduct.com\/fr\/wp-json\/wp\/v2\/pages\/40188"}],"wp:attachment":[{"href":"https:\/\/prihodafabricduct.com\/fr\/wp-json\/wp\/v2\/media?parent=40204"}],"curies":[{"name":"wp","href":"https:\/\/api.w.org\/{rel}","templated":true}]}}