{"id":40207,"date":"2022-12-23T11:19:47","date_gmt":"2022-12-23T11:19:47","guid":{"rendered":"https:\/\/prihodafabricduct.com\/?page_id=40207"},"modified":"2022-12-28T08:20:03","modified_gmt":"2022-12-28T08:20:03","slug":"piscines","status":"publish","type":"page","link":"https:\/\/prihodafabricduct.com\/fr\/applications-commerciales-et-industrielles\/commercial\/piscines\/","title":{"rendered":"Piscines"},"content":{"rendered":"<section class=\"cs-section about-us\"><div class=\"container\"><div class=\"row cs-equal-height cs-equal-height-top\"><div class=\"col-md-6 cs-animation fadeInLeft content wpb_animate_when_almost_visible wpb_zoomIn zoomIn wpb_start_animation animated\"><div class=\"cs-column-inner\">[vc_custom_heading text=\u00a0\u00bbLa solution id\u00e9ale pour les piscines int\u00e9rieures\u00a0\u00bb use_theme_fonts=\u00a0\u00bbyes\u00a0\u00bb]<div class=\"cs-column-text\"><div class=\"fusion-layout-column fusion_builder_column fusion-builder-column-0 fusion_builder_column_1_2 1_2 fusion-flex-column\">\n<div class=\"fusion-column-wrapper fusion-flex-justify-content-center fusion-content-layout-column\">\n<div class=\"fusion-text fusion-text-1\">\n<p>Les piscines int\u00e9rieures sont des environnements difficiles. Les grands espaces ouverts exigent une distribution efficace de l&rsquo;air, mais l&rsquo;humidit\u00e9 \u00e9lev\u00e9e et les chloramines agressives pr\u00e9sentes dans l&rsquo;air rendent les conduits m\u00e9talliques traditionnels co\u00fbteux, inefficaces et difficiles \u00e0 entretenir.<\/p>\n<p>Les syst\u00e8mes de dispersion d&rsquo;air en tissu con\u00e7us sur mesure par Prihoda sont imperm\u00e9ables aux environnements difficiles et \u00e9liminent les probl\u00e8mes de condensation et de corrosion.<\/p>\n<p>De plus, ils sont faciles \u00e0 installer et \u00e0 entretenir, et peuvent \u00eatre imprim\u00e9s de mani\u00e8re personnalis\u00e9e pour s&rsquo;adapter \u00e0 n&rsquo;importe quelle image de marque ou d\u00e9coration int\u00e9rieure.\n<\/p><\/div>\n<\/div>\n<\/div>\n<\/div><\/div><\/div><div class=\"col-md-6 cs-animation fadeInRight image wpb_animate_when_almost_visible wpb_zoomIn zoomIn wpb_start_animation animated\"><div class=\"cs-column-inner\">[vc_single_image image=\u00a0\u00bb39591&Prime; img_size=\u00a0\u00bbfull\u00a0\u00bb]<\/div><\/div><\/div><\/div><\/section><section class=\"cs-section no-padding remarkably_long_service_life\"><div class=\"container\"><div class=\"row\"><div class=\"col-md-12\"><div class=\"cs-column-inner\"><section class=\"cs-section remarkably_long_service_life_child\"><div class=\"container\"><div class=\"row cs-equal-height\"><div class=\"col-md-6 cs-animation fadeInLeft remarkably_long_service_life_child_items wpb_animate_when_almost_visible wpb_zoomIn zoomIn wpb_start_animation animated\"><div class=\"cs-column-inner\">[vc_single_image image=\u00a0\u00bb39596&Prime; img_size=\u00a0\u00bbfull\u00a0\u00bb]<div class=\"cs-column-text vc_custom_heading\"><p>La perm\u00e9abilit\u00e9 du tissu permet \u00e0 une petite quantit\u00e9 d&rsquo;air d&rsquo;alimentation de cr\u00e9er une barri\u00e8re thermique autour de la surface du diffuseur, emp\u00eachant la condensation lors du refroidissement en dessous du point de ros\u00e9e.<\/p>\n<\/div><\/div><\/div><div class=\"col-md-6 cs-animation fadeInRight remarkably_long_service_life_child_items wpb_animate_when_almost_visible wpb_zoomIn zoomIn wpb_start_animation animated\"><div class=\"cs-column-inner\">[vc_single_image image=\u00a0\u00bb39595&Prime; img_size=\u00a0\u00bbfull\u00a0\u00bb]<div class=\"cs-column-text vc_custom_heading\"><div class=\"fusion-layout-column fusion_builder_column fusion-builder-column-3 fusion_builder_column_1_3 1_3 fusion-one-third\">\n<div class=\"fusion-column-wrapper fusion-flex-column-wrapper-legacy\">\n<div id=\"thumb-caption\" class=\"fusion-text fusion-text-3\">\n<p>Les buses de longue port\u00e9e construites en tissu de gaine plut\u00f4t qu&rsquo;en plastique \u00e9liminent le probl\u00e8me de la d\u00e9gradation et de la d\u00e9faillance des buses dues aux chloramines pr\u00e9sentes dans l&rsquo;environnement.\n<\/p><\/div>\n<\/div>\n<\/div>\n<\/div><\/div><\/div><div class=\"col-md-6 cs-animation fadeInLeft remarkably_long_service_life_child_items wpb_animate_when_almost_visible wpb_zoomIn zoomIn wpb_start_animation animated\"><div class=\"cs-column-inner\">[vc_single_image image=\u00a0\u00bb39594&Prime; img_size=\u00a0\u00bbfull\u00a0\u00bb]<div class=\"cs-column-text vc_custom_heading\"><p>Les gaines et les diffuseurs Prihoda sont fabriqu\u00e9s avec des tissus en polyester r\u00e9pertori\u00e9s UL\/ULC, imperm\u00e9ables aux environnements difficiles, et install\u00e9s avec des supports en aluminium r\u00e9sistant \u00e0 la corrosion.<\/p>\n<\/div><\/div><\/div><div class=\"col-md-6 cs-animation fadeInRight remarkably_long_service_life_child_items wpb_animate_when_almost_visible wpb_zoomIn zoomIn wpb_start_animation animated\"><div class=\"cs-column-inner\">[vc_single_image image=\u00a0\u00bb39597&Prime; img_size=\u00a0\u00bbfull\u00a0\u00bb]<div class=\"cs-column-text vc_custom_heading\"><p>Les syst\u00e8mes de dispersion d&rsquo;air textile pour piscines de Prihoda sont con\u00e7us pour assurer un mouvement d&rsquo;air doux, de sorte que l&rsquo;air fourni \u00e0 la zone occup\u00e9e a une vitesse minimale dans les zones habit\u00e9es.<\/p>\n<\/div><\/div><\/div><div class=\"col-md-6 cs-animation fadeInLeft remarkably_long_service_life_child_items wpb_animate_when_almost_visible wpb_zoomIn zoomIn wpb_start_animation animated\"><div class=\"cs-column-inner\">[vc_single_image image=\u00a0\u00bb39593&Prime; img_size=\u00a0\u00bbfull\u00a0\u00bb]<div class=\"cs-column-text vc_custom_heading\"><div class=\"fusion-layout-column fusion_builder_column fusion-builder-column-6 fusion_builder_column_1_3 1_3 fusion-one-third\">\n<div class=\"fusion-column-wrapper fusion-flex-column-wrapper-legacy\">\n<div id=\"thumb-caption\" class=\"fusion-text fusion-text-6\">\n<p>Notre distribution d&rsquo;air enti\u00e8rement personnalisable assure une ventilation efficace de l&rsquo;espace qui emp\u00eache la condensation sur les murs ext\u00e9rieurs et les vitres sans augmenter le taux d&rsquo;\u00e9vaporation des piscines.\n<\/p><\/div>\n<div class=\"fusion-clearfix\"><\/div>\n<\/div>\n<\/div>\n<div class=\"fusion-layout-column fusion_builder_column fusion-builder-column-7 fusion_builder_column_1_3 1_3 fusion-one-third fusion-column-last\"><\/div>\n<\/div><\/div><\/div><div class=\"col-md-6 cs-animation fadeInRight remarkably_long_service_life_child_items wpb_animate_when_almost_visible wpb_zoomIn zoomIn wpb_start_animation animated\"><div class=\"cs-column-inner\">[vc_single_image image=\u00a0\u00bb39592&Prime; img_size=\u00a0\u00bbfull\u00a0\u00bb]<div class=\"cs-column-text vc_custom_heading\"><div class=\"fusion-fullwidth fullwidth-box fusion-builder-row-2 nonhundred-percent-fullwidth non-hundred-percent-height-scrolling\">\n<div class=\"fusion-builder-row fusion-row\">\n<div class=\"fusion-layout-column fusion_builder_column fusion-builder-column-7 fusion_builder_column_1_3 1_3 fusion-one-third fusion-column-last\">\n<div class=\"fusion-column-wrapper fusion-flex-column-wrapper-legacy\">\n<div id=\"thumb-caption\" class=\"fusion-text fusion-text-7\">\n<p>Contrairement aux syst\u00e8mes traditionnels de conduits m\u00e9talliques qui doivent \u00eatre prot\u00e9g\u00e9s et peints pour \u00e9viter la corrosion, les syst\u00e8mes de dispersion d&rsquo;air en tissu peuvent \u00eatre lav\u00e9s facilement et ne n\u00e9cessitent aucun autre entretien.\n<\/p><\/div>\n<div class=\"fusion-clearfix\"><\/div>\n<\/div>\n<\/div>\n<\/div>\n<\/div>\n<div class=\"fusion-fullwidth fullwidth-box fusion-builder-row-3 fusion-flex-container fusion-parallax-none nonhundred-percent-fullwidth non-hundred-percent-height-scrolling\">\n<div class=\"fusion-builder-row fusion-row fusion-flex-align-items-flex-start\">\n<div class=\"fusion-layout-column fusion_builder_column fusion-builder-column-8 fusion_builder_column_3_4 3_4 fusion-flex-column\">\n<div class=\"fusion-column-wrapper fusion-flex-justify-content-flex-start fusion-content-layout-column\">\n<div class=\"fusion-title title fusion-title-2 fusion-sep-none fusion-title-text fusion-title-size-one\"><\/div>\n<\/div>\n<\/div>\n<\/div>\n<\/div>\n<\/div><\/div><\/div><\/div><\/div><\/section><\/div><\/div><\/div><\/div><\/section><section class=\"cs-section serving_companies\"><div class=\"container\"><div class=\"row\"><div class=\"col-md-12 cs-animation pulse images wpb_animate_when_almost_visible wpb_zoomIn zoomIn wpb_start_animation animated\"><div class=\"cs-column-inner\"><section class=\"cs-section background\" style=\"background-image: url(https:\/\/prihodafabricduct.com\/wp-content\/uploads\/2022\/10\/treasure-island-1.webp);\"><div class=\"container\"><div class=\"row\"><div class=\"col-md-8 cs-animation fadeInLeft\"><div class=\"cs-column-inner\">[vc_custom_heading text=\u00a0\u00bb\u00c9tude de cas : Parc aquatique int\u00e9rieur Treasure Island Lagoon\u00a0\u00bb use_theme_fonts=\u00a0\u00bbyes\u00a0\u00bb]<div class=\"cs-btn-align text-left\"><a href=\"https:\/\/prihodafabricduct.com\/case-study\/treasure-island-lagoon-indoor-water-park\/\" class=\"cs-btn cs-btn-custom cs-btn-square cs-btn-custom-own cs-btn-sm cs-btn-custom-69ee05a9bf2eb fusion-button wpb_animate_when_almost_visible wpb_zoomIn zoomIn wpb_start_animation animated btn_in_bg\">Lire la suite<\/a><\/div><\/div><\/div><div class=\"col-md-4\"><div class=\"cs-column-inner\"><\/div><\/div><\/div><\/div><\/section><\/div><\/div><\/div><\/div><\/section>\n","protected":false},"excerpt":{"rendered":"<p><span class=\"entry-read-more\"><a href=\"https:\/\/prihodafabricduct.com\/fr\/applications-commerciales-et-industrielles\/commercial\/piscines\/\" class=\"cs-btn cs-btn-flat cs-btn-rounded cs-btn-xxs cs-btn-flat-accent\">Lire la suite<\/a><\/span><\/p>\n","protected":false},"author":1,"featured_media":0,"parent":40188,"menu_order":60,"comment_status":"closed","ping_status":"closed","template":"","meta":{"_acf_changed":false,"footnotes":""},"class_list":["post-40207","page","type-page","status-publish","hentry"],"acf":[],"_links":{"self":[{"href":"https:\/\/prihodafabricduct.com\/fr\/wp-json\/wp\/v2\/pages\/40207","targetHints":{"allow":["GET"]}}],"collection":[{"href":"https:\/\/prihodafabricduct.com\/fr\/wp-json\/wp\/v2\/pages"}],"about":[{"href":"https:\/\/prihodafabricduct.com\/fr\/wp-json\/wp\/v2\/types\/page"}],"author":[{"embeddable":true,"href":"https:\/\/prihodafabricduct.com\/fr\/wp-json\/wp\/v2\/users\/1"}],"replies":[{"embeddable":true,"href":"https:\/\/prihodafabricduct.com\/fr\/wp-json\/wp\/v2\/comments?post=40207"}],"version-history":[{"count":0,"href":"https:\/\/prihodafabricduct.com\/fr\/wp-json\/wp\/v2\/pages\/40207\/revisions"}],"up":[{"embeddable":true,"href":"https:\/\/prihodafabricduct.com\/fr\/wp-json\/wp\/v2\/pages\/40188"}],"wp:attachment":[{"href":"https:\/\/prihodafabricduct.com\/fr\/wp-json\/wp\/v2\/media?parent=40207"}],"curies":[{"name":"wp","href":"https:\/\/api.w.org\/{rel}","templated":true}]}}