{"id":40218,"date":"2022-12-23T11:31:23","date_gmt":"2022-12-23T11:31:23","guid":{"rendered":"https:\/\/prihodafabricduct.com\/?page_id=40218"},"modified":"2022-12-28T08:06:41","modified_gmt":"2022-12-28T08:06:41","slug":"commerce-de-detail-et-restauration","status":"publish","type":"page","link":"https:\/\/prihodafabricduct.com\/fr\/applications-commerciales-et-industrielles\/commercial\/commerce-de-detail-et-restauration\/","title":{"rendered":"Commerce de d\u00e9tail et restaurants"},"content":{"rendered":"<section class=\"cs-section about-us\"><div class=\"container\"><div class=\"row cs-equal-height cs-equal-height-top\"><div class=\"col-md-6 cs-animation fadeInLeft content wpb_animate_when_almost_visible wpb_zoomIn zoomIn wpb_start_animation animated\"><div class=\"cs-column-inner\">[vc_custom_heading text=\u00a0\u00bbLe confort du client dans un design personnalis\u00e9\u00a0\u00bb use_theme_fonts=\u00a0\u00bbyes\u00a0\u00bb]<div class=\"cs-column-text\"><div class=\"fusion-layout-column fusion_builder_column fusion-builder-column-0 fusion_builder_column_1_2 1_2 fusion-flex-column\">\n<div class=\"fusion-column-wrapper fusion-flex-justify-content-center fusion-content-layout-column\">\n<div class=\"fusion-text fusion-text-1\">\n<div class=\"fusion-layout-column fusion_builder_column fusion-builder-column-0 fusion_builder_column_1_2 1_2 fusion-flex-column\">\n<div class=\"fusion-column-wrapper fusion-flex-justify-content-center fusion-content-layout-column\">\n<div class=\"fusion-text fusion-text-1\">\n<p>Textile air dispersion systems are custom-engineered to deliver even and draft-free ventilation.<\/p>\n<p>And Prihoda\u2019s wide range of diffuser shapes and mounting options easily accommodates any space design and any air distribution requirements.<\/p>\n<p>Lightweight and easy to install, our modular fabric ducting systems are ideal for both new construction and retrofits.<\/p>\n<\/div>\n<\/div>\n<\/div>\n<div class=\"fusion-layout-column fusion_builder_column fusion-builder-column-1 fusion_builder_column_1_2 1_2 fusion-flex-column\"><\/div>\n<\/div>\n<\/div>\n<\/div>\n<\/div><\/div><\/div><div class=\"col-md-6 cs-animation fadeInRight image wpb_animate_when_almost_visible wpb_zoomIn zoomIn wpb_start_animation animated\"><div class=\"cs-column-inner\">[vc_single_image image=\u00a0\u00bb39599&Prime; img_size=\u00a0\u00bbfull\u00a0\u00bb]<\/div><\/div><\/div><\/div><\/section><section class=\"cs-section no-padding remarkably_long_service_life\"><div class=\"container\"><div class=\"row\"><div class=\"col-md-12\"><div class=\"cs-column-inner\"><section class=\"cs-section remarkably_long_service_life_child\"><div class=\"container\"><div class=\"row cs-equal-height\"><div class=\"col-md-6 cs-animation fadeInLeft remarkably_long_service_life_child_items wpb_animate_when_almost_visible wpb_zoomIn zoomIn wpb_start_animation animated btn_in_bg\"><div class=\"cs-column-inner\">[vc_single_image image=\u00a0\u00bb39602&Prime; img_size=\u00a0\u00bbfull\u00a0\u00bb]<div class=\"cs-column-text vc_custom_heading\"><p>Un flux d&rsquo;air l\u00e0 o\u00f9 vous le voulez, pas l\u00e0 o\u00f9 vous ne le voulez pas : Les syst\u00e8mes de dispersion d&rsquo;air en tissu sont con\u00e7us sur mesure pour chaque projet, de sorte qu&rsquo;ils sont capables de fournir de l&rsquo;air exactement l\u00e0 o\u00f9 il est n\u00e9cessaire et \u00e0 la bonne vitesse.<\/p>\n<\/div><\/div><\/div><div class=\"col-md-6 cs-animation fadeInRight remarkably_long_service_life_child_items wpb_animate_when_almost_visible wpb_zoomIn zoomIn wpb_start_animation animated btn_in_bg\"><div class=\"cs-column-inner\">[vc_single_image image=\u00a0\u00bb39601&Prime; img_size=\u00a0\u00bbfull\u00a0\u00bb]<div class=\"cs-column-text vc_custom_heading\"><div class=\"fusion-layout-column fusion_builder_column fusion-builder-column-3 fusion_builder_column_1_3 1_3 fusion-one-third\">\n<div class=\"fusion-column-wrapper fusion-flex-column-wrapper-legacy\">\n<div id=\"thumb-caption\" class=\"fusion-text fusion-text-3\">\n<p>All fabrics used in Prihoda air distribution systems are UL\/ULC listed for safety and adherence to building codes. Our optional 100% post-consumer\u00a0<a href=\"https:\/\/prihodafabricduct.com\/products\/prihoda-specialties\/prihoda-recycled\/\" rel=\"\">recycled fabric<\/a>\u00a0saves 11 water bottles per square yard.<\/p>\n<\/div>\n<\/div>\n<\/div>\n<\/div><\/div><\/div><div class=\"col-md-6 cs-animation fadeInLeft remarkably_long_service_life_child_items wpb_animate_when_almost_visible wpb_zoomIn zoomIn wpb_start_animation animated btn_in_bg\"><div class=\"cs-column-inner\">[vc_single_image image=\u00a0\u00bb39600&Prime; img_size=\u00a0\u00bbfull\u00a0\u00bb]<div class=\"cs-column-text vc_custom_heading\"><p>Les grands espaces ouverts dans les environnements des clients exigent une bonne ventilation et un bruit minimal. Les syst\u00e8mes textiles \u00e9vitent les supports lourds et les bruits des conduits m\u00e9talliques, tout en assurant une distribution pr\u00e9cise de l&rsquo;air.<\/p>\n<\/div><\/div><\/div><div class=\"col-md-6\"><div class=\"cs-column-inner\"><\/div><\/div><\/div><\/div><\/section><\/div><\/div><\/div><\/div><\/section><section class=\"cs-section serving_companies\"><div class=\"container\"><div class=\"row\"><div class=\"col-md-12 cs-animation pulse images wpb_animate_when_almost_visible wpb_zoomIn zoomIn wpb_start_animation animated\"><div class=\"cs-column-inner\"><section class=\"cs-section background\" style=\"background-image: url(https:\/\/prihodafabricduct.com\/wp-content\/uploads\/2022\/10\/prihoda-art-graffiti-1.webp);\"><div class=\"container\"><div class=\"row\"><div class=\"col-md-8 cs-animation fadeInLeft\"><div class=\"cs-column-inner\">[vc_custom_heading text=\u00a0\u00bbCr\u00e9ez un environnement a\u00e9rien confortable qui met en valeur votre image et votre d\u00e9coration int\u00e9rieure.\u00a0\u00bb use_theme_fonts=\u00a0\u00bbyes\u00a0\u00bb]<div class=\"cs-btn-align text-left\"><a href=\"https:\/\/prihodafabricduct.com\/products\/prihoda-specialties\/prihoda-art\/\" class=\"cs-btn cs-btn-custom cs-btn-square cs-btn-custom-own cs-btn-sm cs-btn-custom-69dfdd47e4a17 fusion-button\">Prihoda Art<\/a><\/div><\/div><\/div><div class=\"col-md-4\"><div class=\"cs-column-inner\"><\/div><\/div><\/div><\/div><\/section><\/div><\/div><\/div><\/div><\/section>\n","protected":false},"excerpt":{"rendered":"<p><span class=\"entry-read-more\"><a href=\"https:\/\/prihodafabricduct.com\/fr\/applications-commerciales-et-industrielles\/commercial\/commerce-de-detail-et-restauration\/\" class=\"cs-btn cs-btn-flat cs-btn-rounded cs-btn-xxs cs-btn-flat-accent\">Lire la suite<\/a><\/span><\/p>\n","protected":false},"author":1,"featured_media":0,"parent":40188,"menu_order":59,"comment_status":"closed","ping_status":"closed","template":"","meta":{"_acf_changed":false,"footnotes":""},"class_list":["post-40218","page","type-page","status-publish","hentry"],"acf":[],"_links":{"self":[{"href":"https:\/\/prihodafabricduct.com\/fr\/wp-json\/wp\/v2\/pages\/40218","targetHints":{"allow":["GET"]}}],"collection":[{"href":"https:\/\/prihodafabricduct.com\/fr\/wp-json\/wp\/v2\/pages"}],"about":[{"href":"https:\/\/prihodafabricduct.com\/fr\/wp-json\/wp\/v2\/types\/page"}],"author":[{"embeddable":true,"href":"https:\/\/prihodafabricduct.com\/fr\/wp-json\/wp\/v2\/users\/1"}],"replies":[{"embeddable":true,"href":"https:\/\/prihodafabricduct.com\/fr\/wp-json\/wp\/v2\/comments?post=40218"}],"version-history":[{"count":0,"href":"https:\/\/prihodafabricduct.com\/fr\/wp-json\/wp\/v2\/pages\/40218\/revisions"}],"up":[{"embeddable":true,"href":"https:\/\/prihodafabricduct.com\/fr\/wp-json\/wp\/v2\/pages\/40188"}],"wp:attachment":[{"href":"https:\/\/prihodafabricduct.com\/fr\/wp-json\/wp\/v2\/media?parent=40218"}],"curies":[{"name":"wp","href":"https:\/\/api.w.org\/{rel}","templated":true}]}}