{"id":40261,"date":"2022-12-23T12:07:32","date_gmt":"2022-12-23T12:07:32","guid":{"rendered":"https:\/\/prihodafabricduct.com\/?page_id=40261"},"modified":"2022-12-27T16:36:03","modified_gmt":"2022-12-27T16:36:03","slug":"nouvelles-de-la-societe","status":"publish","type":"page","link":"https:\/\/prihodafabricduct.com\/fr\/des-nouvelles\/nouvelles-de-la-societe\/","title":{"rendered":"Nouvelles de l&rsquo;entreprise"},"content":{"rendered":"<section class=\"cs-section prihoda_news\" style=\"margin-top: -10px;\"><div class=\"container\"><div class=\"row\"><div class=\"col-md-12\"><div class=\"cs-column-inner\">[vc_custom_heading text=\u00a0\u00bbNouvelles et mises \u00e0 jour de l&rsquo;entreprise\u00a0\u00bb font_container=\u00a0\u00bbtag:h2|text_align:center\u00a0\u00bb use_theme_fonts=\u00a0\u00bbyes\u00a0\u00bb]<div class=\"cs-column-text\" style=\"text-align: center;width: 80%;margin-left: auto;margin-right: auto;margin-bottom: 30px;\"><div class=\"fusion-text fusion-text-1\">\n<div class=\"fusion-text fusion-text-1\">\n<div class=\"fusion-text fusion-text-1\">\n<div class=\"fusion-text fusion-text-1\">\n<p>Nouvelles de l&rsquo;industrie et mises \u00e0 jour du si\u00e8ge social de Prihoda North America. Nous y partageons des informations sur les produits, le personnel, les applications sp\u00e9ciales, les ressources nouvelles ou mises \u00e0 jour, les possibilit\u00e9s de formation continue, etc.<\/p>\n<\/div>\n<\/div>\n<\/div>\n<\/div>\n<\/div>[vc_basic_grid post_type=\u00a0\u00bbpost\u00a0\u00bb max_items=\u00a0\u00bb-2&Prime; element_width=\u00a0\u00bb12&Prime; item=\u00a0\u00bb1149&Prime; initial_loading_animation=\u00a0\u00bbnone\u00a0\u00bb grid_id=\u00a0\u00bbvc_gid:1667210145916-01bd54e1-47f1-0&Prime;]<\/div><\/div><\/div><\/div><\/section>\n","protected":false},"excerpt":{"rendered":"<p><span class=\"entry-read-more\"><a href=\"https:\/\/prihodafabricduct.com\/fr\/des-nouvelles\/nouvelles-de-la-societe\/\" class=\"cs-btn cs-btn-flat cs-btn-rounded cs-btn-xxs cs-btn-flat-accent\">Lire la suite<\/a><\/span><\/p>\n","protected":false},"author":1,"featured_media":0,"parent":40179,"menu_order":40,"comment_status":"closed","ping_status":"closed","template":"","meta":{"_acf_changed":false,"footnotes":""},"class_list":["post-40261","page","type-page","status-publish","hentry"],"acf":[],"_links":{"self":[{"href":"https:\/\/prihodafabricduct.com\/fr\/wp-json\/wp\/v2\/pages\/40261","targetHints":{"allow":["GET"]}}],"collection":[{"href":"https:\/\/prihodafabricduct.com\/fr\/wp-json\/wp\/v2\/pages"}],"about":[{"href":"https:\/\/prihodafabricduct.com\/fr\/wp-json\/wp\/v2\/types\/page"}],"author":[{"embeddable":true,"href":"https:\/\/prihodafabricduct.com\/fr\/wp-json\/wp\/v2\/users\/1"}],"replies":[{"embeddable":true,"href":"https:\/\/prihodafabricduct.com\/fr\/wp-json\/wp\/v2\/comments?post=40261"}],"version-history":[{"count":0,"href":"https:\/\/prihodafabricduct.com\/fr\/wp-json\/wp\/v2\/pages\/40261\/revisions"}],"up":[{"embeddable":true,"href":"https:\/\/prihodafabricduct.com\/fr\/wp-json\/wp\/v2\/pages\/40179"}],"wp:attachment":[{"href":"https:\/\/prihodafabricduct.com\/fr\/wp-json\/wp\/v2\/media?parent=40261"}],"curies":[{"name":"wp","href":"https:\/\/api.w.org\/{rel}","templated":true}]}}