{"id":40273,"date":"2022-12-23T12:22:58","date_gmt":"2022-12-23T12:22:58","guid":{"rendered":"https:\/\/prihodafabricduct.com\/?page_id=40273"},"modified":"2022-12-24T06:59:25","modified_gmt":"2022-12-24T06:59:25","slug":"refrigeration","status":"publish","type":"page","link":"https:\/\/prihodafabricduct.com\/fr\/applications-commerciales-et-industrielles\/industriel\/refrigeration\/","title":{"rendered":"R\u00e9frig\u00e9ration"},"content":{"rendered":"<section class=\"cs-section video_section\" style=\"margin-top:-10px;\"><div class=\"container-fluid\"><div class=\"row cs-equal-height\"><div class=\"col-md-8 cs-animation fadeInLeft content wpb_animate_when_almost_visible wpb_zoomIn zoomIn wpb_start_animation animated\" style=\"padding-top: 65px;padding-bottom: 65px;\"><div class=\"cs-column-inner\">[vc_custom_heading text=\u00a0\u00bbRegistre de d\u00e9givrage pour conduits en tissu PRIHODA\u00a0\u00bb use_theme_fonts=\u00a0\u00bbyes\u00a0\u00bb css_animation=\u00a0\u00bbnone\u00a0\u00bb]<div class=\"cs-column-text image_content pluse wpb_animate_when_almost_visible wpb_zoomIn zoomIn wpb_start_animation animated\"><p>D\u00e9couvrez comment fonctionne l&rsquo;amortisseur de d\u00e9givrage Prihoda.<\/p>\n<p>Le registre de d\u00e9givrage (DeDa) s&rsquo;effondre sur la face du ventilateur de l&rsquo;\u00e9vaporateur, bloquant l&rsquo;avant du refroidisseur, ce qui arr\u00eate la rotation ind\u00e9sirable du ventilateur et acc\u00e9l\u00e8re le processus de d\u00e9givrage.<\/p>\n<p>Il est fabriqu\u00e9 en tissu NLW qui assure une bonne couverture de la glaci\u00e8re et b\u00e9n\u00e9ficie d&rsquo;un traitement hydrophobe pour \u00e9viter le givrage.<\/p>\n<\/div><\/div><\/div><div class=\"col-md-4 cs-animation fadeInRight video wpb_animate_when_almost_visible wpb_zoomIn zoomIn wpb_start_animation animated\"><div class=\"cs-column-inner\"><div class=\"cs-fluid cs-fluid-border\"><div class=\"cs-fluid-inner\"><iframe loading=\"lazy\" title=\"PRIHODA Fabric Ducting Defrost Damper\" width=\"1170\" height=\"658\" src=\"https:\/\/www.youtube.com\/embed\/m_5DhCQ45nE?feature=oembed\" frameborder=\"0\" allow=\"accelerometer; autoplay; clipboard-write; encrypted-media; gyroscope; picture-in-picture\" allowfullscreen><\/iframe><\/div><\/div><\/div><\/div><\/div><\/div><\/section><section class=\"cs-section our_work_our_vision global_leader_since\"><div class=\"container\"><div class=\"row\"><div class=\"col-md-6 cs-animation pulse images wpb_animate_when_almost_visible wpb_zoomIn zoomIn wpb_start_animation animated\"><div class=\"cs-column-inner\">[vc_single_image image=\u00a0\u00bb39747&Prime; img_size=\u00a0\u00bbfull\u00a0\u00bb el_class=\u00a0\u00bbbackground_img\u00a0\u00bb][vc_single_image image=\u00a0\u00bb39851&Prime; img_size=\u00a0\u00bbfull\u00a0\u00bb el_class=\u00a0\u00bbimage_1&Prime;][vc_single_image image=\u00a0\u00bb39861&Prime; img_size=\u00a0\u00bbfull\u00a0\u00bb el_class=\u00a0\u00bbimage_2&Prime;]<div class=\"cs-column-text image_content\"><p>Notre tissu 100% recycl\u00e9 post-consommation est exempt d&rsquo;ingr\u00e9dients de la liste rouge, il est donc id\u00e9al pour tout projet Living Building Challenge ou Well Building.<\/p>\n<\/div><\/div><\/div><div class=\"col-md-6 cs-animation fadeInRight content wpb_animate_when_almost_visible wpb_zoomIn zoomIn wpb_start_animation animated\"><div class=\"cs-column-inner\">[vc_custom_heading text=\u00a0\u00bbRefrigeration &amp; Low-Temperature Areas\u00a0\u00bb font_container=\u00a0\u00bbtag:h2|text_align:left|color:%23333333&Prime; use_theme_fonts=\u00a0\u00bbyes\u00a0\u00bb css_animation=\u00a0\u00bbnone\u00a0\u00bb]<div class=\"cs-column-text\"><p>Dans les grandes zones d&rsquo;entreposage frigorifique, les syst\u00e8mes de distribution Prihoda Fabric Ducting assurent une distribution d&rsquo;air uniforme, assurant le maintien de temp\u00e9ratures de produit et de zones de temp\u00e9rature stables.<\/p>\n<p>Dans les zones de production avec un grand nombre de personnes travaillant \u00e0 basse temp\u00e9rature, une vitesse d&rsquo;air \u00e9lev\u00e9e sera une cause majeure d&rsquo;inconfort et peut entra\u00eener un taux de maladie ou d&rsquo;absence plus \u00e9lev\u00e9.<\/p>\n<p>Les conduits et diffuseurs en tissu dispersent l&rsquo;air froid sans provoquer de courants d&rsquo;air. Cr\u00e9er des environnements confortables et \u00e0 faible vitesse pour les travailleurs et les produits.<\/p>\n<\/div><a href=\"\/find-a-local-rep\/\" class=\"cs-btn cs-btn-custom cs-btn-square cs-btn-custom-own cs-btn-sm cs-btn-custom-69dfd7b4e1d37 fusion-button wpb_animate_when_almost_visible wpb_zoomIn zoomIn wpb_start_animation animated\">Trouver un repr\u00e9sentant local<\/a><\/div><\/div><\/div><\/div><\/section><section class=\"cs-section no-padding remarkably_long_service_life\"><div class=\"container\"><div class=\"row\"><div class=\"col-md-12\"><div class=\"cs-column-inner\"><section class=\"cs-section remarkably_long_service_life_child remove_bg_hover\"><div class=\"container\"><div class=\"row cs-equal-height\"><div class=\"col-md-12 cs-animation fadeInRight remarkably_long_service_life_child_items wpb_animate_when_almost_visible wpb_zoomIn zoomIn wpb_start_animation animated\"><div class=\"cs-column-inner\">[vc_single_image image=\u00a0\u00bb39968&Prime; img_size=\u00a0\u00bbfull\u00a0\u00bb][vc_custom_heading text=\u00a0\u00bbRegistres de distribution d&rsquo;air et de d\u00e9givrage personnalis\u00e9s\u00a0\u00bb font_container=\u00a0\u00bbtag:h3|text_align:left\u00a0\u00bb use_theme_fonts=\u00a0\u00bbyes\u00a0\u00bb css_animation=\u00a0\u00bbnone\u00a0\u00bb]<div class=\"cs-column-text\"><p>Prihoda a d\u00e9velopp\u00e9 une large gamme d&rsquo;options de conduits et de dispersion, avec une gamme compl\u00e8te de diff\u00e9rents types de tissus, formes de conduits, styles de montage et m\u00e9thodes de dispersion.<\/p>\n<p>Ces options peuvent \u00eatre combin\u00e9es dans n&rsquo;importe quel nombre de configurations, pour cr\u00e9er un syst\u00e8me de distribution d&rsquo;air enti\u00e8rement personnalis\u00e9 et con\u00e7u avec pr\u00e9cision qui r\u00e9pond aux exigences de n&rsquo;importe quel espace.<\/p>\n<p>Les registres de d\u00e9givrage r\u00e9duisent le temps n\u00e9cessaire au d\u00e9givrage, augmentant ainsi l&rsquo;efficacit\u00e9 et le fonctionnement global des \u00e9vaporateurs tout en contribuant \u00e0 r\u00e9duire les co\u00fbts d&rsquo;exploitation.<\/p>\n<\/div><\/div><\/div><div class=\"col-md-12 cs-animation fadeInLeft remarkably_long_service_life_child_items wpb_animate_when_almost_visible wpb_zoomIn zoomIn wpb_start_animation animated\"><div class=\"cs-column-inner\">[vc_single_image image=\u00a0\u00bb39969&Prime; img_size=\u00a0\u00bbfull\u00a0\u00bb][vc_custom_heading text=\u00a0\u00bbVentilation sans courant d&rsquo;air et flux d&rsquo;air constant\u00a0\u00bb font_container=\u00a0\u00bbtag:h3|text_align:left\u00a0\u00bb use_theme_fonts=\u00a0\u00bbyes\u00a0\u00bb css_animation=\u00a0\u00bbnone\u00a0\u00bb]<div class=\"cs-column-text\"><p>La basse temp\u00e9rature ambiante n\u00e9cessaire typique des zones de conservation des aliments peut entra\u00eener une forte demande de refroidissement.<\/p>\n<p>Le contr\u00f4le pr\u00e9cis du mouvement, de la distribution et de la vitesse de l&rsquo;air possible avec un syst\u00e8me sur mesure comme celui de Prihoda le rend id\u00e9al pour un environnement de r\u00e9frig\u00e9ration commerciale.<\/p>\n<p>Nos syst\u00e8mes de conduits en tissu sont capables de diriger l&rsquo;air pour maintenir un environnement de production optimal sans affecter n\u00e9gativement l&rsquo;environnement du travailleur.<\/p>\n<\/div><\/div><\/div><\/div><\/div><\/section><\/div><\/div><\/div><\/div><\/section><section class=\"cs-section about-us\"><div class=\"container\"><div class=\"row cs-equal-height cs-equal-height-top\"><div class=\"col-md-6 cs-animation fadeInLeft content wpb_animate_when_almost_visible wpb_zoomIn zoomIn wpb_start_animation animated\"><div class=\"cs-column-inner\">[vc_custom_heading text=\u00a0\u00bbDes syst\u00e8mes \u00e9co\u00e9nerg\u00e9tiques qui soutiennent la conception durable\u00a0\u00bb use_theme_fonts=\u00a0\u00bbyes\u00a0\u00bb]<div class=\"cs-column-text\"><p>Avec Prihoda Recycled, nous sommes fiers d&rsquo;aider \u00e0 soutenir le mouvement de la construction \u00e9cologique avec des produits tra\u00e7ables et certifi\u00e9s durables.<\/p>\n<p>Notre tissu 100% recycl\u00e9 post-consommation est exempt d&rsquo;ingr\u00e9dients de la liste rouge, il est donc id\u00e9al pour tout projet Living Building Challenge ou Well Building.<\/p>\n<p>Et nos ressources techniques et nos outils de conception donnent aux architectes et \u00e0 leurs \u00e9quipes de conception m\u00e9canique un avantage suppl\u00e9mentaire, contribuant \u00e0 assurer le succ\u00e8s de la conception durable.<\/p>\n<\/div><div class=\"cs-btn-align text-left\"><a href=\"\/resources\/sustainability\/\" class=\"cs-btn cs-btn-custom cs-btn-square cs-btn-custom-own cs-btn-sm cs-btn-custom-69dfd7b4e22bc fusion-button\">Apprendre encore plus<\/a><\/div><\/div><\/div><div class=\"col-md-6 cs-animation fadeInRight image wpb_animate_when_almost_visible wpb_zoomIn zoomIn wpb_start_animation animated\"><div class=\"cs-column-inner\">[vc_single_image image=\u00a0\u00bb39641&Prime; img_size=\u00a0\u00bbfull\u00a0\u00bb]<\/div><\/div><\/div><\/div><\/section><section class=\"cs-section industries_we_serve\"><div class=\"container\"><div class=\"row cs-equal-height\"><div class=\"col-md-12\"><div class=\"cs-column-inner\">[vc_custom_heading text=\u00a0\u00bbProfessionnels que nous servons\u00a0\u00bb font_container=\u00a0\u00bbtag:h2|text_align:center\u00a0\u00bb use_theme_fonts=\u00a0\u00bbyes\u00a0\u00bb css_animation=\u00a0\u00bbslideInDown\u00a0\u00bb]<\/div><\/div><div class=\"col-md-4 cs-animation pulse industries_we_serve_col_1 industries_we_serve_col wpb_animate_when_almost_visible wpb_zoomIn zoomIn wpb_start_animation animated vc_custom_1665812994081\"><div class=\"cs-column-inner\">[vc_single_image image=\u00a0\u00bb39414&Prime; img_size=\u00a0\u00bbfull\u00a0\u00bb][vc_custom_heading text=\u00a0\u00bbConcepteurs d&rsquo;installations\u00a0\u00bb font_container=\u00a0\u00bbtag:h3|text_align:left\u00a0\u00bb use_theme_fonts=\u00a0\u00bbyes\u00a0\u00bb]<div class=\"cs-column-text\"><p>Prihoda apporte l&rsquo;expertise pour vos syst\u00e8mes de distribution d&rsquo;air. Les conduits en tissu am\u00e9liorent la circulation de l&rsquo;air et la qualit\u00e9 de l&rsquo;air int\u00e9rieur. La conception modulaire de Prihoda facilite la cr\u00e9ation d&rsquo;un syst\u00e8me sur mesure pour presque tous les espaces. Prihoda offre l&rsquo;expertise et le soutien n\u00e9cessaires pour faire de votre prochain projet un succ\u00e8s.<\/p>\n<\/div><a href=\"\/resources\/facility-designers\/\" class=\"cs-btn cs-btn-custom cs-btn-square cs-btn-custom-own cs-btn-sm cs-btn-custom-69dfd7b4e2469 fusion-button\" title=\"Facility Designers\">Apprendre encore plus<\/a><\/div><\/div><div class=\"col-md-4 cs-animation pulse industries_we_serve_col_2 industries_we_serve_col wpb_animate_when_almost_visible wpb_zoomIn zoomIn wpb_start_animation animated vc_custom_1665812506574\"><div class=\"cs-column-inner\">[vc_single_image image=\u00a0\u00bb39416&Prime; img_size=\u00a0\u00bbfull\u00a0\u00bb][vc_custom_heading text=\u00a0\u00bbArchitectes et Propri\u00e9taires\u00a0\u00bb font_container=\u00a0\u00bbtag:h3|text_align:left\u00a0\u00bb use_theme_fonts=\u00a0\u00bbyes\u00a0\u00bb]<div class=\"cs-column-text\"><p>Prihoda s&rsquo;engage \u00e0 \u00eatre un partenaire de confiance \u00e0 chaque \u00e9tape du processus de conception. Prohoda peut fournir des couleurs, des images et des motifs personnalis\u00e9s pour vos besoins de construction uniques. Nos produits peuvent se fondre ou se d\u00e9marquer selon votre d\u00e9sir global sp\u00e9cifique.<\/p>\n<\/div><a href=\"\/resources\/architects-and-owners\/\" class=\"cs-btn cs-btn-custom cs-btn-square cs-btn-custom-own cs-btn-sm cs-btn-custom-69dfd7b4e2528 fusion-button\" title=\"Architects and Owners\">Apprendre encore plus<\/a><\/div><\/div><div class=\"col-md-4 cs-animation pulse industries_we_serve_col_3 industries_we_serve_col wpb_animate_when_almost_visible wpb_zoomIn zoomIn wpb_start_animation animated vc_custom_1667283866999\"><div class=\"cs-column-inner\">[vc_single_image image=\u00a0\u00bb39415&Prime; img_size=\u00a0\u00bbfull\u00a0\u00bb][vc_custom_heading text=\u00a0\u00bbEntrepreneurs et entretien des installations\u00a0\u00bb font_container=\u00a0\u00bbtag:h3|text_align:left\u00a0\u00bb use_theme_fonts=\u00a0\u00bbyes\u00a0\u00bb]<div class=\"cs-column-text\"><p>L&rsquo;expertise technique de Prihoda transpara\u00eet de nos conduits faciles \u00e0 installer \u00e0 nos produits \u00e0 prix comp\u00e9titifs, Prohoda sera avec vous \u00e0 chaque \u00e9tape, de la planification initiale \u00e0 la conception et \u00e0 l&rsquo;installation. D\u00e9couvrez \u00e0 quel point le travail avec les syst\u00e8mes de conduits d&rsquo;air flexibles et abordables de Prihoda peut avoir un impact.<\/p>\n<\/div><a href=\"\/resources\/contractors-and-facility-maintenance\/\" class=\"cs-btn cs-btn-custom cs-btn-square cs-btn-custom-own cs-btn-sm cs-btn-custom-69dfd7b4e2646 fusion-button\">Apprendre encore plus<\/a><\/div><\/div><\/div><\/div><\/section><section class=\"cs-section about-us\"><div class=\"container\"><div class=\"row cs-equal-height cs-equal-height-top\"><div class=\"col-md-6 cs-animation fadeInLeft content wpb_animate_when_almost_visible wpb_zoomIn zoomIn wpb_start_animation animated\"><div class=\"cs-column-inner\">[vc_custom_heading text=\u00a0\u00bb\u00c9l\u00e9ments constitutifs d&rsquo;un syst\u00e8me de distribution d&rsquo;air enti\u00e8rement personnalis\u00e9\u00a0\u00bb use_theme_fonts=\u00a0\u00bbyes\u00a0\u00bb]<div class=\"cs-column-text\"><p>Les syst\u00e8mes de diffuseurs textiles d&rsquo;aujourd&rsquo;hui sont construits \u00e0 partir de tissus en polyester hautement techniques, des mat\u00e9riaux qui ne rouillent pas et ne se corrodent pas et ne n\u00e9cessitent aucun scellement, peinture ou finition une fois install\u00e9s. Ce mat\u00e9riau permet une conception de ventilation extr\u00eamement flexible.<\/p>\n<p>Prihoda a d\u00e9velopp\u00e9 une large gamme d&rsquo;options de conduits et de dispersion, avec une gamme compl\u00e8te de diff\u00e9rents types de tissus, formes de conduits, styles de montage et m\u00e9thodes de dispersion. Ces options peuvent \u00eatre combin\u00e9es dans n&rsquo;importe quel nombre de configurations, pour cr\u00e9er un syst\u00e8me de distribution d&rsquo;air enti\u00e8rement personnalis\u00e9 et con\u00e7u avec pr\u00e9cision qui r\u00e9pond aux exigences de n&rsquo;importe quel espace.<\/p>\n<\/div><\/div><\/div><div class=\"col-md-6 cs-animation fadeInRight image two_images wpb_animate_when_almost_visible wpb_zoomIn zoomIn wpb_start_animation animated\"><div class=\"cs-column-inner\">[vc_single_image image=\u00a0\u00bb39441&Prime; img_size=\u00a0\u00bbfull\u00a0\u00bb el_class=\u00a0\u00bbimage_1&Prime;][vc_single_image image=\u00a0\u00bb39747&Prime; img_size=\u00a0\u00bbfull\u00a0\u00bb el_class=\u00a0\u00bbimage_content\u00a0\u00bb][vc_single_image image=\u00a0\u00bb39837&Prime; img_size=\u00a0\u00bbfull\u00a0\u00bb el_class=\u00a0\u00bbimage_2&Prime;]<\/div><\/div><\/div><\/div><\/section><section class=\"cs-section sub_pages_section justify-content-center\"><div class=\"container\"><div class=\"row\"><div class=\"col-md-3 cs-animation pulse wpb_animate_when_almost_visible wpb_zoomIn zoomIn wpb_start_animation animated\"><div class=\"cs-column-inner\">[vc_single_image image=\u00a0\u00bb39480&Prime; img_size=\u00a0\u00bbfull\u00a0\u00bb onclick=\u00a0\u00bbcustom_link\u00a0\u00bb link=\u00a0\u00bbhttps:\/\/prihodafabricduct.com\/products\/custom-ducting-solutions\/materials\/\u00a0\u00bb title=\u00a0\u00bbMat\u00e9riaux\u00a0\u00bb]<a href=\"https:\/\/prihodafabricduct.com\/products\/custom-ducting-solutions\/materials\/\" class=\"cs-btn cs-btn-custom cs-btn-square cs-btn-custom-own cs-btn-sm cs-btn-custom-69dfd7b4e297d read_more\"><i class=\"cs-in fa fa-long-arrow-right\"><\/i>Lire la suite<\/a><\/div><\/div><div class=\"col-md-3 cs-animation pulse wpb_animate_when_almost_visible wpb_zoomIn zoomIn wpb_start_animation animated\"><div class=\"cs-column-inner\">[vc_single_image image=\u00a0\u00bb39481&Prime; img_size=\u00a0\u00bbfull\u00a0\u00bb onclick=\u00a0\u00bbcustom_link\u00a0\u00bb link=\u00a0\u00bbhttps:\/\/prihodafabricduct.com\/products\/custom-ducting-solutions\/shapes\/\u00a0\u00bb title=\u00a0\u00bbFormes\u00a0\u00bb]<a href=\"https:\/\/prihodafabricduct.com\/products\/custom-ducting-solutions\/shapes\/\" class=\"cs-btn cs-btn-custom cs-btn-square cs-btn-custom-own cs-btn-sm cs-btn-custom-69dfd7b4e2a1a read_more\"><i class=\"cs-in fa fa-long-arrow-right\"><\/i>Lire la suite<\/a><\/div><\/div><div class=\"col-md-3 cs-animation pulse wpb_animate_when_almost_visible wpb_zoomIn zoomIn wpb_start_animation animated\"><div class=\"cs-column-inner\">[vc_single_image image=\u00a0\u00bb39482&Prime; img_size=\u00a0\u00bbfull\u00a0\u00bb onclick=\u00a0\u00bbcustom_link\u00a0\u00bb link=\u00a0\u00bbhttps:\/\/prihodafabricduct.com\/products\/custom-ducting-solutions\/mounting-styles\/\u00a0\u00bb title=\u00a0\u00bbStyles de montage\u00a0\u00bb]<a href=\"https:\/\/prihodafabricduct.com\/products\/custom-ducting-solutions\/mounting-styles\/\" class=\"cs-btn cs-btn-custom cs-btn-square cs-btn-custom-own cs-btn-sm cs-btn-custom-69dfd7b4e2ab7 read_more\"><i class=\"cs-in fa fa-long-arrow-right\"><\/i>Lire la suite<\/a><\/div><\/div><div class=\"col-md-3 cs-animation pulse wpb_animate_when_almost_visible wpb_zoomIn zoomIn wpb_start_animation animated\"><div class=\"cs-column-inner\">[vc_single_image image=\u00a0\u00bb39483&Prime; img_size=\u00a0\u00bbfull\u00a0\u00bb onclick=\u00a0\u00bbcustom_link\u00a0\u00bb link=\u00a0\u00bbhttps:\/\/prihodafabricduct.com\/products\/custom-ducting-solutions\/dispersion-types\/\u00a0\u00bb title=\u00a0\u00bbTypes de dispersion\u00a0\u00bb]<a href=\"https:\/\/prihodafabricduct.com\/products\/custom-ducting-solutions\/dispersion-types\/\" class=\"cs-btn cs-btn-custom cs-btn-square cs-btn-custom-own cs-btn-sm cs-btn-custom-69dfd7b4e2b3b read_more\"><i class=\"cs-in fa fa-long-arrow-right\"><\/i>Lire la suite<\/a><\/div><\/div><\/div><\/div><\/section>\n","protected":false},"excerpt":{"rendered":"<p><span class=\"entry-read-more\"><a href=\"https:\/\/prihodafabricduct.com\/fr\/applications-commerciales-et-industrielles\/industriel\/refrigeration\/\" class=\"cs-btn cs-btn-flat cs-btn-rounded cs-btn-xxs cs-btn-flat-accent\">Lire la suite<\/a><\/span><\/p>\n","protected":false},"author":1,"featured_media":0,"parent":40224,"menu_order":33,"comment_status":"closed","ping_status":"closed","template":"","meta":{"_acf_changed":false,"footnotes":""},"class_list":["post-40273","page","type-page","status-publish","hentry"],"acf":[],"_links":{"self":[{"href":"https:\/\/prihodafabricduct.com\/fr\/wp-json\/wp\/v2\/pages\/40273","targetHints":{"allow":["GET"]}}],"collection":[{"href":"https:\/\/prihodafabricduct.com\/fr\/wp-json\/wp\/v2\/pages"}],"about":[{"href":"https:\/\/prihodafabricduct.com\/fr\/wp-json\/wp\/v2\/types\/page"}],"author":[{"embeddable":true,"href":"https:\/\/prihodafabricduct.com\/fr\/wp-json\/wp\/v2\/users\/1"}],"replies":[{"embeddable":true,"href":"https:\/\/prihodafabricduct.com\/fr\/wp-json\/wp\/v2\/comments?post=40273"}],"version-history":[{"count":0,"href":"https:\/\/prihodafabricduct.com\/fr\/wp-json\/wp\/v2\/pages\/40273\/revisions"}],"up":[{"embeddable":true,"href":"https:\/\/prihodafabricduct.com\/fr\/wp-json\/wp\/v2\/pages\/40224"}],"wp:attachment":[{"href":"https:\/\/prihodafabricduct.com\/fr\/wp-json\/wp\/v2\/media?parent=40273"}],"curies":[{"name":"wp","href":"https:\/\/api.w.org\/{rel}","templated":true}]}}