{"id":40284,"date":"2022-12-23T12:32:27","date_gmt":"2022-12-23T12:32:27","guid":{"rendered":"https:\/\/prihodafabricduct.com\/?page_id=40284"},"modified":"2023-01-11T04:54:35","modified_gmt":"2023-01-11T04:54:35","slug":"quietex","status":"publish","type":"page","link":"https:\/\/prihodafabricduct.com\/fr\/produits\/specialites-prihoda\/quietex\/","title":{"rendered":"Quietex"},"content":{"rendered":"<section class=\"cs-section about-us\"><div class=\"container\"><div class=\"row cs-equal-height cs-equal-height-top\"><div class=\"col-md-6 cs-animation fadeInLeft content wpb_animate_when_almost_visible wpb_zoomIn zoomIn wpb_start_animation animated\"><div class=\"cs-column-inner\">[vc_custom_heading text=\u00a0\u00bbR\u00e9duire efficacement le bruit du syst\u00e8me\u00a0\u00bb use_theme_fonts=\u00a0\u00bbyes\u00a0\u00bb]<div class=\"cs-column-text\"><p>Le bruit g\u00e9n\u00e9r\u00e9 par l&rsquo;activit\u00e9 des ventilateurs du syst\u00e8me ou le mouvement de l&rsquo;air dans les gaines est souvent un probl\u00e8me avec les syst\u00e8mes CVC traditionnels en m\u00e9tal. Les conduits en tissu ne transmettent pas le son de la m\u00eame mani\u00e8re, ce qui fait que ce n&rsquo;est souvent pas un probl\u00e8me.<\/p>\n<p>Mais dans les environnements o\u00f9 le bruit est une pr\u00e9occupation importante, le silencieux QuieTex\u00ae de Prihoda r\u00e9duit le bruit du syst\u00e8me \u00e0 l&rsquo;entr\u00e9e du diffuseur.<\/p>\n<p>L&rsquo;att\u00e9nuateur est imprim\u00e9 de mani\u00e8re \u00e0 \u00eatre assorti au diffuseur et s&rsquo;int\u00e8gre parfaitement au reste du syst\u00e8me.<\/p>\n<\/div><\/div><\/div><div class=\"col-md-6 cs-animation fadeInRight image wpb_animate_when_almost_visible wpb_zoomIn zoomIn wpb_start_animation animated\"><div class=\"cs-column-inner\">[vc_single_image image=\u00a0\u00bb39551&Prime; img_size=\u00a0\u00bbfull\u00a0\u00bb]<\/div><\/div><\/div><\/div><\/section><section class=\"cs-section no-padding remarkably_long_service_life\"><div class=\"container\"><div class=\"row\"><div class=\"col-md-12\"><div class=\"cs-column-inner\"><section class=\"cs-section remarkably_long_service_life_child\"><div class=\"container\"><div class=\"row cs-equal-height\"><div class=\"col-md-12 cs-animation fadeInLeft remarkably_long_service_life_child_items wpb_animate_when_almost_visible wpb_zoomIn zoomIn wpb_start_animation animated\"><div class=\"cs-column-inner\">[vc_single_image image=\u00a0\u00bb39552&Prime; img_size=\u00a0\u00bbfull\u00a0\u00bb][vc_custom_heading text=\u00a0\u00bbL&rsquo;att\u00e9nuateur de bruit en textile de Prihoda\u00a0\u00bb font_container=\u00a0\u00bbtag:h3|text_align:left\u00a0\u00bb use_theme_fonts=\u00a0\u00bbyes\u00a0\u00bb css_animation=\u00a0\u00bbnone\u00a0\u00bb]<div class=\"cs-column-text\"><p>Le silencieux QuieTex\u00ae est con\u00e7u pour absorber le son de l&rsquo;air avant qu&rsquo;il n&rsquo;atteigne le conduit. Cela rend le syst\u00e8me d&rsquo;exploitation tr\u00e8s silencieux. Lorsqu&rsquo;il est install\u00e9 \u00e0 l&rsquo;entr\u00e9e des diffuseurs \u00e0 faible bruit dans des applications sensibles au bruit, le silencieux textile QuieTex\u00ae att\u00e9nue le bruit du syst\u00e8me provenant de la centrale de traitement de l&rsquo;air, afin de garantir une distribution silencieuse et efficace de l&rsquo;air dans tout l&rsquo;espace.<\/p>\n<\/div><\/div><\/div><div class=\"col-md-12 cs-animation fadeInRight remarkably_long_service_life_child_items wpb_animate_when_almost_visible wpb_zoomIn zoomIn wpb_start_animation animated\"><div class=\"cs-column-inner\">[vc_single_image image=\u00a0\u00bb39553&Prime; img_size=\u00a0\u00bbfull\u00a0\u00bb][vc_custom_heading text=\u00a0\u00bbLa construction unique est la cl\u00e9\u00a0\u00bb font_container=\u00a0\u00bbtag:h3|text_align:left\u00a0\u00bb use_theme_fonts=\u00a0\u00bbyes\u00a0\u00bb css_animation=\u00a0\u00bbnone\u00a0\u00bb]<div class=\"cs-column-text\"><p>La base de sa construction unique est un mur de 4 pouces d&rsquo;\u00e9paisseur en laine min\u00e9rale isolante, envelopp\u00e9 d&rsquo;aluminium. La paroi int\u00e9rieure est microperfor\u00e9e pour obtenir une plus grande att\u00e9nuation, et les d\u00e9flecteurs isol\u00e9s, \u00e9galement construits avec du tissu microperfor\u00e9, absorbent davantage le son. Une membrane de tissu non perm\u00e9able emp\u00eache la fuite de toute fibre de verre. Et des anneaux en acier inoxydable cousus sur toute la circonf\u00e9rence de l&rsquo;appareil assurent sa stabilit\u00e9. QuieTex\u00ae est l\u00e9ger et fonctionne bien avec les syst\u00e8mes CVC en tissu ou en m\u00e9tal.<\/p>\n<\/div><\/div><\/div><\/div><\/div><\/section><\/div><\/div><\/div><\/div><\/section><section class=\"cs-section serving_companies\"><div class=\"container\"><div class=\"row\"><div class=\"col-md-12 cs-animation pulse images wpb_animate_when_almost_visible wpb_zoomIn zoomIn wpb_start_animation animated\"><div class=\"cs-column-inner\"><section class=\"cs-section background\"><div class=\"container\"><div class=\"row\"><div class=\"col-md-8 cs-animation fadeInLeft\"><div class=\"cs-column-inner\">[vc_custom_heading text=\u00a0\u00bbR\u00e9duction du bruit du syst\u00e8me avec QuieTex\u00ae.\u00a0\u00bb use_theme_fonts=\u00a0\u00bbyes\u00a0\u00bb css_animation=\u00a0\u00bbnone\u00a0\u00bb el_class=\u00a0\u00bbpluse wpb_animate_when_almost_visible wpb_zoomIn zoomIn wpb_start_animation animated\u00a0\u00bb][vc_single_image image=\u00a0\u00bb40944&Prime; img_size=\u00a0\u00bbfull\u00a0\u00bb]<div class=\"cs-column-text image_content pluse wpb_animate_when_almost_visible wpb_zoomIn zoomIn wpb_start_animation animated\"><p>Le graphique montre les performances de l&rsquo;att\u00e9nuateur QuieTex\u00ae, en indiquant les niveaux d&rsquo;att\u00e9nuation sonore document\u00e9s en d\u00e9cibels.<\/p>\n<p>Pour plus d&rsquo;informations sur QuieTex\u00ae, ou pour demander un devis personnalis\u00e9 pour l&rsquo;int\u00e9gration de l&rsquo;att\u00e9nuateur de bruit dans un projet \u00e0 venir, contactez un <a href=\"https:\/\/prihodafabricduct.com\/fr\/trouver-un-representant-local\/\">repr\u00e9sentant Prihoda<\/a> pr\u00e8s de chez vous.<\/p>\n<\/div><\/div><\/div><div class=\"col-md-4\"><div class=\"cs-column-inner\"><\/div><\/div><\/div><\/div><\/section><\/div><\/div><\/div><\/div><\/section>\n","protected":false},"excerpt":{"rendered":"<p><span class=\"entry-read-more\"><a href=\"https:\/\/prihodafabricduct.com\/fr\/produits\/specialites-prihoda\/quietex\/\" class=\"cs-btn cs-btn-flat cs-btn-rounded cs-btn-xxs cs-btn-flat-accent\">Lire la suite<\/a><\/span><\/p>\n","protected":false},"author":1,"featured_media":0,"parent":39970,"menu_order":71,"comment_status":"closed","ping_status":"closed","template":"","meta":{"_acf_changed":false,"footnotes":""},"class_list":["post-40284","page","type-page","status-publish","hentry"],"acf":[],"_links":{"self":[{"href":"https:\/\/prihodafabricduct.com\/fr\/wp-json\/wp\/v2\/pages\/40284","targetHints":{"allow":["GET"]}}],"collection":[{"href":"https:\/\/prihodafabricduct.com\/fr\/wp-json\/wp\/v2\/pages"}],"about":[{"href":"https:\/\/prihodafabricduct.com\/fr\/wp-json\/wp\/v2\/types\/page"}],"author":[{"embeddable":true,"href":"https:\/\/prihodafabricduct.com\/fr\/wp-json\/wp\/v2\/users\/1"}],"replies":[{"embeddable":true,"href":"https:\/\/prihodafabricduct.com\/fr\/wp-json\/wp\/v2\/comments?post=40284"}],"version-history":[{"count":0,"href":"https:\/\/prihodafabricduct.com\/fr\/wp-json\/wp\/v2\/pages\/40284\/revisions"}],"up":[{"embeddable":true,"href":"https:\/\/prihodafabricduct.com\/fr\/wp-json\/wp\/v2\/pages\/39970"}],"wp:attachment":[{"href":"https:\/\/prihodafabricduct.com\/fr\/wp-json\/wp\/v2\/media?parent=40284"}],"curies":[{"name":"wp","href":"https:\/\/api.w.org\/{rel}","templated":true}]}}