{"id":40291,"date":"2022-12-23T12:37:37","date_gmt":"2022-12-23T12:37:37","guid":{"rendered":"https:\/\/prihodafabricduct.com\/?page_id=40291"},"modified":"2023-01-11T05:38:18","modified_gmt":"2023-01-11T05:38:18","slug":"architectes-et-proprietaires","status":"publish","type":"page","link":"https:\/\/prihodafabricduct.com\/fr\/ressources\/architectes-et-proprietaires\/","title":{"rendered":"Architectes et Propri\u00e9taires"},"content":{"rendered":"<section class=\"cs-section about-us\" style=\" background-color: #ffffff;\"><div class=\"container\"><div class=\"row cs-equal-height cs-equal-height-top\"><div class=\"col-md-6 cs-animation fadeInLeft content wpb_animate_when_almost_visible wpb_zoomIn zoomIn wpb_start_animation animated\"><div class=\"cs-column-inner\">[vc_custom_heading text=\u00a0\u00bbPartenariat dans la conception\u00a0\u00bb use_theme_fonts=\u00a0\u00bbyes\u00a0\u00bb]<div class=\"cs-column-text\"><p>Prihoda North America travaille en \u00e9troite collaboration avec les architectes et leurs \u00e9quipes de conception m\u00e9canique pour fournir les ressources techniques et l&rsquo;expertise n\u00e9cessaires \u00e0 la conception de conduits d&rsquo;air sur mesure.<\/p>\n<p>Prihoda s&rsquo;engage \u00e0 \u00eatre un partenaire de confiance \u00e0 chaque \u00e9tape du processus de conception, des outils de planification aux logiciels de conception et au support technique.<\/p>\n<\/div><div class=\"cs-btn-align text-left\"><a href=\"\/fr\/produits\/specialites-prihoda\/\" class=\"cs-btn cs-btn-custom cs-btn-square cs-btn-custom-own cs-btn-sm cs-btn-custom-69d749e9be71d cs-animation fadeInUp fusion-button\">Apprendre encore plus<\/a><\/div><\/div><\/div><div class=\"col-md-6 cs-animation fadeInRight image wpb_animate_when_almost_visible wpb_zoomIn zoomIn wpb_start_animation animated\"><div class=\"cs-column-inner\">[vc_single_image image=\u00a0\u00bb39632&Prime; img_size=\u00a0\u00bbfull\u00a0\u00bb]<\/div><\/div><\/div><\/div><\/section><section class=\"cs-section no-padding\"><div class=\"container-fluid\"><div class=\"row\"><div class=\"col-md-12\"><div class=\"cs-column-inner\">[vc_raw_html css=\u00a0\u00bb.vc_custom_1665748315344{margin-bottom: 0px !important;}\u00a0\u00bb]JTNDc3ZnJTIweG1sbnMlM0QlMjJodHRwJTNBJTJGJTJGd3d3LnczLm9yZyUyRjIwMDAlMkZzdmclMjIlMjB2aWV3Qm94JTNEJTIyMCUyMDAlMjAxMDAwJTIwMTAwJTIyJTIwcHJlc2VydmVBc3BlY3RSYXRpbyUzRCUyMm5vbmUlMjIlM0UlMEElMDklM0NwYXRoJTIwY2xhc3MlM0QlMjJlbGVtZW50b3Itc2hhcGUtZmlsbCUyMiUyMGQlM0QlMjJNNTAwLjIlMkM5NC43TDAlMkMwdjEwMGgxMDAwVjBMNTAwLjIlMkM5NC43eiUyMiUyMHN0eWxlJTNEJTIyZmlsbCUzQSUyMCUyM0YwRjNGOSUzQiUyMiUzRSUzQyUyRnBhdGglM0UlMEElM0MlMkZzdmclM0U=[\/vc_raw_html]<\/div><\/div><\/div><\/div><\/section><section class=\"cs-section standard_prihoda_colors justify-content-center\" style=\"margin-top: -10px;\"><div class=\"container\"><div class=\"row cs-equal-height\"><div class=\"col-md-12\"><div class=\"cs-column-inner\"><section class=\"cs-section\"><div class=\"container\"><div class=\"row\"><div class=\"col-md-4 cs-animation fadeInLeft standard_prihoda_colors_items standard_prihoda_colors_default wpb_animate_when_almost_visible wpb_zoomIn zoomIn wpb_start_animation animated\"><div class=\"cs-column-inner\">[vc_icon icon_fontawesome=\u00a0\u00bbfas fa-graduation-cap\u00a0\u00bb][vc_custom_heading text=\u00a0\u00bbFORMATION CONTINUE\u00a0\u00bb font_container=\u00a0\u00bbtag:h3|text_align:left\u00a0\u00bb use_theme_fonts=\u00a0\u00bbyes\u00a0\u00bb css_animation=\u00a0\u00bbnone\u00a0\u00bb]<div class=\"cs-column-text\"><p>Renseignez-vous sur les progr\u00e8s de la technologie des conduits d&rsquo;air et obtenez des cr\u00e9dits de formation continue en cours de route, avec des cours en ligne et des webinaires de Prihoda North America. Notre <a href=\"\/new-online-continuing-education-course-prihoda-north-america\/\">dernier cours<\/a> est disponible en ligne et \u00e9ligible au cr\u00e9dit HSW de l&rsquo;AIA.<\/p>\n<\/div><\/div><\/div><div class=\"col-md-4 cs-animation fadeInLeft standard_prihoda_colors_items standard_prihoda_colors_default wpb_animate_when_almost_visible wpb_zoomIn zoomIn wpb_start_animation animated\"><div class=\"cs-column-inner\">[vc_icon icon_fontawesome=\u00a0\u00bbfas fa-recycle\u00a0\u00bb][vc_custom_heading text=\u00a0\u00bbMAT\u00c9RIAU 100% RECYCL\u00c9.\u00a0\u00bb font_container=\u00a0\u00bbtag:h3|text_align:left\u00a0\u00bb use_theme_fonts=\u00a0\u00bbyes\u00a0\u00bb css_animation=\u00a0\u00bbnone\u00a0\u00bb]<div class=\"cs-column-text\"><p>Si vous travaillez dans la conception durable, notre tissu Prihoda Recycled vous permet de concevoir un syst\u00e8me complet de conduits et de dispersion d&rsquo;air avec\u00a0100\u00a0% de mat\u00e9riaux recycl\u00e9s post-consommation, enti\u00e8rement tra\u00e7able et certifi\u00e9 avec la v\u00e9rification U TRUST\u00ae d&rsquo;Unifi.<\/p>\n<\/div><\/div><\/div><div class=\"col-md-4 cs-animation fadeInLeft standard_prihoda_colors_items standard_prihoda_colors_default wpb_animate_when_almost_visible wpb_zoomIn zoomIn wpb_start_animation animated\"><div class=\"cs-column-inner\">[vc_icon icon_fontawesome=\u00a0\u00bbfas fa-calculator\u00a0\u00bb][vc_custom_heading text=\u00a0\u00bbCALCULATRICE\u00a0\u00bb font_container=\u00a0\u00bbtag:h3|text_align:left\u00a0\u00bb use_theme_fonts=\u00a0\u00bbyes\u00a0\u00bb css_animation=\u00a0\u00bbnone\u00a0\u00bb]<div class=\"cs-column-text\"><p>Rien de tel qu&rsquo;une calculatrice bien con\u00e7ue pour se faciliter la vie. Le <a href=\"\/resources\/technical-resources\/fabric-duct-calculator\/\">Ductolator<\/a> de Prihoda vous permet de calculer facilement la vitesse de l&rsquo;air et la taille des conduits pour n&rsquo;importe quel projet, et est \u00e9galement disponible dans une application mobile comme outil lamin\u00e9 de format lettre.<\/p>\n<\/div><\/div><\/div><\/div><\/div><\/section><\/div><\/div><\/div><\/div><\/section><section class=\"cs-section serving_companies\"><div class=\"container\"><div class=\"row\"><div class=\"col-md-12 cs-animation pulse images wpb_animate_when_almost_visible wpb_zoomIn zoomIn wpb_start_animation animated\"><div class=\"cs-column-inner\"><section class=\"cs-section background\" style=\"background-image: url(https:\/\/prihodafabricduct.com\/wp-content\/uploads\/2022\/10\/Sia-4.webp);\"><div class=\"container\"><div class=\"row\"><div class=\"col-md-8 cs-animation fadeInLeft\"><div class=\"cs-column-inner\">[vc_custom_heading text=\u00a0\u00bbLe contr\u00f4le de l&rsquo;air personnalis\u00e9 m\u00e9rite une conception visuelle personnalis\u00e9e\u00a0\u00bb use_theme_fonts=\u00a0\u00bbyes\u00a0\u00bb]<div class=\"cs-btn-align text-left\"><a href=\"https:\/\/prihodafabricduct.com\/products\/prihoda-specialties\/prihoda-art\/\" class=\"cs-btn cs-btn-custom cs-btn-square cs-btn-custom-own cs-btn-sm cs-btn-custom-69d749e9bef60 fusion-button wpb_animate_when_almost_visible wpb_zoomIn zoomIn wpb_start_animation animated btn_in_bg\">Prihoda Art<\/a><\/div><\/div><\/div><div class=\"col-md-4\"><div class=\"cs-column-inner\"><\/div><\/div><\/div><\/div><\/section><\/div><\/div><\/div><\/div><\/section>\n","protected":false},"excerpt":{"rendered":"<p><span class=\"entry-read-more\"><a href=\"https:\/\/prihodafabricduct.com\/fr\/ressources\/architectes-et-proprietaires\/\" class=\"cs-btn cs-btn-flat cs-btn-rounded cs-btn-xxs cs-btn-flat-accent\">Lire la suite<\/a><\/span><\/p>\n","protected":false},"author":1,"featured_media":0,"parent":40068,"menu_order":49,"comment_status":"closed","ping_status":"closed","template":"","meta":{"_acf_changed":false,"footnotes":""},"class_list":["post-40291","page","type-page","status-publish","hentry"],"acf":[],"_links":{"self":[{"href":"https:\/\/prihodafabricduct.com\/fr\/wp-json\/wp\/v2\/pages\/40291","targetHints":{"allow":["GET"]}}],"collection":[{"href":"https:\/\/prihodafabricduct.com\/fr\/wp-json\/wp\/v2\/pages"}],"about":[{"href":"https:\/\/prihodafabricduct.com\/fr\/wp-json\/wp\/v2\/types\/page"}],"author":[{"embeddable":true,"href":"https:\/\/prihodafabricduct.com\/fr\/wp-json\/wp\/v2\/users\/1"}],"replies":[{"embeddable":true,"href":"https:\/\/prihodafabricduct.com\/fr\/wp-json\/wp\/v2\/comments?post=40291"}],"version-history":[{"count":0,"href":"https:\/\/prihodafabricduct.com\/fr\/wp-json\/wp\/v2\/pages\/40291\/revisions"}],"up":[{"embeddable":true,"href":"https:\/\/prihodafabricduct.com\/fr\/wp-json\/wp\/v2\/pages\/40068"}],"wp:attachment":[{"href":"https:\/\/prihodafabricduct.com\/fr\/wp-json\/wp\/v2\/media?parent=40291"}],"curies":[{"name":"wp","href":"https:\/\/api.w.org\/{rel}","templated":true}]}}