{"id":40296,"date":"2022-12-23T12:39:07","date_gmt":"2022-12-23T12:39:07","guid":{"rendered":"https:\/\/prihodafabricduct.com\/?page_id=40296"},"modified":"2023-01-11T13:16:19","modified_gmt":"2023-01-11T13:16:19","slug":"concepteurs-dinstallations","status":"publish","type":"page","link":"https:\/\/prihodafabricduct.com\/fr\/ressources\/concepteurs-dinstallations\/","title":{"rendered":"Concepteurs d&rsquo;installations"},"content":{"rendered":"<section class=\"cs-section about-us\" style=\" background-color: #ffffff;\"><div class=\"container\"><div class=\"row cs-equal-height cs-equal-height-top\"><div class=\"col-md-6 cs-animation fadeInLeft content wpb_animate_when_almost_visible wpb_zoomIn zoomIn wpb_start_animation animated\"><div class=\"cs-column-inner\">[vc_custom_heading text=\u00a0\u00bbExpertise technique et assistance\u00a0\u00bb use_theme_fonts=\u00a0\u00bbyes\u00a0\u00bb]<div class=\"cs-column-text\"><p>Les conduits en tissu am\u00e9liorent la circulation de l&rsquo;air et la qualit\u00e9 de l&rsquo;air int\u00e9rieur, et la conception modulaire facilite la cr\u00e9ation d&rsquo;un syst\u00e8me personnalis\u00e9 pour presque tous les espaces.<\/p>\n<p>En tant que leader de l&rsquo;industrie avec de nombreuses avanc\u00e9es brevet\u00e9es et un leader de la conception avec des capacit\u00e9s logicielles sophistiqu\u00e9es, Prihoda offre l&rsquo;expertise et le soutien n\u00e9cessaires pour faire de votre prochain projet un succ\u00e8s.<\/p>\n<\/div><div class=\"cs-btn-align text-left\"><a href=\"\/fr\/produits\/solutions-de-conduits-sur-mesure\/\" class=\"cs-btn cs-btn-custom cs-btn-square cs-btn-custom-own cs-btn-sm cs-btn-custom-69f1eb261d251 cs-animation fadeInUp fusion-button\">Apprendre encore plus<\/a><\/div><\/div><\/div><div class=\"col-md-6 cs-animation fadeInRight image wpb_animate_when_almost_visible wpb_zoomIn zoomIn wpb_start_animation animated\"><div class=\"cs-column-inner\">[vc_single_image image=\u00a0\u00bb39635&Prime; img_size=\u00a0\u00bbfull\u00a0\u00bb]<\/div><\/div><\/div><\/div><\/section><section class=\"cs-section no-padding\"><div class=\"container-fluid\"><div class=\"row\"><div class=\"col-md-12\"><div class=\"cs-column-inner\">[vc_raw_html css=\u00a0\u00bb.vc_custom_1665748315344{margin-bottom: 0px !important;}\u00a0\u00bb]JTNDc3ZnJTIweG1sbnMlM0QlMjJodHRwJTNBJTJGJTJGd3d3LnczLm9yZyUyRjIwMDAlMkZzdmclMjIlMjB2aWV3Qm94JTNEJTIyMCUyMDAlMjAxMDAwJTIwMTAwJTIyJTIwcHJlc2VydmVBc3BlY3RSYXRpbyUzRCUyMm5vbmUlMjIlM0UlMEElMDklM0NwYXRoJTIwY2xhc3MlM0QlMjJlbGVtZW50b3Itc2hhcGUtZmlsbCUyMiUyMGQlM0QlMjJNNTAwLjIlMkM5NC43TDAlMkMwdjEwMGgxMDAwVjBMNTAwLjIlMkM5NC43eiUyMiUyMHN0eWxlJTNEJTIyZmlsbCUzQSUyMCUyM0YwRjNGOSUzQiUyMiUzRSUzQyUyRnBhdGglM0UlMEElM0MlMkZzdmclM0U=[\/vc_raw_html]<\/div><\/div><\/div><\/div><\/section><section class=\"cs-section standard_prihoda_colors justify-content-center\" style=\"margin-top: -10px;\"><div class=\"container\"><div class=\"row cs-equal-height\"><div class=\"col-md-12\"><div class=\"cs-column-inner\"><section class=\"cs-section\"><div class=\"container\"><div class=\"row\"><div class=\"col-md-4 cs-animation fadeInLeft standard_prihoda_colors_items standard_prihoda_colors_default wpb_animate_when_almost_visible wpb_zoomIn zoomIn wpb_start_animation animated\"><div class=\"cs-column-inner\">[vc_icon icon_fontawesome=\u00a0\u00bbfas fa-calculator\u00a0\u00bb][vc_custom_heading text=\u00a0\u00bbCALCULATOR\u00a0\u00bb font_container=\u00a0\u00bbtag:h3|text_align:left\u00a0\u00bb use_theme_fonts=\u00a0\u00bbyes\u00a0\u00bb css_animation=\u00a0\u00bbnone\u00a0\u00bb]<div class=\"cs-column-text\"><p>R\u00e9duisez votre valeur de d\u00e9bit d&rsquo;air et trouvez instantan\u00e9ment la vitesse et la taille de conduit optimales pour tout projet. Le <a href=\"\/resources\/technical-resources\/fabric-duct-calculator\/\">Calculateur en ligne Prihoda<\/a> unique est \u00e9galement disponible sous forme d&rsquo;application mobile. Et pour le prix d&rsquo;un appel t\u00e9l\u00e9phonique ou d&rsquo;une courte note (en d&rsquo;autres termes, <em>gratuit<\/em>), vous pouvez obtenir votre propre carte Ductolator de la taille d&rsquo;un ordinateur portable. Indiquez-nous o\u00f9 l&rsquo;envoyer.<\/p>\n<\/div><\/div><\/div><div class=\"col-md-4 cs-animation fadeInLeft standard_prihoda_colors_items standard_prihoda_colors_default wpb_animate_when_almost_visible wpb_zoomIn zoomIn wpb_start_animation animated\"><div class=\"cs-column-inner\">[vc_icon icon_fontawesome=\u00a0\u00bbfas fa-desktop\u00a0\u00bb][vc_custom_heading text=\u00a0\u00bbLOGICIEL DE CONCEPTION.\u00a0\u00bb font_container=\u00a0\u00bbtag:h3|text_align:left\u00a0\u00bb use_theme_fonts=\u00a0\u00bbyes\u00a0\u00bb css_animation=\u00a0\u00bbnone\u00a0\u00bb]<div class=\"cs-column-text\"><p>Prihoda est connue dans le monde entier pour ses produits innovants et ses d\u00e9veloppements brevet\u00e9s dans la technologie des conduits en tissu. Mais nous sommes surtout admir\u00e9s pour notre expertise technique en aidant les professionnels \u00e0 concevoir des syst\u00e8mes sur mesure. Notre robuste <a href=\"\/resources\/technical-resources\/airtailor-design-software\/\">logiciel AirTailor\u00ae<\/a>, unique \u00e0 Prihoda, est la cl\u00e9 d&rsquo;une conception de pr\u00e9cision.<\/p>\n<\/div><\/div><\/div><div class=\"col-md-4 cs-animation fadeInLeft standard_prihoda_colors_items standard_prihoda_colors_default wpb_animate_when_almost_visible wpb_zoomIn zoomIn wpb_start_animation animated\"><div class=\"cs-column-inner\">[vc_icon icon_fontawesome=\u00a0\u00bbfas fa-graduation-cap\u00a0\u00bb][vc_custom_heading text=\u00a0\u00bbFORMATION CONTINUE\u00a0\u00bb font_container=\u00a0\u00bbtag:h3|text_align:left\u00a0\u00bb use_theme_fonts=\u00a0\u00bbyes\u00a0\u00bb css_animation=\u00a0\u00bbnone\u00a0\u00bb]<div class=\"cs-column-text\"><p>La formation \u00e0 la conception et \u00e0 l&rsquo;applicabilit\u00e9 des conduits d&rsquo;air et des syst\u00e8mes de dispersion est une priorit\u00e9 pour Prihoda depuis des ann\u00e9es. Nous avons pr\u00e9sent\u00e9 des cours de dispersion de l&rsquo;air textile \u00e0 Denver, Atlanta, Chicago et dans d&rsquo;autres villes du pays, et un <a href=\"\/new-online-continuing-education-course-prihoda-north-america\/\">auto- la version en ligne rythm\u00e9e<\/a> est d\u00e9sormais disponible.<\/p>\n<\/div><\/div><\/div><div class=\"col-md-4 cs-animation fadeInRight standard_prihoda_colors_items standard_prihoda_colors_default wpb_animate_when_almost_visible wpb_zoomIn zoomIn wpb_start_animation animated\"><div class=\"cs-column-inner\">[vc_icon icon_fontawesome=\u00a0\u00bbfas fa-file-download\u00a0\u00bb][vc_custom_heading text=\u00a0\u00bbDONN\u00c9ES TECHNIQUES\u00a0\u00bb font_container=\u00a0\u00bbtag:h3|text_align:left\u00a0\u00bb use_theme_fonts=\u00a0\u00bbyes\u00a0\u00bb css_animation=\u00a0\u00bbnone\u00a0\u00bb]<div class=\"cs-column-text\"><p>Notre <a href=\"\/wp-content\/uploads\/2022\/10\/Technical-Data-Full-Catalog.pdf\" target=\"_blank\" rel=\"noopener\"><em>Catalogue de donn\u00e9es techniques<\/em><\/a> contient des d\u00e9tails sur tous nos produits et diffuseurs de conduits d&rsquo;air, y compris les produits sp\u00e9cialis\u00e9s, les solutions pour les applications \u00e0 port\u00e9e moyenne \u00e0 \u00e9lev\u00e9e et les solutions pour les d\u00e9bits d&rsquo;air probl\u00e9matiques, ainsi que des informations sur les mat\u00e9riaux, l&rsquo;entretien et les questions fr\u00e9quemment pos\u00e9es.<\/p>\n<\/div><\/div><\/div><\/div><\/div><\/section><\/div><\/div><\/div><\/div><\/section><section class=\"cs-section serving_companies\"><div class=\"container\"><div class=\"row\"><div class=\"col-md-12 cs-animation pulse images wpb_animate_when_almost_visible wpb_zoomIn zoomIn wpb_start_animation animated\"><div class=\"cs-column-inner\"><section class=\"cs-section background\" style=\"background-image: url(https:\/\/prihodafabricduct.com\/wp-content\/uploads\/2022\/10\/air-distribution-selection-onscreen.webp);\"><div class=\"container\"><div class=\"row\"><div class=\"col-md-8 cs-animation fadeInLeft\"><div class=\"cs-column-inner\">[vc_custom_heading text=\u00a0\u00bbUn logiciel robuste est la cl\u00e9 d&rsquo;une conception pr\u00e9cise des conduits d&rsquo;air.\u00a0\u00bb use_theme_fonts=\u00a0\u00bbyes\u00a0\u00bb]<div class=\"cs-btn-align text-left\"><a href=\"\/resources\/technical-resources\/airtailor-design-software\/\" class=\"cs-btn cs-btn-custom cs-btn-square cs-btn-custom-own cs-btn-sm cs-btn-custom-69f1eb261dae6 fusion-button wpb_animate_when_almost_visible wpb_zoomIn zoomIn wpb_start_animation animated btn_in_bg\">Logiciel de conception AirTailor<\/a><\/div><\/div><\/div><div class=\"col-md-4\"><div class=\"cs-column-inner\"><\/div><\/div><\/div><\/div><\/section><\/div><\/div><\/div><\/div><\/section>\n","protected":false},"excerpt":{"rendered":"<p><span class=\"entry-read-more\"><a href=\"https:\/\/prihodafabricduct.com\/fr\/ressources\/concepteurs-dinstallations\/\" class=\"cs-btn cs-btn-flat cs-btn-rounded cs-btn-xxs cs-btn-flat-accent\">Lire la suite<\/a><\/span><\/p>\n","protected":false},"author":1,"featured_media":0,"parent":40068,"menu_order":48,"comment_status":"closed","ping_status":"closed","template":"","meta":{"_acf_changed":false,"footnotes":""},"class_list":["post-40296","page","type-page","status-publish","hentry"],"acf":[],"_links":{"self":[{"href":"https:\/\/prihodafabricduct.com\/fr\/wp-json\/wp\/v2\/pages\/40296","targetHints":{"allow":["GET"]}}],"collection":[{"href":"https:\/\/prihodafabricduct.com\/fr\/wp-json\/wp\/v2\/pages"}],"about":[{"href":"https:\/\/prihodafabricduct.com\/fr\/wp-json\/wp\/v2\/types\/page"}],"author":[{"embeddable":true,"href":"https:\/\/prihodafabricduct.com\/fr\/wp-json\/wp\/v2\/users\/1"}],"replies":[{"embeddable":true,"href":"https:\/\/prihodafabricduct.com\/fr\/wp-json\/wp\/v2\/comments?post=40296"}],"version-history":[{"count":0,"href":"https:\/\/prihodafabricduct.com\/fr\/wp-json\/wp\/v2\/pages\/40296\/revisions"}],"up":[{"embeddable":true,"href":"https:\/\/prihodafabricduct.com\/fr\/wp-json\/wp\/v2\/pages\/40068"}],"wp:attachment":[{"href":"https:\/\/prihodafabricduct.com\/fr\/wp-json\/wp\/v2\/media?parent=40296"}],"curies":[{"name":"wp","href":"https:\/\/api.w.org\/{rel}","templated":true}]}}