{"id":40300,"date":"2022-12-23T12:41:41","date_gmt":"2022-12-23T12:41:41","guid":{"rendered":"https:\/\/prihodafabricduct.com\/?page_id=40300"},"modified":"2023-01-11T13:14:19","modified_gmt":"2023-01-11T13:14:19","slug":"entrepreneurs-et-entretien-des-installations","status":"publish","type":"page","link":"https:\/\/prihodafabricduct.com\/fr\/ressources\/entrepreneurs-et-entretien-des-installations\/","title":{"rendered":"Entrepreneurs et entretien des installations"},"content":{"rendered":"<section class=\"cs-section about-us\" style=\" background-color: #ffffff;\"><div class=\"container\"><div class=\"row cs-equal-height cs-equal-height-top\"><div class=\"col-md-6 cs-animation fadeInLeft content wpb_animate_when_almost_visible wpb_zoomIn zoomIn wpb_start_animation animated\"><div class=\"cs-column-inner\">[vc_custom_heading text=\u00a0\u00bbConstruire des r\u00e9putations d&rsquo;excellence\u00a0\u00bb use_theme_fonts=\u00a0\u00bbyes\u00a0\u00bb]<div class=\"cs-column-text\"><p>Les entrepreneurs d\u00e9couvrent souvent Prihoda lorsqu&rsquo;ils constatent \u00e0 quel point les syst\u00e8mes de conduits d&rsquo;air peuvent \u00eatre flexibles et abordables, par rapport au m\u00e9tal traditionnel.<\/p>\n<p>Mais ce qui fait revenir les gens chez Prihoda, ce sont les produits de pointe et l&rsquo;assistance comp\u00e9tente.<\/p>\n<p>L&rsquo;expertise technique de Prihoda transpara\u00eet \u00e0 chaque \u00e9tape, de la planification initiale \u00e0 la conception et \u00e0 l&rsquo;installation.<\/p>\n<p>C&rsquo;est la diff\u00e9rence Prihoda. Et c&rsquo;est ce qui fait que les gens reviennent.<\/p>\n<\/div><div class=\"cs-btn-align text-left\"><a href=\"\/applications\/\" class=\"cs-btn cs-btn-custom cs-btn-square cs-btn-custom-own cs-btn-sm cs-btn-custom-69d7518456513 fusion-button\">Learn More<\/a><\/div><\/div><\/div><div class=\"col-md-6 cs-animation fadeInRight image wpb_animate_when_almost_visible wpb_zoomIn zoomIn wpb_start_animation animated\"><div class=\"cs-column-inner\">[vc_single_image image=\u00a0\u00bb39589&Prime; img_size=\u00a0\u00bbfull\u00a0\u00bb]<\/div><\/div><\/div><\/div><\/section><section class=\"cs-section no-padding\"><div class=\"container-fluid\"><div class=\"row\"><div class=\"col-md-12\"><div class=\"cs-column-inner\">[vc_raw_html css=\u00a0\u00bb.vc_custom_1665748315344{margin-bottom: 0px !important;}\u00a0\u00bb]JTNDc3ZnJTIweG1sbnMlM0QlMjJodHRwJTNBJTJGJTJGd3d3LnczLm9yZyUyRjIwMDAlMkZzdmclMjIlMjB2aWV3Qm94JTNEJTIyMCUyMDAlMjAxMDAwJTIwMTAwJTIyJTIwcHJlc2VydmVBc3BlY3RSYXRpbyUzRCUyMm5vbmUlMjIlM0UlMEElMDklM0NwYXRoJTIwY2xhc3MlM0QlMjJlbGVtZW50b3Itc2hhcGUtZmlsbCUyMiUyMGQlM0QlMjJNNTAwLjIlMkM5NC43TDAlMkMwdjEwMGgxMDAwVjBMNTAwLjIlMkM5NC43eiUyMiUyMHN0eWxlJTNEJTIyZmlsbCUzQSUyMCUyM0YwRjNGOSUzQiUyMiUzRSUzQyUyRnBhdGglM0UlMEElM0MlMkZzdmclM0U=[\/vc_raw_html]<\/div><\/div><\/div><\/div><\/section><section class=\"cs-section standard_prihoda_colors justify-content-center\" style=\"margin-top: -10px;\"><div class=\"container\"><div class=\"row cs-equal-height\"><div class=\"col-md-12\"><div class=\"cs-column-inner\"><section class=\"cs-section\"><div class=\"container\"><div class=\"row\"><div class=\"col-md-4 cs-animation fadeInLeft standard_prihoda_colors_items standard_prihoda_colors_default wpb_animate_when_almost_visible wpb_zoomIn zoomIn wpb_start_animation animated\"><div class=\"cs-column-inner\">[vc_icon icon_fontawesome=\u00a0\u00bbfab fa-youtube\u00a0\u00bb][vc_custom_heading text=\u00a0\u00bbVID\u00c9OS D&rsquo;INSTALLATION\u00a0\u00bb font_container=\u00a0\u00bbtag:h3|text_align:left\u00a0\u00bb use_theme_fonts=\u00a0\u00bbyes\u00a0\u00bb css_animation=\u00a0\u00bbnone\u00a0\u00bb]<div class=\"cs-column-text\"><p>Notre biblioth\u00e8que de vid\u00e9os d&rsquo;installation comprend des instructions d\u00e9taill\u00e9es pour l&rsquo;installation de tous nos syst\u00e8mes de conduits et de diffuseurs d&rsquo;air. Les syst\u00e8mes \u00e0 c\u00e2ble simple et double, ainsi que les syst\u00e8mes de suspension \u00e0 voie simple et double, sont tous couverts ici.<\/p>\n<\/div><\/div><\/div><div class=\"col-md-4 cs-animation fadeInLeft standard_prihoda_colors_items standard_prihoda_colors_default wpb_animate_when_almost_visible wpb_zoomIn zoomIn wpb_start_animation animated\"><div class=\"cs-column-inner\">[vc_icon icon_fontawesome=\u00a0\u00bbfas fa-calculator\u00a0\u00bb][vc_custom_heading text=\u00a0\u00bbGARANTIE\u00a0\u00bb font_container=\u00a0\u00bbtag:h3|text_align:left\u00a0\u00bb use_theme_fonts=\u00a0\u00bbyes\u00a0\u00bb css_animation=\u00a0\u00bbnone\u00a0\u00bb]<div class=\"cs-column-text\"><p>Notre calculateur en ligne tr\u00e8s pratique vous permet de d\u00e9terminer facilement la vitesse de l&rsquo;air et la taille des conduits pour tout projet. Testez-le en ligne ou t\u00e9l\u00e9chargez l&rsquo;application mobile. Ou appelez-nous et nous vous enverrons votre propre outil lamin\u00e9 Ductolator !<\/p>\n<\/div><\/div><\/div><\/div><\/div><\/section><\/div><\/div><\/div><\/div><\/section><section class=\"cs-section serving_companies\"><div class=\"container\"><div class=\"row\"><div class=\"col-md-12 cs-animation pulse images wpb_animate_when_almost_visible wpb_zoomIn zoomIn wpb_start_animation animated\"><div class=\"cs-column-inner\"><section class=\"cs-section background\" style=\"background-image: url(https:\/\/prihodafabricduct.com\/wp-content\/uploads\/2022\/10\/industrial-application-manufacturing.webp);\"><div class=\"container\"><div class=\"row\"><div class=\"col-md-8 cs-animation fadeInLeft\"><div class=\"cs-column-inner\">[vc_custom_heading text=\u00a0\u00bbSyst\u00e8mes de conduits d&rsquo;air performants et abordables pour les applications commerciales et industrielles\u00a0\u00bb use_theme_fonts=\u00a0\u00bbyes\u00a0\u00bb]<div class=\"cs-btn-align text-left\"><a href=\"\/applications\/\" class=\"cs-btn cs-btn-custom cs-btn-square cs-btn-custom-own cs-btn-sm cs-btn-custom-69d7518456a74 fusion-button wpb_animate_when_almost_visible wpb_zoomIn zoomIn wpb_start_animation animated btn_in_bg\">Applications<\/a><\/div><\/div><\/div><div class=\"col-md-4\"><div class=\"cs-column-inner\"><\/div><\/div><\/div><\/div><\/section><\/div><\/div><\/div><\/div><\/section>\n","protected":false},"excerpt":{"rendered":"<p><span class=\"entry-read-more\"><a href=\"https:\/\/prihodafabricduct.com\/fr\/ressources\/entrepreneurs-et-entretien-des-installations\/\" class=\"cs-btn cs-btn-flat cs-btn-rounded cs-btn-xxs cs-btn-flat-accent\">Lire la suite<\/a><\/span><\/p>\n","protected":false},"author":1,"featured_media":0,"parent":40068,"menu_order":47,"comment_status":"closed","ping_status":"closed","template":"","meta":{"_acf_changed":false,"footnotes":""},"class_list":["post-40300","page","type-page","status-publish","hentry"],"acf":[],"_links":{"self":[{"href":"https:\/\/prihodafabricduct.com\/fr\/wp-json\/wp\/v2\/pages\/40300","targetHints":{"allow":["GET"]}}],"collection":[{"href":"https:\/\/prihodafabricduct.com\/fr\/wp-json\/wp\/v2\/pages"}],"about":[{"href":"https:\/\/prihodafabricduct.com\/fr\/wp-json\/wp\/v2\/types\/page"}],"author":[{"embeddable":true,"href":"https:\/\/prihodafabricduct.com\/fr\/wp-json\/wp\/v2\/users\/1"}],"replies":[{"embeddable":true,"href":"https:\/\/prihodafabricduct.com\/fr\/wp-json\/wp\/v2\/comments?post=40300"}],"version-history":[{"count":0,"href":"https:\/\/prihodafabricduct.com\/fr\/wp-json\/wp\/v2\/pages\/40300\/revisions"}],"up":[{"embeddable":true,"href":"https:\/\/prihodafabricduct.com\/fr\/wp-json\/wp\/v2\/pages\/40068"}],"wp:attachment":[{"href":"https:\/\/prihodafabricduct.com\/fr\/wp-json\/wp\/v2\/media?parent=40300"}],"curies":[{"name":"wp","href":"https:\/\/api.w.org\/{rel}","templated":true}]}}