{"id":40303,"date":"2022-12-23T12:45:06","date_gmt":"2022-12-23T12:45:06","guid":{"rendered":"https:\/\/prihodafabricduct.com\/?page_id=40303"},"modified":"2022-12-28T07:09:37","modified_gmt":"2022-12-28T07:09:37","slug":"entretien-garantie","status":"publish","type":"page","link":"https:\/\/prihodafabricduct.com\/fr\/ressources\/entretien-garantie\/","title":{"rendered":"Entretien et garantie"},"content":{"rendered":"<section class=\"cs-section about-us\" style=\" background-color: #ffffff;\"><div class=\"container\"><div class=\"row cs-equal-height cs-equal-height-top\"><div class=\"col-md-6 cs-animation fadeInLeft content wpb_animate_when_almost_visible wpb_zoomIn zoomIn wpb_start_animation animated\"><div class=\"cs-column-inner\">[vc_custom_heading text=\u00a0\u00bbUne dur\u00e9e de vie exceptionnelle\u00a0\u00bb use_theme_fonts=\u00a0\u00bbyes\u00a0\u00bb]<div class=\"cs-column-text\"><p>Les conduits en tissu Prihoda ne sont pas une solution \u00e0 court terme.<\/p>\n<p>Les diffuseurs fabriqu\u00e9s \u00e0 partir de mat\u00e9riaux de bonne qualit\u00e9 dureront de 10 \u00e0 20 ans, voire plus, en fonction du choix du tissu et des m\u00e9thodes d&rsquo;installation.<\/p>\n<p>Tous les diffuseurs et gaines Prihoda sont fabriqu\u00e9s en mat\u00e9riaux synth\u00e9tiques de haute qualit\u00e9, r\u00e9sistants \u00e0 la temp\u00e9rature et au r\u00e9tr\u00e9cissement.<\/p>\n<p>Le tissu particulier sp\u00e9cifi\u00e9 dans votre commande est confirm\u00e9 dans les documents d&rsquo;exp\u00e9dition et imprim\u00e9 sur l&rsquo;\u00e9tiquette cousue dans chaque pi\u00e8ce.<\/p>\n<\/div><\/div><\/div><div class=\"col-md-6 cs-animation fadeInRight image wpb_animate_when_almost_visible wpb_zoomIn zoomIn wpb_start_animation animated\"><div class=\"cs-column-inner\">[vc_single_image image=\u00a0\u00bb39480&Prime; img_size=\u00a0\u00bbfull\u00a0\u00bb]<\/div><\/div><\/div><\/div><\/section><section class=\"cs-section maintenance_section\" style=\" background-color: #f0f3f9;\"><div class=\"container\"><div class=\"row\"><div class=\"col-md-12\"><div class=\"cs-column-inner\">[vc_custom_heading text=\u00a0\u00bbMaintenance\u00a0\u00bb font_container=\u00a0\u00bbtag:h2|text_align:center\u00a0\u00bb use_theme_fonts=\u00a0\u00bbyes\u00a0\u00bb css_animation=\u00a0\u00bbfadeInUp\u00a0\u00bb]<div class=\"cs-column-text cs-animation fadeInUp wpb_animate_when_almost_visible wpb_zoomIn zoomIn wpb_start_animation animated\" style=\"width: 80%;text-align: center;margin-left: auto;margin-right: auto;\"><p>Le nettoyage et l&rsquo;entretien des conduits en tissu sont faciles. Les gaines et les diffuseurs en mat\u00e9riaux perm\u00e9ables (Classic, Premium et Recycl\u00e9) peuvent \u00eatre lav\u00e9s normalement dans une machine \u00e0 laver industrielle ou commerciale. Les tissus imperm\u00e9ables (Prihoda Light) peuvent \u00eatre lav\u00e9s en machine sur un cycle doux ou d\u00e9licat. Les mat\u00e9riaux sp\u00e9ciaux, tels que le plastique Prihoda, le verre Prihoda et la feuille Prihoda, doivent \u00eatre lav\u00e9s \u00e0 la main uniquement. Si la gaine ou le diffuseur est \u00e9quip\u00e9 d&rsquo;accessoires de maintien en position ouverte, ces \u00e9l\u00e9ments solides peuvent \u00eatre facilement retir\u00e9s avant le lavage. La salet\u00e9 de la surface d&rsquo;induction \u00e0 l&rsquo;ext\u00e9rieur du conduit ou du diffuseur peut \u00eatre facilement aspir\u00e9e, de sorte que dans de nombreux environnements, le lavage n&rsquo;est m\u00eame pas n\u00e9cessaire.<\/p>\n<p>Voir <a href=\"https:\/\/prihodafabricduct.com\/fr\/produits\/solutions-de-conduits-sur-mesure\/materiaux\/\">Mat\u00e9riaux<\/a> pour une description compl\u00e8te de toutes les options de tissu Prihoda.<\/p>\n<\/div><\/div><\/div><\/div><\/div><\/section><section class=\"cs-section lg-padding cleaning_instructions_section\"><div class=\"container\"><div class=\"row\"><div class=\"col-md-12\"><div class=\"cs-column-inner\">[vc_custom_heading text=\u00a0\u00bbInstructions de nettoyage\u00a0\u00bb font_container=\u00a0\u00bbtag:h2|text_align:center\u00a0\u00bb use_theme_fonts=\u00a0\u00bbyes\u00a0\u00bb css_animation=\u00a0\u00bbfadeInUp\u00a0\u00bb]<div class=\"cs-column-text cs-animation fadeInUp wpb_animate_when_almost_visible wpb_zoomIn zoomIn wpb_start_animation animated\" style=\"width: 80%;text-align: center;margin-left: auto;margin-right: auto;\"><p>Pour un entretien correct, veillez \u00e0 suivre les instructions de lavage figurant sur l&rsquo;\u00e9tiquette du produit cousue dans chaque section d&rsquo;un diffuseur en tissu Prihoda. Pour tous les tissus, la salet\u00e9 de surface peut g\u00e9n\u00e9ralement \u00eatre \u00e9limin\u00e9e \u00e0 l&rsquo;aide d&rsquo;un aspirateur directement sur les diffuseurs install\u00e9s. Si vous le souhaitez, un agent d\u00e9sinfectant peut \u00eatre ajout\u00e9 au d\u00e9tergent, mais le client doit s&rsquo;assurer que les produits chimiques d\u00e9sinfectants n&rsquo;affectent pas le tissu. R\u00e9installez et laissez s\u00e9cher naturellement. Les diffuseurs en tissu Prihoda ne doivent jamais \u00eatre s\u00e9ch\u00e9s dans un s\u00e8che-linge.<\/p>\n<\/div><section class=\"cs-section washable_fabrics_section\"><div class=\"container\"><div class=\"row cs-equal-height\"><div class=\"col-md-6 cs-animation fadeInLeft washable_fabrics washable_fabrics_bg_green wpb_animate_when_almost_visible wpb_zoomIn zoomIn wpb_start_animation animated\"><div class=\"cs-column-inner\">[vc_custom_heading text=\u00a0\u00bbPour les tissus lavables en machine\u00a0\u00bb font_container=\u00a0\u00bbtag:h3|text_align:left\u00a0\u00bb use_theme_fonts=\u00a0\u00bbyes\u00a0\u00bb]<div class=\"cs-column-text\"><p>Les diffuseurs en tissu lavable peuvent \u00e9galement \u00eatre d\u00e9sinstall\u00e9s et lav\u00e9s facilement si n\u00e9cessaire. Les mat\u00e9riaux tr\u00e8s sales doivent d&rsquo;abord \u00eatre d\u00e9poussi\u00e9r\u00e9s \u00e0 l&rsquo;aide d&rsquo;un aspirateur, d&rsquo;air comprim\u00e9 ou d&rsquo;une brosse douce. Les diffuseurs peuvent \u00eatre retourn\u00e9s pour \u00eatre lav\u00e9s, si n\u00e9cessaire. Un d\u00e9tergent ordinaire ou de qualit\u00e9 industrielle convient parfaitement. Lavez \u00e0 une temp\u00e9rature maximale de 40\u00b0C (104\u00b0F), avec un cycle d&rsquo;essorage r\u00e9gl\u00e9 entre 400 et 800 tr\/min, et rincez soigneusement. Si<\/p>\n<\/div><\/div><\/div><div class=\"col-md-6 cs-animation fadeInRight washable_fabrics washable_fabrics_bg_blue wpb_animate_when_almost_visible wpb_zoomIn zoomIn wpb_start_animation animated\"><div class=\"cs-column-inner\">[vc_custom_heading text=\u00a0\u00bbPour les tissus non lavables en machine\u00a0\u00bb font_container=\u00a0\u00bbtag:h3|text_align:left\u00a0\u00bb use_theme_fonts=\u00a0\u00bbyes\u00a0\u00bb]<div class=\"cs-column-text\"><p>Si l&rsquo;aspirateur ne suffit pas, nettoyez les diffuseurs \u00e0 l&rsquo;aide d&rsquo;une \u00e9ponge humide ou s\u00e8che, d&rsquo;un chiffon doux ou d&rsquo;une brosse, selon les besoins. Les diffuseurs tr\u00e8s sales peuvent \u00e9galement \u00eatre lav\u00e9s et rinc\u00e9s \u00e0 la main, avec un d\u00e9tergent doux et \u00e0 une temp\u00e9rature maximale de 40\u00b0C (104\u00b0F). Rincez abondamment et s\u00e9chez \u00e0 l&rsquo;\u00e9gout. R\u00e9installez-les ensuite et laissez-les s\u00e9cher compl\u00e8tement une fois en place. Les diffuseurs en tissu Prihoda ne doivent jamais \u00eatre s\u00e9ch\u00e9s dans un s\u00e8che-linge. <\/p>\n<\/div><\/div><\/div><\/div><\/div><\/section><div class=\"cs-column-text cs-animation fadeInUp wpb_animate_when_almost_visible wpb_zoomIn zoomIn wpb_start_animation animated\" style=\"width: 80%;text-align: center;margin-left: auto;margin-right: auto;\"><p>Tout entretien doit respecter strictement les symboles de l&rsquo;\u00e9tiquette de lavage cousue dans chaque section.<\/p>\n<\/div><section class=\"cs-section symbols_section\"><div class=\"container\"><div class=\"row cs-equal-height\"><div class=\"col-md-4 cs-animation fadeInLeft wpb_animate_when_almost_visible wpb_zoomIn zoomIn wpb_start_animation animated\"><div class=\"cs-column-inner\"><div class=\"cs-column-text\"><div class=\"process_box style_three dark_color\">\n<div class=\"process_box_outer_three left\">\n<div class=\"content_box\">\n<h6>Num\u00e9ro de la position, partie<\/h6>\n<\/div>\n<div class=\"number\">\n<h6>01<\/h6>\n<\/div>\n<div class=\"elementor-divider-separator\"><\/div>\n<div class=\"content_box\">\n<h6>Num\u00e9ro de commande \u00e0 PRIHODA<\/h6>\n<\/div>\n<div class=\"number\">\n<h6>02<\/h6>\n<\/div>\n<div class=\"elementor-divider-separator\"><\/div>\n<div class=\"content_box\">\n<h6>Identification par le client<\/h6>\n<\/div>\n<div class=\"number\">\n<h6>03<\/h6>\n<\/div>\n<div class=\"elementor-divider-separator\"><\/div>\n<div class=\"content_box\">\n<h6>Mat\u00e9riau<\/h6>\n<\/div>\n<div class=\"number\">\n<h6>04<\/h6>\n<\/div>\n<\/div>\n<\/div>\n<\/div><\/div><\/div><div class=\"col-md-4 cs-animation pulse wpb_animate_when_almost_visible wpb_zoomIn zoomIn wpb_start_animation animated\"><div class=\"cs-column-inner\">[vc_single_image image=\u00a0\u00bb39644&Prime; img_size=\u00a0\u00bbfull\u00a0\u00bb]<\/div><\/div><div class=\"col-md-4 cs-animation fadeInRight wpb_animate_when_almost_visible wpb_zoomIn zoomIn wpb_start_animation animated\"><div class=\"cs-column-inner\"><div class=\"cs-column-text\"><div class=\"process_box style_three dark_color\">\n<div class=\"process_box_outer_three left\">\n<div class=\"content_box\">\n<h6>Symboles de traitement<\/h6>\n<\/div>\n<div class=\"number\">\n<h6>05<\/h6>\n<\/div>\n<div class=\"elementor-divider-separator\"><\/div>\n<div class=\"content_box\">\n<h6>Fabricant<\/h6>\n<\/div>\n<div class=\"number\">\n<h6>06<\/h6>\n<\/div>\n<div class=\"elementor-divider-separator\"><\/div>\n<div class=\"content_box\">\n<h6>O\u00f9 et quand il a \u00e9t\u00e9 fabriqu\u00e9<\/h6>\n<\/div>\n<div class=\"number\">\n<h6>07<\/h6>\n<\/div>\n<\/div>\n<\/div>\n<\/div><\/div><\/div><\/div><\/div><\/section><\/div><\/div><\/div><\/div><\/section><section class=\"cs-section no-padding\"><div class=\"container-fluid\"><div class=\"row\"><div class=\"col-md-12\"><div class=\"cs-column-inner\">[vc_raw_html css=\u00a0\u00bb.vc_custom_1665748315344{margin-bottom: 0px !important;}\u00a0\u00bb]PHN2ZyB4bWxucz0iaHR0cDovL3d3dy53My5vcmcvMjAwMC9zdmciIHZpZXdib3g9IjAgMCAxMDAwIDEwMCIgcHJlc2VydmVhc3BlY3RyYXRpbz0ibm9uZSI+Cgk8cGF0aCBjbGFzcz0iZWxlbWVudG9yLXNoYXBlLWZpbGwiIGQ9Ik01MDAuMiw5NC43TDAsMHYxMDBoMTAwMFYwTDUwMC4yLDk0Ljd6IiBzdHlsZT0iZmlsbDogI0YwRjNGOTsiPjwvcGF0aD4KPC9zdmc+[\/vc_raw_html]<\/div><\/div><\/div><\/div><\/section><section class=\"cs-section standard_prihoda_colors justify-content-center\" style=\"margin-top: -10px;\"><div class=\"container\"><div class=\"row cs-equal-height\"><div class=\"col-md-12\"><div class=\"cs-column-inner\">[vc_custom_heading text=\u00a0\u00bbSymboles sur l&rsquo;\u00e9tiquette du produit\u00a0\u00bb font_container=\u00a0\u00bbtag:h2|text_align:center\u00a0\u00bb use_theme_fonts=\u00a0\u00bbyes\u00a0\u00bb css_animation=\u00a0\u00bbfadeInUp\u00a0\u00bb]<section class=\"cs-section\"><div class=\"container\"><div class=\"row\"><div class=\"col-md-3 cs-animation fadeInLeft standard_prihoda_colors_items standard_prihoda_colors_default wpb_animate_when_almost_visible wpb_zoomIn zoomIn wpb_start_animation animated\"><div class=\"cs-column-inner\">[vc_raw_html css=\u00a0\u00bb.vc_custom_1667035319691{margin-bottom: 0px !important;}\u00a0\u00bb]PGRpdiBjbGFzcz0idmNfaWNvbl9lbGVtZW50IHZjX2ljb25fZWxlbWVudC1vdXRlciB2Y19pY29uX2VsZW1lbnQtYWxpZ24tbGVmdCI+PGRpdiBjbGFzcz0idmNfaWNvbl9lbGVtZW50LWlubmVyIHZjX2ljb25fZWxlbWVudC1jb2xvci1ibHVlIHZjX2ljb25fZWxlbWVudC1zaXplLW1kIHZjX2ljb25fZWxlbWVudC1zdHlsZS0gdmNfaWNvbl9lbGVtZW50LWJhY2tncm91bmQtY29sb3ItZ3JleSI+PHNwYW4gY2xhc3M9InZjX2ljb25fZWxlbWVudC1pY29uIGZ1c2lvbi1saS1pY29uIGdpbi13YXNoLWxhYmVsLXN5bWJvbHNfd2FzaC1jb2xkIj48L3NwYW4+PC9kaXY+PC9kaXY+[\/vc_raw_html]<div class=\"cs-column-text\"><p>Lavage en machine au maximum. temp\u00e9rature de 40\u00b0C, action m\u00e9canique normale, rin\u00e7age normal, cycle d&rsquo;essorage normal.<\/p>\n<\/div><\/div><\/div><div class=\"col-md-3 cs-animation fadeInLeft standard_prihoda_colors_items standard_prihoda_colors_default wpb_animate_when_almost_visible wpb_zoomIn zoomIn wpb_start_animation animated\"><div class=\"cs-column-inner\">[vc_raw_html css=\u00a0\u00bb.vc_custom_1667035354964{margin-bottom: 0px !important;}\u00a0\u00bb]PGRpdiBjbGFzcz0idmNfaWNvbl9lbGVtZW50IHZjX2ljb25fZWxlbWVudC1vdXRlciB2Y19pY29uX2VsZW1lbnQtYWxpZ24tbGVmdCI+PGRpdiBjbGFzcz0idmNfaWNvbl9lbGVtZW50LWlubmVyIHZjX2ljb25fZWxlbWVudC1jb2xvci1ibHVlIHZjX2ljb25fZWxlbWVudC1zaXplLW1kIHZjX2ljb25fZWxlbWVudC1zdHlsZS0gdmNfaWNvbl9lbGVtZW50LWJhY2tncm91bmQtY29sb3ItZ3JleSI+PHNwYW4gY2xhc3M9InZjX2ljb25fZWxlbWVudC1pY29uIGZ1c2lvbi1saS1pY29uIGdpbi13YXNoLWxhYmVsLXN5bWJvbHNfbm8tZHJ5ZXIiPjwvc3Bhbj48L2Rpdj48L2Rpdj4=[\/vc_raw_html]<div class=\"cs-column-text\"><p>Ne pas s\u00e9cher le produit dans un s\u00e9choir \u00e0 tambour rotatif.<\/p>\n<\/div><\/div><\/div><div class=\"col-md-3 cs-animation fadeInLeft standard_prihoda_colors_items standard_prihoda_colors_default wpb_animate_when_almost_visible wpb_zoomIn zoomIn wpb_start_animation animated\"><div class=\"cs-column-inner\">[vc_raw_html css=\u00a0\u00bb.vc_custom_1667035368196{margin-bottom: 0px !important;}\u00a0\u00bb]PGRpdiBjbGFzcz0idmNfaWNvbl9lbGVtZW50IHZjX2ljb25fZWxlbWVudC1vdXRlciB2Y19pY29uX2VsZW1lbnQtYWxpZ24tbGVmdCI+PGRpdiBjbGFzcz0idmNfaWNvbl9lbGVtZW50LWlubmVyIHZjX2ljb25fZWxlbWVudC1jb2xvci1ibHVlIHZjX2ljb25fZWxlbWVudC1zaXplLW1kIHZjX2ljb25fZWxlbWVudC1zdHlsZS0gdmNfaWNvbl9lbGVtZW50LWJhY2tncm91bmQtY29sb3ItZ3JleSI+PHNwYW4gY2xhc3M9InZjX2ljb25fZWxlbWVudC1pY29uIGZ1c2lvbi1saS1pY29uIGdpbi13YXNoLWxhYmVsLXN5bWJvbHNfZGVsaXZhdGUtY29sZCI+PC9zcGFuPjwvZGl2PjwvZGl2Pg==[\/vc_raw_html]<div class=\"cs-column-text\"><p>Action m\u00e9canique l\u00e9g\u00e8re, rin\u00e7age \u00e0 temp\u00e9rature descendante, essorage l\u00e9ger, lavage en machine d\u00e9licat, max. temp\u00e9rature 40\u00b0C<\/p>\n<\/div><\/div><\/div><div class=\"col-md-3 cs-animation fadeInLeft standard_prihoda_colors_items standard_prihoda_colors_default wpb_animate_when_almost_visible wpb_zoomIn zoomIn wpb_start_animation animated\"><div class=\"cs-column-inner\">[vc_raw_html css=\u00a0\u00bb.vc_custom_1667035387657{margin-bottom: 0px !important;}\u00a0\u00bb]PGRpdiBjbGFzcz0idmNfaWNvbl9lbGVtZW50IHZjX2ljb25fZWxlbWVudC1vdXRlciB2Y19pY29uX2VsZW1lbnQtYWxpZ24tbGVmdCI+PGRpdiBjbGFzcz0idmNfaWNvbl9lbGVtZW50LWlubmVyIHZjX2ljb25fZWxlbWVudC1jb2xvci1ibHVlIHZjX2ljb25fZWxlbWVudC1zaXplLW1kIHZjX2ljb25fZWxlbWVudC1zdHlsZS0gdmNfaWNvbl9lbGVtZW50LWJhY2tncm91bmQtY29sb3ItZ3JleSI+PHNwYW4gY2xhc3M9InZjX2ljb25fZWxlbWVudC1pY29uIGZ1c2lvbi1saS1pY29uIGdpbi13YXNoLWxhYmVsLXN5bWJvbHNfaXJvbi1tYXgtMTEwIj48L3NwYW4+PC9kaXY+PC9kaXY+[\/vc_raw_html]<div class=\"cs-column-text\"><p>Le fer au maximum. de 110\u00b0C, faites attention lorsque vous repassez \u00e0 la vapeur.<\/p>\n<\/div><\/div><\/div><div class=\"col-md-3 cs-animation fadeInRight standard_prihoda_colors_items standard_prihoda_colors_default wpb_animate_when_almost_visible wpb_zoomIn zoomIn wpb_start_animation animated\"><div class=\"cs-column-inner\">[vc_raw_html css=\u00a0\u00bb.vc_custom_1667035787395{margin-bottom: 0px !important;}\u00a0\u00bb]PGRpdiBjbGFzcz0idmNfaWNvbl9lbGVtZW50IHZjX2ljb25fZWxlbWVudC1vdXRlciB2Y19pY29uX2VsZW1lbnQtYWxpZ24tbGVmdCI+PGRpdiBjbGFzcz0idmNfaWNvbl9lbGVtZW50LWlubmVyIHZjX2ljb25fZWxlbWVudC1jb2xvci1ibHVlIHZjX2ljb25fZWxlbWVudC1zaXplLW1kIHZjX2ljb25fZWxlbWVudC1zdHlsZS0gdmNfaWNvbl9lbGVtZW50LWJhY2tncm91bmQtY29sb3ItZ3JleSI+PHNwYW4gY2xhc3M9InZjX2ljb25fZWxlbWVudC1pY29uIGZ1c2lvbi1saS1pY29uIGdpbi13YXNoLWxhYmVsLXN5bWJvbHNfaGFuZC13YXNoIj48L3NwYW4+PC9kaXY+PC9kaXY+[\/vc_raw_html]<div class=\"cs-column-text\"><p>Lavage \u00e0 la main uniquement, ne pas laver en machine, max. temp\u00e9rature de 40\u00b0C, \u00e0 manipuler avec pr\u00e9caution.<\/p>\n<\/div><\/div><\/div><div class=\"col-md-3 cs-animation fadeInRight standard_prihoda_colors_items standard_prihoda_colors_default wpb_animate_when_almost_visible wpb_zoomIn zoomIn wpb_start_animation animated\"><div class=\"cs-column-inner\">[vc_raw_html css=\u00a0\u00bb.vc_custom_1667035840690{margin-bottom: 0px !important;}\u00a0\u00bb]PGRpdiBjbGFzcz0idmNfaWNvbl9lbGVtZW50IHZjX2ljb25fZWxlbWVudC1vdXRlciB2Y19pY29uX2VsZW1lbnQtYWxpZ24tbGVmdCI+PGRpdiBjbGFzcz0idmNfaWNvbl9lbGVtZW50LWlubmVyIHZjX2ljb25fZWxlbWVudC1jb2xvci1ibHVlIHZjX2ljb25fZWxlbWVudC1zaXplLW1kIHZjX2ljb25fZWxlbWVudC1zdHlsZS0gdmNfaWNvbl9lbGVtZW50LWJhY2tncm91bmQtY29sb3ItZ3JleSI+PHNwYW4gY2xhc3M9InZjX2ljb25fZWxlbWVudC1pY29uIGZ1c2lvbi1saS1pY29uIGdpbi13YXNoLWxhYmVsLXN5bWJvbHNfaGFuZC13YXNoIj48L3NwYW4+PC9kaXY+PC9kaXY+[\/vc_raw_html]<div class=\"cs-column-text\"><p>Ne pas nettoyer le produit \u00e0 sec, ne pas enlever les taches en utilisant des solvants organiques.<\/p>\n<\/div><\/div><\/div><div class=\"col-md-3 cs-animation fadeInRight standard_prihoda_colors_items standard_prihoda_colors_default wpb_animate_when_almost_visible wpb_zoomIn zoomIn wpb_start_animation animated\"><div class=\"cs-column-inner\">[vc_raw_html css=\u00a0\u00bb.vc_custom_1667035887906{margin-bottom: 0px !important;}\u00a0\u00bb]PGRpdiBjbGFzcz0idmNfaWNvbl9lbGVtZW50IHZjX2ljb25fZWxlbWVudC1vdXRlciB2Y19pY29uX2VsZW1lbnQtYWxpZ24tbGVmdCI+PGRpdiBjbGFzcz0idmNfaWNvbl9lbGVtZW50LWlubmVyIHZjX2ljb25fZWxlbWVudC1jb2xvci1ibHVlIHZjX2ljb25fZWxlbWVudC1zaXplLW1kIHZjX2ljb25fZWxlbWVudC1zdHlsZS0gdmNfaWNvbl9lbGVtZW50LWJhY2tncm91bmQtY29sb3ItZ3JleSI+PHNwYW4gY2xhc3M9InZjX2ljb25fZWxlbWVudC1pY29uIGZ1c2lvbi1saS1pY29uIGdpbi13YXNoLWxhYmVsLXN5bWJvbHNfbm8tYmxlYWNoIj48L3NwYW4+PC9kaXY+PC9kaXY+[\/vc_raw_html]<div class=\"cs-column-text\"><p>Ne pas blanchir le produit.<\/p>\n<\/div><\/div><\/div><div class=\"col-md-3 cs-animation fadeInRight standard_prihoda_colors_items standard_prihoda_colors_default wpb_animate_when_almost_visible wpb_zoomIn zoomIn wpb_start_animation animated\"><div class=\"cs-column-inner\">[vc_raw_html css=\u00a0\u00bb.vc_custom_1667035904512{margin-bottom: 0px !important;}\u00a0\u00bb]PGRpdiBjbGFzcz0idmNfaWNvbl9lbGVtZW50IHZjX2ljb25fZWxlbWVudC1vdXRlciB2Y19pY29uX2VsZW1lbnQtYWxpZ24tbGVmdCI+PGRpdiBjbGFzcz0idmNfaWNvbl9lbGVtZW50LWlubmVyIHZjX2ljb25fZWxlbWVudC1jb2xvci1ibHVlIHZjX2ljb25fZWxlbWVudC1zaXplLW1kIHZjX2ljb25fZWxlbWVudC1zdHlsZS0gdmNfaWNvbl9lbGVtZW50LWJhY2tncm91bmQtY29sb3ItZ3JleSI+PHNwYW4gY2xhc3M9InZjX2ljb25fZWxlbWVudC1pY29uIGZ1c2lvbi1saS1pY29uIGdpbi13YXNoLWxhYmVsLXN5bWJvbHNfbm8tZHJ5LWNsZWFuIj48L3NwYW4+PC9kaXY+PC9kaXY+[\/vc_raw_html]<div class=\"cs-column-text\"><p>Ne pas repasser le produit ; la cuisson \u00e0 la vapeur et le traitement \u00e0 la vapeur sont interdits.<\/p>\n<\/div><\/div><\/div><div class=\"col-md-3 cs-animation fadeInLeft standard_prihoda_colors_items standard_prihoda_colors_default wpb_animate_when_almost_visible wpb_zoomIn zoomIn wpb_start_animation animated\"><div class=\"cs-column-inner\">[vc_raw_html css=\u00a0\u00bb.vc_custom_1667035953975{margin-bottom: 0px !important;}\u00a0\u00bb]PGRpdiBjbGFzcz0idmNfaWNvbl9lbGVtZW50IHZjX2ljb25fZWxlbWVudC1vdXRlciB2Y19pY29uX2VsZW1lbnQtYWxpZ24tbGVmdCI+PGRpdiBjbGFzcz0idmNfaWNvbl9lbGVtZW50LWlubmVyIHZjX2ljb25fZWxlbWVudC1jb2xvci1ibHVlIHZjX2ljb25fZWxlbWVudC1zaXplLW1kIHZjX2ljb25fZWxlbWVudC1zdHlsZS0gdmNfaWNvbl9lbGVtZW50LWJhY2tncm91bmQtY29sb3ItZ3JleSI+PHNwYW4gY2xhc3M9InZjX2ljb25fZWxlbWVudC1pY29uIGZ1c2lvbi1saS1pY29uIGdpbi13YXNoLWxhYmVsLXN5bWJvbHNfcGVyY2giPjwvc3Bhbj48L2Rpdj48L2Rpdj4=[\/vc_raw_html]<div class=\"cs-column-text\"><p>Le produit peut \u00eatre nettoy\u00e9 \u00e0 sec sans danger en utilisant du perchlor\u00e9thyl\u00e8ne et tous les solvants sp\u00e9cifi\u00e9s sous le symbole F.<\/p>\n<\/div><\/div><\/div><\/div><\/div><\/section><\/div><\/div><\/div><\/div><\/section><section class=\"cs-section lg-padding warranty_section\"><div class=\"container\"><div class=\"row\"><div class=\"col-md-12\"><div class=\"cs-column-inner\">[vc_custom_heading text=\u00a0\u00bbGarantie\u00a0\u00bb use_theme_fonts=\u00a0\u00bbyes\u00a0\u00bb css_animation=\u00a0\u00bbfadeInUp\u00a0\u00bb]<div class=\"cs-column-text cs-animation fadeInUp wpb_animate_when_almost_visible wpb_zoomIn zoomIn wpb_start_animation animated\"><p>La garantie est r\u00e9put\u00e9e commencer le jour de la vente (date d&rsquo;exp\u00e9dition) et durer pendant une p\u00e9riode sp\u00e9cifi\u00e9e dans la section \u00ab\u00a0P\u00e9riode de garantie\u00a0\u00bb ci-dessous. Pour que la garantie soit valide, toutes les instructions d&rsquo;installation doivent \u00eatre strictement suivies, en plus de l&rsquo;entretien r\u00e9gulier des unit\u00e9s de soufflage et des filtres. L&rsquo;air d&rsquo;alimentation doit \u00eatre filtr\u00e9 \u00e0 au moins EU3 (MERV5), et les conduits doivent maintenir les conditions de fonctionnement originales en ce qui concerne la pression statique et le d\u00e9bit d&rsquo;air de conception indiqu\u00e9s dans la soumission ou la confirmation de commande. Toute d\u00e9viation par rapport \u00e0 l&rsquo;intention de conception originale qui pourrait avoir un effet n\u00e9gatif sur le mat\u00e9riel ou les accessoires peut annuler la garantie. En outre, tout \u00e9cart par rapport aux recommandations de Prihoda annulera la garantie, \u00e0 moins qu&rsquo;un consentement \u00e9crit explicite ne soit donn\u00e9 par un repr\u00e9sentant autoris\u00e9 directement employ\u00e9 par Prihoda.<\/p>\n<p>Les gaines doivent \u00eatre install\u00e9es en respectant scrupuleusement les instructions d&rsquo;installation de Prihoda et \u00eatre suspendues librement sans toucher la structure ou l&rsquo;environnement. La garantie sera nulle et non avenue si l&rsquo;appareil est expos\u00e9 \u00e0 une flamme nue, \u00e0 des liquides qui coulent, \u00e0 des produits chimiques agressifs, \u00e0 des temp\u00e9ratures sup\u00e9rieures aux recommandations de Prihoda ou \u00e0 des bords\/objets tranchants. Si elle est install\u00e9e dans un natatorium ou une salle de piscine, la piscine doit \u00eatre correctement \u00e9quilibr\u00e9e avec des quantit\u00e9s normales de chlore\/chloramines dans l&rsquo;environnement. Les articles non textiles et les accessoires sont couverts pour une p\u00e9riode de 12 mois. Le lavage doit \u00eatre effectu\u00e9 en respectant strictement les instructions d&rsquo;entretien de Prihoda et ne doit pas d\u00e9passer 50 lavages.<\/p>\n<p>La garantie ne couvre pas les pertes ou dommages indirects, la main-d&rsquo;\u0153uvre, l&rsquo;exp\u00e9dition, le mat\u00e9riel de location, les outils n\u00e9cessaires, les catastrophes naturelles, la guerre ou les catastrophes naturelles. La garantie ne peut pas \u00eatre ex\u00e9cut\u00e9e sous la forme d&rsquo;un paiement en esp\u00e8ces ; elle n&rsquo;est disponible que sous la forme d&rsquo;un cr\u00e9dit de r\u00e9paration ou de remplacement, qui est \u00e0 la discr\u00e9tion de Prihoda. Une r\u00e9clamation doit \u00eatre ex\u00e9cut\u00e9e en informant un repr\u00e9sentant autoris\u00e9 de Prihoda, auquel cas une r\u00e9clamation \u00e9crite compl\u00e8te et des documents photographiques sont demand\u00e9s. Si cela est jug\u00e9 n\u00e9cessaire, un repr\u00e9sentant de Prihoda sera autoris\u00e9 \u00e0 visiter l&rsquo;installation pour inspection.<\/p>\n<\/div>[vc_custom_heading text=\u00a0\u00bbP\u00e9riode de garantie\u00a0\u00bb font_container=\u00a0\u00bbtag:h3|text_align:left|color:%2301ad7f|line_height:50px\u00a0\u00bb use_theme_fonts=\u00a0\u00bbyes\u00a0\u00bb css_animation=\u00a0\u00bbfadeInUp\u00a0\u00bb]<ul class=\"cs-icon-list listing wpb_animate_when_almost_visible wpb_zoomIn zoomIn wpb_start_animation animated\"><li><strong>Mat\u00e9riaux haut de gamme et classiques avec syst\u00e8mes de suspension non tendus :<\/strong><\/li><li><strong>Mat\u00e9riaux haut de gamme et classiques avec anneaux internes et tension des embouts\u00a0:<\/strong> Garantie de 15 ans, au prorata de l&rsquo;ann\u00e9e 11 \u00e0 15 (50 % la onzi\u00e8me ann\u00e9e et r\u00e9duit de 10 % chaque ann\u00e9e par la suite).<\/li><li><strong>Mat\u00e9riaux premium et classiques avec h\u00e9lice ou anneaux internes et tension compl\u00e8te intermittente\u00a0:<\/strong> Garantie de 20 ans, au prorata de l&rsquo;ann\u00e9e 11 \u00e0 20 (50 % la onzi\u00e8me ann\u00e9e et r\u00e9duit de 5 % chaque ann\u00e9e par la suite).<\/li><\/ul><\/div><\/div><\/div><\/div><\/section>\n","protected":false},"excerpt":{"rendered":"<p><span class=\"entry-read-more\"><a href=\"https:\/\/prihodafabricduct.com\/fr\/ressources\/entretien-garantie\/\" class=\"cs-btn cs-btn-flat cs-btn-rounded cs-btn-xxs cs-btn-flat-accent\">Lire la suite<\/a><\/span><\/p>\n","protected":false},"author":1,"featured_media":0,"parent":40068,"menu_order":44,"comment_status":"closed","ping_status":"closed","template":"","meta":{"_acf_changed":false,"footnotes":""},"class_list":["post-40303","page","type-page","status-publish","hentry"],"acf":[],"_links":{"self":[{"href":"https:\/\/prihodafabricduct.com\/fr\/wp-json\/wp\/v2\/pages\/40303","targetHints":{"allow":["GET"]}}],"collection":[{"href":"https:\/\/prihodafabricduct.com\/fr\/wp-json\/wp\/v2\/pages"}],"about":[{"href":"https:\/\/prihodafabricduct.com\/fr\/wp-json\/wp\/v2\/types\/page"}],"author":[{"embeddable":true,"href":"https:\/\/prihodafabricduct.com\/fr\/wp-json\/wp\/v2\/users\/1"}],"replies":[{"embeddable":true,"href":"https:\/\/prihodafabricduct.com\/fr\/wp-json\/wp\/v2\/comments?post=40303"}],"version-history":[{"count":0,"href":"https:\/\/prihodafabricduct.com\/fr\/wp-json\/wp\/v2\/pages\/40303\/revisions"}],"up":[{"embeddable":true,"href":"https:\/\/prihodafabricduct.com\/fr\/wp-json\/wp\/v2\/pages\/40068"}],"wp:attachment":[{"href":"https:\/\/prihodafabricduct.com\/fr\/wp-json\/wp\/v2\/media?parent=40303"}],"curies":[{"name":"wp","href":"https:\/\/api.w.org\/{rel}","templated":true}]}}