{"id":40308,"date":"2022-12-23T12:48:26","date_gmt":"2022-12-23T12:48:26","guid":{"rendered":"https:\/\/prihodafabricduct.com\/?page_id=40308"},"modified":"2024-08-14T16:04:06","modified_gmt":"2024-08-14T16:04:06","slug":"durabilite","status":"publish","type":"page","link":"https:\/\/prihodafabricduct.com\/fr\/ressources\/durabilite\/","title":{"rendered":"Durabilit\u00e9"},"content":{"rendered":"<section class=\"cs-section about-us\" style=\" background-color: #ffffff;\"><div class=\"container\"><div class=\"row cs-equal-height cs-equal-height-top\"><div class=\"col-md-6 cs-animation fadeInLeft content wpb_animate_when_almost_visible wpb_zoomIn zoomIn wpb_start_animation animated\"><div class=\"cs-column-inner\">[vc_custom_heading text=\u00a0\u00bbDes syst\u00e8mes efficaces sur le plan \u00e9nerg\u00e9tique qui favorisent une conception durable\u00a0\u00bb use_theme_fonts=\u00a0\u00bbyes\u00a0\u00bb]<div class=\"cs-column-text\"><p>Avec Prihoda Recycled, nous sommes fiers de contribuer \u00e0 soutenir le mouvement de construction \u00e9cologique avec des produits tra\u00e7ables et certifi\u00e9s durables.<\/p>\n<p>Notre tissu recycl\u00e9 100 % post-consommation ne contient pas d&rsquo;ingr\u00e9dients figurant sur la liste rouge. Il est donc id\u00e9al pour tout projet Living Building Challenge ou Well Building.<\/p>\n<p>De plus, nos ressources techniques et nos outils de conception donnent aux architectes et \u00e0 leurs \u00e9quipes de conception m\u00e9canique un avantage suppl\u00e9mentaire, contribuant ainsi \u00e0 la r\u00e9ussite d&rsquo;une conception durable. <\/p>\n<\/div><div class=\"cs-btn-align text-left\"><a href=\"\/products\/prihoda-specialties\/prihoda-recycled\/\" class=\"cs-btn cs-btn-custom cs-btn-square cs-btn-custom-own cs-btn-sm cs-btn-custom-69d74ff944705 fusion-button\">Learn More<\/a><\/div><\/div><\/div><div class=\"col-md-6 cs-animation fadeInRight image wpb_animate_when_almost_visible wpb_zoomIn zoomIn wpb_start_animation animated\"><div class=\"cs-column-inner\">[vc_single_image image=\u00a0\u00bb39641&Prime; img_size=\u00a0\u00bbfull\u00a0\u00bb]<\/div><\/div><\/div><\/div><\/section><section class=\"cs-section no-padding\"><div class=\"container-fluid\"><div class=\"row\"><div class=\"col-md-12\"><div class=\"cs-column-inner\"><\/div><\/div><\/div><\/div><\/section><section class=\"cs-section standard_prihoda_colors justify-content-center\" style=\"margin-top: -10px;\"><div class=\"container\"><div class=\"row cs-equal-height\"><div class=\"col-md-12\"><div class=\"cs-column-inner\"><section class=\"cs-section\"><div class=\"container\"><div class=\"row\"><div class=\"col-md-4 cs-animation fadeInLeft standard_prihoda_colors_items standard_prihoda_colors_default wpb_animate_when_almost_visible wpb_zoomIn zoomIn wpb_start_animation animated\"><div class=\"cs-column-inner\">[vc_icon icon_fontawesome=\u00a0\u00bbfas fa-recycle\u00a0\u00bb][vc_custom_heading text=\u00a0\u00bbU TRUST\u00ae VERIFIED\u00a0\u00bb font_container=\u00a0\u00bbtag:h3|text_align:left\u00a0\u00bb use_theme_fonts=\u00a0\u00bbyes\u00a0\u00bb css_animation=\u00a0\u00bbnone\u00a0\u00bb]<div class=\"cs-column-text\"><p>Pour les architectes et les ing\u00e9nieurs qui travaillent dans le domaine de la conception durable, <a href=\"\/fr\/produits\/specialites-prihoda\/prihoda-recycle\/\">Prihoda Recycl\u00e9<\/a> vous permet de cr\u00e9er un syst\u00e8me complet de dispersion de l&rsquo;air avec 100% de mat\u00e9riaux recycl\u00e9s post-consommation qui sont enti\u00e8rement tra\u00e7ables et certifi\u00e9s avec la <a href=\"https:\/\/unifi.com\/about-us\/certifications\" target=\"_blank\" rel=\"noopener\">v\u00e9rification U TRUST\u00ae<\/a> d&rsquo;Unifi.<\/p>\n<\/div><\/div><\/div><div class=\"col-md-4 cs-animation fadeInLeft standard_prihoda_colors_items standard_prihoda_colors_default wpb_animate_when_almost_visible wpb_zoomIn zoomIn wpb_start_animation animated\"><div class=\"cs-column-inner\">[vc_icon icon_fontawesome=\u00a0\u00bbfas fa-drafting-compass\u00a0\u00bb][vc_custom_heading text=\u00a0\u00bbSOUTIEN DES ARCHITECTES\u00a0\u00bb font_container=\u00a0\u00bbtag:h3|text_align:left\u00a0\u00bb use_theme_fonts=\u00a0\u00bbyes\u00a0\u00bb css_animation=\u00a0\u00bbnone\u00a0\u00bb]<div class=\"cs-column-text\"><p>Chez Prihoda North America, nous faisons plus que fournir les produits dont vous avez besoin pour une conception durable. Gr\u00e2ce \u00e0 notre logiciel de conception AirTailor\u00ae et aux cours en ligne donnant droit \u00e0 des cr\u00e9dits HSW, nous allons encore plus loin pour vous fournir les <a href=\"\/fr\/ressources\/architectes-et-proprietaires\/\">outils et le soutien dont vous avez besoin<\/a>.<\/p>\n<\/div><\/div><\/div><div class=\"col-md-4 cs-animation fadeInLeft standard_prihoda_colors_items standard_prihoda_colors_default wpb_animate_when_almost_visible wpb_zoomIn zoomIn wpb_start_animation animated\"><div class=\"cs-column-inner\">[vc_icon icon_fontawesome=\u00a0\u00bbfas fa-home\u00a0\u00bb][vc_custom_heading text=\u00a0\u00bbCERTIFICATION LBC\u00a0\u00bb font_container=\u00a0\u00bbtag:h3|text_align:left\u00a0\u00bb use_theme_fonts=\u00a0\u00bbyes\u00a0\u00bb css_animation=\u00a0\u00bbnone\u00a0\u00bb]<div class=\"cs-column-text\"><p>Les architectes qui cherchent \u00e0 obtenir une certification dans le cadre du <a href=\"https:\/\/living-future.org\/lbc\/\" target=\"_blank\" rel=\"noopener\">Living Building Challenge (LBC)<\/a> comptent sur les produits recycl\u00e9s Prihoda. Nos mat\u00e9riaux recycl\u00e9s 100% post-consommation sont enti\u00e8rement <a href=\"\/wp-content\/uploads\/2022\/11\/LBC-Red-List-Statement.pdf\">conformes<\/a>, ne contenant aucun des ingr\u00e9dients interdits pour la certification LBC.<\/p>\n<\/div><\/div><\/div><div class=\"col-md-4 cs-animation fadeInRight standard_prihoda_colors_items standard_prihoda_colors_default wpb_animate_when_almost_visible wpb_zoomIn zoomIn wpb_start_animation animated\"><div class=\"cs-column-inner\">[vc_icon icon_fontawesome=\u00a0\u00bbfas fa-solar-panel\u00a0\u00bb][vc_custom_heading text=\u00a0\u00bbEXPOSITION SUR LA CONSTRUCTION \u00c9COLOGIQUE\u00a0\u00bb font_container=\u00a0\u00bbtag:h3|text_align:left\u00a0\u00bb use_theme_fonts=\u00a0\u00bbyes\u00a0\u00bb css_animation=\u00a0\u00bbnone\u00a0\u00bb]<div class=\"cs-column-text\"><p>Prihoda North America participe r\u00e9guli\u00e8rement \u00e0 la <a href=\"https:\/\/www.greenbuildexpo.com\/en\/home.html\" target=\"_blank\" rel=\"noopener\">conf\u00e9rence<\/a> annuelle <a href=\"https:\/\/www.greenbuildexpo.com\/en\/home.html\" target=\"_blank\" rel=\"noopener\">Greenbuild International Conference &amp; Expo<\/a>, partageant les produits et solutions de gaines textiles avec les leaders du d\u00e9veloppement durable et les professionnels de la construction \u00e9cologique du monde entier.<\/p>\n<\/div><\/div><\/div><\/div><\/div><\/section><\/div><\/div><\/div><\/div><\/section><section class=\"cs-section serving_companies\"><div class=\"container\"><div class=\"row\"><div class=\"col-md-12 cs-animation pulse images wpb_animate_when_almost_visible wpb_zoomIn zoomIn wpb_start_animation animated\"><div class=\"cs-column-inner\"><section class=\"cs-section background\" style=\"background-image: url(https:\/\/prihodafabricduct.com\/wp-content\/uploads\/2022\/10\/Liberty-University-1-Virginia.webp);\"><div class=\"container\"><div class=\"row\"><div class=\"col-md-8 cs-animation fadeInLeft\"><div class=\"cs-column-inner\">[vc_custom_heading text=\u00a0\u00bb\u00c9tude de cas : Le centre aquatique de l&rsquo;universit\u00e9 Liberty\u00a0\u00bb use_theme_fonts=\u00a0\u00bbyes\u00a0\u00bb]<div class=\"cs-btn-align text-left\"><a href=\"\/case-study\/liberty-university-aquatics-center\/\" class=\"cs-btn cs-btn-custom cs-btn-square cs-btn-custom-own cs-btn-sm cs-btn-custom-69d74ff944fa4 fusion-button wpb_animate_when_almost_visible wpb_zoomIn zoomIn wpb_start_animation animated btn_in_bg\">Liberty University<\/a><\/div><\/div><\/div><div class=\"col-md-4\"><div class=\"cs-column-inner\"><\/div><\/div><\/div><\/div><\/section><\/div><\/div><\/div><\/div><\/section>\n","protected":false},"excerpt":{"rendered":"<p><span class=\"entry-read-more\"><a href=\"https:\/\/prihodafabricduct.com\/fr\/ressources\/durabilite\/\" class=\"cs-btn cs-btn-flat cs-btn-rounded cs-btn-xxs cs-btn-flat-accent\">Lire la suite<\/a><\/span><\/p>\n","protected":false},"author":1,"featured_media":0,"parent":40068,"menu_order":43,"comment_status":"closed","ping_status":"closed","template":"","meta":{"_acf_changed":false,"footnotes":""},"class_list":["post-40308","page","type-page","status-publish","hentry"],"acf":[],"_links":{"self":[{"href":"https:\/\/prihodafabricduct.com\/fr\/wp-json\/wp\/v2\/pages\/40308","targetHints":{"allow":["GET"]}}],"collection":[{"href":"https:\/\/prihodafabricduct.com\/fr\/wp-json\/wp\/v2\/pages"}],"about":[{"href":"https:\/\/prihodafabricduct.com\/fr\/wp-json\/wp\/v2\/types\/page"}],"author":[{"embeddable":true,"href":"https:\/\/prihodafabricduct.com\/fr\/wp-json\/wp\/v2\/users\/1"}],"replies":[{"embeddable":true,"href":"https:\/\/prihodafabricduct.com\/fr\/wp-json\/wp\/v2\/comments?post=40308"}],"version-history":[{"count":0,"href":"https:\/\/prihodafabricduct.com\/fr\/wp-json\/wp\/v2\/pages\/40308\/revisions"}],"up":[{"embeddable":true,"href":"https:\/\/prihodafabricduct.com\/fr\/wp-json\/wp\/v2\/pages\/40068"}],"wp:attachment":[{"href":"https:\/\/prihodafabricduct.com\/fr\/wp-json\/wp\/v2\/media?parent=40308"}],"curies":[{"name":"wp","href":"https:\/\/api.w.org\/{rel}","templated":true}]}}