{"id":40317,"date":"2022-12-23T13:06:48","date_gmt":"2022-12-23T13:06:48","guid":{"rendered":"https:\/\/prihodafabricduct.com\/?page_id=40317"},"modified":"2023-01-10T20:45:15","modified_gmt":"2023-01-10T20:45:15","slug":"logiciel-de-conception-airtailor","status":"publish","type":"page","link":"https:\/\/prihodafabricduct.com\/fr\/ressources\/ressources-techniques\/logiciel-de-conception-airtailor\/","title":{"rendered":"Logiciel de conception AirTailor"},"content":{"rendered":"<section class=\"cs-section about-us\"><div class=\"container\"><div class=\"row cs-equal-height cs-equal-height-top\"><div class=\"col-md-6 cs-animation fadeInLeft content wpb_animate_when_almost_visible wpb_zoomIn zoomIn wpb_start_animation animated\"><div class=\"cs-column-inner\">[vc_custom_heading text=\u00a0\u00bbNotre logiciel exclusif AirTailor\u00ae garantit une conception personnalis\u00e9e pr\u00e9cise.\u00a0\u00bb use_theme_fonts=\u00a0\u00bbyes\u00a0\u00bb]<div class=\"cs-column-text\"><p>Les produits Prihoda sont fabriqu\u00e9s sur mesure pour s&rsquo;adapter \u00e0 votre b\u00e2timent et aux besoins sp\u00e9cifiques de ses occupants. Comme il ne s&rsquo;agit pas d&rsquo;un produit pr\u00eat \u00e0 l&#8217;emploi, notre processus de conception analyse de nombreuses variables afin de garantir une solution optimale pour chaque espace. Le logiciel de conception AirTailor\u00ae, qui est unique aux syst\u00e8mes de gaines textiles Prihoda, est capable d&rsquo;analyser des donn\u00e9es complexes et de g\u00e9n\u00e9rer des configurations uniques pour r\u00e9pondre aux besoins pr\u00e9cis de votre situation.<\/p>\n<\/div>[vc_custom_heading text=\u00a0\u00bbAnalyse computationnelle d\u00e9taill\u00e9e\u00a0\u00bb font_container=\u00a0\u00bbtag:h3|text_align:left\u00a0\u00bb use_theme_fonts=\u00a0\u00bbyes\u00a0\u00bb]<div class=\"cs-column-text\"><p>Starting with the essential elements of your project\u2014the type of application, the amount of air required, and the installation height\u2014our software helps compute the precise specifics required for an optimum air distribution system in that space. we are able to create design a precise solution that meets your needs.<\/p>\n<p>By altering any number of variables, we can distribute air in any space very precisely, in terms of direction as well as volume.<\/p>\n<\/div><\/div><\/div><div class=\"col-md-6 cs-animation fadeInRight image wpb_animate_when_almost_visible wpb_zoomIn zoomIn wpb_start_animation animated\"><div class=\"cs-column-inner\">[vc_single_image image=\u00a0\u00bb39753&Prime; img_size=\u00a0\u00bbfull\u00a0\u00bb]<\/div><\/div><\/div><\/div><\/section><section class=\"cs-section our_work_our_vision global_leader_since custome_section\"><div class=\"container\"><div class=\"row\"><div class=\"col-md-6 cs-animation pulse images wpb_animate_when_almost_visible wpb_zoomIn zoomIn wpb_start_animation animated\"><div class=\"cs-column-inner\">[vc_single_image image=\u00a0\u00bb39647&Prime; img_size=\u00a0\u00bbfull\u00a0\u00bb el_class=\u00a0\u00bbimage_1&Prime;][vc_single_image image=\u00a0\u00bb39648&Prime; img_size=\u00a0\u00bbfull\u00a0\u00bb el_class=\u00a0\u00bbimage_2&Prime;][vc_single_image image=\u00a0\u00bb39649&Prime; img_size=\u00a0\u00bbfull\u00a0\u00bb el_class=\u00a0\u00bbimage_content\u00a0\u00bb]<\/div><\/div><div class=\"col-md-6 cs-animation fadeInRight content wpb_animate_when_almost_visible wpb_zoomIn zoomIn wpb_start_animation animated\"><div class=\"cs-column-inner\">[vc_custom_heading text=\u00a0\u00bbCircuits d&rsquo;air simul\u00e9s pour un confort optimal\u00a0\u00bb font_container=\u00a0\u00bbtag:h2|text_align:left|color:%23333333&Prime; use_theme_fonts=\u00a0\u00bbyes\u00a0\u00bb css_animation=\u00a0\u00bbnone\u00a0\u00bb]<div class=\"cs-column-text\"><p>Once we know the goals and specifics of your project, our powerful AirTailor\u00ae design software is able to determine optimum duct sizes, calculate system pressure losses, and customize the air flow pattern. For there, we are able to generate a custom price quotation for your exact requirements.<\/p>\n<p>AirTailor\u00ae capabilities allow us to generate graphical profiles of both the direction and the velocity of air, with color coding that indicates velocity as air is moving away from the diffuser. Our goal is always to attain a specific air velocity at any given distance from the diffuser, and these graphical profiles give a clear visual of this up front, during the planning stage. This gives you the ability to design accurately for optimum effectiveness. Only Prihoda can provide this level of specificity in air distribution design.<\/p>\n<\/div><\/div><\/div><\/div><\/div><\/section><section class=\"cs-section no-padding\"><div class=\"container-fluid\"><div class=\"row\"><div class=\"col-md-12\"><div class=\"cs-column-inner\">[vc_raw_html css=\u00a0\u00bb.vc_custom_1665748315344{margin-bottom: 0px !important;}\u00a0\u00bb]JTNDc3ZnJTIweG1sbnMlM0QlMjJodHRwJTNBJTJGJTJGd3d3LnczLm9yZyUyRjIwMDAlMkZzdmclMjIlMjB2aWV3Qm94JTNEJTIyMCUyMDAlMjAxMDAwJTIwMTAwJTIyJTIwcHJlc2VydmVBc3BlY3RSYXRpbyUzRCUyMm5vbmUlMjIlM0UlMEElMDklM0NwYXRoJTIwY2xhc3MlM0QlMjJlbGVtZW50b3Itc2hhcGUtZmlsbCUyMiUyMGQlM0QlMjJNNTAwLjIlMkM5NC43TDAlMkMwdjEwMGgxMDAwVjBMNTAwLjIlMkM5NC43eiUyMiUyMHN0eWxlJTNEJTIyZmlsbCUzQSUyMCUyM0YwRjNGOSUzQiUyMiUzRSUzQyUyRnBhdGglM0UlMEElM0MlMkZzdmclM0U=[\/vc_raw_html]<\/div><\/div><\/div><\/div><\/section><section class=\"cs-section no-padding remarkably_long_service_life default-bg-color\" style=\" background-color: #f0f3f9;margin-top:-10px\"><div class=\"container\"><div class=\"row\"><div class=\"col-md-12\"><div class=\"cs-column-inner\">[vc_custom_heading text=\u00a0\u00bbConception sonore, \u00e0 tous les niveaux\u00a0\u00bb font_container=\u00a0\u00bbtag:h2|text_align:center\u00a0\u00bb use_theme_fonts=\u00a0\u00bbyes\u00a0\u00bb css=\u00a0\u00bb.vc_custom_1671115248842{padding-bottom: 0px !important;}\u00a0\u00bb]<section class=\"cs-section remarkably_long_service_life_child\"><div class=\"container\"><div class=\"row cs-equal-height\"><div class=\"col-md-12\"><div class=\"cs-column-inner\"><div class=\"cs-column-text\"><p>Il est important de noter que parce que les diffuseurs en tissu ne permettent pas la r\u00e9verb\u00e9ration du son \u00e0 travers eux, le bruit d&rsquo;\u00e9vasion du ventilateur sera le plus \u00e9lev\u00e9 lors de la transition du m\u00e9tal au tissu et l&rsquo;att\u00e9nuation du son doit \u00eatre prise en compte. Nos att\u00e9nuateurs acoustiques <a href=\"https:\/\/prihodafabricduct.com\/fr\/produits\/specialites-prihoda\/quietex\/\">Quietex sont une<\/a> alternative aux silencieux de conduit traditionnels ou aux conduits rev\u00eatus<\/p>\n<\/div>[vc_empty_space height=\u00a0\u00bb20px\u00a0\u00bb]<\/div><\/div><div class=\"col-md-12 cs-animation fadeInLeft remarkably_long_service_life_child_items wpb_animate_when_almost_visible wpb_zoomIn zoomIn wpb_start_animation animated\"><div class=\"cs-column-inner\">[vc_single_image image=\u00a0\u00bb39650&Prime; img_size=\u00a0\u00bbfull\u00a0\u00bb]<div class=\"cs-column-text\"><p>Based on all the variables unique to your application, Prihoda\u2019s AirTailor\u00ae software is able to predict the exact noise level generated by diffusers. And this data allows us to design a complete air dispersion system that meets the noise level specifications of your particular project.<\/p>\n<p>AirTailor\u00ae design software is capable of charting sound power levels across eight octave bands, from extremely low to extremely high frequencies. This information allows us to graph an air dispersion system\u2019s Noise Criteria (NC) curve. So for a sound-sensitive application, such as a recording studio, our design process can specify the maximum NC level of the system in operation.<\/p>\n<\/div><\/div><\/div><div class=\"col-md-12 cs-animation fadeInRight remarkably_long_service_life_child_items wpb_animate_when_almost_visible wpb_zoomIn zoomIn wpb_start_animation animated\"><div class=\"cs-column-inner\">[vc_single_image image=\u00a0\u00bb39651&Prime; img_size=\u00a0\u00bbfull\u00a0\u00bb]<div class=\"cs-column-text\"><p>The software also lets us create virtual rooms to match whatever space you\u2019re designing for. In AirTailor\u00ae, we can drop diffusers into the space and produce sound levels on a grid based on various distances from the diffuser.<\/p>\n<p>Sound design \u2014 the ability to control for system sound up front, during the design stage \u2014 is unique to Prihoda.<\/p>\n<\/div><\/div><\/div><\/div><\/div><\/section><\/div><\/div><\/div><\/div><\/section><section class=\"cs-section remarkably_long_service_life\" style=\"margin-top:-10px\"><div class=\"container\"><div class=\"row\"><div class=\"col-md-12\"><div class=\"cs-column-inner\">[vc_custom_heading text=\u00a0\u00bbMod\u00e8les de calcul auxiliaires\u00a0\u00bb font_container=\u00a0\u00bbtag:h2|text_align:center\u00a0\u00bb use_theme_fonts=\u00a0\u00bbyes\u00a0\u00bb css=\u00a0\u00bb.vc_custom_1667041832245{padding-bottom: 0px !important;}\u00a0\u00bb]<section class=\"cs-section remarkably_long_service_life_child\"><div class=\"container\"><div class=\"row cs-equal-height\"><div class=\"col-md-12 cs-animation fadeInLeft remarkably_long_service_life_child_items wpb_animate_when_almost_visible wpb_zoomIn zoomIn wpb_start_animation animated\"><div class=\"cs-column-inner\">[vc_single_image image=\u00a0\u00bb39652&Prime; img_size=\u00a0\u00bbfull\u00a0\u00bb]<div class=\"cs-column-text\"><p>For extremely critical projects, we can also provide Computation Fluid Dynamics (CFD) animations to predict airflow patterns within a particular space. Using Ansys Fluent simulation software, we are able to model an entire room in great detail, including heat sources, occupants, equipment, and all air supply and returns. These advanced physics modeling capabilities allow us to create a precise simulation of air speeds and temperatures for the most exacting applications.<\/p>\n<\/div><\/div><\/div><\/div><\/div><\/section><\/div><\/div><\/div><\/div><\/section><section class=\"cs-section serving_companies pt-0\"><div class=\"container\"><div class=\"row\"><div class=\"col-md-12 cs-animation pulse images wpb_animate_when_almost_visible wpb_zoomIn zoomIn wpb_start_animation animated\"><div class=\"cs-column-inner\"><section class=\"cs-section background\" style=\"background-image: url(https:\/\/prihodafabricduct.com\/wp-content\/uploads\/2022\/10\/prihoda-1.webp);\"><div class=\"container\"><div class=\"row\"><div class=\"col-md-8 cs-animation fadeInLeft\"><div class=\"cs-column-inner\">[vc_custom_heading text=\u00a0\u00bbSi vous avez des sp\u00e9cifications pour un projet \u00e0 venir, voyez comment le processus de conception personnalis\u00e9e de Prihoda peut contribuer \u00e0 sa r\u00e9ussite.\u00a0\u00bb use_theme_fonts=\u00a0\u00bbyes\u00a0\u00bb css_animation=\u00a0\u00bbnone\u00a0\u00bb]<a href=\"\/rfq-form\/\" class=\"cs-btn cs-btn-custom cs-btn-square cs-btn-custom-own cs-btn-sm cs-btn-custom-69defe7c1ce51 fusion-button\">Get a Detailed Quote<\/a><\/div><\/div><div class=\"col-md-4\"><div class=\"cs-column-inner\"><\/div><\/div><\/div><\/div><\/section><\/div><\/div><\/div><\/div><\/section>\n","protected":false},"excerpt":{"rendered":"<p><span class=\"entry-read-more\"><a href=\"https:\/\/prihodafabricduct.com\/fr\/ressources\/ressources-techniques\/logiciel-de-conception-airtailor\/\" class=\"cs-btn cs-btn-flat cs-btn-rounded cs-btn-xxs cs-btn-flat-accent\">Lire la suite<\/a><\/span><\/p>\n","protected":false},"author":1,"featured_media":0,"parent":40311,"menu_order":38,"comment_status":"closed","ping_status":"closed","template":"","meta":{"_acf_changed":false,"footnotes":""},"class_list":["post-40317","page","type-page","status-publish","hentry"],"acf":[],"_links":{"self":[{"href":"https:\/\/prihodafabricduct.com\/fr\/wp-json\/wp\/v2\/pages\/40317","targetHints":{"allow":["GET"]}}],"collection":[{"href":"https:\/\/prihodafabricduct.com\/fr\/wp-json\/wp\/v2\/pages"}],"about":[{"href":"https:\/\/prihodafabricduct.com\/fr\/wp-json\/wp\/v2\/types\/page"}],"author":[{"embeddable":true,"href":"https:\/\/prihodafabricduct.com\/fr\/wp-json\/wp\/v2\/users\/1"}],"replies":[{"embeddable":true,"href":"https:\/\/prihodafabricduct.com\/fr\/wp-json\/wp\/v2\/comments?post=40317"}],"version-history":[{"count":0,"href":"https:\/\/prihodafabricduct.com\/fr\/wp-json\/wp\/v2\/pages\/40317\/revisions"}],"up":[{"embeddable":true,"href":"https:\/\/prihodafabricduct.com\/fr\/wp-json\/wp\/v2\/pages\/40311"}],"wp:attachment":[{"href":"https:\/\/prihodafabricduct.com\/fr\/wp-json\/wp\/v2\/media?parent=40317"}],"curies":[{"name":"wp","href":"https:\/\/api.w.org\/{rel}","templated":true}]}}