{"id":40320,"date":"2022-12-23T13:09:36","date_gmt":"2022-12-23T13:09:36","guid":{"rendered":"https:\/\/prihodafabricduct.com\/?page_id=40320"},"modified":"2023-01-11T05:15:15","modified_gmt":"2023-01-11T05:15:15","slug":"dimensionnement-et-conception-des-conduits-en-tissu","status":"publish","type":"page","link":"https:\/\/prihodafabricduct.com\/fr\/ressources\/ressources-techniques\/dimensionnement-et-conception-des-conduits-en-tissu\/","title":{"rendered":"Calculateur de conduits en tissu"},"content":{"rendered":"<section class=\"cs-section about-us\"><div class=\"container\"><div class=\"row cs-equal-height cs-equal-height-top\"><div class=\"col-md-6 cs-animation fadeInLeft content wpb_animate_when_almost_visible wpb_zoomIn zoomIn wpb_start_animation animated\"><div class=\"cs-column-inner\">[vc_custom_heading text=\u00a0\u00bbComment calculer le dimensionnement des syst\u00e8mes de gaines textiles\u00a0\u00bb use_theme_fonts=\u00a0\u00bbyes\u00a0\u00bb]<div class=\"cs-column-text\"><p>Le calculateur en ligne Prihoda est un outil utile pour le dimensionnement initial.<\/p>\n<p>Tout d&rsquo;abord, s\u00e9lectionnez la <strong>forme du conduit<\/strong> et l&rsquo;<strong>unit\u00e9 de mesure<\/strong> (pcm, pouce, fpm), puis entrez le volume de d\u00e9bit d&rsquo;air requis.<\/p>\n<p><strong>Ajustez le curseur de taille jusqu&rsquo;\u00e0 ce que le curseur de v\u00e9locit\u00e9 devienne vert<\/strong>. Les syst\u00e8mes typiques sont dimensionn\u00e9s pour des vitesses d&rsquo;entr\u00e9e d&rsquo;environ 1000-1200 fpm. Les applications sensibles au son doivent \u00eatre dimensionn\u00e9es pour des vitesses d&rsquo;entr\u00e9e inf\u00e9rieures \u00e0 1000 fpm, typiquement 800-900 fpm.<\/p>\n<p>Par exemple, une application n\u00e9cessite un volume d&rsquo;air d&rsquo;alimentation de 2000 cfm. Entrez cette valeur dans l&rsquo;entr\u00e9e Airflow. Ajustez ensuite le curseur Taille jusqu&rsquo;\u00e0 ce que la V\u00e9locit\u00e9 apparaisse dans la plage verte. Pour 2000 cfm, ce sera un diam\u00e8tre de 16-20&Prime;.<\/p>\n<p>Voulez-vous votre propre Ductolator lamin\u00e9 au format lettre ? Appelez-nous au 855-774-4632 ou envoyez-nous un courriel \u00e0 l&rsquo;adresse sales@prihoda-na.com, en nous indiquant l&rsquo;adresse \u00e0 laquelle nous devons l&rsquo;envoyer !<\/p>\n<\/div><\/div><\/div><div class=\"col-md-6 cs-animation fadeInRight image wpb_animate_when_almost_visible wpb_zoomIn zoomIn wpb_start_animation animated\"><div class=\"cs-column-inner\">[vc_single_image image=\u00a0\u00bb39738&Prime; img_size=\u00a0\u00bbfull\u00a0\u00bb]<\/div><\/div><\/div><\/div><\/section><section class=\"cs-section calculator_section\"><div class=\"container\"><div class=\"row\"><div class=\"col-md-12\"><div class=\"cs-column-inner\"><div class=\"cs-column-text\"><div id=\"mydiv\"><iframe loading=\"lazy\" id=\"myframe\" src=\"https:\/\/www.prihoda.com\/en\/resources\/prihoda-velocity-calculator\/\" width=\"100%\" height=\"100%\" scrolling=\"no\"><br \/>\n<\/iframe><\/div>\n<\/div><\/div><\/div><\/div><\/div><\/section><section class=\"cs-section maintenance_section calculator_planning\"><div class=\"container\"><div class=\"row\"><div class=\"col-md-12\"><div class=\"cs-column-inner\">[vc_custom_heading text=\u00a0\u00bbPlanification pr\u00e9liminaire\u00a0\u00bb font_container=\u00a0\u00bbtag:h2|text_align:center\u00a0\u00bb use_theme_fonts=\u00a0\u00bbyes\u00a0\u00bb css_animation=\u00a0\u00bbfadeInUp\u00a0\u00bb]<div class=\"cs-column-text cs-animation fadeInUp wpb_animate_when_almost_visible wpb_zoomIn zoomIn wpb_start_animation animated\" style=\"width: 80%;text-align: center;margin-left: auto;margin-right: auto;\"><p>Cette calculatrice est destin\u00e9e \u00e0 une planification pr\u00e9liminaire uniquement. Puisque tous les syst\u00e8mes de conduits en tissu Prihoda sont fabriqu\u00e9s sur commande, la conception et les sp\u00e9cifications finales ne doivent \u00eatre faites qu&rsquo;apr\u00e8s consultation d&rsquo;un repr\u00e9sentant certifi\u00e9 Prihoda North America ou d&rsquo;un sp\u00e9cialiste de la conception de notre \u00e9quipe de vente directe. Notre logiciel complet de conception AirTailor\u00ae et notre processus de planification peuvent vous aider \u00e0 d\u00e9terminer la meilleure conception et les sp\u00e9cifications exactes pour votre projet particulier. Si vous avez d\u00e9j\u00e0 \u00e9labor\u00e9 des plans et que vous souhaitez demander un devis d\u00e9taill\u00e9, vous pouvez nous envoyer vos sp\u00e9cifications en utilisant le formulaire de demande de devis d\u00e9taill\u00e9 <a href=\"https:\/\/prihodafabricduct.com\/fr\/demander-un-devis\/\" target=\"_blank\" rel=\"noopener\">ici<\/a>.<\/p>\n<\/div><\/div><\/div><\/div><\/div><\/section><section class=\"cs-section no-padding\"><div class=\"container-fluid\"><div class=\"row\"><div class=\"col-md-12\"><div class=\"cs-column-inner\">[vc_raw_html css=\u00a0\u00bb.vc_custom_1665748315344{margin-bottom: 0px !important;}\u00a0\u00bb]PHN2ZyB4bWxucz0iaHR0cDovL3d3dy53My5vcmcvMjAwMC9zdmciIHZpZXdib3g9IjAgMCAxMDAwIDEwMCIgcHJlc2VydmVhc3BlY3RyYXRpbz0ibm9uZSI+Cgk8cGF0aCBjbGFzcz0iZWxlbWVudG9yLXNoYXBlLWZpbGwiIGQ9Ik01MDAuMiw5NC43TDAsMHYxMDBoMTAwMFYwTDUwMC4yLDk0Ljd6IiBzdHlsZT0iZmlsbDogI0YwRjNGOTsiPjwvcGF0aD4KPC9zdmc+[\/vc_raw_html]<\/div><\/div><\/div><\/div><\/section><section class=\"cs-section lg-padding serving_companies\" style=\" background-color: #f0f3f9;margin-top:-10px\"><div class=\"container\"><div class=\"row\"><div class=\"col-md-12 cs-animation pulse images wpb_animate_when_almost_visible wpb_zoomIn zoomIn wpb_start_animation animated\"><div class=\"cs-column-inner\"><section class=\"cs-section background\" style=\"background-image: url(https:\/\/prihodafabricduct.com\/wp-content\/uploads\/2022\/10\/GA-Tech-OKeefe-1-2.webp);margin-top:-10px\"><div class=\"container\"><div class=\"row\"><div class=\"col-md-8 cs-animation fadeInLeft\"><div class=\"cs-column-inner\">[vc_custom_heading text=\u00a0\u00bbObtenez le Ductolateur Prihoda pour votre t\u00e9l\u00e9phone ou votre tablette ! L&rsquo;application mobile Ductolator est disponible pour Android ou iOS.\u00a0\u00bb use_theme_fonts=\u00a0\u00bbyes\u00a0\u00bb]<div class=\"cs-column-text\"><div class=\"fusion-text fusion-text-3\"><a href=\"\/\/play.google.com\/store\/apps\/details?id=com.prihoda.calculator&amp;hl=en\" target=\"_blank\" rel=\"noopener noreferrer\"><img decoding=\"async\" class=\"alignnone size-full wp-image-30554 ls-is-cached lazyloaded\" src=\"\/wp-content\/uploads\/2022\/11\/google-play.webp\" loading=\"lazy\" \/><noscript><img decoding=\"async\" class=\"alignnone size-full wp-image-30554 lazyload\" src=\"\/wp-content\/uploads\/2022\/11\/google-play.webp\"><\/noscript><\/a> <a href=\"\/\/itunes.apple.com\/us\/app\/prihoda\/id1148389151?mt=8\" target=\"_blank\" rel=\"noopener noreferrer\"><img decoding=\"async\" class=\"alignnone size-full wp-image-30553 ls-is-cached lazyloaded\" src=\"\/wp-content\/uploads\/2022\/11\/app-store.webp\" loading=\"lazy\" \/><noscript><img loading=\"lazy\" decoding=\"async\" class=\"alignnone size-full wp-image-30553 lazyload\" src=\"\/wp-content\/uploads\/2022\/11\/app-store.webp\" alt=\"\" width=\"230\" height=\"75\"><\/noscript><\/a><\/div>\n<\/div><a href=\"https:\/\/prihodafabricduct.com\/rfq-form\/\" class=\"cs-btn cs-btn-custom cs-btn-square cs-btn-custom-own cs-btn-sm cs-btn-custom-69e5056dbb1ba fusion-button wpb_animate_when_almost_visible wpb_zoomIn zoomIn wpb_start_animation animated\" target=\"_blank\">Contact for the Calculator<\/a><\/div><\/div><div class=\"col-md-4\"><div class=\"cs-column-inner\"><\/div><\/div><\/div><\/div><\/section><\/div><\/div><\/div><\/div><\/section>\n","protected":false},"excerpt":{"rendered":"<p><span class=\"entry-read-more\"><a href=\"https:\/\/prihodafabricduct.com\/fr\/ressources\/ressources-techniques\/dimensionnement-et-conception-des-conduits-en-tissu\/\" class=\"cs-btn cs-btn-flat cs-btn-rounded cs-btn-xxs cs-btn-flat-accent\">Lire la suite<\/a><\/span><\/p>\n","protected":false},"author":1,"featured_media":0,"parent":40311,"menu_order":51,"comment_status":"closed","ping_status":"closed","template":"","meta":{"_acf_changed":false,"footnotes":""},"class_list":["post-40320","page","type-page","status-publish","hentry"],"acf":[],"_links":{"self":[{"href":"https:\/\/prihodafabricduct.com\/fr\/wp-json\/wp\/v2\/pages\/40320","targetHints":{"allow":["GET"]}}],"collection":[{"href":"https:\/\/prihodafabricduct.com\/fr\/wp-json\/wp\/v2\/pages"}],"about":[{"href":"https:\/\/prihodafabricduct.com\/fr\/wp-json\/wp\/v2\/types\/page"}],"author":[{"embeddable":true,"href":"https:\/\/prihodafabricduct.com\/fr\/wp-json\/wp\/v2\/users\/1"}],"replies":[{"embeddable":true,"href":"https:\/\/prihodafabricduct.com\/fr\/wp-json\/wp\/v2\/comments?post=40320"}],"version-history":[{"count":0,"href":"https:\/\/prihodafabricduct.com\/fr\/wp-json\/wp\/v2\/pages\/40320\/revisions"}],"up":[{"embeddable":true,"href":"https:\/\/prihodafabricduct.com\/fr\/wp-json\/wp\/v2\/pages\/40311"}],"wp:attachment":[{"href":"https:\/\/prihodafabricduct.com\/fr\/wp-json\/wp\/v2\/media?parent=40320"}],"curies":[{"name":"wp","href":"https:\/\/api.w.org\/{rel}","templated":true}]}}