{"id":40322,"date":"2022-12-23T13:11:53","date_gmt":"2022-12-23T13:11:53","guid":{"rendered":"https:\/\/prihodafabricduct.com\/?page_id=40322"},"modified":"2023-05-09T14:31:05","modified_gmt":"2023-05-09T14:31:05","slug":"instructions-dinstallation","status":"publish","type":"page","link":"https:\/\/prihodafabricduct.com\/fr\/ressources\/ressources-techniques\/instructions-dinstallation\/","title":{"rendered":"Instructions d&rsquo;installation"},"content":{"rendered":"<section class=\"cs-section instructions_section\"><div class=\"container\"><div class=\"row\"><div class=\"col-md-12\"><div class=\"cs-column-inner\">[vc_custom_heading text=\u00a0\u00bbInstructions pour l&rsquo;installation des syst\u00e8mes de conduits en tissu Prihoda\u00a0\u00bb font_container=\u00a0\u00bbtag:h2|text_align:center\u00a0\u00bb use_theme_fonts=\u00a0\u00bbyes\u00a0\u00bb]<div class=\"cs-column-text\" style=\"text-align: center;width: 55%;margin: 0 auto;\"><p>Cette s\u00e9lection de vid\u00e9os et de PDF t\u00e9l\u00e9chargeables montre toutes les \u00e9tapes n\u00e9cessaires \u00e0 l&rsquo;installation de diff\u00e9rents types de syst\u00e8mes de conduits d&rsquo;air de suspension.<\/p>\n<\/div><section class=\"cs-section instructions_child\"><div class=\"container\"><div class=\"row cs-equal-height\"><div class=\"col-md-4 cs-animation fadeInLeft remarkably_long_service_life_child_items wpb_animate_when_almost_visible wpb_zoomIn zoomIn wpb_start_animation animated\"><div class=\"cs-column-inner\">[vc_single_image image=\u00a0\u00bb944&Prime; img_size=\u00a0\u00bbfull\u00a0\u00bb onclick=\u00a0\u00bbcustom_link\u00a0\u00bb el_class=\u00a0\u00bbinstructions_child_img\u00a0\u00bb link=\u00a0\u00bb\/wp-content\/uploads\/2022\/10\/Single-Cable-Installation-Instructions.pdf\u00a0\u00bb][vc_custom_heading text=\u00a0\u00bbInstructions d&rsquo;installation &#8211; C\u00e2ble simple\u00a0\u00bb font_container=\u00a0\u00bbtag:h3|text_align:left\u00a0\u00bb use_theme_fonts=\u00a0\u00bbyes\u00a0\u00bb css=\u00a0\u00bb.vc_custom_1667046220194{padding-bottom: 0px !important;}\u00a0\u00bb link=\u00a0\u00bburl:%2Fwp-content%2Fuploads%2F2022%2F10%2FSingle-Cable-Installation-Instructions.pdf|\u00a0\u00bb]<div class=\"cs-column-text\"><p>Comment installer notre syst\u00e8me de dispersion d&rsquo;air textile \u00e0 c\u00e2ble unique.<\/p>\n<\/div><\/div><\/div><div class=\"col-md-4 cs-animation fadeInLeft remarkably_long_service_life_child_items wpb_animate_when_almost_visible wpb_zoomIn zoomIn wpb_start_animation animated\"><div class=\"cs-column-inner\">[vc_single_image image=\u00a0\u00bb945&Prime; img_size=\u00a0\u00bbfull\u00a0\u00bb onclick=\u00a0\u00bbcustom_link\u00a0\u00bb el_class=\u00a0\u00bbinstructions_child_img\u00a0\u00bb link=\u00a0\u00bb\/wp-content\/uploads\/2022\/10\/Instructions d&rsquo;installation des rails simples renforc\u00e9s.pdf\u00a0\u00bb][vc_custom_heading text=\u00a0\u00bbInstructions d&rsquo;installation &#8211; Rail renforc\u00e9 suspendu simple\u00a0\u00bb font_container=\u00a0\u00bbtag:h3|text_align:left\u00a0\u00bb use_theme_fonts=\u00a0\u00bbyes\u00a0\u00bb css=\u00a0\u00bb.vc_custom_1673378236780{padding-bottom: 0px !important;}\u00a0\u00bb link=\u00a0\u00bburl:%2Fwp-content%2Fuploads%2F2022%2F10%2FInstructions%20d%27installation%20des%20rails%20simples%20renforc%C3%A9s.pdf|\u00a0\u00bb]<div class=\"cs-column-text\"><p>Comment installer notre syst\u00e8me de dispersion d&rsquo;air textile \u00e0 rail renforc\u00e9 suspendu simple.<\/p>\n<\/div><\/div><\/div><div class=\"col-md-4 cs-animation fadeInLeft remarkably_long_service_life_child_items wpb_animate_when_almost_visible wpb_zoomIn zoomIn wpb_start_animation animated\"><div class=\"cs-column-inner\">[vc_single_image image=\u00a0\u00bb946&Prime; img_size=\u00a0\u00bbfull\u00a0\u00bb onclick=\u00a0\u00bbcustom_link\u00a0\u00bb el_class=\u00a0\u00bbinstructions_child_img\u00a0\u00bb link=\u00a0\u00bb\/wp-content\/uploads\/2022\/10\/Single-Regular-Track-Instructions-Installation.pdf\u00a0\u00bb][vc_custom_heading text=\u00a0\u00bbInstructions d&rsquo;installation &#8211; Rail suspendu simple\u00a0\u00bb font_container=\u00a0\u00bbtag:h3|text_align:left\u00a0\u00bb use_theme_fonts=\u00a0\u00bbyes\u00a0\u00bb css=\u00a0\u00bb.vc_custom_1667046163740{padding-bottom: 0px !important;}\u00a0\u00bb link=\u00a0\u00bburl:%2Fwp-content%2Fuploads%2F2022%2F10%2FSingle-Regular-Track-Instructions-Installation.pdf|\u00a0\u00bb]<div class=\"cs-column-text\"><p>Comment installer notre syst\u00e8me de dispersion d&rsquo;air textile \u00e0 rail suspendu simple.<\/p>\n<\/div><\/div><\/div><div class=\"col-md-4 cs-animation fadeInRight remarkably_long_service_life_child_items wpb_animate_when_almost_visible wpb_zoomIn zoomIn wpb_start_animation animated\"><div class=\"cs-column-inner\">[vc_single_image image=\u00a0\u00bb947&Prime; img_size=\u00a0\u00bbfull\u00a0\u00bb onclick=\u00a0\u00bbcustom_link\u00a0\u00bb el_class=\u00a0\u00bbinstructions_child_img\u00a0\u00bb link=\u00a0\u00bb\/wp-content\/uploads\/2022\/10\/Installations-Instructions-page_Delivery-Guide.pdf\u00a0\u00bb][vc_custom_heading text=\u00a0\u00bbInstructions d&rsquo;installation &#8211; Double rail\u00a0\u00bb font_container=\u00a0\u00bbtag:h3|text_align:left\u00a0\u00bb use_theme_fonts=\u00a0\u00bbyes\u00a0\u00bb css=\u00a0\u00bb.vc_custom_1667046217550{padding-bottom: 0px !important;}\u00a0\u00bb link=\u00a0\u00bburl:%2Fwp-content%2Fuploads%2F2022%2F10%2FInstallations-Instructions-page_Delivery-Guide.pdf|\u00a0\u00bb]<div class=\"cs-column-text\"><p>Comment installer notre syst\u00e8me de dispersion d&rsquo;air textile Double Track.<\/p>\n<\/div><\/div><\/div><div class=\"col-md-4 cs-animation fadeInRight remarkably_long_service_life_child_items wpb_animate_when_almost_visible wpb_zoomIn zoomIn wpb_start_animation animated\"><div class=\"cs-column-inner\">[vc_single_image image=\u00a0\u00bb40969&Prime; img_size=\u00a0\u00bbfull\u00a0\u00bb onclick=\u00a0\u00bbcustom_link\u00a0\u00bb el_class=\u00a0\u00bbinstructions_child_img\u00a0\u00bb link=\u00a0\u00bb\/wp-content\/uploads\/2022\/10\/Installations-Instructions-page_Delivery-Guide.pdf\u00a0\u00bb][vc_custom_heading text=\u00a0\u00bbInstructions d&rsquo;installation &#8211; Tissu \u00e0 flux laminaire\u00a0\u00bb font_container=\u00a0\u00bbtag:h3|text_align:left\u00a0\u00bb use_theme_fonts=\u00a0\u00bbyes\u00a0\u00bb css=\u00a0\u00bb.vc_custom_1673379380398{padding-bottom: 0px !important;}\u00a0\u00bb link=\u00a0\u00bburl:%2Fwp-content%2Fuploads%2F2023%2F01%2FInstructions%20d%27installation%20pour%20le%20panneau%20m%C3%A9tallique%202&#215;4.pdf|\u00a0\u00bb]<div class=\"cs-column-text\"><p>Comment installer notre diffuseur \u00e0 fa\u00e7ade en tissu Laminar Flow.<\/p>\n<\/div><\/div><\/div><\/div><\/div><\/section><\/div><\/div><\/div><\/div><\/section><section class=\"cs-section instructions_section\" style=\" background-color: #f0f3f9;\"><div class=\"container\"><div class=\"row\"><div class=\"col-md-12\"><div class=\"cs-column-inner\"><section class=\"cs-section instructions_child\"><div class=\"container\"><div class=\"row cs-equal-height\"><div class=\"col-md-4 cs-animation fadeInLeft remarkably_long_service_life_child_items wpb_animate_when_almost_visible wpb_zoomIn zoomIn wpb_start_animation animated\"><div class=\"cs-column-inner\"><div class=\"cs-fluid cs-fluid-border instructions_child_img\"><div class=\"cs-fluid-inner\"><iframe loading=\"lazy\" title=\"Installation Instructions - Single Cable\" width=\"1170\" height=\"658\" src=\"https:\/\/www.youtube.com\/embed\/Kcf8DaN8THc?feature=oembed\" frameborder=\"0\" allow=\"accelerometer; autoplay; clipboard-write; encrypted-media; gyroscope; picture-in-picture\" allowfullscreen><\/iframe><\/div><\/div>[vc_custom_heading text=\u00a0\u00bbInstructions d&rsquo;installation &#8211; C\u00e2ble simple\u00a0\u00bb font_container=\u00a0\u00bbtag:h3|text_align:left\u00a0\u00bb use_theme_fonts=\u00a0\u00bbyes\u00a0\u00bb css=\u00a0\u00bb.vc_custom_1667043196182{padding-bottom: 0px !important;}\u00a0\u00bb]<div class=\"cs-column-text\"><p>Comment installer notre syst\u00e8me de diffusion d&rsquo;air textile \u00e0 c\u00e2ble unique.<\/p>\n<\/div><\/div><\/div><div class=\"col-md-4 cs-animation fadeInLeft remarkably_long_service_life_child_items wpb_animate_when_almost_visible wpb_zoomIn zoomIn wpb_start_animation animated\"><div class=\"cs-column-inner\"><div class=\"cs-fluid cs-fluid-border instructions_child_img\"><div class=\"cs-fluid-inner\"><iframe loading=\"lazy\" title=\"Installation Instructions - Double Cable\" width=\"1170\" height=\"658\" src=\"https:\/\/www.youtube.com\/embed\/5tt26onJovY?feature=oembed\" frameborder=\"0\" allow=\"accelerometer; autoplay; clipboard-write; encrypted-media; gyroscope; picture-in-picture\" allowfullscreen><\/iframe><\/div><\/div>[vc_custom_heading text=\u00a0\u00bbInstructions d&rsquo;installation &#8211; Double c\u00e2ble<br \/>\n\u00a0\u00bb font_container=\u00a0\u00bbtag:h3|text_align:left\u00a0\u00bb use_theme_fonts=\u00a0\u00bbyes\u00a0\u00bb css=\u00a0\u00bb.vc_custom_1683642496526{padding-bottom: 0px !important;}\u00a0\u00bb]<div class=\"cs-column-text\"><p>Comment installer notre syst\u00e8me de dispersion d&rsquo;air textile \u00e0 rail renforc\u00e9 suspendu simple.<\/p>\n<\/div><\/div><\/div><div class=\"col-md-4 cs-animation fadeInLeft remarkably_long_service_life_child_items wpb_animate_when_almost_visible wpb_zoomIn zoomIn wpb_start_animation animated\"><div class=\"cs-column-inner\"><div class=\"cs-fluid cs-fluid-border instructions_child_img\"><div class=\"cs-fluid-inner\"><iframe loading=\"lazy\" title=\"Installation Instructions - Single Suspended Track\" width=\"1170\" height=\"658\" src=\"https:\/\/www.youtube.com\/embed\/eS6FOCmI_T4?feature=oembed\" frameborder=\"0\" allow=\"accelerometer; autoplay; clipboard-write; encrypted-media; gyroscope; picture-in-picture\" allowfullscreen><\/iframe><\/div><\/div>[vc_custom_heading text=\u00a0\u00bbInstructions d&rsquo;installation &#8211; Rail suspendu simple\u00a0\u00bb font_container=\u00a0\u00bbtag:h3|text_align:left\u00a0\u00bb use_theme_fonts=\u00a0\u00bbyes\u00a0\u00bb css=\u00a0\u00bb.vc_custom_1667044258719{padding-bottom: 0px !important;}\u00a0\u00bb]<div class=\"cs-column-text\"><p>Comment installer notre syst\u00e8me de dispersion d&rsquo;air textile \u00e0 rail suspendu simple.<\/p>\n<\/div><\/div><\/div><div class=\"col-md-4 cs-animation fadeInRight remarkably_long_service_life_child_items wpb_animate_when_almost_visible wpb_zoomIn zoomIn wpb_start_animation animated\"><div class=\"cs-column-inner\"><div class=\"cs-fluid cs-fluid-border instructions_child_img\"><div class=\"cs-fluid-inner\"><iframe loading=\"lazy\" title=\"Installation Instructions - Double Track\" width=\"1170\" height=\"658\" src=\"https:\/\/www.youtube.com\/embed\/5gx6obS3etw?feature=oembed\" frameborder=\"0\" allow=\"accelerometer; autoplay; clipboard-write; encrypted-media; gyroscope; picture-in-picture\" allowfullscreen><\/iframe><\/div><\/div>[vc_custom_heading text=\u00a0\u00bbInstructions d&rsquo;installation &#8211; Double rail\u00a0\u00bb font_container=\u00a0\u00bbtag:h3|text_align:left\u00a0\u00bb use_theme_fonts=\u00a0\u00bbyes\u00a0\u00bb css=\u00a0\u00bb.vc_custom_1667044752535{padding-bottom: 0px !important;}\u00a0\u00bb]<div class=\"cs-column-text\"><p>Comment installer notre syst\u00e8me de dispersion d&rsquo;air textile Double Track.<\/p>\n<\/div><\/div><\/div><div class=\"col-md-4 cs-animation fadeInRight remarkably_long_service_life_child_items wpb_animate_when_almost_visible wpb_zoomIn zoomIn wpb_start_animation animated\"><div class=\"cs-column-inner\"><div class=\"cs-fluid cs-fluid-border instructions_child_img\"><div class=\"cs-fluid-inner\"><iframe loading=\"lazy\" title=\"Installation Instructions - Half Round Surface Mount\" width=\"1170\" height=\"658\" src=\"https:\/\/www.youtube.com\/embed\/Oaab5TotB-U?feature=oembed\" frameborder=\"0\" allow=\"accelerometer; autoplay; clipboard-write; encrypted-media; gyroscope; picture-in-picture\" allowfullscreen><\/iframe><\/div><\/div>[vc_custom_heading text=\u00a0\u00bbInstructions d&rsquo;installation &#8211; Montage en surface demi-rond\u00a0\u00bb font_container=\u00a0\u00bbtag:h3|text_align:left\u00a0\u00bb use_theme_fonts=\u00a0\u00bbyes\u00a0\u00bb css=\u00a0\u00bb.vc_custom_1667044773546{padding-bottom: 0px !important;}\u00a0\u00bb]<div class=\"cs-column-text\"><p>Comment installer notre syst\u00e8me de dispersion d&rsquo;air textile Half-Round mont\u00e9 en surface.<\/p>\n<\/div><\/div><\/div><div class=\"col-md-4 cs-animation fadeInRight remarkably_long_service_life_child_items wpb_animate_when_almost_visible wpb_zoomIn zoomIn wpb_start_animation animated\"><div class=\"cs-column-inner\"><div class=\"cs-fluid cs-fluid-border instructions_child_img\"><div class=\"cs-fluid-inner\"><iframe loading=\"lazy\" title=\"Installation Instructions - Half Round Suspended\" width=\"1170\" height=\"658\" src=\"https:\/\/www.youtube.com\/embed\/eFWPAjgQdso?feature=oembed\" frameborder=\"0\" allow=\"accelerometer; autoplay; clipboard-write; encrypted-media; gyroscope; picture-in-picture\" allowfullscreen><\/iframe><\/div><\/div>[vc_custom_heading text=\u00a0\u00bbInstructions d&rsquo;installation &#8211; Demi-rond suspendu\u00a0\u00bb font_container=\u00a0\u00bbtag:h3|text_align:left\u00a0\u00bb use_theme_fonts=\u00a0\u00bbyes\u00a0\u00bb css=\u00a0\u00bb.vc_custom_1667044785415{padding-bottom: 0px !important;}\u00a0\u00bb]<div class=\"cs-column-text\"><p>Comment installer notre syst\u00e8me de dispersion d&rsquo;air textile suspendu Half Round.<\/p>\n<\/div><\/div><\/div><div class=\"col-md-4 cs-animation fadeInLeft remarkably_long_service_life_child_items wpb_animate_when_almost_visible wpb_zoomIn zoomIn wpb_start_animation animated\"><div class=\"cs-column-inner\"><div class=\"cs-fluid cs-fluid-border instructions_child_img\"><div class=\"cs-fluid-inner\"><iframe loading=\"lazy\" title=\"Installation Instructions - Internal Rings Removal and Reinstall\" width=\"1170\" height=\"658\" src=\"https:\/\/www.youtube.com\/embed\/ivGJCYsoDhM?feature=oembed\" frameborder=\"0\" allow=\"accelerometer; autoplay; clipboard-write; encrypted-media; gyroscope; picture-in-picture\" allowfullscreen><\/iframe><\/div><\/div>[vc_custom_heading text=\u00a0\u00bbInstructions d&rsquo;installation &#8211; Retrait et r\u00e9installation des anneaux internes\u00a0\u00bb font_container=\u00a0\u00bbtag:h3|text_align:left\u00a0\u00bb use_theme_fonts=\u00a0\u00bbyes\u00a0\u00bb css=\u00a0\u00bb.vc_custom_1667044802489{padding-bottom: 0px !important;}\u00a0\u00bb]<div class=\"cs-column-text\"><p>Comment enlever et r\u00e9installer nos anneaux de support internes pour le lavage de nos syst\u00e8mes de dispersion d&rsquo;air textile.<\/p>\n<\/div><\/div><\/div><div class=\"col-md-4 cs-animation fadeInLeft remarkably_long_service_life_child_items wpb_animate_when_almost_visible wpb_zoomIn zoomIn wpb_start_animation animated\"><div class=\"cs-column-inner\"><div class=\"cs-fluid cs-fluid-border instructions_child_img\"><div class=\"cs-fluid-inner\"><iframe loading=\"lazy\" title=\"Installation Instructions - Internal Arc Removal and Reinstall\" width=\"1170\" height=\"658\" src=\"https:\/\/www.youtube.com\/embed\/ER7hZ4Nm7T4?feature=oembed\" frameborder=\"0\" allow=\"accelerometer; autoplay; clipboard-write; encrypted-media; gyroscope; picture-in-picture\" allowfullscreen><\/iframe><\/div><\/div>[vc_custom_heading text=\u00a0\u00bbInstructions d&rsquo;installation &#8211; Retrait et r\u00e9installation de l&rsquo;arc interne\u00a0\u00bb font_container=\u00a0\u00bbtag:h3|text_align:left\u00a0\u00bb use_theme_fonts=\u00a0\u00bbyes\u00a0\u00bb css=\u00a0\u00bb.vc_custom_1667044808264{padding-bottom: 0px !important;}\u00a0\u00bb]<div class=\"cs-column-text\"><p>Comment enlever et r\u00e9installer les arcs de support internes pour le lavage de nos syst\u00e8mes de dispersion d&rsquo;air textile.<\/p>\n<\/div><\/div><\/div><div class=\"col-md-4 cs-animation fadeInLeft remarkably_long_service_life_child_items wpb_animate_when_almost_visible wpb_zoomIn zoomIn wpb_start_animation animated\"><div class=\"cs-column-inner\"><div class=\"cs-fluid cs-fluid-border instructions_child_img\"><div class=\"cs-fluid-inner\"><iframe loading=\"lazy\" title=\"PRIHODA Fabric Ducting Mounting Instruction Installation 5AIL\" width=\"1170\" height=\"658\" src=\"https:\/\/www.youtube.com\/embed\/CM6LFXjgRXk?feature=oembed\" frameborder=\"0\" allow=\"accelerometer; autoplay; clipboard-write; encrypted-media; gyroscope; picture-in-picture; web-share\" allowfullscreen><\/iframe><\/div><\/div>[vc_custom_heading text=\u00a0\u00bbInstructions d&rsquo;installation &#8211; Rail renforc\u00e9 suspendu simple\u00a0\u00bb font_container=\u00a0\u00bbtag:h3|text_align:left\u00a0\u00bb use_theme_fonts=\u00a0\u00bbyes\u00a0\u00bb css=\u00a0\u00bb.vc_custom_1673378219206{padding-bottom: 0px !important;}\u00a0\u00bb]<div class=\"cs-column-text\"><p>Comment installer notre syst\u00e8me de dispersion d&rsquo;air textile \u00e0 rail renforc\u00e9 suspendu simple.<\/p>\n<\/div><\/div><\/div><\/div><\/div><\/section><\/div><\/div><\/div><\/div><\/section>\n","protected":false},"excerpt":{"rendered":"<p><span class=\"entry-read-more\"><a href=\"https:\/\/prihodafabricduct.com\/fr\/ressources\/ressources-techniques\/instructions-dinstallation\/\" class=\"cs-btn cs-btn-flat cs-btn-rounded cs-btn-xxs cs-btn-flat-accent\">Lire la suite<\/a><\/span><\/p>\n","protected":false},"author":1,"featured_media":0,"parent":40311,"menu_order":37,"comment_status":"closed","ping_status":"closed","template":"","meta":{"_acf_changed":false,"footnotes":""},"class_list":["post-40322","page","type-page","status-publish","hentry"],"acf":[],"_links":{"self":[{"href":"https:\/\/prihodafabricduct.com\/fr\/wp-json\/wp\/v2\/pages\/40322","targetHints":{"allow":["GET"]}}],"collection":[{"href":"https:\/\/prihodafabricduct.com\/fr\/wp-json\/wp\/v2\/pages"}],"about":[{"href":"https:\/\/prihodafabricduct.com\/fr\/wp-json\/wp\/v2\/types\/page"}],"author":[{"embeddable":true,"href":"https:\/\/prihodafabricduct.com\/fr\/wp-json\/wp\/v2\/users\/1"}],"replies":[{"embeddable":true,"href":"https:\/\/prihodafabricduct.com\/fr\/wp-json\/wp\/v2\/comments?post=40322"}],"version-history":[{"count":0,"href":"https:\/\/prihodafabricduct.com\/fr\/wp-json\/wp\/v2\/pages\/40322\/revisions"}],"up":[{"embeddable":true,"href":"https:\/\/prihodafabricduct.com\/fr\/wp-json\/wp\/v2\/pages\/40311"}],"wp:attachment":[{"href":"https:\/\/prihodafabricduct.com\/fr\/wp-json\/wp\/v2\/media?parent=40322"}],"curies":[{"name":"wp","href":"https:\/\/api.w.org\/{rel}","templated":true}]}}