{"id":40326,"date":"2022-12-23T13:15:32","date_gmt":"2022-12-23T13:15:32","guid":{"rendered":"https:\/\/prihodafabricduct.com\/?page_id=40326"},"modified":"2022-12-27T16:36:36","modified_gmt":"2022-12-27T16:36:36","slug":"videos-sur-les-performances-et-les-tests","status":"publish","type":"page","link":"https:\/\/prihodafabricduct.com\/fr\/ressources\/ressources-techniques\/videos-sur-les-performances-et-les-tests\/","title":{"rendered":"Vid\u00e9os sur les performances et les tests"},"content":{"rendered":"<section class=\"cs-section instructions_section\"><div class=\"container\"><div class=\"row\"><div class=\"col-md-12\"><div class=\"cs-column-inner\">[vc_custom_heading text=\u00a0\u00bbTests de fum\u00e9e et d\u00e9monstrations de diffuseurs\u00a0\u00bb font_container=\u00a0\u00bbtag:h2|text_align:center\u00a0\u00bb use_theme_fonts=\u00a0\u00bbyes\u00a0\u00bb]<div class=\"cs-column-text\" style=\"text-align: center;width: 55%;margin: 0 auto;\"><p>A collection of videos showing how air moves through different types of fabric ducting and diffuser options.<\/p>\n<\/div><section class=\"cs-section instructions_child\"><div class=\"container\"><div class=\"row cs-equal-height\"><div class=\"col-md-4 cs-animation fadeInLeft remarkably_long_service_life_child_items wpb_animate_when_almost_visible wpb_zoomIn zoomIn wpb_start_animation animated\"><div class=\"cs-column-inner\"><div class=\"cs-fluid cs-fluid-border instructions_child_img\"><div class=\"cs-fluid-inner\"><iframe loading=\"lazy\" title=\"Directional Microperforation\" width=\"1170\" height=\"658\" src=\"https:\/\/www.youtube.com\/embed\/Q7PSBcX_6gM?feature=oembed\" frameborder=\"0\" allow=\"accelerometer; autoplay; clipboard-write; encrypted-media; gyroscope; picture-in-picture\" allowfullscreen><\/iframe><\/div><\/div>[vc_custom_heading text=\u00a0\u00bbMicroperforation directionnelle\u00a0\u00bb font_container=\u00a0\u00bbtag:h3|text_align:left\u00a0\u00bb use_theme_fonts=\u00a0\u00bbyes\u00a0\u00bb css=\u00a0\u00bb.vc_custom_1667046699474{padding-bottom: 0px !important;}\u00a0\u00bb]<div class=\"cs-column-text\"><p>Notre microperforation directionnelle brevet\u00e9e assure une distribution d&rsquo;air tr\u00e8s efficace et sans courant d&rsquo;air pour les applications \u00e0 faible distance de projection.<\/p>\n<\/div><\/div><\/div><div class=\"col-md-4 cs-animation fadeInLeft remarkably_long_service_life_child_items wpb_animate_when_almost_visible wpb_zoomIn zoomIn wpb_start_animation animated\"><div class=\"cs-column-inner\"><div class=\"cs-fluid cs-fluid-border instructions_child_img\"><div class=\"cs-fluid-inner\"><iframe loading=\"lazy\" title=\"Directional Microperforation Smoke Test\" width=\"1170\" height=\"658\" src=\"https:\/\/www.youtube.com\/embed\/69SoeUAqsEw?feature=oembed\" frameborder=\"0\" allow=\"accelerometer; autoplay; clipboard-write; encrypted-media; gyroscope; picture-in-picture\" allowfullscreen><\/iframe><\/div><\/div>[vc_custom_heading text=\u00a0\u00bbTest de fum\u00e9e par microperforation directionnelle\u00a0\u00bb font_container=\u00a0\u00bbtag:h3|text_align:left\u00a0\u00bb use_theme_fonts=\u00a0\u00bbyes\u00a0\u00bb css=\u00a0\u00bb.vc_custom_1667046720926{padding-bottom: 0px !important;}\u00a0\u00bb]<div class=\"cs-column-text\"><p>Notre microperforation directionnelle brevet\u00e9e assure une distribution d&rsquo;air uniforme, efficace et sans courant d&rsquo;air pour les applications \u00e0 courte distance de projection.<\/p>\n<\/div><\/div><\/div><div class=\"col-md-4 cs-animation fadeInLeft remarkably_long_service_life_child_items wpb_animate_when_almost_visible wpb_zoomIn zoomIn wpb_start_animation animated\"><div class=\"cs-column-inner\"><div class=\"cs-fluid cs-fluid-border instructions_child_img\"><div class=\"cs-fluid-inner\"><iframe loading=\"lazy\" title=\"Uniform Microperforation Smoke Test\" width=\"1170\" height=\"658\" src=\"https:\/\/www.youtube.com\/embed\/ErXEYtvTe88?feature=oembed\" frameborder=\"0\" allow=\"accelerometer; autoplay; clipboard-write; encrypted-media; gyroscope; picture-in-picture\" allowfullscreen><\/iframe><\/div><\/div>[vc_custom_heading text=\u00a0\u00bbTest de fum\u00e9e par microperforation uniforme\u00a0\u00bb font_container=\u00a0\u00bbtag:h3|text_align:left\u00a0\u00bb use_theme_fonts=\u00a0\u00bbyes\u00a0\u00bb css=\u00a0\u00bb.vc_custom_1667047137084{padding-bottom: 0px !important;}\u00a0\u00bb]<div class=\"cs-column-text\"><p>Nos microperforations directionnelles brevet\u00e9es, r\u00e9parties uniform\u00e9ment le long d&rsquo;un diffuseur, assurent une distribution de l&rsquo;air totalement uniforme et sans courant d&rsquo;air dans les applications \u00e0 courte distance de projection.<\/p>\n<\/div><\/div><\/div><div class=\"col-md-4 cs-animation fadeInRight remarkably_long_service_life_child_items wpb_animate_when_almost_visible wpb_zoomIn zoomIn wpb_start_animation animated\"><div class=\"cs-column-inner\"><div class=\"cs-fluid cs-fluid-border instructions_child_img\"><div class=\"cs-fluid-inner\"><iframe loading=\"lazy\" title=\"Directional Microperforation vs Permeable Fabric\" width=\"1170\" height=\"658\" src=\"https:\/\/www.youtube.com\/embed\/qwIPjvpJ4n0?feature=oembed\" frameborder=\"0\" allow=\"accelerometer; autoplay; clipboard-write; encrypted-media; gyroscope; picture-in-picture\" allowfullscreen><\/iframe><\/div><\/div>[vc_custom_heading text=\u00a0\u00bbMicroperforation directionnelle vs tissu perm\u00e9able\u00a0\u00bb font_container=\u00a0\u00bbtag:h3|text_align:left\u00a0\u00bb use_theme_fonts=\u00a0\u00bbyes\u00a0\u00bb css=\u00a0\u00bb.vc_custom_1667047146005{padding-bottom: 0px !important;}\u00a0\u00bb]<div class=\"cs-column-text\"><p>Les applications \u00e0 courte distance de projection avec des syst\u00e8mes en tissu de conception ancienne reposent sur la perm\u00e9abilit\u00e9 du tissu pour la distribution de l&rsquo;air.<\/p>\n<\/div><\/div><\/div><div class=\"col-md-4 cs-animation fadeInRight remarkably_long_service_life_child_items wpb_animate_when_almost_visible wpb_zoomIn zoomIn wpb_start_animation animated\"><div class=\"cs-column-inner\"><div class=\"cs-fluid cs-fluid-border instructions_child_img\"><div class=\"cs-fluid-inner\"><iframe loading=\"lazy\" title=\"Induction of Air From Permeable Fabric\" width=\"1170\" height=\"658\" src=\"https:\/\/www.youtube.com\/embed\/fhA_MastPVc?feature=oembed\" frameborder=\"0\" allow=\"accelerometer; autoplay; clipboard-write; encrypted-media; gyroscope; picture-in-picture\" allowfullscreen><\/iframe><\/div><\/div>[vc_custom_heading text=\u00a0\u00bbInduction d&rsquo;air \u00e0 partir d&rsquo;un tissu perm\u00e9able\u00a0\u00bb font_container=\u00a0\u00bbtag:h3|text_align:left\u00a0\u00bb use_theme_fonts=\u00a0\u00bbyes\u00a0\u00bb css=\u00a0\u00bb.vc_custom_1667047215547{padding-bottom: 0px !important;}\u00a0\u00bb]<div class=\"cs-column-text\"><p>Nos tissus perm\u00e9ables Premium et Classic sont g\u00e9n\u00e9ralement utilis\u00e9s dans toutes les applications o\u00f9 le refroidissement sera inf\u00e9rieur au point de ros\u00e9e.<\/p>\n<\/div><\/div><\/div><div class=\"col-md-4 cs-animation fadeInRight remarkably_long_service_life_child_items wpb_animate_when_almost_visible wpb_zoomIn zoomIn wpb_start_animation animated\"><div class=\"cs-column-inner\"><div class=\"cs-fluid cs-fluid-border instructions_child_img\"><div class=\"cs-fluid-inner\"><iframe loading=\"lazy\" title=\"Fabric Nozzle vs Plastic Nozzle - Fire Resistance\" width=\"1170\" height=\"658\" src=\"https:\/\/www.youtube.com\/embed\/4NJ8JNZadSc?feature=oembed\" frameborder=\"0\" allow=\"accelerometer; autoplay; clipboard-write; encrypted-media; gyroscope; picture-in-picture\" allowfullscreen><\/iframe><\/div><\/div>[vc_custom_heading text=\u00a0\u00bbBuse en tissu ou buse en plastique &#8211; R\u00e9sistance au feu\u00a0\u00bb font_container=\u00a0\u00bbtag:h3|text_align:left\u00a0\u00bb use_theme_fonts=\u00a0\u00bbyes\u00a0\u00bb css=\u00a0\u00bb.vc_custom_1667047241727{padding-bottom: 0px !important;}\u00a0\u00bb]<div class=\"cs-column-text\"><p>Les syst\u00e8mes de conduits en tissu de conception ancienne utilisent des buses en plastique pour les applications \u00e0 longue distance de projection.<\/p>\n<\/div><\/div><\/div><div class=\"col-md-4 cs-animation fadeInLeft remarkably_long_service_life_child_items wpb_animate_when_almost_visible wpb_zoomIn zoomIn wpb_start_animation animated\"><div class=\"cs-column-inner\"><div class=\"cs-fluid cs-fluid-border instructions_child_img\"><div class=\"cs-fluid-inner\"><iframe loading=\"lazy\" title=\"Small Textile Nozzle Smoke Test\" width=\"1170\" height=\"658\" src=\"https:\/\/www.youtube.com\/embed\/YmalaGQVYfU?feature=oembed\" frameborder=\"0\" allow=\"accelerometer; autoplay; clipboard-write; encrypted-media; gyroscope; picture-in-picture\" allowfullscreen><\/iframe><\/div><\/div>[vc_custom_heading text=\u00a0\u00bbTest de fum\u00e9e sur une petite buse textile\u00a0\u00bb font_container=\u00a0\u00bbtag:h3|text_align:left\u00a0\u00bb use_theme_fonts=\u00a0\u00bbyes\u00a0\u00bb css=\u00a0\u00bb.vc_custom_1667047268899{padding-bottom: 0px !important;}\u00a0\u00bb]<div class=\"cs-column-text\"><p>Nos petites buses pour textiles sont utilis\u00e9es pour les applications \u00e0 longue distance de projection (jusqu&rsquo;\u00e0 45 pieds). Ils sont fabriqu\u00e9s \u00e0 partir du m\u00eame tissu homologu\u00e9 UL\/ULC que le corps du diffuseur afin de maintenir une correspondance parfaite des couleurs et une r\u00e9sistance au feu du syst\u00e8me complet.<\/p>\n<\/div><\/div><\/div><div class=\"col-md-4 cs-animation fadeInLeft remarkably_long_service_life_child_items wpb_animate_when_almost_visible wpb_zoomIn zoomIn wpb_start_animation animated\"><div class=\"cs-column-inner\"><div class=\"cs-fluid cs-fluid-border instructions_child_img\"><div class=\"cs-fluid-inner\"><iframe loading=\"lazy\" title=\"Mebrane Diffuser\" width=\"1170\" height=\"658\" src=\"https:\/\/www.youtube.com\/embed\/AsEFSlE43YA?feature=oembed\" frameborder=\"0\" allow=\"accelerometer; autoplay; clipboard-write; encrypted-media; gyroscope; picture-in-picture\" allowfullscreen><\/iframe><\/div><\/div>[vc_custom_heading text=\u00a0\u00bbDiffuseur \u00e0 membrane\u00a0\u00bb font_container=\u00a0\u00bbtag:h3|text_align:left\u00a0\u00bb use_theme_fonts=\u00a0\u00bbyes\u00a0\u00bb css=\u00a0\u00bb.vc_custom_1667047280728{padding-bottom: 0px !important;}\u00a0\u00bb]<div class=\"cs-column-text\"><p>Les dynamiques d&rsquo;\u00e9coulement oppos\u00e9es de l&rsquo;air froid et de l&rsquo;air chaud rendent difficile, voire impossible, une distribution confortable de l&rsquo;air \u00e0 partir d&rsquo;un seul diffuseur en tissu.<\/p>\n<\/div><\/div><\/div><div class=\"col-md-4 cs-animation fadeInLeft remarkably_long_service_life_child_items wpb_animate_when_almost_visible wpb_zoomIn zoomIn wpb_start_animation animated\"><div class=\"cs-column-inner\"><div class=\"cs-fluid cs-fluid-border instructions_child_img\"><div class=\"cs-fluid-inner\"><iframe loading=\"lazy\" title=\"SquAireTex Swirl Diffuser\" width=\"1170\" height=\"658\" src=\"https:\/\/www.youtube.com\/embed\/HUlE1lD6iFg?feature=oembed\" frameborder=\"0\" allow=\"accelerometer; autoplay; clipboard-write; encrypted-media; gyroscope; picture-in-picture\" allowfullscreen><\/iframe><\/div><\/div>[vc_custom_heading text=\u00a0\u00bbDiffuseur de tourbillons SquAireTex\u00a0\u00bb font_container=\u00a0\u00bbtag:h3|text_align:left\u00a0\u00bb use_theme_fonts=\u00a0\u00bbyes\u00a0\u00bb css=\u00a0\u00bb.vc_custom_1667047311579{padding-bottom: 0px !important;}\u00a0\u00bb]<div class=\"cs-column-text\"><p>Notre gamme de diffuseurs \u00e0 poser SquAireTex \u00e9tend les avantages du tissu &#8211; l\u00e9g\u00e8ret\u00e9, pr\u00e9cision de la distribution de l&rsquo;air, facilit\u00e9 d&rsquo;entretien &#8211; aux applications de plafond \u00e0 poser.<\/p>\n<\/div><\/div><\/div><div class=\"col-md-4 cs-animation fadeInRight remarkably_long_service_life_child_items wpb_animate_when_almost_visible wpb_zoomIn zoomIn wpb_start_animation animated\"><div class=\"cs-column-inner\"><div class=\"cs-fluid cs-fluid-border instructions_child_img\"><div class=\"cs-fluid-inner\"><iframe loading=\"lazy\" title=\"Diffuser Vibration Scale\" width=\"1170\" height=\"658\" src=\"https:\/\/www.youtube.com\/embed\/O8rWivyD4p8?feature=oembed\" frameborder=\"0\" allow=\"accelerometer; autoplay; clipboard-write; encrypted-media; gyroscope; picture-in-picture\" allowfullscreen><\/iframe><\/div><\/div>[vc_custom_heading text=\u00a0\u00bb\u00c9chelle de vibration du diffuseur\u00a0\u00bb font_container=\u00a0\u00bbtag:h3|text_align:left\u00a0\u00bb use_theme_fonts=\u00a0\u00bbyes\u00a0\u00bb css=\u00a0\u00bb.vc_custom_1667047333760{padding-bottom: 0px !important;}\u00a0\u00bb]<div class=\"cs-column-text\"><p>Une mauvaise conception du diffuseur peut provoquer des vibrations du tissu qui sont g\u00eanantes pour les occupants et nuisibles au diffuseur lui-m\u00eame.<\/p>\n<\/div><\/div><\/div><div class=\"col-md-4 cs-animation fadeInRight remarkably_long_service_life_child_items wpb_animate_when_almost_visible wpb_zoomIn zoomIn wpb_start_animation animated\"><div class=\"cs-column-inner\"><div class=\"cs-fluid cs-fluid-border instructions_child_img\"><div class=\"cs-fluid-inner\"><iframe loading=\"lazy\" title=\"Diffuser Winch\" width=\"1170\" height=\"658\" src=\"https:\/\/www.youtube.com\/embed\/hhO_MOKGkrI?feature=oembed\" frameborder=\"0\" allow=\"accelerometer; autoplay; clipboard-write; encrypted-media; gyroscope; picture-in-picture\" allowfullscreen><\/iframe><\/div><\/div>[vc_custom_heading text=\u00a0\u00bbTreuil de diffuseur\u00a0\u00bb font_container=\u00a0\u00bbtag:h3|text_align:left\u00a0\u00bb use_theme_fonts=\u00a0\u00bbyes\u00a0\u00bb css=\u00a0\u00bb.vc_custom_1667047355998{padding-bottom: 0px !important;}\u00a0\u00bb]<div class=\"cs-column-text\"><p>Le syst\u00e8me de treuil pour diffuseurs de Prihoda permet de retirer et de r\u00e9installer rapidement et facilement les diffuseurs \u00e0 l&rsquo;entr\u00e9e du syst\u00e8me.<\/p>\n<\/div><\/div><\/div><div class=\"col-md-4 cs-animation fadeInRight remarkably_long_service_life_child_items wpb_animate_when_almost_visible wpb_zoomIn zoomIn wpb_start_animation animated\"><div class=\"cs-column-inner\"><div class=\"cs-fluid cs-fluid-border instructions_child_img\"><div class=\"cs-fluid-inner\"><iframe loading=\"lazy\" title=\"Textile Air Control Pockets\" width=\"1170\" height=\"658\" src=\"https:\/\/www.youtube.com\/embed\/k1HZtmH1JzM?feature=oembed\" frameborder=\"0\" allow=\"accelerometer; autoplay; clipboard-write; encrypted-media; gyroscope; picture-in-picture\" allowfullscreen><\/iframe><\/div><\/div>[vc_custom_heading text=\u00a0\u00bbPoches de contr\u00f4le d&rsquo;air en textile\u00a0\u00bb font_container=\u00a0\u00bbtag:h3|text_align:left\u00a0\u00bb use_theme_fonts=\u00a0\u00bbyes\u00a0\u00bb css=\u00a0\u00bb.vc_custom_1667047409999{padding-bottom: 0px !important;}\u00a0\u00bb]<div class=\"cs-column-text\"><p>Nos poches textiles brevet\u00e9es de contr\u00f4le de l&rsquo;air corrigent la d\u00e9viation naturelle de l&rsquo;air \u00e0 travers les perforations pour \u00e9liminer les points morts et assurer une ventilation compl\u00e8te de l&rsquo;espace.<\/p>\n<\/div><\/div><\/div><\/div><\/div><\/section><\/div><\/div><\/div><\/div><\/section>\n","protected":false},"excerpt":{"rendered":"<p><span class=\"entry-read-more\"><a href=\"https:\/\/prihodafabricduct.com\/fr\/ressources\/ressources-techniques\/videos-sur-les-performances-et-les-tests\/\" class=\"cs-btn cs-btn-flat cs-btn-rounded cs-btn-xxs cs-btn-flat-accent\">Lire la suite<\/a><\/span><\/p>\n","protected":false},"author":1,"featured_media":0,"parent":40311,"menu_order":36,"comment_status":"closed","ping_status":"closed","template":"","meta":{"_acf_changed":false,"footnotes":""},"class_list":["post-40326","page","type-page","status-publish","hentry"],"acf":[],"_links":{"self":[{"href":"https:\/\/prihodafabricduct.com\/fr\/wp-json\/wp\/v2\/pages\/40326","targetHints":{"allow":["GET"]}}],"collection":[{"href":"https:\/\/prihodafabricduct.com\/fr\/wp-json\/wp\/v2\/pages"}],"about":[{"href":"https:\/\/prihodafabricduct.com\/fr\/wp-json\/wp\/v2\/types\/page"}],"author":[{"embeddable":true,"href":"https:\/\/prihodafabricduct.com\/fr\/wp-json\/wp\/v2\/users\/1"}],"replies":[{"embeddable":true,"href":"https:\/\/prihodafabricduct.com\/fr\/wp-json\/wp\/v2\/comments?post=40326"}],"version-history":[{"count":0,"href":"https:\/\/prihodafabricduct.com\/fr\/wp-json\/wp\/v2\/pages\/40326\/revisions"}],"up":[{"embeddable":true,"href":"https:\/\/prihodafabricduct.com\/fr\/wp-json\/wp\/v2\/pages\/40311"}],"wp:attachment":[{"href":"https:\/\/prihodafabricduct.com\/fr\/wp-json\/wp\/v2\/media?parent=40326"}],"curies":[{"name":"wp","href":"https:\/\/api.w.org\/{rel}","templated":true}]}}