{"id":40334,"date":"2022-12-23T13:29:58","date_gmt":"2022-12-23T13:29:58","guid":{"rendered":"https:\/\/prihodafabricduct.com\/demander-un-devis\/"},"modified":"2023-02-01T13:07:15","modified_gmt":"2023-02-01T13:07:15","slug":"demander-un-devis","status":"publish","type":"page","link":"https:\/\/prihodafabricduct.com\/fr\/demander-un-devis\/","title":{"rendered":"Demander un devis"},"content":{"rendered":"<section class=\"cs-section\"><div class=\"container\"><div class=\"row\"><div class=\"col-md-12 contact_us_form\"><div class=\"cs-column-inner\">[vc_custom_heading text=\u00a0\u00bbMerci de votre int\u00e9r\u00eat pour les syst\u00e8mes de dispersion d&rsquo;air sur mesure de Prihoda\u00a0\u00bb font_container=\u00a0\u00bbtag:h2|text_align:left|color:%23333333&Prime; use_theme_fonts=\u00a0\u00bbyes\u00a0\u00bb]<div class=\"cs-column-text\"><p>Si vous avez termin\u00e9 la conception de votre projet et \u00eates pr\u00eat \u00e0 recevoir un devis d\u00e9taill\u00e9, veuillez nous communiquer vos sp\u00e9cifications et nous serons heureux de pr\u00e9parer une estimation des co\u00fbts et des mat\u00e9riaux pour le syst\u00e8me qui r\u00e9pond le mieux \u00e0 vos besoins.<\/p>\n<p>Si vous souhaitez soumettre des dessins de projet ou d&rsquo;autres documents de soutien, cliquez sur le lien de t\u00e9l\u00e9chargement au bas de ce formulaire, ou envoyez vos fichiers par courriel \u00e0 <a href=\"mailto:sales@prihoda-na.com\">sales@prihoda-na.com.<\/a><\/p>\n<p>Vous n&rsquo;\u00eates pas encore pr\u00eat \u00e0 recevoir un devis d\u00e9taill\u00e9 ? N&rsquo;h\u00e9sitez pas \u00e0 nous contacter pour toute question, ou \u00e0 trouver un distributeur Prihoda pr\u00e8s de chez vous.<\/p>\n<\/div><\/div><\/div><\/div><\/div><\/section><section class=\"cs-section contact_us_section rfq_form\"><div class=\"container\"><div class=\"row\"><div class=\"col-md-12 contact_us_form\"><div class=\"cs-column-inner\"><\/div><\/div><\/div><\/div><\/section>\n","protected":false},"excerpt":{"rendered":"<p><span class=\"entry-read-more\"><a href=\"https:\/\/prihodafabricduct.com\/fr\/demander-un-devis\/\" class=\"cs-btn cs-btn-flat cs-btn-rounded cs-btn-xxs cs-btn-flat-accent\">Lire la suite<\/a><\/span><\/p>\n","protected":false},"author":1,"featured_media":0,"parent":0,"menu_order":34,"comment_status":"closed","ping_status":"closed","template":"","meta":{"_acf_changed":false,"footnotes":""},"class_list":["post-40334","page","type-page","status-publish","hentry"],"acf":[],"_links":{"self":[{"href":"https:\/\/prihodafabricduct.com\/fr\/wp-json\/wp\/v2\/pages\/40334","targetHints":{"allow":["GET"]}}],"collection":[{"href":"https:\/\/prihodafabricduct.com\/fr\/wp-json\/wp\/v2\/pages"}],"about":[{"href":"https:\/\/prihodafabricduct.com\/fr\/wp-json\/wp\/v2\/types\/page"}],"author":[{"embeddable":true,"href":"https:\/\/prihodafabricduct.com\/fr\/wp-json\/wp\/v2\/users\/1"}],"replies":[{"embeddable":true,"href":"https:\/\/prihodafabricduct.com\/fr\/wp-json\/wp\/v2\/comments?post=40334"}],"version-history":[{"count":0,"href":"https:\/\/prihodafabricduct.com\/fr\/wp-json\/wp\/v2\/pages\/40334\/revisions"}],"wp:attachment":[{"href":"https:\/\/prihodafabricduct.com\/fr\/wp-json\/wp\/v2\/media?parent=40334"}],"curies":[{"name":"wp","href":"https:\/\/api.w.org\/{rel}","templated":true}]}}